{"id":4763,"date":"2026-02-05T18:22:30","date_gmt":"2026-02-05T17:22:30","guid":{"rendered":"https:\/\/onlineautos.es\/?post_type=product&#038;p=4763"},"modified":"2026-02-05T18:22:30","modified_gmt":"2026-02-05T17:22:30","slug":"2020-mercedes-benz-cla-200-d-dct","status":"publish","type":"product","link":"https:\/\/onlineautos.es\/en\/product\/2020-mercedes-benz-cla-200-d-dct\/","title":{"rendered":"2020 MERCEDES-BENZ CLA 200 D DCT"},"content":{"rendered":"<p><strong>2020 MERCEDES-BENZ CLA 200 D DCT<\/strong><\/p>\n<p><span class=\"datosFull\"><strong>Year -2020<\/strong><\/span><i class=\"fas fa-gas-pump\"><\/i><\/p>\n<p><strong>AUTOMATIC<\/strong><\/p>\n<p><strong>DIESEL<\/strong><\/p>\n<p><strong>KM: 79.980<\/strong><\/p>\n<p><span class=\"datosFull\"><strong>Owners:1<\/strong><\/span><i class=\"fas fa-car-side\"><\/i><\/p>\n<p><strong><span class=\"datosFull\">Body: BERLINA<\/span><i class=\"fas fa-cogs\"><\/i><\/strong><\/p>\n<p><strong><span class=\"datosFull\">Power: 150 <\/span><\/strong><strong><span class=\"datosFull\">CV\u00a0<\/span><i class=\"fas fa-users\"><\/i><\/strong><\/p>\n<p><strong><span class=\"datosFull\">Seats:5<\/span><\/strong><\/p>","protected":false},"excerpt":{"rendered":"<p>2020 MERCEDES-BENZ CLA 200 D DCT<\/p>\n<p>-Vehicle in fantastic condition<br \/>\n-We find you the best financing on the market.<br \/>\n-All maintenance is up to date and before delivery we carry out an extra maintenance at an official service centre to deliver it to you in the best conditions. You deserve it!<br \/>\n-We accept any mechanical test, expertise or need car help etc.<br \/>\n-We help you with financing if needed *Price of financing subject to conditions, ask for information if you are interested*.<\/p>\n<p>We study the possibility of collecting your vehicle as part payment.<\/p>\n<p>Welcome to Online Autos!<br \/>\nWe work with a different sales concept. Where our selection becomes your experience.<\/p>\n<p>This Mercedes-Benz CLA 200 D DCT stands out with its elegant saloon design and comprehensive equipment. Equipped with the AMG Line, it combines sportiness and sophistication with details such as the 64-colour ambient lighting that creates a customisable atmosphere in the passenger compartment.<\/p>\n<p>The on-board experience is enriched by the MBUX interior assistant and the package of innovations that facilitate interaction with the vehicle. The front sports seats provide excellent support in dynamic driving, while the panoramic roof brings light into the interior.<\/p>\n<p>In terms of safety and comfort, this CLA includes advanced systems such as the parking package with 360\u00b0 camera and blind spot monitoring. Its 150 hp diesel engine combined with the dual-clutch automatic transmission delivers a balanced performance and efficiency, with an environmental label that allows unrestricted driving in regulated urban areas.<\/p>","protected":false},"featured_media":4758,"template":"","meta":{"site-sidebar-layout":"default","site-content-layout":"","ast-site-content-layout":"default","site-content-style":"default","site-sidebar-style":"default","ast-global-header-display":"","ast-banner-title-visibility":"","ast-main-header-display":"","ast-hfb-above-header-display":"","ast-hfb-below-header-display":"","ast-hfb-mobile-header-display":"","site-post-title":"","ast-breadcrumbs-content":"","ast-featured-img":"","footer-sml-layout":"","theme-transparent-header-meta":"default","adv-header-id-meta":"","stick-header-meta":"","header-above-stick-meta":"","header-main-stick-meta":"","header-below-stick-meta":"","astra-migrate-meta-layouts":"set","ast-page-background-enabled":"default","ast-page-background-meta":{"desktop":{"background-color":"var(--ast-global-color-4)","background-image":"","background-repeat":"repeat","background-position":"center center","background-size":"auto","background-attachment":"scroll","background-type":"","background-media":"","overlay-type":"","overlay-color":"","overlay-opacity":"","overlay-gradient":""},"tablet":{"background-color":"","background-image":"","background-repeat":"repeat","background-position":"center center","background-size":"auto","background-attachment":"scroll","background-type":"","background-media":"","overlay-type":"","overlay-color":"","overlay-opacity":"","overlay-gradient":""},"mobile":{"background-color":"","background-image":"","background-repeat":"repeat","background-position":"center center","background-size":"auto","background-attachment":"scroll","background-type":"","background-media":"","overlay-type":"","overlay-color":"","overlay-opacity":"","overlay-gradient":""}},"ast-content-background-meta":{"desktop":{"background-color":"var(--ast-global-color-5)","background-image":"","background-repeat":"repeat","background-position":"center center","background-size":"auto","background-attachment":"scroll","background-type":"","background-media":"","overlay-type":"","overlay-color":"","overlay-opacity":"","overlay-gradient":""},"tablet":{"background-color":"var(--ast-global-color-5)","background-image":"","background-repeat":"repeat","background-position":"center center","background-size":"auto","background-attachment":"scroll","background-type":"","background-media":"","overlay-type":"","overlay-color":"","overlay-opacity":"","overlay-gradient":""},"mobile":{"background-color":"var(--ast-global-color-5)","background-image":"","background-repeat":"repeat","background-position":"center center","background-size":"auto","background-attachment":"scroll","background-type":"","background-media":"","overlay-type":"","overlay-color":"","overlay-opacity":"","overlay-gradient":""}}},"product_brand":[],"product_cat":[26],"product_tag":[],"class_list":{"0":"post-4763","1":"product","2":"type-product","3":"status-publish","4":"has-post-thumbnail","6":"product_cat-online-autos","7":"desktop-align-left","8":"tablet-align-left","9":"mobile-align-left","11":"first","12":"instock","13":"shipping-taxable","14":"purchasable","15":"product-type-simple"},"yoast_head":"<!-- This site is optimized with the Yoast SEO plugin v26.8 - https:\/\/yoast.com\/product\/yoast-seo-wordpress\/ -->\n<title>2020 MERCEDES-BENZ CLA CLA 200 D DCT - Online Autos<\/title>\n<meta name=\"robots\" content=\"index, follow, max-snippet:-1, max-image-preview:large, max-video-preview:-1\" \/>\n<link rel=\"canonical\" href=\"https:\/\/onlineautos.es\/en\/product\/2020-mercedes-benz-cla-200-d-dct\/\" \/>\n<meta property=\"og:locale\" content=\"en_GB\" \/>\n<meta property=\"og:type\" content=\"article\" \/>\n<meta property=\"og:title\" content=\"2020 MERCEDES-BENZ CLA CLA 200 D DCT - Online Autos\" \/>\n<meta property=\"og:description\" content=\"2020 MERCEDES-BENZ CLA CLA 200 D DCT  -Veh\u00edculo en fant\u00e1sticas condiciones -Te buscamos la mejor financiaci\u00f3n del mercado. -Todos los mantenimientos al d\u00eda y antes de entregar realizamos un mantenimiento extra en casa oficial para entreg\u00e1rtelo en las mejores condiciones. Te lo mereces! -Aceptamos cualquier prueba mec\u00e1nica, peritaje o need car help etc. -Te ayudamos con la financiaci\u00f3n en caso de necesitarla.*Precio de financiaci\u00f3n sujeto a condiciones, solicita informaci\u00f3n en caso de estar interesado*  Estudiamos la posibilidad de recoger su veh\u00edculo como parte de pago.  Bienvenido a Online Autos! Trabajamos un concepto de venta diferente. Donde nuestra selecci\u00f3n se convierte en tu experiencia.  Este Mercedes-Benz CLA 200 D DCT destaca por su elegante dise\u00f1o de berlina y su completo equipamiento. Dotado con la l\u00ednea AMG Line, este veh\u00edculo combina deportividad y sofisticaci\u00f3n con detalles como la iluminaci\u00f3n ambiental de 64 colores que crea una atm\u00f3sfera personalizable en el habit\u00e1culo.  La experiencia a bordo se enriquece con el asistente interior MBUX y el paquete de innovaciones que facilitan la interacci\u00f3n con el veh\u00edculo. Los asientos deportivos delanteros ofrecen un excelente apoyo en conducci\u00f3n din\u00e1mica, mientras que el techo panor\u00e1mico aporta luminosidad al interior.  En materia de seguridad y confort, este CLA incluye sistemas avanzados como el paquete de aparcamiento con c\u00e1mara de 360\u00ba y control de \u00e1ngulo muerto. Su motor di\u00e9sel de 150 CV combinado con la transmisi\u00f3n autom\u00e1tica de doble embrague proporciona un rendimiento equilibrado entre prestaciones y eficiencia, con una etiqueta medioambiental que permite circular sin restricciones en zonas urbanas reguladas.\" \/>\n<meta property=\"og:url\" content=\"https:\/\/onlineautos.es\/en\/product\/2020-mercedes-benz-cla-200-d-dct\/\" \/>\n<meta property=\"og:site_name\" content=\"Online Autos\" \/>\n<meta property=\"og:image\" content=\"https:\/\/onlineautos.es\/wp-content\/uploads\/2026\/02\/Mercedes-cla-23-scaled.jpg\" \/>\n\t<meta property=\"og:image:width\" content=\"1707\" \/>\n\t<meta property=\"og:image:height\" content=\"2560\" \/>\n\t<meta property=\"og:image:type\" content=\"image\/jpeg\" \/>\n<meta name=\"twitter:card\" content=\"summary_large_image\" \/>\n<meta name=\"twitter:label1\" content=\"Estimated reading time\" \/>\n\t<meta name=\"twitter:data1\" content=\"1 minute\" \/>\n<script type=\"application\/ld+json\" class=\"yoast-schema-graph\">{\"@context\":\"https:\/\/schema.org\",\"@graph\":[{\"@type\":\"WebPage\",\"@id\":\"https:\/\/onlineautos.es\/producto\/2020-mercedes-benz-cla-cla-200-d-dct\/\",\"url\":\"https:\/\/onlineautos.es\/producto\/2020-mercedes-benz-cla-cla-200-d-dct\/\",\"name\":\"2020 MERCEDES-BENZ CLA CLA 200 D DCT - Online Autos\",\"isPartOf\":{\"@id\":\"https:\/\/onlineautos.es\/#website\"},\"primaryImageOfPage\":{\"@id\":\"https:\/\/onlineautos.es\/producto\/2020-mercedes-benz-cla-cla-200-d-dct\/#primaryimage\"},\"image\":{\"@id\":\"https:\/\/onlineautos.es\/producto\/2020-mercedes-benz-cla-cla-200-d-dct\/#primaryimage\"},\"thumbnailUrl\":\"https:\/\/onlineautos.es\/wp-content\/uploads\/2026\/02\/Mercedes-cla-23-scaled.jpg\",\"datePublished\":\"2026-02-05T17:22:30+00:00\",\"breadcrumb\":{\"@id\":\"https:\/\/onlineautos.es\/producto\/2020-mercedes-benz-cla-cla-200-d-dct\/#breadcrumb\"},\"inLanguage\":\"en-GB\",\"potentialAction\":[{\"@type\":\"ReadAction\",\"target\":[\"https:\/\/onlineautos.es\/producto\/2020-mercedes-benz-cla-cla-200-d-dct\/\"]}]},{\"@type\":\"ImageObject\",\"inLanguage\":\"en-GB\",\"@id\":\"https:\/\/onlineautos.es\/producto\/2020-mercedes-benz-cla-cla-200-d-dct\/#primaryimage\",\"url\":\"https:\/\/onlineautos.es\/wp-content\/uploads\/2026\/02\/Mercedes-cla-23-scaled.jpg\",\"contentUrl\":\"https:\/\/onlineautos.es\/wp-content\/uploads\/2026\/02\/Mercedes-cla-23-scaled.jpg\",\"width\":1707,\"height\":2560},{\"@type\":\"BreadcrumbList\",\"@id\":\"https:\/\/onlineautos.es\/producto\/2020-mercedes-benz-cla-cla-200-d-dct\/#breadcrumb\",\"itemListElement\":[{\"@type\":\"ListItem\",\"position\":1,\"name\":\"Portada\",\"item\":\"https:\/\/onlineautos.es\/\"},{\"@type\":\"ListItem\",\"position\":2,\"name\":\"Productos\",\"item\":\"https:\/\/onlineautos.es\/tienda\/\"},{\"@type\":\"ListItem\",\"position\":3,\"name\":\"2020 MERCEDES-BENZ CLA CLA 200 D DCT\"}]},{\"@type\":\"WebSite\",\"@id\":\"https:\/\/onlineautos.es\/#website\",\"url\":\"https:\/\/onlineautos.es\/\",\"name\":\"Online Autos\",\"description\":\"No vendemos veh\u00edculos usado, vendemos veh\u00edculos con experiencia.\",\"publisher\":{\"@id\":\"https:\/\/onlineautos.es\/#organization\"},\"potentialAction\":[{\"@type\":\"SearchAction\",\"target\":{\"@type\":\"EntryPoint\",\"urlTemplate\":\"https:\/\/onlineautos.es\/?s={search_term_string}\"},\"query-input\":{\"@type\":\"PropertyValueSpecification\",\"valueRequired\":true,\"valueName\":\"search_term_string\"}}],\"inLanguage\":\"en-GB\"},{\"@type\":\"Organization\",\"@id\":\"https:\/\/onlineautos.es\/#organization\",\"name\":\"Online Autos\",\"url\":\"https:\/\/onlineautos.es\/\",\"logo\":{\"@type\":\"ImageObject\",\"inLanguage\":\"en-GB\",\"@id\":\"https:\/\/onlineautos.es\/#\/schema\/logo\/image\/\",\"url\":\"\",\"contentUrl\":\"\",\"caption\":\"Online Autos\"},\"image\":{\"@id\":\"https:\/\/onlineautos.es\/#\/schema\/logo\/image\/\"}}]}<\/script>\n<!-- \/ Yoast SEO plugin. -->","yoast_head_json":{"title":"2020 MERCEDES-BENZ CLA CLA 200 D DCT - Online Autos","robots":{"index":"index","follow":"follow","max-snippet":"max-snippet:-1","max-image-preview":"max-image-preview:large","max-video-preview":"max-video-preview:-1"},"canonical":"https:\/\/onlineautos.es\/en\/product\/2020-mercedes-benz-cla-200-d-dct\/","og_locale":"en_GB","og_type":"article","og_title":"2020 MERCEDES-BENZ CLA CLA 200 D DCT - Online Autos","og_description":"2020 MERCEDES-BENZ CLA CLA 200 D DCT  -Veh\u00edculo en fant\u00e1sticas condiciones -Te buscamos la mejor financiaci\u00f3n del mercado. -Todos los mantenimientos al d\u00eda y antes de entregar realizamos un mantenimiento extra en casa oficial para entreg\u00e1rtelo en las mejores condiciones. Te lo mereces! -Aceptamos cualquier prueba mec\u00e1nica, peritaje o need car help etc. -Te ayudamos con la financiaci\u00f3n en caso de necesitarla.*Precio de financiaci\u00f3n sujeto a condiciones, solicita informaci\u00f3n en caso de estar interesado*  Estudiamos la posibilidad de recoger su veh\u00edculo como parte de pago.  Bienvenido a Online Autos! Trabajamos un concepto de venta diferente. Donde nuestra selecci\u00f3n se convierte en tu experiencia.  Este Mercedes-Benz CLA 200 D DCT destaca por su elegante dise\u00f1o de berlina y su completo equipamiento. Dotado con la l\u00ednea AMG Line, este veh\u00edculo combina deportividad y sofisticaci\u00f3n con detalles como la iluminaci\u00f3n ambiental de 64 colores que crea una atm\u00f3sfera personalizable en el habit\u00e1culo.  La experiencia a bordo se enriquece con el asistente interior MBUX y el paquete de innovaciones que facilitan la interacci\u00f3n con el veh\u00edculo. Los asientos deportivos delanteros ofrecen un excelente apoyo en conducci\u00f3n din\u00e1mica, mientras que el techo panor\u00e1mico aporta luminosidad al interior.  En materia de seguridad y confort, este CLA incluye sistemas avanzados como el paquete de aparcamiento con c\u00e1mara de 360\u00ba y control de \u00e1ngulo muerto. Su motor di\u00e9sel de 150 CV combinado con la transmisi\u00f3n autom\u00e1tica de doble embrague proporciona un rendimiento equilibrado entre prestaciones y eficiencia, con una etiqueta medioambiental que permite circular sin restricciones en zonas urbanas reguladas.","og_url":"https:\/\/onlineautos.es\/en\/product\/2020-mercedes-benz-cla-200-d-dct\/","og_site_name":"Online Autos","og_image":[{"width":1707,"height":2560,"url":"https:\/\/onlineautos.es\/wp-content\/uploads\/2026\/02\/Mercedes-cla-23-scaled.jpg","type":"image\/jpeg"}],"twitter_card":"summary_large_image","twitter_misc":{"Estimated reading time":"1 minute"},"schema":{"@context":"https:\/\/schema.org","@graph":[{"@type":"WebPage","@id":"https:\/\/onlineautos.es\/producto\/2020-mercedes-benz-cla-cla-200-d-dct\/","url":"https:\/\/onlineautos.es\/producto\/2020-mercedes-benz-cla-cla-200-d-dct\/","name":"2020 MERCEDES-BENZ CLA CLA 200 D DCT - Online Autos","isPartOf":{"@id":"https:\/\/onlineautos.es\/#website"},"primaryImageOfPage":{"@id":"https:\/\/onlineautos.es\/producto\/2020-mercedes-benz-cla-cla-200-d-dct\/#primaryimage"},"image":{"@id":"https:\/\/onlineautos.es\/producto\/2020-mercedes-benz-cla-cla-200-d-dct\/#primaryimage"},"thumbnailUrl":"https:\/\/onlineautos.es\/wp-content\/uploads\/2026\/02\/Mercedes-cla-23-scaled.jpg","datePublished":"2026-02-05T17:22:30+00:00","breadcrumb":{"@id":"https:\/\/onlineautos.es\/producto\/2020-mercedes-benz-cla-cla-200-d-dct\/#breadcrumb"},"inLanguage":"en-GB","potentialAction":[{"@type":"ReadAction","target":["https:\/\/onlineautos.es\/producto\/2020-mercedes-benz-cla-cla-200-d-dct\/"]}]},{"@type":"ImageObject","inLanguage":"en-GB","@id":"https:\/\/onlineautos.es\/producto\/2020-mercedes-benz-cla-cla-200-d-dct\/#primaryimage","url":"https:\/\/onlineautos.es\/wp-content\/uploads\/2026\/02\/Mercedes-cla-23-scaled.jpg","contentUrl":"https:\/\/onlineautos.es\/wp-content\/uploads\/2026\/02\/Mercedes-cla-23-scaled.jpg","width":1707,"height":2560},{"@type":"BreadcrumbList","@id":"https:\/\/onlineautos.es\/producto\/2020-mercedes-benz-cla-cla-200-d-dct\/#breadcrumb","itemListElement":[{"@type":"ListItem","position":1,"name":"Portada","item":"https:\/\/onlineautos.es\/"},{"@type":"ListItem","position":2,"name":"Productos","item":"https:\/\/onlineautos.es\/tienda\/"},{"@type":"ListItem","position":3,"name":"2020 MERCEDES-BENZ CLA CLA 200 D DCT"}]},{"@type":"WebSite","@id":"https:\/\/onlineautos.es\/#website","url":"https:\/\/onlineautos.es\/","name":"Online Cars","description":"We do not sell used vehicles, we sell experienced vehicles.","publisher":{"@id":"https:\/\/onlineautos.es\/#organization"},"potentialAction":[{"@type":"SearchAction","target":{"@type":"EntryPoint","urlTemplate":"https:\/\/onlineautos.es\/?s={search_term_string}"},"query-input":{"@type":"PropertyValueSpecification","valueRequired":true,"valueName":"search_term_string"}}],"inLanguage":"en-GB"},{"@type":"Organization","@id":"https:\/\/onlineautos.es\/#organization","name":"Online Cars","url":"https:\/\/onlineautos.es\/","logo":{"@type":"ImageObject","inLanguage":"en-GB","@id":"https:\/\/onlineautos.es\/#\/schema\/logo\/image\/","url":"","contentUrl":"","caption":"Online Autos"},"image":{"@id":"https:\/\/onlineautos.es\/#\/schema\/logo\/image\/"}}]}},"_links":{"self":[{"href":"https:\/\/onlineautos.es\/en\/wp-json\/wp\/v2\/product\/4763","targetHints":{"allow":["GET"]}}],"collection":[{"href":"https:\/\/onlineautos.es\/en\/wp-json\/wp\/v2\/product"}],"about":[{"href":"https:\/\/onlineautos.es\/en\/wp-json\/wp\/v2\/types\/product"}],"wp:featuredmedia":[{"embeddable":true,"href":"https:\/\/onlineautos.es\/en\/wp-json\/wp\/v2\/media\/4758"}],"wp:attachment":[{"href":"https:\/\/onlineautos.es\/en\/wp-json\/wp\/v2\/media?parent=4763"}],"wp:term":[{"taxonomy":"product_brand","embeddable":true,"href":"https:\/\/onlineautos.es\/en\/wp-json\/wp\/v2\/product_brand?post=4763"},{"taxonomy":"product_cat","embeddable":true,"href":"https:\/\/onlineautos.es\/en\/wp-json\/wp\/v2\/product_cat?post=4763"},{"taxonomy":"product_tag","embeddable":true,"href":"https:\/\/onlineautos.es\/en\/wp-json\/wp\/v2\/product_tag?post=4763"}],"curies":[{"name":"wp","href":"https:\/\/api.w.org\/{rel}","templated":true}]}}