{"id":4761,"date":"2026-02-05T18:19:49","date_gmt":"2026-02-05T17:19:49","guid":{"rendered":"https:\/\/onlineautos.es\/?post_type=product&#038;p=4761"},"modified":"2026-02-05T18:19:49","modified_gmt":"2026-02-05T17:19:49","slug":"2025-audi-a3-rs-3-sportback-tfsi-294kw-quattro-s-tron","status":"publish","type":"product","link":"https:\/\/onlineautos.es\/en\/product\/2025-audi-a3-rs-3-sportback-tfsi-294kw-quattro-s-tron\/","title":{"rendered":"2025 AUDI A3 RS 3 Sportback TFSI 294kW quattro S tron"},"content":{"rendered":"<h5 class=\"mt-CardAd-infoHeaderTitle\" data-testid=\"card-ad-title\"><\/h5>\n<p><strong>2025 AUDI A3 RS 3 Sportback TFSI 294kW quattro S tron<\/strong><\/p>\n<p><span class=\"datosFull\"><strong>Year -2025<\/strong><\/span><i class=\"fas fa-gas-pump\"><\/i><\/p>\n<p><strong>AUTOMATIC<\/strong><\/p>\n<p><strong>GASOLINE<\/strong><\/p>\n<p><strong>KM: 6,000<\/strong><\/p>\n<p><span class=\"datosFull\"><strong>Owners:1<\/strong><\/span><i class=\"fas fa-car-side\"><\/i><\/p>\n<p><strong><span class=\"datosFull\">Bodywork: HATCHBACK<\/span><i class=\"fas fa-cogs\"><\/i><\/strong><\/p>\n<p><strong><span class=\"datosFull\">Power: 400 <\/span><\/strong><strong><span class=\"datosFull\">CV\u00a0<\/span><i class=\"fas fa-users\"><\/i><\/strong><\/p>\n<p><strong><span class=\"datosFull\">Seats:5<\/span><\/strong><\/p>","protected":false},"excerpt":{"rendered":"<p>2025 AUDI A3 RS 3 Sportback TFSI 294kW quattro S tron<\/p>\n<p>-Vehicle in fantastic condition<br \/>\n-We find you the best financing on the market.<br \/>\n-All maintenance is up to date and before delivery we carry out an extra maintenance at an official service centre to deliver it to you in the best conditions. You deserve it!<br \/>\n-We accept any mechanical test, expertise or need car help etc.<br \/>\n-We help you with financing if needed *Price of financing subject to conditions, ask for information if you are interested*.<\/p>\n<p>We study the possibility of collecting your vehicle as part payment.<\/p>\n<p>Welcome to Online Autos!<br \/>\nWe work with a different sales concept. Where our selection becomes your experience.<\/p>\n<p>&nbsp;<\/p>\n<p>This Audi RS 3 Sportback is the ultimate sporty expression of the A3 range, featuring a powerful 2.5-liter inline five-cylinder engine with 400 hp. With permanent quattro drive and S tronic dual-clutch automatic transmission, this vehicle combines exceptional performance with precise handling in any situation.<\/p>\n<p>The cabin blends sportiness and technology with sport seats, a 10.1\u2033 multimedia system with navigation and premium sound with ten speakers. Safety is assured with multiple airbags, stability control and driving assistance systems such as map-linked adaptive cruise control.<\/p>\n<p>&nbsp;<\/p>","protected":false},"featured_media":4685,"template":"","meta":{"site-sidebar-layout":"default","site-content-layout":"","ast-site-content-layout":"default","site-content-style":"default","site-sidebar-style":"default","ast-global-header-display":"","ast-banner-title-visibility":"","ast-main-header-display":"","ast-hfb-above-header-display":"","ast-hfb-below-header-display":"","ast-hfb-mobile-header-display":"","site-post-title":"","ast-breadcrumbs-content":"","ast-featured-img":"","footer-sml-layout":"","theme-transparent-header-meta":"default","adv-header-id-meta":"","stick-header-meta":"","header-above-stick-meta":"","header-main-stick-meta":"","header-below-stick-meta":"","astra-migrate-meta-layouts":"set","ast-page-background-enabled":"default","ast-page-background-meta":{"desktop":{"background-color":"var(--ast-global-color-4)","background-image":"","background-repeat":"repeat","background-position":"center center","background-size":"auto","background-attachment":"scroll","background-type":"","background-media":"","overlay-type":"","overlay-color":"","overlay-opacity":"","overlay-gradient":""},"tablet":{"background-color":"","background-image":"","background-repeat":"repeat","background-position":"center center","background-size":"auto","background-attachment":"scroll","background-type":"","background-media":"","overlay-type":"","overlay-color":"","overlay-opacity":"","overlay-gradient":""},"mobile":{"background-color":"","background-image":"","background-repeat":"repeat","background-position":"center center","background-size":"auto","background-attachment":"scroll","background-type":"","background-media":"","overlay-type":"","overlay-color":"","overlay-opacity":"","overlay-gradient":""}},"ast-content-background-meta":{"desktop":{"background-color":"var(--ast-global-color-5)","background-image":"","background-repeat":"repeat","background-position":"center center","background-size":"auto","background-attachment":"scroll","background-type":"","background-media":"","overlay-type":"","overlay-color":"","overlay-opacity":"","overlay-gradient":""},"tablet":{"background-color":"var(--ast-global-color-5)","background-image":"","background-repeat":"repeat","background-position":"center center","background-size":"auto","background-attachment":"scroll","background-type":"","background-media":"","overlay-type":"","overlay-color":"","overlay-opacity":"","overlay-gradient":""},"mobile":{"background-color":"var(--ast-global-color-5)","background-image":"","background-repeat":"repeat","background-position":"center center","background-size":"auto","background-attachment":"scroll","background-type":"","background-media":"","overlay-type":"","overlay-color":"","overlay-opacity":"","overlay-gradient":""}}},"product_brand":[],"product_cat":[26],"product_tag":[],"class_list":{"0":"post-4761","1":"product","2":"type-product","3":"status-publish","4":"has-post-thumbnail","6":"product_cat-online-autos","7":"desktop-align-left","8":"tablet-align-left","9":"mobile-align-left","11":"first","12":"instock","13":"shipping-taxable","14":"purchasable","15":"product-type-simple"},"yoast_head":"<!-- This site is optimized with the Yoast SEO plugin v26.8 - https:\/\/yoast.com\/product\/yoast-seo-wordpress\/ -->\n<title>2025 AUDI A3 RS 3 Sportback TFSI 294kW quattro S tron - Online Autos<\/title>\n<meta name=\"robots\" content=\"index, follow, max-snippet:-1, max-image-preview:large, max-video-preview:-1\" \/>\n<link rel=\"canonical\" href=\"https:\/\/onlineautos.es\/en\/product\/2025-audi-a3-rs-3-sportback-tfsi-294kw-quattro-s-tron\/\" \/>\n<meta property=\"og:locale\" content=\"en_GB\" \/>\n<meta property=\"og:type\" content=\"article\" \/>\n<meta property=\"og:title\" content=\"2025 AUDI A3 RS 3 Sportback TFSI 294kW quattro S tron - Online Autos\" \/>\n<meta property=\"og:description\" content=\"2025 AUDI A3 RS 3 Sportback TFSI 294kW quattro S tron  -Veh\u00edculo en fant\u00e1sticas condiciones -Te buscamos la mejor financiaci\u00f3n del mercado. -Todos los mantenimientos al d\u00eda y antes de entregar realizamos un mantenimiento extra en casa oficial para entreg\u00e1rtelo en las mejores condiciones. Te lo mereces! -Aceptamos cualquier prueba mec\u00e1nica, peritaje o need car help etc. -Te ayudamos con la financiaci\u00f3n en caso de necesitarla.*Precio de financiaci\u00f3n sujeto a condiciones, solicita informaci\u00f3n en caso de estar interesado*  Estudiamos la posibilidad de recoger su veh\u00edculo como parte de pago.  Bienvenido a Online Autos! Trabajamos un concepto de venta diferente. Donde nuestra selecci\u00f3n se convierte en tu experiencia.  &nbsp;  Este Audi RS 3 Sportback representa la m\u00e1xima expresi\u00f3n deportiva de la gama A3, destacando por su potente motor de cinco cilindros en l\u00ednea de 2.5 litros que entrega 400 CV. Con tracci\u00f3n quattro permanente y cambio autom\u00e1tico S tronic de doble embrague, este veh\u00edculo combina prestaciones excepcionales con un manejo preciso en cualquier situaci\u00f3n.  El habit\u00e1culo fusiona deportividad y tecnolog\u00eda con asientos deportivos, sistema multimedia con navegaci\u00f3n de 10,1&quot; y sonido premium con diez altavoces. La seguridad est\u00e1 garantizada mediante m\u00faltiples airbags, control de estabilidad y sistemas de asistencia a la conducci\u00f3n como el control de crucero adaptativo vinculado a cartograf\u00eda.  &nbsp;\" \/>\n<meta property=\"og:url\" content=\"https:\/\/onlineautos.es\/en\/product\/2025-audi-a3-rs-3-sportback-tfsi-294kw-quattro-s-tron\/\" \/>\n<meta property=\"og:site_name\" content=\"Online Autos\" \/>\n<meta property=\"og:image\" content=\"https:\/\/onlineautos.es\/wp-content\/uploads\/2026\/02\/RS3nuevo_24-scaled.jpg\" \/>\n\t<meta property=\"og:image:width\" content=\"1707\" \/>\n\t<meta property=\"og:image:height\" content=\"2560\" \/>\n\t<meta property=\"og:image:type\" content=\"image\/jpeg\" \/>\n<meta name=\"twitter:card\" content=\"summary_large_image\" \/>\n<meta name=\"twitter:label1\" content=\"Estimated reading time\" \/>\n\t<meta name=\"twitter:data1\" content=\"1 minute\" \/>\n<script type=\"application\/ld+json\" class=\"yoast-schema-graph\">{\"@context\":\"https:\/\/schema.org\",\"@graph\":[{\"@type\":\"WebPage\",\"@id\":\"https:\/\/onlineautos.es\/producto\/2025-audi-a3-rs-3-sportback-tfsi-294kw-quattro-s-tron\/\",\"url\":\"https:\/\/onlineautos.es\/producto\/2025-audi-a3-rs-3-sportback-tfsi-294kw-quattro-s-tron\/\",\"name\":\"2025 AUDI A3 RS 3 Sportback TFSI 294kW quattro S tron - Online Autos\",\"isPartOf\":{\"@id\":\"https:\/\/onlineautos.es\/#website\"},\"primaryImageOfPage\":{\"@id\":\"https:\/\/onlineautos.es\/producto\/2025-audi-a3-rs-3-sportback-tfsi-294kw-quattro-s-tron\/#primaryimage\"},\"image\":{\"@id\":\"https:\/\/onlineautos.es\/producto\/2025-audi-a3-rs-3-sportback-tfsi-294kw-quattro-s-tron\/#primaryimage\"},\"thumbnailUrl\":\"https:\/\/onlineautos.es\/wp-content\/uploads\/2026\/02\/RS3nuevo_24-scaled.jpg\",\"datePublished\":\"2026-02-05T17:19:49+00:00\",\"breadcrumb\":{\"@id\":\"https:\/\/onlineautos.es\/producto\/2025-audi-a3-rs-3-sportback-tfsi-294kw-quattro-s-tron\/#breadcrumb\"},\"inLanguage\":\"en-GB\",\"potentialAction\":[{\"@type\":\"ReadAction\",\"target\":[\"https:\/\/onlineautos.es\/producto\/2025-audi-a3-rs-3-sportback-tfsi-294kw-quattro-s-tron\/\"]}]},{\"@type\":\"ImageObject\",\"inLanguage\":\"en-GB\",\"@id\":\"https:\/\/onlineautos.es\/producto\/2025-audi-a3-rs-3-sportback-tfsi-294kw-quattro-s-tron\/#primaryimage\",\"url\":\"https:\/\/onlineautos.es\/wp-content\/uploads\/2026\/02\/RS3nuevo_24-scaled.jpg\",\"contentUrl\":\"https:\/\/onlineautos.es\/wp-content\/uploads\/2026\/02\/RS3nuevo_24-scaled.jpg\",\"width\":1707,\"height\":2560},{\"@type\":\"BreadcrumbList\",\"@id\":\"https:\/\/onlineautos.es\/producto\/2025-audi-a3-rs-3-sportback-tfsi-294kw-quattro-s-tron\/#breadcrumb\",\"itemListElement\":[{\"@type\":\"ListItem\",\"position\":1,\"name\":\"Portada\",\"item\":\"https:\/\/onlineautos.es\/\"},{\"@type\":\"ListItem\",\"position\":2,\"name\":\"Productos\",\"item\":\"https:\/\/onlineautos.es\/tienda\/\"},{\"@type\":\"ListItem\",\"position\":3,\"name\":\"2025 AUDI A3 RS 3 Sportback TFSI 294kW quattro S tron\"}]},{\"@type\":\"WebSite\",\"@id\":\"https:\/\/onlineautos.es\/#website\",\"url\":\"https:\/\/onlineautos.es\/\",\"name\":\"Online Autos\",\"description\":\"No vendemos veh\u00edculos usado, vendemos veh\u00edculos con experiencia.\",\"publisher\":{\"@id\":\"https:\/\/onlineautos.es\/#organization\"},\"potentialAction\":[{\"@type\":\"SearchAction\",\"target\":{\"@type\":\"EntryPoint\",\"urlTemplate\":\"https:\/\/onlineautos.es\/?s={search_term_string}\"},\"query-input\":{\"@type\":\"PropertyValueSpecification\",\"valueRequired\":true,\"valueName\":\"search_term_string\"}}],\"inLanguage\":\"en-GB\"},{\"@type\":\"Organization\",\"@id\":\"https:\/\/onlineautos.es\/#organization\",\"name\":\"Online Autos\",\"url\":\"https:\/\/onlineautos.es\/\",\"logo\":{\"@type\":\"ImageObject\",\"inLanguage\":\"en-GB\",\"@id\":\"https:\/\/onlineautos.es\/#\/schema\/logo\/image\/\",\"url\":\"\",\"contentUrl\":\"\",\"caption\":\"Online Autos\"},\"image\":{\"@id\":\"https:\/\/onlineautos.es\/#\/schema\/logo\/image\/\"}}]}<\/script>\n<!-- \/ Yoast SEO plugin. -->","yoast_head_json":{"title":"2025 AUDI A3 RS 3 Sportback TFSI 294kW quattro S tron - Online Autos","robots":{"index":"index","follow":"follow","max-snippet":"max-snippet:-1","max-image-preview":"max-image-preview:large","max-video-preview":"max-video-preview:-1"},"canonical":"https:\/\/onlineautos.es\/en\/product\/2025-audi-a3-rs-3-sportback-tfsi-294kw-quattro-s-tron\/","og_locale":"en_GB","og_type":"article","og_title":"2025 AUDI A3 RS 3 Sportback TFSI 294kW quattro S tron - Online Autos","og_description":"2025 AUDI A3 RS 3 Sportback TFSI 294kW quattro S tron  -Veh\u00edculo en fant\u00e1sticas condiciones -Te buscamos la mejor financiaci\u00f3n del mercado. -Todos los mantenimientos al d\u00eda y antes de entregar realizamos un mantenimiento extra en casa oficial para entreg\u00e1rtelo en las mejores condiciones. Te lo mereces! -Aceptamos cualquier prueba mec\u00e1nica, peritaje o need car help etc. -Te ayudamos con la financiaci\u00f3n en caso de necesitarla.*Precio de financiaci\u00f3n sujeto a condiciones, solicita informaci\u00f3n en caso de estar interesado*  Estudiamos la posibilidad de recoger su veh\u00edculo como parte de pago.  Bienvenido a Online Autos! Trabajamos un concepto de venta diferente. Donde nuestra selecci\u00f3n se convierte en tu experiencia.  &nbsp;  Este Audi RS 3 Sportback representa la m\u00e1xima expresi\u00f3n deportiva de la gama A3, destacando por su potente motor de cinco cilindros en l\u00ednea de 2.5 litros que entrega 400 CV. Con tracci\u00f3n quattro permanente y cambio autom\u00e1tico S tronic de doble embrague, este veh\u00edculo combina prestaciones excepcionales con un manejo preciso en cualquier situaci\u00f3n.  El habit\u00e1culo fusiona deportividad y tecnolog\u00eda con asientos deportivos, sistema multimedia con navegaci\u00f3n de 10,1\" y sonido premium con diez altavoces. La seguridad est\u00e1 garantizada mediante m\u00faltiples airbags, control de estabilidad y sistemas de asistencia a la conducci\u00f3n como el control de crucero adaptativo vinculado a cartograf\u00eda.  &nbsp;","og_url":"https:\/\/onlineautos.es\/en\/product\/2025-audi-a3-rs-3-sportback-tfsi-294kw-quattro-s-tron\/","og_site_name":"Online Autos","og_image":[{"width":1707,"height":2560,"url":"https:\/\/onlineautos.es\/wp-content\/uploads\/2026\/02\/RS3nuevo_24-scaled.jpg","type":"image\/jpeg"}],"twitter_card":"summary_large_image","twitter_misc":{"Estimated reading time":"1 minute"},"schema":{"@context":"https:\/\/schema.org","@graph":[{"@type":"WebPage","@id":"https:\/\/onlineautos.es\/producto\/2025-audi-a3-rs-3-sportback-tfsi-294kw-quattro-s-tron\/","url":"https:\/\/onlineautos.es\/producto\/2025-audi-a3-rs-3-sportback-tfsi-294kw-quattro-s-tron\/","name":"2025 AUDI A3 RS 3 Sportback TFSI 294kW quattro S tron - Online Autos","isPartOf":{"@id":"https:\/\/onlineautos.es\/#website"},"primaryImageOfPage":{"@id":"https:\/\/onlineautos.es\/producto\/2025-audi-a3-rs-3-sportback-tfsi-294kw-quattro-s-tron\/#primaryimage"},"image":{"@id":"https:\/\/onlineautos.es\/producto\/2025-audi-a3-rs-3-sportback-tfsi-294kw-quattro-s-tron\/#primaryimage"},"thumbnailUrl":"https:\/\/onlineautos.es\/wp-content\/uploads\/2026\/02\/RS3nuevo_24-scaled.jpg","datePublished":"2026-02-05T17:19:49+00:00","breadcrumb":{"@id":"https:\/\/onlineautos.es\/producto\/2025-audi-a3-rs-3-sportback-tfsi-294kw-quattro-s-tron\/#breadcrumb"},"inLanguage":"en-GB","potentialAction":[{"@type":"ReadAction","target":["https:\/\/onlineautos.es\/producto\/2025-audi-a3-rs-3-sportback-tfsi-294kw-quattro-s-tron\/"]}]},{"@type":"ImageObject","inLanguage":"en-GB","@id":"https:\/\/onlineautos.es\/producto\/2025-audi-a3-rs-3-sportback-tfsi-294kw-quattro-s-tron\/#primaryimage","url":"https:\/\/onlineautos.es\/wp-content\/uploads\/2026\/02\/RS3nuevo_24-scaled.jpg","contentUrl":"https:\/\/onlineautos.es\/wp-content\/uploads\/2026\/02\/RS3nuevo_24-scaled.jpg","width":1707,"height":2560},{"@type":"BreadcrumbList","@id":"https:\/\/onlineautos.es\/producto\/2025-audi-a3-rs-3-sportback-tfsi-294kw-quattro-s-tron\/#breadcrumb","itemListElement":[{"@type":"ListItem","position":1,"name":"Portada","item":"https:\/\/onlineautos.es\/"},{"@type":"ListItem","position":2,"name":"Productos","item":"https:\/\/onlineautos.es\/tienda\/"},{"@type":"ListItem","position":3,"name":"2025 AUDI A3 RS 3 Sportback TFSI 294kW quattro S tron"}]},{"@type":"WebSite","@id":"https:\/\/onlineautos.es\/#website","url":"https:\/\/onlineautos.es\/","name":"Online Cars","description":"We do not sell used vehicles, we sell experienced vehicles.","publisher":{"@id":"https:\/\/onlineautos.es\/#organization"},"potentialAction":[{"@type":"SearchAction","target":{"@type":"EntryPoint","urlTemplate":"https:\/\/onlineautos.es\/?s={search_term_string}"},"query-input":{"@type":"PropertyValueSpecification","valueRequired":true,"valueName":"search_term_string"}}],"inLanguage":"en-GB"},{"@type":"Organization","@id":"https:\/\/onlineautos.es\/#organization","name":"Online Cars","url":"https:\/\/onlineautos.es\/","logo":{"@type":"ImageObject","inLanguage":"en-GB","@id":"https:\/\/onlineautos.es\/#\/schema\/logo\/image\/","url":"","contentUrl":"","caption":"Online Autos"},"image":{"@id":"https:\/\/onlineautos.es\/#\/schema\/logo\/image\/"}}]}},"_links":{"self":[{"href":"https:\/\/onlineautos.es\/en\/wp-json\/wp\/v2\/product\/4761","targetHints":{"allow":["GET"]}}],"collection":[{"href":"https:\/\/onlineautos.es\/en\/wp-json\/wp\/v2\/product"}],"about":[{"href":"https:\/\/onlineautos.es\/en\/wp-json\/wp\/v2\/types\/product"}],"wp:featuredmedia":[{"embeddable":true,"href":"https:\/\/onlineautos.es\/en\/wp-json\/wp\/v2\/media\/4685"}],"wp:attachment":[{"href":"https:\/\/onlineautos.es\/en\/wp-json\/wp\/v2\/media?parent=4761"}],"wp:term":[{"taxonomy":"product_brand","embeddable":true,"href":"https:\/\/onlineautos.es\/en\/wp-json\/wp\/v2\/product_brand?post=4761"},{"taxonomy":"product_cat","embeddable":true,"href":"https:\/\/onlineautos.es\/en\/wp-json\/wp\/v2\/product_cat?post=4761"},{"taxonomy":"product_tag","embeddable":true,"href":"https:\/\/onlineautos.es\/en\/wp-json\/wp\/v2\/product_tag?post=4761"}],"curies":[{"name":"wp","href":"https:\/\/api.w.org\/{rel}","templated":true}]}}