{"id":4759,"date":"2026-02-05T18:16:03","date_gmt":"2026-02-05T17:16:03","guid":{"rendered":"https:\/\/onlineautos.es\/?post_type=product&#038;p=4759"},"modified":"2026-02-05T18:16:03","modified_gmt":"2026-02-05T17:16:03","slug":"2022-audi-q3-sportback-rs-2-5-tfsi-quattro","status":"publish","type":"product","link":"https:\/\/onlineautos.es\/en\/product\/2022-audi-q3-sportback-rs-2-5-tfsi-quattro\/","title":{"rendered":"2022 AUDI Q3 Sportback RS 2.5 TFSI quattro"},"content":{"rendered":"<p><strong>2022 AUDI Q3 Sportback RS 2.5 TFSI quattro<\/strong><\/p>\n<p><span class=\"datosFull\"><strong>Year -2022<\/strong><\/span><i class=\"fas fa-gas-pump\"><\/i><\/p>\n<p><strong>AUTOMATIC<\/strong><\/p>\n<p><strong>GASOLINE<\/strong><\/p>\n<p><strong>KM: 87,000<\/strong><\/p>\n<p><span class=\"datosFull\"><strong>Owners:2<\/strong><\/span><i class=\"fas fa-car-side\"><\/i><\/p>\n<p><strong><span class=\"datosFull\">Body: SUV<\/span><i class=\"fas fa-cogs\"><\/i><\/strong><\/p>\n<p><strong><span class=\"datosFull\">Power: 400 <\/span><\/strong><strong><span class=\"datosFull\">CV\u00a0<\/span><i class=\"fas fa-users\"><\/i><\/strong><\/p>\n<p><strong><span class=\"datosFull\">Seats:5<\/span><\/strong><\/p>","protected":false},"excerpt":{"rendered":"<p><strong>2022 AUDI Q3 Sportback RS 2.5 TFSI quattro<\/strong><\/p>\n<p>-Vehicle in fantastic condition<br \/>\n-We find you the best financing on the market.<br \/>\n-All maintenance is up to date and before delivery we carry out an extra maintenance at an official service centre to deliver it to you in the best conditions. You deserve it!<br \/>\n-We accept any mechanical test, expertise or need car help etc.<br \/>\n-We help you with financing if needed *Price of financing subject to conditions, ask for information if you are interested*.<\/p>\n<p>We study the possibility of collecting your vehicle as part payment.<\/p>\n<p>Welcome to Online Autos!<br \/>\nWe work with a different sales concept. Where our selection becomes your experience.<\/p>\n<p>The Audi Q3 Sportback RS 2.5 TFSI quattro features a powerful five-cylinder engine developing 400 hp, enabling acceleration from 0 to 100 km\/h in just 4.5 seconds. The quattro permanent all-wheel drive ensures exceptional grip on any surface.<\/p>\n<p>This vehicle combines the sporty character of the RS range with the versatility of an SUV, offering a cabin with sport seats and high quality finishes. Equipment includes adaptive cruise control with stop\/go function, three-zone climate control and a sophisticated navigation system with 10.25-inch screen.<\/p>\n<p>It is particularly notable for its optional RS sports exhaust system and the option of ceramic brakes, both of which enhance its performance character. The optional Bang &amp; Olufsen sound system with 3D sound provides a premium listening experience.<\/p>\n<p>With a C label, this sporty SUV is ideal for those looking for high-level performance without sacrificing the functionality of a versatile interior space and a 420-litre boot that can be extended to 1,400 litres.<\/p>","protected":false},"featured_media":4715,"template":"","meta":{"site-sidebar-layout":"default","site-content-layout":"","ast-site-content-layout":"default","site-content-style":"default","site-sidebar-style":"default","ast-global-header-display":"","ast-banner-title-visibility":"","ast-main-header-display":"","ast-hfb-above-header-display":"","ast-hfb-below-header-display":"","ast-hfb-mobile-header-display":"","site-post-title":"","ast-breadcrumbs-content":"","ast-featured-img":"","footer-sml-layout":"","theme-transparent-header-meta":"default","adv-header-id-meta":"","stick-header-meta":"","header-above-stick-meta":"","header-main-stick-meta":"","header-below-stick-meta":"","astra-migrate-meta-layouts":"set","ast-page-background-enabled":"default","ast-page-background-meta":{"desktop":{"background-color":"var(--ast-global-color-4)","background-image":"","background-repeat":"repeat","background-position":"center center","background-size":"auto","background-attachment":"scroll","background-type":"","background-media":"","overlay-type":"","overlay-color":"","overlay-opacity":"","overlay-gradient":""},"tablet":{"background-color":"","background-image":"","background-repeat":"repeat","background-position":"center center","background-size":"auto","background-attachment":"scroll","background-type":"","background-media":"","overlay-type":"","overlay-color":"","overlay-opacity":"","overlay-gradient":""},"mobile":{"background-color":"","background-image":"","background-repeat":"repeat","background-position":"center center","background-size":"auto","background-attachment":"scroll","background-type":"","background-media":"","overlay-type":"","overlay-color":"","overlay-opacity":"","overlay-gradient":""}},"ast-content-background-meta":{"desktop":{"background-color":"var(--ast-global-color-5)","background-image":"","background-repeat":"repeat","background-position":"center center","background-size":"auto","background-attachment":"scroll","background-type":"","background-media":"","overlay-type":"","overlay-color":"","overlay-opacity":"","overlay-gradient":""},"tablet":{"background-color":"var(--ast-global-color-5)","background-image":"","background-repeat":"repeat","background-position":"center center","background-size":"auto","background-attachment":"scroll","background-type":"","background-media":"","overlay-type":"","overlay-color":"","overlay-opacity":"","overlay-gradient":""},"mobile":{"background-color":"var(--ast-global-color-5)","background-image":"","background-repeat":"repeat","background-position":"center center","background-size":"auto","background-attachment":"scroll","background-type":"","background-media":"","overlay-type":"","overlay-color":"","overlay-opacity":"","overlay-gradient":""}}},"product_brand":[],"product_cat":[26],"product_tag":[],"class_list":{"0":"post-4759","1":"product","2":"type-product","3":"status-publish","4":"has-post-thumbnail","6":"product_cat-online-autos","7":"desktop-align-left","8":"tablet-align-left","9":"mobile-align-left","11":"first","12":"instock","13":"shipping-taxable","14":"purchasable","15":"product-type-simple"},"yoast_head":"<!-- This site is optimized with the Yoast SEO plugin v26.8 - https:\/\/yoast.com\/product\/yoast-seo-wordpress\/ -->\n<title>2022 AUDI Q3 Sportback RS 2.5 TFSI quattro - Online Autos<\/title>\n<meta name=\"robots\" content=\"index, follow, max-snippet:-1, max-image-preview:large, max-video-preview:-1\" \/>\n<link rel=\"canonical\" href=\"https:\/\/onlineautos.es\/en\/product\/2022-audi-q3-sportback-rs-2-5-tfsi-quattro\/\" \/>\n<meta property=\"og:locale\" content=\"en_GB\" \/>\n<meta property=\"og:type\" content=\"article\" \/>\n<meta property=\"og:title\" content=\"2022 AUDI Q3 Sportback RS 2.5 TFSI quattro - Online Autos\" \/>\n<meta property=\"og:description\" content=\"2022 AUDI Q3 Sportback RS 2.5 TFSI quattro  -Veh\u00edculo en fant\u00e1sticas condiciones -Te buscamos la mejor financiaci\u00f3n del mercado. -Todos los mantenimientos al d\u00eda y antes de entregar realizamos un mantenimiento extra en casa oficial para entreg\u00e1rtelo en las mejores condiciones. Te lo mereces! -Aceptamos cualquier prueba mec\u00e1nica, peritaje o need car help etc. -Te ayudamos con la financiaci\u00f3n en caso de necesitarla.*Precio de financiaci\u00f3n sujeto a condiciones, solicita informaci\u00f3n en caso de estar interesado*  Estudiamos la posibilidad de recoger su veh\u00edculo como parte de pago.  Bienvenido a Online Autos! Trabajamos un concepto de venta diferente. Donde nuestra selecci\u00f3n se convierte en tu experiencia.  Este Audi Q3 Sportback RS 2.5 TFSI quattro destaca por su potente motor de cinco cilindros que desarrolla 400 CV, permitiendo una aceleraci\u00f3n de 0 a 100 km\/h en solo 4,5 segundos. La tracci\u00f3n integral permanente quattro garantiza un agarre excepcional en cualquier superficie.  Este veh\u00edculo combina el car\u00e1cter deportivo de la gama RS con la versatilidad de un SUV, ofreciendo un habit\u00e1culo con asientos deportivos y acabados de alta calidad. El equipamiento incluye control de crucero adaptativo con funci\u00f3n stop\/go, climatizaci\u00f3n trizona y un sofisticado sistema de navegaci\u00f3n con pantalla de 10,25 pulgadas.  Destaca especialmente por su sistema de escape deportivo RS opcional y la posibilidad de equipar frenos cer\u00e1micos, elementos que realzan su car\u00e1cter m\u00e1s prestacional. El sistema de sonido Bang &amp; Olufsen con sonido 3D opcional proporciona una experiencia auditiva premium.  Con etiqueta C, este SUV deportivo resulta ideal para quienes buscan prestaciones de alto nivel sin renunciar a la funcionalidad de un espacio interior vers\u00e1til y un maletero de 420 litros ampliable hasta 1.400 litros.\" \/>\n<meta property=\"og:url\" content=\"https:\/\/onlineautos.es\/en\/product\/2022-audi-q3-sportback-rs-2-5-tfsi-quattro\/\" \/>\n<meta property=\"og:site_name\" content=\"Online Autos\" \/>\n<meta property=\"og:image\" content=\"https:\/\/onlineautos.es\/wp-content\/uploads\/2026\/02\/RSQ3nuevo_25-scaled.jpg\" \/>\n\t<meta property=\"og:image:width\" content=\"1707\" \/>\n\t<meta property=\"og:image:height\" content=\"2560\" \/>\n\t<meta property=\"og:image:type\" content=\"image\/jpeg\" \/>\n<meta name=\"twitter:card\" content=\"summary_large_image\" \/>\n<meta name=\"twitter:label1\" content=\"Estimated reading time\" \/>\n\t<meta name=\"twitter:data1\" content=\"1 minute\" \/>\n<script type=\"application\/ld+json\" class=\"yoast-schema-graph\">{\"@context\":\"https:\/\/schema.org\",\"@graph\":[{\"@type\":\"WebPage\",\"@id\":\"https:\/\/onlineautos.es\/producto\/2022-audi-q3-sportback-rs-2-5-tfsi-quattro\/\",\"url\":\"https:\/\/onlineautos.es\/producto\/2022-audi-q3-sportback-rs-2-5-tfsi-quattro\/\",\"name\":\"2022 AUDI Q3 Sportback RS 2.5 TFSI quattro - Online Autos\",\"isPartOf\":{\"@id\":\"https:\/\/onlineautos.es\/#website\"},\"primaryImageOfPage\":{\"@id\":\"https:\/\/onlineautos.es\/producto\/2022-audi-q3-sportback-rs-2-5-tfsi-quattro\/#primaryimage\"},\"image\":{\"@id\":\"https:\/\/onlineautos.es\/producto\/2022-audi-q3-sportback-rs-2-5-tfsi-quattro\/#primaryimage\"},\"thumbnailUrl\":\"https:\/\/onlineautos.es\/wp-content\/uploads\/2026\/02\/RSQ3nuevo_25-scaled.jpg\",\"datePublished\":\"2026-02-05T17:16:03+00:00\",\"breadcrumb\":{\"@id\":\"https:\/\/onlineautos.es\/producto\/2022-audi-q3-sportback-rs-2-5-tfsi-quattro\/#breadcrumb\"},\"inLanguage\":\"en-GB\",\"potentialAction\":[{\"@type\":\"ReadAction\",\"target\":[\"https:\/\/onlineautos.es\/producto\/2022-audi-q3-sportback-rs-2-5-tfsi-quattro\/\"]}]},{\"@type\":\"ImageObject\",\"inLanguage\":\"en-GB\",\"@id\":\"https:\/\/onlineautos.es\/producto\/2022-audi-q3-sportback-rs-2-5-tfsi-quattro\/#primaryimage\",\"url\":\"https:\/\/onlineautos.es\/wp-content\/uploads\/2026\/02\/RSQ3nuevo_25-scaled.jpg\",\"contentUrl\":\"https:\/\/onlineautos.es\/wp-content\/uploads\/2026\/02\/RSQ3nuevo_25-scaled.jpg\",\"width\":1707,\"height\":2560},{\"@type\":\"BreadcrumbList\",\"@id\":\"https:\/\/onlineautos.es\/producto\/2022-audi-q3-sportback-rs-2-5-tfsi-quattro\/#breadcrumb\",\"itemListElement\":[{\"@type\":\"ListItem\",\"position\":1,\"name\":\"Portada\",\"item\":\"https:\/\/onlineautos.es\/\"},{\"@type\":\"ListItem\",\"position\":2,\"name\":\"Productos\",\"item\":\"https:\/\/onlineautos.es\/tienda\/\"},{\"@type\":\"ListItem\",\"position\":3,\"name\":\"2022 AUDI Q3 Sportback RS 2.5 TFSI quattro\"}]},{\"@type\":\"WebSite\",\"@id\":\"https:\/\/onlineautos.es\/#website\",\"url\":\"https:\/\/onlineautos.es\/\",\"name\":\"Online Autos\",\"description\":\"No vendemos veh\u00edculos usado, vendemos veh\u00edculos con experiencia.\",\"publisher\":{\"@id\":\"https:\/\/onlineautos.es\/#organization\"},\"potentialAction\":[{\"@type\":\"SearchAction\",\"target\":{\"@type\":\"EntryPoint\",\"urlTemplate\":\"https:\/\/onlineautos.es\/?s={search_term_string}\"},\"query-input\":{\"@type\":\"PropertyValueSpecification\",\"valueRequired\":true,\"valueName\":\"search_term_string\"}}],\"inLanguage\":\"en-GB\"},{\"@type\":\"Organization\",\"@id\":\"https:\/\/onlineautos.es\/#organization\",\"name\":\"Online Autos\",\"url\":\"https:\/\/onlineautos.es\/\",\"logo\":{\"@type\":\"ImageObject\",\"inLanguage\":\"en-GB\",\"@id\":\"https:\/\/onlineautos.es\/#\/schema\/logo\/image\/\",\"url\":\"\",\"contentUrl\":\"\",\"caption\":\"Online Autos\"},\"image\":{\"@id\":\"https:\/\/onlineautos.es\/#\/schema\/logo\/image\/\"}}]}<\/script>\n<!-- \/ Yoast SEO plugin. -->","yoast_head_json":{"title":"2022 AUDI Q3 Sportback RS 2.5 TFSI quattro - Online Autos","robots":{"index":"index","follow":"follow","max-snippet":"max-snippet:-1","max-image-preview":"max-image-preview:large","max-video-preview":"max-video-preview:-1"},"canonical":"https:\/\/onlineautos.es\/en\/product\/2022-audi-q3-sportback-rs-2-5-tfsi-quattro\/","og_locale":"en_GB","og_type":"article","og_title":"2022 AUDI Q3 Sportback RS 2.5 TFSI quattro - Online Autos","og_description":"2022 AUDI Q3 Sportback RS 2.5 TFSI quattro  -Veh\u00edculo en fant\u00e1sticas condiciones -Te buscamos la mejor financiaci\u00f3n del mercado. -Todos los mantenimientos al d\u00eda y antes de entregar realizamos un mantenimiento extra en casa oficial para entreg\u00e1rtelo en las mejores condiciones. Te lo mereces! -Aceptamos cualquier prueba mec\u00e1nica, peritaje o need car help etc. -Te ayudamos con la financiaci\u00f3n en caso de necesitarla.*Precio de financiaci\u00f3n sujeto a condiciones, solicita informaci\u00f3n en caso de estar interesado*  Estudiamos la posibilidad de recoger su veh\u00edculo como parte de pago.  Bienvenido a Online Autos! Trabajamos un concepto de venta diferente. Donde nuestra selecci\u00f3n se convierte en tu experiencia.  Este Audi Q3 Sportback RS 2.5 TFSI quattro destaca por su potente motor de cinco cilindros que desarrolla 400 CV, permitiendo una aceleraci\u00f3n de 0 a 100 km\/h en solo 4,5 segundos. La tracci\u00f3n integral permanente quattro garantiza un agarre excepcional en cualquier superficie.  Este veh\u00edculo combina el car\u00e1cter deportivo de la gama RS con la versatilidad de un SUV, ofreciendo un habit\u00e1culo con asientos deportivos y acabados de alta calidad. El equipamiento incluye control de crucero adaptativo con funci\u00f3n stop\/go, climatizaci\u00f3n trizona y un sofisticado sistema de navegaci\u00f3n con pantalla de 10,25 pulgadas.  Destaca especialmente por su sistema de escape deportivo RS opcional y la posibilidad de equipar frenos cer\u00e1micos, elementos que realzan su car\u00e1cter m\u00e1s prestacional. El sistema de sonido Bang &amp; Olufsen con sonido 3D opcional proporciona una experiencia auditiva premium.  Con etiqueta C, este SUV deportivo resulta ideal para quienes buscan prestaciones de alto nivel sin renunciar a la funcionalidad de un espacio interior vers\u00e1til y un maletero de 420 litros ampliable hasta 1.400 litros.","og_url":"https:\/\/onlineautos.es\/en\/product\/2022-audi-q3-sportback-rs-2-5-tfsi-quattro\/","og_site_name":"Online Autos","og_image":[{"width":1707,"height":2560,"url":"https:\/\/onlineautos.es\/wp-content\/uploads\/2026\/02\/RSQ3nuevo_25-scaled.jpg","type":"image\/jpeg"}],"twitter_card":"summary_large_image","twitter_misc":{"Estimated reading time":"1 minute"},"schema":{"@context":"https:\/\/schema.org","@graph":[{"@type":"WebPage","@id":"https:\/\/onlineautos.es\/producto\/2022-audi-q3-sportback-rs-2-5-tfsi-quattro\/","url":"https:\/\/onlineautos.es\/producto\/2022-audi-q3-sportback-rs-2-5-tfsi-quattro\/","name":"2022 AUDI Q3 Sportback RS 2.5 TFSI quattro - Online Autos","isPartOf":{"@id":"https:\/\/onlineautos.es\/#website"},"primaryImageOfPage":{"@id":"https:\/\/onlineautos.es\/producto\/2022-audi-q3-sportback-rs-2-5-tfsi-quattro\/#primaryimage"},"image":{"@id":"https:\/\/onlineautos.es\/producto\/2022-audi-q3-sportback-rs-2-5-tfsi-quattro\/#primaryimage"},"thumbnailUrl":"https:\/\/onlineautos.es\/wp-content\/uploads\/2026\/02\/RSQ3nuevo_25-scaled.jpg","datePublished":"2026-02-05T17:16:03+00:00","breadcrumb":{"@id":"https:\/\/onlineautos.es\/producto\/2022-audi-q3-sportback-rs-2-5-tfsi-quattro\/#breadcrumb"},"inLanguage":"en-GB","potentialAction":[{"@type":"ReadAction","target":["https:\/\/onlineautos.es\/producto\/2022-audi-q3-sportback-rs-2-5-tfsi-quattro\/"]}]},{"@type":"ImageObject","inLanguage":"en-GB","@id":"https:\/\/onlineautos.es\/producto\/2022-audi-q3-sportback-rs-2-5-tfsi-quattro\/#primaryimage","url":"https:\/\/onlineautos.es\/wp-content\/uploads\/2026\/02\/RSQ3nuevo_25-scaled.jpg","contentUrl":"https:\/\/onlineautos.es\/wp-content\/uploads\/2026\/02\/RSQ3nuevo_25-scaled.jpg","width":1707,"height":2560},{"@type":"BreadcrumbList","@id":"https:\/\/onlineautos.es\/producto\/2022-audi-q3-sportback-rs-2-5-tfsi-quattro\/#breadcrumb","itemListElement":[{"@type":"ListItem","position":1,"name":"Portada","item":"https:\/\/onlineautos.es\/"},{"@type":"ListItem","position":2,"name":"Productos","item":"https:\/\/onlineautos.es\/tienda\/"},{"@type":"ListItem","position":3,"name":"2022 AUDI Q3 Sportback RS 2.5 TFSI quattro"}]},{"@type":"WebSite","@id":"https:\/\/onlineautos.es\/#website","url":"https:\/\/onlineautos.es\/","name":"Online Cars","description":"We do not sell used vehicles, we sell experienced vehicles.","publisher":{"@id":"https:\/\/onlineautos.es\/#organization"},"potentialAction":[{"@type":"SearchAction","target":{"@type":"EntryPoint","urlTemplate":"https:\/\/onlineautos.es\/?s={search_term_string}"},"query-input":{"@type":"PropertyValueSpecification","valueRequired":true,"valueName":"search_term_string"}}],"inLanguage":"en-GB"},{"@type":"Organization","@id":"https:\/\/onlineautos.es\/#organization","name":"Online Cars","url":"https:\/\/onlineautos.es\/","logo":{"@type":"ImageObject","inLanguage":"en-GB","@id":"https:\/\/onlineautos.es\/#\/schema\/logo\/image\/","url":"","contentUrl":"","caption":"Online Autos"},"image":{"@id":"https:\/\/onlineautos.es\/#\/schema\/logo\/image\/"}}]}},"_links":{"self":[{"href":"https:\/\/onlineautos.es\/en\/wp-json\/wp\/v2\/product\/4759","targetHints":{"allow":["GET"]}}],"collection":[{"href":"https:\/\/onlineautos.es\/en\/wp-json\/wp\/v2\/product"}],"about":[{"href":"https:\/\/onlineautos.es\/en\/wp-json\/wp\/v2\/types\/product"}],"wp:featuredmedia":[{"embeddable":true,"href":"https:\/\/onlineautos.es\/en\/wp-json\/wp\/v2\/media\/4715"}],"wp:attachment":[{"href":"https:\/\/onlineautos.es\/en\/wp-json\/wp\/v2\/media?parent=4759"}],"wp:term":[{"taxonomy":"product_brand","embeddable":true,"href":"https:\/\/onlineautos.es\/en\/wp-json\/wp\/v2\/product_brand?post=4759"},{"taxonomy":"product_cat","embeddable":true,"href":"https:\/\/onlineautos.es\/en\/wp-json\/wp\/v2\/product_cat?post=4759"},{"taxonomy":"product_tag","embeddable":true,"href":"https:\/\/onlineautos.es\/en\/wp-json\/wp\/v2\/product_tag?post=4759"}],"curies":[{"name":"wp","href":"https:\/\/api.w.org\/{rel}","templated":true}]}}