{"id":4649,"date":"2026-01-22T11:59:11","date_gmt":"2026-01-22T10:59:11","guid":{"rendered":"https:\/\/onlineautos.es\/?post_type=product&#038;p=4649"},"modified":"2026-01-22T11:59:11","modified_gmt":"2026-01-22T10:59:11","slug":"2020-audi-q7-s-line-50-tdi-210kw-286hp-quattro-tip-7-seats","status":"publish","type":"product","link":"https:\/\/onlineautos.es\/en\/product\/2020-audi-q7-s-line-50-tdi-210kw-286hp-quattro-tip-7-seats\/","title":{"rendered":"2020 AUDI Q7 S line 50 TDI 210kW 286hp quattro tip 7 SEATS"},"content":{"rendered":"<p><strong>2020 AUDI Q7 S line 50 TDI 210kW 286hp quattro tip 7 SEATS<\/strong><\/p>\n<p><span class=\"datosFull\"><strong>Year -2020<\/strong><\/span><i class=\"fas fa-gas-pump\"><\/i><\/p>\n<p><strong>AUTOMATIC<\/strong><\/p>\n<p><strong>HYBRID DIESEL<\/strong><\/p>\n<p><strong>KM: 97000<\/strong><\/p>\n<p><span class=\"datosFull\"><strong>Owners:1<\/strong><\/span><i class=\"fas fa-car-side\"><\/i><\/p>\n<p><strong><span class=\"datosFull\">Body: SUV<\/span><i class=\"fas fa-cogs\"><\/i><\/strong><\/p>\n<p><strong><span class=\"datosFull\">Power: 286<\/span><\/strong><strong><span class=\"datosFull\">CV\u00a0<\/span><i class=\"fas fa-users\"><\/i><\/strong><\/p>\n<p><strong><span class=\"datosFull\">Seats:7<\/span><\/strong><\/p>","protected":false},"excerpt":{"rendered":"<p><strong>AUDI Q7 S line 50 TDI 210kW 286hp quattro tip 7 SEATS<\/strong><\/p>\n<p>-7 PLACES<br \/>\n-FULLY EQUIPPED INCLUDING PANORAMIC SUNROOF<br \/>\n-PNEUMATIC SUSPENSION<br \/>\n-Vehicle in fantastic condition<br \/>\n-We find you the best financing on the market.<br \/>\n-All maintenance is up to date and before delivery we carry out an extra maintenance at an official service centre to deliver it to you in the best conditions. You deserve it!<br \/>\n-We accept any mechanical test, expertise or need car help etc.<br \/>\n-We help you with financing if needed *Price of financing subject to conditions, ask for information if you are interested*.<\/p>\n<p>We study the possibility of collecting your vehicle as part payment.<\/p>\n<p>Welcome to Online Autos!<br \/>\nWe work with a different sales concept. Where our selection becomes your experience.<\/p>\n<p>This Audi Q7 S line 50 TDI quattro tiptronic features 7 seats with air suspension and a combination of power and efficiency with hybrid technology, enabling access to low-emission zones thanks to its ECO label. The permanent all-wheel drive with hill descent control ensures safe handling on any surface.<\/p>\n<p>The cabin offers a premium ambience with S line sports seats and a spacious 605-litre boot. Comfort features include dual zone climate control, electric front seats and a leather multifunction steering wheel. Technology is present with the 10.1\u2033 navigation system and the ten-speaker sound system.<\/p>\n<p>The vehicle is equipped with such notable extras as leather interior elements, the technical package and the Audi connect location system. The standard adaptive air suspension provides a comfortable ride even with 20-inch wheels, while parking sensors with camera make manoeuvring in tight spaces easier.<\/p>","protected":false},"featured_media":4581,"template":"","meta":{"site-sidebar-layout":"default","site-content-layout":"","ast-site-content-layout":"default","site-content-style":"default","site-sidebar-style":"default","ast-global-header-display":"","ast-banner-title-visibility":"","ast-main-header-display":"","ast-hfb-above-header-display":"","ast-hfb-below-header-display":"","ast-hfb-mobile-header-display":"","site-post-title":"","ast-breadcrumbs-content":"","ast-featured-img":"","footer-sml-layout":"","theme-transparent-header-meta":"default","adv-header-id-meta":"","stick-header-meta":"","header-above-stick-meta":"","header-main-stick-meta":"","header-below-stick-meta":"","astra-migrate-meta-layouts":"set","ast-page-background-enabled":"default","ast-page-background-meta":{"desktop":{"background-color":"var(--ast-global-color-4)","background-image":"","background-repeat":"repeat","background-position":"center center","background-size":"auto","background-attachment":"scroll","background-type":"","background-media":"","overlay-type":"","overlay-color":"","overlay-opacity":"","overlay-gradient":""},"tablet":{"background-color":"","background-image":"","background-repeat":"repeat","background-position":"center center","background-size":"auto","background-attachment":"scroll","background-type":"","background-media":"","overlay-type":"","overlay-color":"","overlay-opacity":"","overlay-gradient":""},"mobile":{"background-color":"","background-image":"","background-repeat":"repeat","background-position":"center center","background-size":"auto","background-attachment":"scroll","background-type":"","background-media":"","overlay-type":"","overlay-color":"","overlay-opacity":"","overlay-gradient":""}},"ast-content-background-meta":{"desktop":{"background-color":"var(--ast-global-color-5)","background-image":"","background-repeat":"repeat","background-position":"center center","background-size":"auto","background-attachment":"scroll","background-type":"","background-media":"","overlay-type":"","overlay-color":"","overlay-opacity":"","overlay-gradient":""},"tablet":{"background-color":"var(--ast-global-color-5)","background-image":"","background-repeat":"repeat","background-position":"center center","background-size":"auto","background-attachment":"scroll","background-type":"","background-media":"","overlay-type":"","overlay-color":"","overlay-opacity":"","overlay-gradient":""},"mobile":{"background-color":"var(--ast-global-color-5)","background-image":"","background-repeat":"repeat","background-position":"center center","background-size":"auto","background-attachment":"scroll","background-type":"","background-media":"","overlay-type":"","overlay-color":"","overlay-opacity":"","overlay-gradient":""}}},"product_brand":[],"product_cat":[26],"product_tag":[],"class_list":{"0":"post-4649","1":"product","2":"type-product","3":"status-publish","4":"has-post-thumbnail","6":"product_cat-online-autos","7":"desktop-align-left","8":"tablet-align-left","9":"mobile-align-left","11":"first","12":"instock","13":"shipping-taxable","14":"purchasable","15":"product-type-simple"},"yoast_head":"<!-- This site is optimized with the Yoast SEO plugin v26.8 - https:\/\/yoast.com\/product\/yoast-seo-wordpress\/ -->\n<title>2020 AUDI Q7 S line 50 TDI 210kW 286CV quattro tip 7 PLAZAS - Online Autos<\/title>\n<meta name=\"robots\" content=\"index, follow, max-snippet:-1, max-image-preview:large, max-video-preview:-1\" \/>\n<link rel=\"canonical\" href=\"https:\/\/onlineautos.es\/en\/product\/2020-audi-q7-s-line-50-tdi-210kw-286hp-quattro-tip-7-seats\/\" \/>\n<meta property=\"og:locale\" content=\"en_GB\" \/>\n<meta property=\"og:type\" content=\"article\" \/>\n<meta property=\"og:title\" content=\"2020 AUDI Q7 S line 50 TDI 210kW 286CV quattro tip 7 PLAZAS - Online Autos\" \/>\n<meta property=\"og:description\" content=\"AUDI Q7 S line 50 TDI 210kW 286CV quattro tip 7 PLAZAS  -7 PLAZAS -COMPLETAMENTE EQUIPADO INCLUIDO EL TECHO PANORAMICO -SUSPENSION NEUMATICA -Veh\u00edculo en fant\u00e1sticas condiciones -Te buscamos la mejor financiaci\u00f3n del mercado. -Todos los mantenimientos al d\u00eda y antes de entregar realizamos un mantenimiento extra en casa oficial para entreg\u00e1rtelo en las mejores condiciones. Te lo mereces! -Aceptamos cualquier prueba mec\u00e1nica, peritaje o need car help etc. -Te ayudamos con la financiaci\u00f3n en caso de necesitarla.*Precio de financiaci\u00f3n sujeto a condiciones, solicita informaci\u00f3n en caso de estar interesado*  Estudiamos la posibilidad de recoger su veh\u00edculo como parte de pago.  Bienvenido a Online Autos! Trabajamos un concepto de venta diferente. Donde nuestra selecci\u00f3n se convierte en tu experiencia.  Este Audi Q7 S line 50 TDI quattro tiptronic destaca por sus 7 plazas con suspensi\u00f3n neum\u00e1tica y por su combinaci\u00f3n de potencia y eficiencia con tecnolog\u00eda h\u00edbrida, permitiendo el acceso a zonas de bajas emisiones gracias a su etiqueta ECO. La tracci\u00f3n integral permanente con control de descenso garantiza un comportamiento seguro en cualquier superficie.  El habit\u00e1culo ofrece un ambiente premium con asientos deportivos S line y un amplio maletero de 605 litros. El equipamiento de confort incluye climatizador bizona, asientos delanteros el\u00e9ctricos y volante multifunci\u00f3n en cuero. La tecnolog\u00eda est\u00e1 presente con el navegador de 10,1&quot; y el sistema de sonido con diez altavoces.  Este veh\u00edculo incorpora extras destacables como los elementos interiores en cuero, el paquete t\u00e9cnico y el sistema de localizaci\u00f3n Audi connect. La suspensi\u00f3n neum\u00e1tica adaptativa de serie proporciona una conducci\u00f3n confortable incluso con las llantas de 20 pulgadas, mientras que los sensores de aparcamiento con c\u00e1mara facilitan las maniobras en espacios reducidos.\" \/>\n<meta property=\"og:url\" content=\"https:\/\/onlineautos.es\/en\/product\/2020-audi-q7-s-line-50-tdi-210kw-286hp-quattro-tip-7-seats\/\" \/>\n<meta property=\"og:site_name\" content=\"Online Autos\" \/>\n<meta property=\"og:image\" content=\"https:\/\/onlineautos.es\/wp-content\/uploads\/2026\/01\/AUDI-Q7-scaled.jpg\" \/>\n\t<meta property=\"og:image:width\" content=\"1707\" \/>\n\t<meta property=\"og:image:height\" content=\"2560\" \/>\n\t<meta property=\"og:image:type\" content=\"image\/jpeg\" \/>\n<meta name=\"twitter:card\" content=\"summary_large_image\" \/>\n<meta name=\"twitter:label1\" content=\"Estimated reading time\" \/>\n\t<meta name=\"twitter:data1\" content=\"1 minute\" \/>\n<script type=\"application\/ld+json\" class=\"yoast-schema-graph\">{\"@context\":\"https:\/\/schema.org\",\"@graph\":[{\"@type\":\"WebPage\",\"@id\":\"https:\/\/onlineautos.es\/producto\/2020-audi-q7-s-line-50-tdi-210kw-286cv-quattro-tip-7-plazas\/\",\"url\":\"https:\/\/onlineautos.es\/producto\/2020-audi-q7-s-line-50-tdi-210kw-286cv-quattro-tip-7-plazas\/\",\"name\":\"2020 AUDI Q7 S line 50 TDI 210kW 286CV quattro tip 7 PLAZAS - Online Autos\",\"isPartOf\":{\"@id\":\"https:\/\/onlineautos.es\/#website\"},\"primaryImageOfPage\":{\"@id\":\"https:\/\/onlineautos.es\/producto\/2020-audi-q7-s-line-50-tdi-210kw-286cv-quattro-tip-7-plazas\/#primaryimage\"},\"image\":{\"@id\":\"https:\/\/onlineautos.es\/producto\/2020-audi-q7-s-line-50-tdi-210kw-286cv-quattro-tip-7-plazas\/#primaryimage\"},\"thumbnailUrl\":\"https:\/\/onlineautos.es\/wp-content\/uploads\/2026\/01\/AUDI-Q7-scaled.jpg\",\"datePublished\":\"2026-01-22T10:59:11+00:00\",\"breadcrumb\":{\"@id\":\"https:\/\/onlineautos.es\/producto\/2020-audi-q7-s-line-50-tdi-210kw-286cv-quattro-tip-7-plazas\/#breadcrumb\"},\"inLanguage\":\"en-GB\",\"potentialAction\":[{\"@type\":\"ReadAction\",\"target\":[\"https:\/\/onlineautos.es\/producto\/2020-audi-q7-s-line-50-tdi-210kw-286cv-quattro-tip-7-plazas\/\"]}]},{\"@type\":\"ImageObject\",\"inLanguage\":\"en-GB\",\"@id\":\"https:\/\/onlineautos.es\/producto\/2020-audi-q7-s-line-50-tdi-210kw-286cv-quattro-tip-7-plazas\/#primaryimage\",\"url\":\"https:\/\/onlineautos.es\/wp-content\/uploads\/2026\/01\/AUDI-Q7-scaled.jpg\",\"contentUrl\":\"https:\/\/onlineautos.es\/wp-content\/uploads\/2026\/01\/AUDI-Q7-scaled.jpg\",\"width\":1707,\"height\":2560},{\"@type\":\"BreadcrumbList\",\"@id\":\"https:\/\/onlineautos.es\/producto\/2020-audi-q7-s-line-50-tdi-210kw-286cv-quattro-tip-7-plazas\/#breadcrumb\",\"itemListElement\":[{\"@type\":\"ListItem\",\"position\":1,\"name\":\"Portada\",\"item\":\"https:\/\/onlineautos.es\/\"},{\"@type\":\"ListItem\",\"position\":2,\"name\":\"Productos\",\"item\":\"https:\/\/onlineautos.es\/tienda\/\"},{\"@type\":\"ListItem\",\"position\":3,\"name\":\"2020 AUDI Q7 S line 50 TDI 210kW 286CV quattro tip 7 PLAZAS\"}]},{\"@type\":\"WebSite\",\"@id\":\"https:\/\/onlineautos.es\/#website\",\"url\":\"https:\/\/onlineautos.es\/\",\"name\":\"Online Autos\",\"description\":\"No vendemos veh\u00edculos usado, vendemos veh\u00edculos con experiencia.\",\"publisher\":{\"@id\":\"https:\/\/onlineautos.es\/#organization\"},\"potentialAction\":[{\"@type\":\"SearchAction\",\"target\":{\"@type\":\"EntryPoint\",\"urlTemplate\":\"https:\/\/onlineautos.es\/?s={search_term_string}\"},\"query-input\":{\"@type\":\"PropertyValueSpecification\",\"valueRequired\":true,\"valueName\":\"search_term_string\"}}],\"inLanguage\":\"en-GB\"},{\"@type\":\"Organization\",\"@id\":\"https:\/\/onlineautos.es\/#organization\",\"name\":\"Online Autos\",\"url\":\"https:\/\/onlineautos.es\/\",\"logo\":{\"@type\":\"ImageObject\",\"inLanguage\":\"en-GB\",\"@id\":\"https:\/\/onlineautos.es\/#\/schema\/logo\/image\/\",\"url\":\"\",\"contentUrl\":\"\",\"caption\":\"Online Autos\"},\"image\":{\"@id\":\"https:\/\/onlineautos.es\/#\/schema\/logo\/image\/\"}}]}<\/script>\n<!-- \/ Yoast SEO plugin. -->","yoast_head_json":{"title":"2020 AUDI Q7 S line 50 TDI 210kW 286hp quattro tip 7 SEAT - Online Autos","robots":{"index":"index","follow":"follow","max-snippet":"max-snippet:-1","max-image-preview":"max-image-preview:large","max-video-preview":"max-video-preview:-1"},"canonical":"https:\/\/onlineautos.es\/en\/product\/2020-audi-q7-s-line-50-tdi-210kw-286hp-quattro-tip-7-seats\/","og_locale":"en_GB","og_type":"article","og_title":"2020 AUDI Q7 S line 50 TDI 210kW 286CV quattro tip 7 PLAZAS - Online Autos","og_description":"AUDI Q7 S line 50 TDI 210kW 286CV quattro tip 7 PLAZAS  -7 PLAZAS -COMPLETAMENTE EQUIPADO INCLUIDO EL TECHO PANORAMICO -SUSPENSION NEUMATICA -Veh\u00edculo en fant\u00e1sticas condiciones -Te buscamos la mejor financiaci\u00f3n del mercado. -Todos los mantenimientos al d\u00eda y antes de entregar realizamos un mantenimiento extra en casa oficial para entreg\u00e1rtelo en las mejores condiciones. Te lo mereces! -Aceptamos cualquier prueba mec\u00e1nica, peritaje o need car help etc. -Te ayudamos con la financiaci\u00f3n en caso de necesitarla.*Precio de financiaci\u00f3n sujeto a condiciones, solicita informaci\u00f3n en caso de estar interesado*  Estudiamos la posibilidad de recoger su veh\u00edculo como parte de pago.  Bienvenido a Online Autos! Trabajamos un concepto de venta diferente. Donde nuestra selecci\u00f3n se convierte en tu experiencia.  Este Audi Q7 S line 50 TDI quattro tiptronic destaca por sus 7 plazas con suspensi\u00f3n neum\u00e1tica y por su combinaci\u00f3n de potencia y eficiencia con tecnolog\u00eda h\u00edbrida, permitiendo el acceso a zonas de bajas emisiones gracias a su etiqueta ECO. La tracci\u00f3n integral permanente con control de descenso garantiza un comportamiento seguro en cualquier superficie.  El habit\u00e1culo ofrece un ambiente premium con asientos deportivos S line y un amplio maletero de 605 litros. El equipamiento de confort incluye climatizador bizona, asientos delanteros el\u00e9ctricos y volante multifunci\u00f3n en cuero. La tecnolog\u00eda est\u00e1 presente con el navegador de 10,1\" y el sistema de sonido con diez altavoces.  Este veh\u00edculo incorpora extras destacables como los elementos interiores en cuero, el paquete t\u00e9cnico y el sistema de localizaci\u00f3n Audi connect. La suspensi\u00f3n neum\u00e1tica adaptativa de serie proporciona una conducci\u00f3n confortable incluso con las llantas de 20 pulgadas, mientras que los sensores de aparcamiento con c\u00e1mara facilitan las maniobras en espacios reducidos.","og_url":"https:\/\/onlineautos.es\/en\/product\/2020-audi-q7-s-line-50-tdi-210kw-286hp-quattro-tip-7-seats\/","og_site_name":"Online Autos","og_image":[{"width":1707,"height":2560,"url":"https:\/\/onlineautos.es\/wp-content\/uploads\/2026\/01\/AUDI-Q7-scaled.jpg","type":"image\/jpeg"}],"twitter_card":"summary_large_image","twitter_misc":{"Estimated reading time":"1 minute"},"schema":{"@context":"https:\/\/schema.org","@graph":[{"@type":"WebPage","@id":"https:\/\/onlineautos.es\/producto\/2020-audi-q7-s-line-50-tdi-210kw-286cv-quattro-tip-7-plazas\/","url":"https:\/\/onlineautos.es\/producto\/2020-audi-q7-s-line-50-tdi-210kw-286cv-quattro-tip-7-plazas\/","name":"2020 AUDI Q7 S line 50 TDI 210kW 286hp quattro tip 7 SEAT - Online Autos","isPartOf":{"@id":"https:\/\/onlineautos.es\/#website"},"primaryImageOfPage":{"@id":"https:\/\/onlineautos.es\/producto\/2020-audi-q7-s-line-50-tdi-210kw-286cv-quattro-tip-7-plazas\/#primaryimage"},"image":{"@id":"https:\/\/onlineautos.es\/producto\/2020-audi-q7-s-line-50-tdi-210kw-286cv-quattro-tip-7-plazas\/#primaryimage"},"thumbnailUrl":"https:\/\/onlineautos.es\/wp-content\/uploads\/2026\/01\/AUDI-Q7-scaled.jpg","datePublished":"2026-01-22T10:59:11+00:00","breadcrumb":{"@id":"https:\/\/onlineautos.es\/producto\/2020-audi-q7-s-line-50-tdi-210kw-286cv-quattro-tip-7-plazas\/#breadcrumb"},"inLanguage":"en-GB","potentialAction":[{"@type":"ReadAction","target":["https:\/\/onlineautos.es\/producto\/2020-audi-q7-s-line-50-tdi-210kw-286cv-quattro-tip-7-plazas\/"]}]},{"@type":"ImageObject","inLanguage":"en-GB","@id":"https:\/\/onlineautos.es\/producto\/2020-audi-q7-s-line-50-tdi-210kw-286cv-quattro-tip-7-plazas\/#primaryimage","url":"https:\/\/onlineautos.es\/wp-content\/uploads\/2026\/01\/AUDI-Q7-scaled.jpg","contentUrl":"https:\/\/onlineautos.es\/wp-content\/uploads\/2026\/01\/AUDI-Q7-scaled.jpg","width":1707,"height":2560},{"@type":"BreadcrumbList","@id":"https:\/\/onlineautos.es\/producto\/2020-audi-q7-s-line-50-tdi-210kw-286cv-quattro-tip-7-plazas\/#breadcrumb","itemListElement":[{"@type":"ListItem","position":1,"name":"Portada","item":"https:\/\/onlineautos.es\/"},{"@type":"ListItem","position":2,"name":"Productos","item":"https:\/\/onlineautos.es\/tienda\/"},{"@type":"ListItem","position":3,"name":"2020 AUDI Q7 S line 50 TDI 210kW 286CV quattro tip 7 PLAZAS"}]},{"@type":"WebSite","@id":"https:\/\/onlineautos.es\/#website","url":"https:\/\/onlineautos.es\/","name":"Online Cars","description":"We do not sell used vehicles, we sell experienced vehicles.","publisher":{"@id":"https:\/\/onlineautos.es\/#organization"},"potentialAction":[{"@type":"SearchAction","target":{"@type":"EntryPoint","urlTemplate":"https:\/\/onlineautos.es\/?s={search_term_string}"},"query-input":{"@type":"PropertyValueSpecification","valueRequired":true,"valueName":"search_term_string"}}],"inLanguage":"en-GB"},{"@type":"Organization","@id":"https:\/\/onlineautos.es\/#organization","name":"Online Cars","url":"https:\/\/onlineautos.es\/","logo":{"@type":"ImageObject","inLanguage":"en-GB","@id":"https:\/\/onlineautos.es\/#\/schema\/logo\/image\/","url":"","contentUrl":"","caption":"Online Autos"},"image":{"@id":"https:\/\/onlineautos.es\/#\/schema\/logo\/image\/"}}]}},"_links":{"self":[{"href":"https:\/\/onlineautos.es\/en\/wp-json\/wp\/v2\/product\/4649","targetHints":{"allow":["GET"]}}],"collection":[{"href":"https:\/\/onlineautos.es\/en\/wp-json\/wp\/v2\/product"}],"about":[{"href":"https:\/\/onlineautos.es\/en\/wp-json\/wp\/v2\/types\/product"}],"wp:featuredmedia":[{"embeddable":true,"href":"https:\/\/onlineautos.es\/en\/wp-json\/wp\/v2\/media\/4581"}],"wp:attachment":[{"href":"https:\/\/onlineautos.es\/en\/wp-json\/wp\/v2\/media?parent=4649"}],"wp:term":[{"taxonomy":"product_brand","embeddable":true,"href":"https:\/\/onlineautos.es\/en\/wp-json\/wp\/v2\/product_brand?post=4649"},{"taxonomy":"product_cat","embeddable":true,"href":"https:\/\/onlineautos.es\/en\/wp-json\/wp\/v2\/product_cat?post=4649"},{"taxonomy":"product_tag","embeddable":true,"href":"https:\/\/onlineautos.es\/en\/wp-json\/wp\/v2\/product_tag?post=4649"}],"curies":[{"name":"wp","href":"https:\/\/api.w.org\/{rel}","templated":true}]}}