{"id":4645,"date":"2026-01-22T11:48:56","date_gmt":"2026-01-22T10:48:56","guid":{"rendered":"https:\/\/onlineautos.es\/?post_type=product&#038;p=4645"},"modified":"2026-01-22T11:48:56","modified_gmt":"2026-01-22T10:48:56","slug":"2018mercedes-benz-glc-glc-class-glc-350-d-4matic","status":"publish","type":"product","link":"https:\/\/onlineautos.es\/en\/product\/2018mercedes-benz-glc-glc-class-glc-350-d-4matic\/","title":{"rendered":"2018MERCEDES-BENZ GLC-Class GLC 350 d 4MATIC"},"content":{"rendered":"<p><strong>2018MERCEDES-BENZ GLC-Class GLC 350 d 4MATIC<\/strong><\/p>\n<p><span class=\"datosFull\"><strong>Year -2018<\/strong><\/span><i class=\"fas fa-gas-pump\"><\/i><\/p>\n<p><strong>AUTOMATIC<\/strong><\/p>\n<p><strong>DIESEL<\/strong><\/p>\n<p><strong>KM: 143.733<\/strong><\/p>\n<p><span class=\"datosFull\"><strong>Owners:2<\/strong><\/span><i class=\"fas fa-car-side\"><\/i><\/p>\n<p><strong><span class=\"datosFull\">Body: SUV<\/span><i class=\"fas fa-cogs\"><\/i><\/strong><\/p>\n<p><strong><span class=\"datosFull\">Power: 258 <\/span><\/strong><strong><span class=\"datosFull\">CV\u00a0<\/span><i class=\"fas fa-users\"><\/i><\/strong><\/p>\n<p><strong><span class=\"datosFull\">Seats:5<\/span><\/strong><\/p>","protected":false},"excerpt":{"rendered":"<p>MERCEDES-BENZ GLC-Class GLC 350 d 4MATIC<\/p>\n<p>-Vehicle in fantastic condition<br \/>\n-We find you the best financing on the market.<br \/>\n-All maintenance is up to date and before delivery we carry out an extra maintenance at an official service centre to deliver it to you in the best conditions. You deserve it!<br \/>\n-We accept any mechanical test, expertise or need car help etc.<br \/>\n-We help you with financing if needed *Price of financing subject to conditions, ask for information if you are interested*.<\/p>\n<p>We study the possibility of collecting your vehicle as part payment.<\/p>\n<p>Welcome to Online Autos!<br \/>\nWe work with a different sales concept. Where our selection becomes your experience.<\/p>\n<p>The Mercedes-Benz GLC-Class 350 d 4MATIC is distinguished by its powerful V-six diesel engine that delivers a dynamic drive with 258 hp while maintaining a fuel consumption of 5.9 l\/100km in the combined cycle. This premium SUV combines elegance and functionality with comprehensive comfort and safety features.<\/p>\n<p>Equipped with permanent four-wheel drive and a nine-speed automatic transmission, this vehicle guarantees safe handling on any surface. The Start\/Stop system contributes to efficiency while its C environmental label allows access to regulated urban areas.<\/p>\n<p>Features include cruise control, dual zone climate control, rain and light sensors, 18-inch alloy wheels and a spacious 550-litre boot. Optional equipment includes the Premium package, COMAND Online system and panoramic roof, raising the level of comfort and technology on board.<\/p>","protected":false},"featured_media":4514,"template":"","meta":{"site-sidebar-layout":"default","site-content-layout":"","ast-site-content-layout":"default","site-content-style":"default","site-sidebar-style":"default","ast-global-header-display":"","ast-banner-title-visibility":"","ast-main-header-display":"","ast-hfb-above-header-display":"","ast-hfb-below-header-display":"","ast-hfb-mobile-header-display":"","site-post-title":"","ast-breadcrumbs-content":"","ast-featured-img":"","footer-sml-layout":"","theme-transparent-header-meta":"default","adv-header-id-meta":"","stick-header-meta":"","header-above-stick-meta":"","header-main-stick-meta":"","header-below-stick-meta":"","astra-migrate-meta-layouts":"set","ast-page-background-enabled":"default","ast-page-background-meta":{"desktop":{"background-color":"var(--ast-global-color-4)","background-image":"","background-repeat":"repeat","background-position":"center center","background-size":"auto","background-attachment":"scroll","background-type":"","background-media":"","overlay-type":"","overlay-color":"","overlay-opacity":"","overlay-gradient":""},"tablet":{"background-color":"","background-image":"","background-repeat":"repeat","background-position":"center center","background-size":"auto","background-attachment":"scroll","background-type":"","background-media":"","overlay-type":"","overlay-color":"","overlay-opacity":"","overlay-gradient":""},"mobile":{"background-color":"","background-image":"","background-repeat":"repeat","background-position":"center center","background-size":"auto","background-attachment":"scroll","background-type":"","background-media":"","overlay-type":"","overlay-color":"","overlay-opacity":"","overlay-gradient":""}},"ast-content-background-meta":{"desktop":{"background-color":"var(--ast-global-color-5)","background-image":"","background-repeat":"repeat","background-position":"center center","background-size":"auto","background-attachment":"scroll","background-type":"","background-media":"","overlay-type":"","overlay-color":"","overlay-opacity":"","overlay-gradient":""},"tablet":{"background-color":"var(--ast-global-color-5)","background-image":"","background-repeat":"repeat","background-position":"center center","background-size":"auto","background-attachment":"scroll","background-type":"","background-media":"","overlay-type":"","overlay-color":"","overlay-opacity":"","overlay-gradient":""},"mobile":{"background-color":"var(--ast-global-color-5)","background-image":"","background-repeat":"repeat","background-position":"center center","background-size":"auto","background-attachment":"scroll","background-type":"","background-media":"","overlay-type":"","overlay-color":"","overlay-opacity":"","overlay-gradient":""}}},"product_brand":[],"product_cat":[26],"product_tag":[],"class_list":{"0":"post-4645","1":"product","2":"type-product","3":"status-publish","4":"has-post-thumbnail","6":"product_cat-online-autos","7":"desktop-align-left","8":"tablet-align-left","9":"mobile-align-left","11":"first","12":"instock","13":"shipping-taxable","14":"purchasable","15":"product-type-simple"},"yoast_head":"<!-- This site is optimized with the Yoast SEO plugin v26.8 - https:\/\/yoast.com\/product\/yoast-seo-wordpress\/ -->\n<title>2018MERCEDES-BENZ Clase GLC GLC 350 d 4MATIC - Online Autos<\/title>\n<meta name=\"robots\" content=\"index, follow, max-snippet:-1, max-image-preview:large, max-video-preview:-1\" \/>\n<link rel=\"canonical\" href=\"https:\/\/onlineautos.es\/en\/product\/2018mercedes-benz-glc-glc-class-glc-350-d-4matic\/\" \/>\n<meta property=\"og:locale\" content=\"en_GB\" \/>\n<meta property=\"og:type\" content=\"article\" \/>\n<meta property=\"og:title\" content=\"2018MERCEDES-BENZ Clase GLC GLC 350 d 4MATIC - Online Autos\" \/>\n<meta property=\"og:description\" content=\"MERCEDES-BENZ Clase GLC GLC 350 d 4MATIC  -Veh\u00edculo en fant\u00e1sticas condiciones -Te buscamos la mejor financiaci\u00f3n del mercado. -Todos los mantenimientos al d\u00eda y antes de entregar realizamos un mantenimiento extra en casa oficial para entreg\u00e1rtelo en las mejores condiciones. Te lo mereces! -Aceptamos cualquier prueba mec\u00e1nica, peritaje o need car help etc. -Te ayudamos con la financiaci\u00f3n en caso de necesitarla.*Precio de financiaci\u00f3n sujeto a condiciones, solicita informaci\u00f3n en caso de estar interesado*  Estudiamos la posibilidad de recoger su veh\u00edculo como parte de pago.  Bienvenido a Online Autos! Trabajamos un concepto de venta diferente. Donde nuestra selecci\u00f3n se convierte en tu experiencia.  Este Mercedes-Benz Clase GLC 350 d 4MATIC destaca por su potente motor di\u00e9sel de seis cilindros en V que ofrece una conducci\u00f3n din\u00e1mica con 258 CV, manteniendo un consumo contenido de 5,9 l\/100km en ciclo mixto. Este SUV premium combina elegancia y funcionalidad con un completo equipamiento de confort y seguridad.  Equipado con tracci\u00f3n integral permanente y cambio autom\u00e1tico de nueve velocidades, este veh\u00edculo garantiza un comportamiento seguro en cualquier superficie. El sistema Start\/Stop contribuye a la eficiencia mientras que su etiqueta medioambiental C permite el acceso a zonas urbanas reguladas.  Entre sus caracter\u00edsticas destacan el control de crucero, climatizaci\u00f3n bizona, sensores de lluvia y luces, llantas de aleaci\u00f3n de 18 pulgadas y un amplio maletero de 550 litros. Como equipamiento opcional relevante incluye el paquete Premium, sistema COMAND Online y techo panor\u00e1mico, elevando el nivel de confort y tecnolog\u00eda a bordo.\" \/>\n<meta property=\"og:url\" content=\"https:\/\/onlineautos.es\/en\/product\/2018mercedes-benz-glc-glc-class-glc-350-d-4matic\/\" \/>\n<meta property=\"og:site_name\" content=\"Online Autos\" \/>\n<meta property=\"og:image\" content=\"https:\/\/onlineautos.es\/wp-content\/uploads\/2026\/01\/MERCEDES_2-scaled.jpg\" \/>\n\t<meta property=\"og:image:width\" content=\"1707\" \/>\n\t<meta property=\"og:image:height\" content=\"2560\" \/>\n\t<meta property=\"og:image:type\" content=\"image\/jpeg\" \/>\n<meta name=\"twitter:card\" content=\"summary_large_image\" \/>\n<meta name=\"twitter:label1\" content=\"Estimated reading time\" \/>\n\t<meta name=\"twitter:data1\" content=\"1 minute\" \/>\n<script type=\"application\/ld+json\" class=\"yoast-schema-graph\">{\"@context\":\"https:\/\/schema.org\",\"@graph\":[{\"@type\":\"WebPage\",\"@id\":\"https:\/\/onlineautos.es\/producto\/2018mercedes-benz-clase-glc-glc-350-d-4matic\/\",\"url\":\"https:\/\/onlineautos.es\/producto\/2018mercedes-benz-clase-glc-glc-350-d-4matic\/\",\"name\":\"2018MERCEDES-BENZ Clase GLC GLC 350 d 4MATIC - Online Autos\",\"isPartOf\":{\"@id\":\"https:\/\/onlineautos.es\/#website\"},\"primaryImageOfPage\":{\"@id\":\"https:\/\/onlineautos.es\/producto\/2018mercedes-benz-clase-glc-glc-350-d-4matic\/#primaryimage\"},\"image\":{\"@id\":\"https:\/\/onlineautos.es\/producto\/2018mercedes-benz-clase-glc-glc-350-d-4matic\/#primaryimage\"},\"thumbnailUrl\":\"https:\/\/onlineautos.es\/wp-content\/uploads\/2026\/01\/MERCEDES_2-scaled.jpg\",\"datePublished\":\"2026-01-22T10:48:56+00:00\",\"breadcrumb\":{\"@id\":\"https:\/\/onlineautos.es\/producto\/2018mercedes-benz-clase-glc-glc-350-d-4matic\/#breadcrumb\"},\"inLanguage\":\"en-GB\",\"potentialAction\":[{\"@type\":\"ReadAction\",\"target\":[\"https:\/\/onlineautos.es\/producto\/2018mercedes-benz-clase-glc-glc-350-d-4matic\/\"]}]},{\"@type\":\"ImageObject\",\"inLanguage\":\"en-GB\",\"@id\":\"https:\/\/onlineautos.es\/producto\/2018mercedes-benz-clase-glc-glc-350-d-4matic\/#primaryimage\",\"url\":\"https:\/\/onlineautos.es\/wp-content\/uploads\/2026\/01\/MERCEDES_2-scaled.jpg\",\"contentUrl\":\"https:\/\/onlineautos.es\/wp-content\/uploads\/2026\/01\/MERCEDES_2-scaled.jpg\",\"width\":1707,\"height\":2560},{\"@type\":\"BreadcrumbList\",\"@id\":\"https:\/\/onlineautos.es\/producto\/2018mercedes-benz-clase-glc-glc-350-d-4matic\/#breadcrumb\",\"itemListElement\":[{\"@type\":\"ListItem\",\"position\":1,\"name\":\"Portada\",\"item\":\"https:\/\/onlineautos.es\/\"},{\"@type\":\"ListItem\",\"position\":2,\"name\":\"Productos\",\"item\":\"https:\/\/onlineautos.es\/tienda\/\"},{\"@type\":\"ListItem\",\"position\":3,\"name\":\"2018MERCEDES-BENZ Clase GLC GLC 350 d 4MATIC\"}]},{\"@type\":\"WebSite\",\"@id\":\"https:\/\/onlineautos.es\/#website\",\"url\":\"https:\/\/onlineautos.es\/\",\"name\":\"Online Autos\",\"description\":\"No vendemos veh\u00edculos usado, vendemos veh\u00edculos con experiencia.\",\"publisher\":{\"@id\":\"https:\/\/onlineautos.es\/#organization\"},\"potentialAction\":[{\"@type\":\"SearchAction\",\"target\":{\"@type\":\"EntryPoint\",\"urlTemplate\":\"https:\/\/onlineautos.es\/?s={search_term_string}\"},\"query-input\":{\"@type\":\"PropertyValueSpecification\",\"valueRequired\":true,\"valueName\":\"search_term_string\"}}],\"inLanguage\":\"en-GB\"},{\"@type\":\"Organization\",\"@id\":\"https:\/\/onlineautos.es\/#organization\",\"name\":\"Online Autos\",\"url\":\"https:\/\/onlineautos.es\/\",\"logo\":{\"@type\":\"ImageObject\",\"inLanguage\":\"en-GB\",\"@id\":\"https:\/\/onlineautos.es\/#\/schema\/logo\/image\/\",\"url\":\"\",\"contentUrl\":\"\",\"caption\":\"Online Autos\"},\"image\":{\"@id\":\"https:\/\/onlineautos.es\/#\/schema\/logo\/image\/\"}}]}<\/script>\n<!-- \/ Yoast SEO plugin. -->","yoast_head_json":{"title":"2018MERCEDES-BENZ GLC-Class GLC 350 d 4MATIC - Online Autos","robots":{"index":"index","follow":"follow","max-snippet":"max-snippet:-1","max-image-preview":"max-image-preview:large","max-video-preview":"max-video-preview:-1"},"canonical":"https:\/\/onlineautos.es\/en\/product\/2018mercedes-benz-glc-glc-class-glc-350-d-4matic\/","og_locale":"en_GB","og_type":"article","og_title":"2018MERCEDES-BENZ Clase GLC GLC 350 d 4MATIC - Online Autos","og_description":"MERCEDES-BENZ Clase GLC GLC 350 d 4MATIC  -Veh\u00edculo en fant\u00e1sticas condiciones -Te buscamos la mejor financiaci\u00f3n del mercado. -Todos los mantenimientos al d\u00eda y antes de entregar realizamos un mantenimiento extra en casa oficial para entreg\u00e1rtelo en las mejores condiciones. Te lo mereces! -Aceptamos cualquier prueba mec\u00e1nica, peritaje o need car help etc. -Te ayudamos con la financiaci\u00f3n en caso de necesitarla.*Precio de financiaci\u00f3n sujeto a condiciones, solicita informaci\u00f3n en caso de estar interesado*  Estudiamos la posibilidad de recoger su veh\u00edculo como parte de pago.  Bienvenido a Online Autos! Trabajamos un concepto de venta diferente. Donde nuestra selecci\u00f3n se convierte en tu experiencia.  Este Mercedes-Benz Clase GLC 350 d 4MATIC destaca por su potente motor di\u00e9sel de seis cilindros en V que ofrece una conducci\u00f3n din\u00e1mica con 258 CV, manteniendo un consumo contenido de 5,9 l\/100km en ciclo mixto. Este SUV premium combina elegancia y funcionalidad con un completo equipamiento de confort y seguridad.  Equipado con tracci\u00f3n integral permanente y cambio autom\u00e1tico de nueve velocidades, este veh\u00edculo garantiza un comportamiento seguro en cualquier superficie. El sistema Start\/Stop contribuye a la eficiencia mientras que su etiqueta medioambiental C permite el acceso a zonas urbanas reguladas.  Entre sus caracter\u00edsticas destacan el control de crucero, climatizaci\u00f3n bizona, sensores de lluvia y luces, llantas de aleaci\u00f3n de 18 pulgadas y un amplio maletero de 550 litros. Como equipamiento opcional relevante incluye el paquete Premium, sistema COMAND Online y techo panor\u00e1mico, elevando el nivel de confort y tecnolog\u00eda a bordo.","og_url":"https:\/\/onlineautos.es\/en\/product\/2018mercedes-benz-glc-glc-class-glc-350-d-4matic\/","og_site_name":"Online Autos","og_image":[{"width":1707,"height":2560,"url":"https:\/\/onlineautos.es\/wp-content\/uploads\/2026\/01\/MERCEDES_2-scaled.jpg","type":"image\/jpeg"}],"twitter_card":"summary_large_image","twitter_misc":{"Estimated reading time":"1 minute"},"schema":{"@context":"https:\/\/schema.org","@graph":[{"@type":"WebPage","@id":"https:\/\/onlineautos.es\/producto\/2018mercedes-benz-clase-glc-glc-350-d-4matic\/","url":"https:\/\/onlineautos.es\/producto\/2018mercedes-benz-clase-glc-glc-350-d-4matic\/","name":"2018MERCEDES-BENZ GLC-Class GLC 350 d 4MATIC - Online Autos","isPartOf":{"@id":"https:\/\/onlineautos.es\/#website"},"primaryImageOfPage":{"@id":"https:\/\/onlineautos.es\/producto\/2018mercedes-benz-clase-glc-glc-350-d-4matic\/#primaryimage"},"image":{"@id":"https:\/\/onlineautos.es\/producto\/2018mercedes-benz-clase-glc-glc-350-d-4matic\/#primaryimage"},"thumbnailUrl":"https:\/\/onlineautos.es\/wp-content\/uploads\/2026\/01\/MERCEDES_2-scaled.jpg","datePublished":"2026-01-22T10:48:56+00:00","breadcrumb":{"@id":"https:\/\/onlineautos.es\/producto\/2018mercedes-benz-clase-glc-glc-350-d-4matic\/#breadcrumb"},"inLanguage":"en-GB","potentialAction":[{"@type":"ReadAction","target":["https:\/\/onlineautos.es\/producto\/2018mercedes-benz-clase-glc-glc-350-d-4matic\/"]}]},{"@type":"ImageObject","inLanguage":"en-GB","@id":"https:\/\/onlineautos.es\/producto\/2018mercedes-benz-clase-glc-glc-350-d-4matic\/#primaryimage","url":"https:\/\/onlineautos.es\/wp-content\/uploads\/2026\/01\/MERCEDES_2-scaled.jpg","contentUrl":"https:\/\/onlineautos.es\/wp-content\/uploads\/2026\/01\/MERCEDES_2-scaled.jpg","width":1707,"height":2560},{"@type":"BreadcrumbList","@id":"https:\/\/onlineautos.es\/producto\/2018mercedes-benz-clase-glc-glc-350-d-4matic\/#breadcrumb","itemListElement":[{"@type":"ListItem","position":1,"name":"Portada","item":"https:\/\/onlineautos.es\/"},{"@type":"ListItem","position":2,"name":"Productos","item":"https:\/\/onlineautos.es\/tienda\/"},{"@type":"ListItem","position":3,"name":"2018MERCEDES-BENZ Clase GLC GLC 350 d 4MATIC"}]},{"@type":"WebSite","@id":"https:\/\/onlineautos.es\/#website","url":"https:\/\/onlineautos.es\/","name":"Online Cars","description":"We do not sell used vehicles, we sell experienced vehicles.","publisher":{"@id":"https:\/\/onlineautos.es\/#organization"},"potentialAction":[{"@type":"SearchAction","target":{"@type":"EntryPoint","urlTemplate":"https:\/\/onlineautos.es\/?s={search_term_string}"},"query-input":{"@type":"PropertyValueSpecification","valueRequired":true,"valueName":"search_term_string"}}],"inLanguage":"en-GB"},{"@type":"Organization","@id":"https:\/\/onlineautos.es\/#organization","name":"Online Cars","url":"https:\/\/onlineautos.es\/","logo":{"@type":"ImageObject","inLanguage":"en-GB","@id":"https:\/\/onlineautos.es\/#\/schema\/logo\/image\/","url":"","contentUrl":"","caption":"Online Autos"},"image":{"@id":"https:\/\/onlineautos.es\/#\/schema\/logo\/image\/"}}]}},"_links":{"self":[{"href":"https:\/\/onlineautos.es\/en\/wp-json\/wp\/v2\/product\/4645","targetHints":{"allow":["GET"]}}],"collection":[{"href":"https:\/\/onlineautos.es\/en\/wp-json\/wp\/v2\/product"}],"about":[{"href":"https:\/\/onlineautos.es\/en\/wp-json\/wp\/v2\/types\/product"}],"wp:featuredmedia":[{"embeddable":true,"href":"https:\/\/onlineautos.es\/en\/wp-json\/wp\/v2\/media\/4514"}],"wp:attachment":[{"href":"https:\/\/onlineautos.es\/en\/wp-json\/wp\/v2\/media?parent=4645"}],"wp:term":[{"taxonomy":"product_brand","embeddable":true,"href":"https:\/\/onlineautos.es\/en\/wp-json\/wp\/v2\/product_brand?post=4645"},{"taxonomy":"product_cat","embeddable":true,"href":"https:\/\/onlineautos.es\/en\/wp-json\/wp\/v2\/product_cat?post=4645"},{"taxonomy":"product_tag","embeddable":true,"href":"https:\/\/onlineautos.es\/en\/wp-json\/wp\/v2\/product_tag?post=4645"}],"curies":[{"name":"wp","href":"https:\/\/api.w.org\/{rel}","templated":true}]}}