{"id":4643,"date":"2026-01-22T11:44:49","date_gmt":"2026-01-22T10:44:49","guid":{"rendered":"https:\/\/onlineautos.es\/?post_type=product&#038;p=4643"},"modified":"2026-01-22T11:44:49","modified_gmt":"2026-01-22T10:44:49","slug":"2022-volkswagen-t-roc-advance-2-0-tdi-110kw-150hp-dsg","status":"publish","type":"product","link":"https:\/\/onlineautos.es\/en\/product\/2022-volkswagen-t-roc-advance-2-0-tdi-110kw-150hp-dsg\/","title":{"rendered":"2022 VOLKSWAGEN T-Roc Advance 2.0 TDI 110kW 150hp DSG"},"content":{"rendered":"<p><strong>VOLKSWAGEN T-Roc Advance 2.0 TDI 110kW 150hp DSG<\/strong><\/p>\n<p><span class=\"datosFull\"><strong>Year - 2022<\/strong><\/span><i class=\"fas fa-gas-pump\"><\/i><\/p>\n<p><strong>AUTOMATIC<\/strong><\/p>\n<p><strong>DIESEL<\/strong><\/p>\n<p><strong>KM: 97,000<\/strong><\/p>\n<p><span class=\"datosFull\"><strong>Owners:1<\/strong><\/span><i class=\"fas fa-car-side\"><\/i><\/p>\n<p><strong><span class=\"datosFull\">Body: SUV<\/span><i class=\"fas fa-cogs\"><\/i><\/strong><\/p>\n<p><strong><span class=\"datosFull\">Power: 150hp\u00a0<\/span><i class=\"fas fa-users\"><\/i><\/strong><\/p>\n<p><strong><span class=\"datosFull\">Seats:5<\/span><\/strong><\/p>","protected":false},"excerpt":{"rendered":"<p><strong>VOLKSWAGEN T-Roc Advance 2.0 TDI 110kW 150hp DSG<\/strong><\/p>\n<p>-Vehicle in fantastic condition<br \/>\n-We find you the best financing on the market.<br \/>\n-All maintenance is up to date and before delivery we carry out an extra maintenance at an official service centre to deliver it to you in the best conditions. You deserve it!<br \/>\n-We accept any mechanical test, expertise or need car help etc.<br \/>\n-We help you with financing if needed *Price of financing subject to conditions, ask for information if you are interested*.<\/p>\n<p>We study the possibility of collecting your vehicle as part payment.<\/p>\n<p>Welcome to Online Autos!<br \/>\nWe work with a different sales concept. Where our selection becomes your experience.<\/p>\n<p>This Volkswagen T-Roc Advance combines the versatility of a compact SUV with the efficiency of its 2.0 TDI diesel engine and the convenience of its DSG dual-clutch transmission. Its environmental label C allows it to be driven in regulated urban areas with moderate restrictions, adapting to the low emission regulations of most cities.<\/p>\n<p>This vehicle stands out for its comprehensive technological equipment, including adaptive cruise control with stop\/go function and front and rear parking sensors. The driving experience is complemented by dual zone climate control, rain-sensing windscreen wipers and a start\/stop system to optimise fuel consumption.<\/p>\n<p>The interior offers great versatility with folding rear seats, front and rear armrests, and a 445-litre boot that can be extended to 1,290 litres. Optional extras include a panoramic roof, dynamically dimmable LED headlights and the Discover Media navigation system with advanced connectivity.<\/p>","protected":false},"featured_media":4543,"template":"","meta":{"site-sidebar-layout":"default","site-content-layout":"","ast-site-content-layout":"default","site-content-style":"default","site-sidebar-style":"default","ast-global-header-display":"","ast-banner-title-visibility":"","ast-main-header-display":"","ast-hfb-above-header-display":"","ast-hfb-below-header-display":"","ast-hfb-mobile-header-display":"","site-post-title":"","ast-breadcrumbs-content":"","ast-featured-img":"","footer-sml-layout":"","theme-transparent-header-meta":"default","adv-header-id-meta":"","stick-header-meta":"","header-above-stick-meta":"","header-main-stick-meta":"","header-below-stick-meta":"","astra-migrate-meta-layouts":"set","ast-page-background-enabled":"default","ast-page-background-meta":{"desktop":{"background-color":"var(--ast-global-color-4)","background-image":"","background-repeat":"repeat","background-position":"center center","background-size":"auto","background-attachment":"scroll","background-type":"","background-media":"","overlay-type":"","overlay-color":"","overlay-opacity":"","overlay-gradient":""},"tablet":{"background-color":"","background-image":"","background-repeat":"repeat","background-position":"center center","background-size":"auto","background-attachment":"scroll","background-type":"","background-media":"","overlay-type":"","overlay-color":"","overlay-opacity":"","overlay-gradient":""},"mobile":{"background-color":"","background-image":"","background-repeat":"repeat","background-position":"center center","background-size":"auto","background-attachment":"scroll","background-type":"","background-media":"","overlay-type":"","overlay-color":"","overlay-opacity":"","overlay-gradient":""}},"ast-content-background-meta":{"desktop":{"background-color":"var(--ast-global-color-5)","background-image":"","background-repeat":"repeat","background-position":"center center","background-size":"auto","background-attachment":"scroll","background-type":"","background-media":"","overlay-type":"","overlay-color":"","overlay-opacity":"","overlay-gradient":""},"tablet":{"background-color":"var(--ast-global-color-5)","background-image":"","background-repeat":"repeat","background-position":"center center","background-size":"auto","background-attachment":"scroll","background-type":"","background-media":"","overlay-type":"","overlay-color":"","overlay-opacity":"","overlay-gradient":""},"mobile":{"background-color":"var(--ast-global-color-5)","background-image":"","background-repeat":"repeat","background-position":"center center","background-size":"auto","background-attachment":"scroll","background-type":"","background-media":"","overlay-type":"","overlay-color":"","overlay-opacity":"","overlay-gradient":""}}},"product_brand":[],"product_cat":[26],"product_tag":[],"class_list":{"0":"post-4643","1":"product","2":"type-product","3":"status-publish","4":"has-post-thumbnail","6":"product_cat-online-autos","7":"desktop-align-left","8":"tablet-align-left","9":"mobile-align-left","11":"first","12":"instock","13":"shipping-taxable","14":"purchasable","15":"product-type-simple"},"yoast_head":"<!-- This site is optimized with the Yoast SEO plugin v26.8 - https:\/\/yoast.com\/product\/yoast-seo-wordpress\/ -->\n<title>2022 VOLKSWAGEN T-Roc Advance 2.0 TDI 110kW 150CV DSG - Online Autos<\/title>\n<meta name=\"robots\" content=\"index, follow, max-snippet:-1, max-image-preview:large, max-video-preview:-1\" \/>\n<link rel=\"canonical\" href=\"https:\/\/onlineautos.es\/en\/product\/2022-volkswagen-t-roc-advance-2-0-tdi-110kw-150hp-dsg\/\" \/>\n<meta property=\"og:locale\" content=\"en_GB\" \/>\n<meta property=\"og:type\" content=\"article\" \/>\n<meta property=\"og:title\" content=\"2022 VOLKSWAGEN T-Roc Advance 2.0 TDI 110kW 150CV DSG - Online Autos\" \/>\n<meta property=\"og:description\" content=\"VOLKSWAGEN T-Roc Advance 2.0 TDI 110kW 150CV DSG  -Veh\u00edculo en fant\u00e1sticas condiciones -Te buscamos la mejor financiaci\u00f3n del mercado. -Todos los mantenimientos al d\u00eda y antes de entregar realizamos un mantenimiento extra en casa oficial para entreg\u00e1rtelo en las mejores condiciones. Te lo mereces! -Aceptamos cualquier prueba mec\u00e1nica, peritaje o need car help etc. -Te ayudamos con la financiaci\u00f3n en caso de necesitarla.*Precio de financiaci\u00f3n sujeto a condiciones, solicita informaci\u00f3n en caso de estar interesado*  Estudiamos la posibilidad de recoger su veh\u00edculo como parte de pago.  Bienvenido a Online Autos! Trabajamos un concepto de venta diferente. Donde nuestra selecci\u00f3n se convierte en tu experiencia.  Este Volkswagen T-Roc Advance combina la versatilidad de un SUV compacto con la eficiencia de su motor di\u00e9sel 2.0 TDI y la comodidad de su cambio DSG de doble embrague. Su etiqueta medioambiental C permite circular por zonas urbanas reguladas con restricciones moderadas, adapt\u00e1ndose a las normativas de bajas emisiones de la mayor\u00eda de ciudades.  Este veh\u00edculo destaca por su completo equipamiento tecnol\u00f3gico, incluyendo control de crucero adaptativo con funci\u00f3n stop\/go y sensores de aparcamiento delanteros y traseros. La experiencia de conducci\u00f3n se complementa con climatizador bizona, limpiaparabrisas con sensor de lluvia y sistema start\/stop para optimizar el consumo.  El interior ofrece gran versatilidad con sus asientos traseros abatibles, apoyabrazos delantero y trasero, y un maletero de 445 litros ampliable hasta 1.290 litros. Entre sus extras opcionales sobresalen el techo panor\u00e1mico, los faros LED con regulaci\u00f3n din\u00e1mica y el sistema de navegaci\u00f3n &quot;Discover Media&quot; con conectividad avanzada.\" \/>\n<meta property=\"og:url\" content=\"https:\/\/onlineautos.es\/en\/product\/2022-volkswagen-t-roc-advance-2-0-tdi-110kw-150hp-dsg\/\" \/>\n<meta property=\"og:site_name\" content=\"Online Autos\" \/>\n<meta property=\"og:image\" content=\"https:\/\/onlineautos.es\/wp-content\/uploads\/2026\/01\/troc-BLANCO_17-scaled.jpg\" \/>\n\t<meta property=\"og:image:width\" content=\"1707\" \/>\n\t<meta property=\"og:image:height\" content=\"2560\" \/>\n\t<meta property=\"og:image:type\" content=\"image\/jpeg\" \/>\n<meta name=\"twitter:card\" content=\"summary_large_image\" \/>\n<meta name=\"twitter:label1\" content=\"Estimated reading time\" \/>\n\t<meta name=\"twitter:data1\" content=\"1 minute\" \/>\n<script type=\"application\/ld+json\" class=\"yoast-schema-graph\">{\"@context\":\"https:\/\/schema.org\",\"@graph\":[{\"@type\":\"WebPage\",\"@id\":\"https:\/\/onlineautos.es\/producto\/2022-volkswagen-t-roc-advance-2-0-tdi-110kw-150cv-dsg\/\",\"url\":\"https:\/\/onlineautos.es\/producto\/2022-volkswagen-t-roc-advance-2-0-tdi-110kw-150cv-dsg\/\",\"name\":\"2022 VOLKSWAGEN T-Roc Advance 2.0 TDI 110kW 150CV DSG - Online Autos\",\"isPartOf\":{\"@id\":\"https:\/\/onlineautos.es\/#website\"},\"primaryImageOfPage\":{\"@id\":\"https:\/\/onlineautos.es\/producto\/2022-volkswagen-t-roc-advance-2-0-tdi-110kw-150cv-dsg\/#primaryimage\"},\"image\":{\"@id\":\"https:\/\/onlineautos.es\/producto\/2022-volkswagen-t-roc-advance-2-0-tdi-110kw-150cv-dsg\/#primaryimage\"},\"thumbnailUrl\":\"https:\/\/onlineautos.es\/wp-content\/uploads\/2026\/01\/troc-BLANCO_17-scaled.jpg\",\"datePublished\":\"2026-01-22T10:44:49+00:00\",\"breadcrumb\":{\"@id\":\"https:\/\/onlineautos.es\/producto\/2022-volkswagen-t-roc-advance-2-0-tdi-110kw-150cv-dsg\/#breadcrumb\"},\"inLanguage\":\"en-GB\",\"potentialAction\":[{\"@type\":\"ReadAction\",\"target\":[\"https:\/\/onlineautos.es\/producto\/2022-volkswagen-t-roc-advance-2-0-tdi-110kw-150cv-dsg\/\"]}]},{\"@type\":\"ImageObject\",\"inLanguage\":\"en-GB\",\"@id\":\"https:\/\/onlineautos.es\/producto\/2022-volkswagen-t-roc-advance-2-0-tdi-110kw-150cv-dsg\/#primaryimage\",\"url\":\"https:\/\/onlineautos.es\/wp-content\/uploads\/2026\/01\/troc-BLANCO_17-scaled.jpg\",\"contentUrl\":\"https:\/\/onlineautos.es\/wp-content\/uploads\/2026\/01\/troc-BLANCO_17-scaled.jpg\",\"width\":1707,\"height\":2560},{\"@type\":\"BreadcrumbList\",\"@id\":\"https:\/\/onlineautos.es\/producto\/2022-volkswagen-t-roc-advance-2-0-tdi-110kw-150cv-dsg\/#breadcrumb\",\"itemListElement\":[{\"@type\":\"ListItem\",\"position\":1,\"name\":\"Portada\",\"item\":\"https:\/\/onlineautos.es\/\"},{\"@type\":\"ListItem\",\"position\":2,\"name\":\"Productos\",\"item\":\"https:\/\/onlineautos.es\/tienda\/\"},{\"@type\":\"ListItem\",\"position\":3,\"name\":\"2022 VOLKSWAGEN T-Roc Advance 2.0 TDI 110kW 150CV DSG\"}]},{\"@type\":\"WebSite\",\"@id\":\"https:\/\/onlineautos.es\/#website\",\"url\":\"https:\/\/onlineautos.es\/\",\"name\":\"Online Autos\",\"description\":\"No vendemos veh\u00edculos usado, vendemos veh\u00edculos con experiencia.\",\"publisher\":{\"@id\":\"https:\/\/onlineautos.es\/#organization\"},\"potentialAction\":[{\"@type\":\"SearchAction\",\"target\":{\"@type\":\"EntryPoint\",\"urlTemplate\":\"https:\/\/onlineautos.es\/?s={search_term_string}\"},\"query-input\":{\"@type\":\"PropertyValueSpecification\",\"valueRequired\":true,\"valueName\":\"search_term_string\"}}],\"inLanguage\":\"en-GB\"},{\"@type\":\"Organization\",\"@id\":\"https:\/\/onlineautos.es\/#organization\",\"name\":\"Online Autos\",\"url\":\"https:\/\/onlineautos.es\/\",\"logo\":{\"@type\":\"ImageObject\",\"inLanguage\":\"en-GB\",\"@id\":\"https:\/\/onlineautos.es\/#\/schema\/logo\/image\/\",\"url\":\"\",\"contentUrl\":\"\",\"caption\":\"Online Autos\"},\"image\":{\"@id\":\"https:\/\/onlineautos.es\/#\/schema\/logo\/image\/\"}}]}<\/script>\n<!-- \/ Yoast SEO plugin. -->","yoast_head_json":{"title":"2022 VOLKSWAGEN T-Roc Advance 2.0 TDI 110kW 150hp DSG - Online Autos","robots":{"index":"index","follow":"follow","max-snippet":"max-snippet:-1","max-image-preview":"max-image-preview:large","max-video-preview":"max-video-preview:-1"},"canonical":"https:\/\/onlineautos.es\/en\/product\/2022-volkswagen-t-roc-advance-2-0-tdi-110kw-150hp-dsg\/","og_locale":"en_GB","og_type":"article","og_title":"2022 VOLKSWAGEN T-Roc Advance 2.0 TDI 110kW 150CV DSG - Online Autos","og_description":"VOLKSWAGEN T-Roc Advance 2.0 TDI 110kW 150CV DSG  -Veh\u00edculo en fant\u00e1sticas condiciones -Te buscamos la mejor financiaci\u00f3n del mercado. -Todos los mantenimientos al d\u00eda y antes de entregar realizamos un mantenimiento extra en casa oficial para entreg\u00e1rtelo en las mejores condiciones. Te lo mereces! -Aceptamos cualquier prueba mec\u00e1nica, peritaje o need car help etc. -Te ayudamos con la financiaci\u00f3n en caso de necesitarla.*Precio de financiaci\u00f3n sujeto a condiciones, solicita informaci\u00f3n en caso de estar interesado*  Estudiamos la posibilidad de recoger su veh\u00edculo como parte de pago.  Bienvenido a Online Autos! Trabajamos un concepto de venta diferente. Donde nuestra selecci\u00f3n se convierte en tu experiencia.  Este Volkswagen T-Roc Advance combina la versatilidad de un SUV compacto con la eficiencia de su motor di\u00e9sel 2.0 TDI y la comodidad de su cambio DSG de doble embrague. Su etiqueta medioambiental C permite circular por zonas urbanas reguladas con restricciones moderadas, adapt\u00e1ndose a las normativas de bajas emisiones de la mayor\u00eda de ciudades.  Este veh\u00edculo destaca por su completo equipamiento tecnol\u00f3gico, incluyendo control de crucero adaptativo con funci\u00f3n stop\/go y sensores de aparcamiento delanteros y traseros. La experiencia de conducci\u00f3n se complementa con climatizador bizona, limpiaparabrisas con sensor de lluvia y sistema start\/stop para optimizar el consumo.  El interior ofrece gran versatilidad con sus asientos traseros abatibles, apoyabrazos delantero y trasero, y un maletero de 445 litros ampliable hasta 1.290 litros. Entre sus extras opcionales sobresalen el techo panor\u00e1mico, los faros LED con regulaci\u00f3n din\u00e1mica y el sistema de navegaci\u00f3n \"Discover Media\" con conectividad avanzada.","og_url":"https:\/\/onlineautos.es\/en\/product\/2022-volkswagen-t-roc-advance-2-0-tdi-110kw-150hp-dsg\/","og_site_name":"Online Autos","og_image":[{"width":1707,"height":2560,"url":"https:\/\/onlineautos.es\/wp-content\/uploads\/2026\/01\/troc-BLANCO_17-scaled.jpg","type":"image\/jpeg"}],"twitter_card":"summary_large_image","twitter_misc":{"Estimated reading time":"1 minute"},"schema":{"@context":"https:\/\/schema.org","@graph":[{"@type":"WebPage","@id":"https:\/\/onlineautos.es\/producto\/2022-volkswagen-t-roc-advance-2-0-tdi-110kw-150cv-dsg\/","url":"https:\/\/onlineautos.es\/producto\/2022-volkswagen-t-roc-advance-2-0-tdi-110kw-150cv-dsg\/","name":"2022 VOLKSWAGEN T-Roc Advance 2.0 TDI 110kW 150hp DSG - Online Autos","isPartOf":{"@id":"https:\/\/onlineautos.es\/#website"},"primaryImageOfPage":{"@id":"https:\/\/onlineautos.es\/producto\/2022-volkswagen-t-roc-advance-2-0-tdi-110kw-150cv-dsg\/#primaryimage"},"image":{"@id":"https:\/\/onlineautos.es\/producto\/2022-volkswagen-t-roc-advance-2-0-tdi-110kw-150cv-dsg\/#primaryimage"},"thumbnailUrl":"https:\/\/onlineautos.es\/wp-content\/uploads\/2026\/01\/troc-BLANCO_17-scaled.jpg","datePublished":"2026-01-22T10:44:49+00:00","breadcrumb":{"@id":"https:\/\/onlineautos.es\/producto\/2022-volkswagen-t-roc-advance-2-0-tdi-110kw-150cv-dsg\/#breadcrumb"},"inLanguage":"en-GB","potentialAction":[{"@type":"ReadAction","target":["https:\/\/onlineautos.es\/producto\/2022-volkswagen-t-roc-advance-2-0-tdi-110kw-150cv-dsg\/"]}]},{"@type":"ImageObject","inLanguage":"en-GB","@id":"https:\/\/onlineautos.es\/producto\/2022-volkswagen-t-roc-advance-2-0-tdi-110kw-150cv-dsg\/#primaryimage","url":"https:\/\/onlineautos.es\/wp-content\/uploads\/2026\/01\/troc-BLANCO_17-scaled.jpg","contentUrl":"https:\/\/onlineautos.es\/wp-content\/uploads\/2026\/01\/troc-BLANCO_17-scaled.jpg","width":1707,"height":2560},{"@type":"BreadcrumbList","@id":"https:\/\/onlineautos.es\/producto\/2022-volkswagen-t-roc-advance-2-0-tdi-110kw-150cv-dsg\/#breadcrumb","itemListElement":[{"@type":"ListItem","position":1,"name":"Portada","item":"https:\/\/onlineautos.es\/"},{"@type":"ListItem","position":2,"name":"Productos","item":"https:\/\/onlineautos.es\/tienda\/"},{"@type":"ListItem","position":3,"name":"2022 VOLKSWAGEN T-Roc Advance 2.0 TDI 110kW 150CV DSG"}]},{"@type":"WebSite","@id":"https:\/\/onlineautos.es\/#website","url":"https:\/\/onlineautos.es\/","name":"Online Cars","description":"We do not sell used vehicles, we sell experienced vehicles.","publisher":{"@id":"https:\/\/onlineautos.es\/#organization"},"potentialAction":[{"@type":"SearchAction","target":{"@type":"EntryPoint","urlTemplate":"https:\/\/onlineautos.es\/?s={search_term_string}"},"query-input":{"@type":"PropertyValueSpecification","valueRequired":true,"valueName":"search_term_string"}}],"inLanguage":"en-GB"},{"@type":"Organization","@id":"https:\/\/onlineautos.es\/#organization","name":"Online Cars","url":"https:\/\/onlineautos.es\/","logo":{"@type":"ImageObject","inLanguage":"en-GB","@id":"https:\/\/onlineautos.es\/#\/schema\/logo\/image\/","url":"","contentUrl":"","caption":"Online Autos"},"image":{"@id":"https:\/\/onlineautos.es\/#\/schema\/logo\/image\/"}}]}},"_links":{"self":[{"href":"https:\/\/onlineautos.es\/en\/wp-json\/wp\/v2\/product\/4643","targetHints":{"allow":["GET"]}}],"collection":[{"href":"https:\/\/onlineautos.es\/en\/wp-json\/wp\/v2\/product"}],"about":[{"href":"https:\/\/onlineautos.es\/en\/wp-json\/wp\/v2\/types\/product"}],"wp:featuredmedia":[{"embeddable":true,"href":"https:\/\/onlineautos.es\/en\/wp-json\/wp\/v2\/media\/4543"}],"wp:attachment":[{"href":"https:\/\/onlineautos.es\/en\/wp-json\/wp\/v2\/media?parent=4643"}],"wp:term":[{"taxonomy":"product_brand","embeddable":true,"href":"https:\/\/onlineautos.es\/en\/wp-json\/wp\/v2\/product_brand?post=4643"},{"taxonomy":"product_cat","embeddable":true,"href":"https:\/\/onlineautos.es\/en\/wp-json\/wp\/v2\/product_cat?post=4643"},{"taxonomy":"product_tag","embeddable":true,"href":"https:\/\/onlineautos.es\/en\/wp-json\/wp\/v2\/product_tag?post=4643"}],"curies":[{"name":"wp","href":"https:\/\/api.w.org\/{rel}","templated":true}]}}