{"id":4503,"date":"2026-01-21T11:59:24","date_gmt":"2026-01-21T10:59:24","guid":{"rendered":"https:\/\/onlineautos.es\/?post_type=product&#038;p=4503"},"modified":"2026-01-21T11:59:24","modified_gmt":"2026-01-21T10:59:24","slug":"2023-mercedes-benz-gle-gle-350-de-4matic-full-amg-pack","status":"publish","type":"product","link":"https:\/\/onlineautos.es\/en\/product\/2023-mercedes-benz-gle-gle-350-de-4matic-full-amg-pack\/","title":{"rendered":"2023 MERCEDES-BENZ GLE GLE 350 by 4MATIC FULL AMG PACK"},"content":{"rendered":"<p><strong>2023 MERCEDES-BENZ GLE GLE 350 by 4MATIC FULL AMG PACK<\/strong><\/p>\n<p><span class=\"datosFull\"><strong>Year - 2023<\/strong><\/span><i class=\"fas fa-gas-pump\"><\/i><\/p>\n<p><strong>AUTOMATIC<\/strong><\/p>\n<p><strong>DIESEL\u00a0<\/strong><\/p>\n<p><strong>KM: 128000<\/strong><\/p>\n<p><span class=\"datosFull\"><strong>Owners:1<\/strong><\/span><i class=\"fas fa-car-side\"><\/i><\/p>\n<p><strong><span class=\"datosFull\">Body: SUV<\/span><i class=\"fas fa-cogs\"><\/i><\/strong><\/p>\n<p><strong><span class=\"datosFull\">Power: 320hp\u00a0<\/span><i class=\"fas fa-users\"><\/i><\/strong><\/p>\n<p><strong><span class=\"datosFull\">Seats:5<\/span><\/strong><\/p>","protected":false},"excerpt":{"rendered":"<p>MERCEDES-BENZ GLE GLE 350 by 4MATIC FULL AMG PACK<\/p>\n<p>-Vehicle in fantastic condition<br \/>\n-We find you the best financing on the market.<br \/>\n-All maintenance is up to date and before delivery we carry out an extra maintenance at an official service centre to deliver it to you in the best conditions. You deserve it!<br \/>\n-We accept any mechanical test, expertise or need car help etc.<br \/>\n-We help you with financing if needed *Price of financing subject to conditions, ask for information if you are interested*.<\/p>\n<p>We study the possibility of collecting your vehicle as part payment.<\/p>\n<p>Welcome to Online Autos!<br \/>\nWe work with a different sales concept. Where our selection becomes your experience.<\/p>\n<p>This Mercedes-Benz GLE 350 4MATIC Plug-in Hybrid is notable for combining the versatility of a premium SUV with the efficiency of plug-in hybrid technology. With 320 hp of combined power and 700 Nm of peak torque, this vehicle delivers exceptional performance while maintaining a combined fuel consumption of just 1.1 l\/100km.<\/p>\n<p>The electric range of 96 km allows daily commuting without using the combustion engine, while its ZERO label ensures unrestricted access to low-emission zones in any city. The fast charging system allows the 10% to 80% battery to be recovered in less than 20 minutes by rapid charging.<\/p>\n<p>Interior equipment includes electric front seats with memory function and heating, navigation system with 12.3-inch display and premium sound system. The AMG Line configuration adds a sporty touch to both the exterior and interior, complemented by the panoramic roof that increases the feeling of spaciousness.<\/p>\n<p>The GLE features permanent all-wheel drive and AIRMATIC suspension, offering comfort and safety on all types of terrain. Its 490-litre luggage compartment (expandable to 1,915 litres) makes it a practical choice for every need.<\/p>","protected":false},"featured_media":4303,"template":"","meta":{"site-sidebar-layout":"default","site-content-layout":"","ast-site-content-layout":"default","site-content-style":"default","site-sidebar-style":"default","ast-global-header-display":"","ast-banner-title-visibility":"","ast-main-header-display":"","ast-hfb-above-header-display":"","ast-hfb-below-header-display":"","ast-hfb-mobile-header-display":"","site-post-title":"","ast-breadcrumbs-content":"","ast-featured-img":"","footer-sml-layout":"","theme-transparent-header-meta":"default","adv-header-id-meta":"","stick-header-meta":"","header-above-stick-meta":"","header-main-stick-meta":"","header-below-stick-meta":"","astra-migrate-meta-layouts":"set","ast-page-background-enabled":"default","ast-page-background-meta":{"desktop":{"background-color":"var(--ast-global-color-4)","background-image":"","background-repeat":"repeat","background-position":"center center","background-size":"auto","background-attachment":"scroll","background-type":"","background-media":"","overlay-type":"","overlay-color":"","overlay-opacity":"","overlay-gradient":""},"tablet":{"background-color":"","background-image":"","background-repeat":"repeat","background-position":"center center","background-size":"auto","background-attachment":"scroll","background-type":"","background-media":"","overlay-type":"","overlay-color":"","overlay-opacity":"","overlay-gradient":""},"mobile":{"background-color":"","background-image":"","background-repeat":"repeat","background-position":"center center","background-size":"auto","background-attachment":"scroll","background-type":"","background-media":"","overlay-type":"","overlay-color":"","overlay-opacity":"","overlay-gradient":""}},"ast-content-background-meta":{"desktop":{"background-color":"var(--ast-global-color-5)","background-image":"","background-repeat":"repeat","background-position":"center center","background-size":"auto","background-attachment":"scroll","background-type":"","background-media":"","overlay-type":"","overlay-color":"","overlay-opacity":"","overlay-gradient":""},"tablet":{"background-color":"var(--ast-global-color-5)","background-image":"","background-repeat":"repeat","background-position":"center center","background-size":"auto","background-attachment":"scroll","background-type":"","background-media":"","overlay-type":"","overlay-color":"","overlay-opacity":"","overlay-gradient":""},"mobile":{"background-color":"var(--ast-global-color-5)","background-image":"","background-repeat":"repeat","background-position":"center center","background-size":"auto","background-attachment":"scroll","background-type":"","background-media":"","overlay-type":"","overlay-color":"","overlay-opacity":"","overlay-gradient":""}}},"product_brand":[],"product_cat":[26],"product_tag":[],"class_list":{"0":"post-4503","1":"product","2":"type-product","3":"status-publish","4":"has-post-thumbnail","6":"product_cat-online-autos","7":"desktop-align-left","8":"tablet-align-left","9":"mobile-align-left","11":"first","12":"instock","13":"shipping-taxable","14":"purchasable","15":"product-type-simple"},"yoast_head":"<!-- This site is optimized with the Yoast SEO plugin v26.8 - https:\/\/yoast.com\/product\/yoast-seo-wordpress\/ -->\n<title>2023 MERCEDES-BENZ GLE GLE 350 de 4MATIC FULL AMG PACK - Online Autos<\/title>\n<meta name=\"robots\" content=\"index, follow, max-snippet:-1, max-image-preview:large, max-video-preview:-1\" \/>\n<link rel=\"canonical\" href=\"https:\/\/onlineautos.es\/en\/product\/2023-mercedes-benz-gle-gle-350-de-4matic-full-amg-pack\/\" \/>\n<meta property=\"og:locale\" content=\"en_GB\" \/>\n<meta property=\"og:type\" content=\"article\" \/>\n<meta property=\"og:title\" content=\"2023 MERCEDES-BENZ GLE GLE 350 de 4MATIC FULL AMG PACK - Online Autos\" \/>\n<meta property=\"og:description\" content=\"MERCEDES-BENZ GLE GLE 350 de 4MATIC FULL AMG PACK  -Veh\u00edculo en fant\u00e1sticas condiciones -Te buscamos la mejor financiaci\u00f3n del mercado. -Todos los mantenimientos al d\u00eda y antes de entregar realizamos un mantenimiento extra en casa oficial para entreg\u00e1rtelo en las mejores condiciones. Te lo mereces! -Aceptamos cualquier prueba mec\u00e1nica, peritaje o need car help etc. -Te ayudamos con la financiaci\u00f3n en caso de necesitarla.*Precio de financiaci\u00f3n sujeto a condiciones, solicita informaci\u00f3n en caso de estar interesado*  Estudiamos la posibilidad de recoger su veh\u00edculo como parte de pago.  Bienvenido a Online Autos! Trabajamos un concepto de venta diferente. Donde nuestra selecci\u00f3n se convierte en tu experiencia.  Este Mercedes-Benz GLE 350 de 4MATIC H\u00edbrido Enchufable destaca por combinar la versatilidad de un SUV premium con la eficiencia de la tecnolog\u00eda h\u00edbrida enchufable. Con sus 320 CV de potencia combinada y 700 Nm de par m\u00e1ximo, este veh\u00edculo ofrece un rendimiento excepcional manteniendo un consumo mixto de solo 1,1 l\/100km.  La autonom\u00eda el\u00e9ctrica de 96 km permite realizar desplazamientos diarios sin utilizar el motor de combusti\u00f3n, mientras que su etiqueta CERO garantiza acceso sin restricciones a zonas de bajas emisiones en cualquier ciudad. El sistema de carga r\u00e1pida permite recuperar del 10% al 80% de bater\u00eda en menos de 20 minutos mediante carga r\u00e1pida.  El equipamiento interior incluye asientos delanteros el\u00e9ctricos con funci\u00f3n de memoria y calefacci\u00f3n, navegador con pantalla de 12,3 pulgadas, y sistema de sonido premium. La configuraci\u00f3n AMG Line aporta un toque deportivo tanto al exterior como al interior, complementado con el techo panor\u00e1mico que incrementa la sensaci\u00f3n de amplitud.  Este GLE destaca por su tracci\u00f3n integral permanente y suspensi\u00f3n AIRMATIC, ofreciendo comodidad y seguridad en cualquier tipo de terreno. Su maletero de 490 litros (ampliable a 1.915) lo convierte en una opci\u00f3n pr\u00e1ctica para cualquier necesidad.\" \/>\n<meta property=\"og:url\" content=\"https:\/\/onlineautos.es\/en\/product\/2023-mercedes-benz-gle-gle-350-de-4matic-full-amg-pack\/\" \/>\n<meta property=\"og:site_name\" content=\"Online Autos\" \/>\n<meta property=\"og:image\" content=\"https:\/\/onlineautos.es\/wp-content\/uploads\/2026\/01\/MercedesGLE350de-scaled.jpg\" \/>\n\t<meta property=\"og:image:width\" content=\"1707\" \/>\n\t<meta property=\"og:image:height\" content=\"2560\" \/>\n\t<meta property=\"og:image:type\" content=\"image\/jpeg\" \/>\n<meta name=\"twitter:card\" content=\"summary_large_image\" \/>\n<meta name=\"twitter:label1\" content=\"Estimated reading time\" \/>\n\t<meta name=\"twitter:data1\" content=\"1 minute\" \/>\n<script type=\"application\/ld+json\" class=\"yoast-schema-graph\">{\"@context\":\"https:\/\/schema.org\",\"@graph\":[{\"@type\":\"WebPage\",\"@id\":\"https:\/\/onlineautos.es\/producto\/2023-mercedes-benz-gle-gle-350-de-4matic-full-amg-pack\/\",\"url\":\"https:\/\/onlineautos.es\/producto\/2023-mercedes-benz-gle-gle-350-de-4matic-full-amg-pack\/\",\"name\":\"2023 MERCEDES-BENZ GLE GLE 350 de 4MATIC FULL AMG PACK - Online Autos\",\"isPartOf\":{\"@id\":\"https:\/\/onlineautos.es\/#website\"},\"primaryImageOfPage\":{\"@id\":\"https:\/\/onlineautos.es\/producto\/2023-mercedes-benz-gle-gle-350-de-4matic-full-amg-pack\/#primaryimage\"},\"image\":{\"@id\":\"https:\/\/onlineautos.es\/producto\/2023-mercedes-benz-gle-gle-350-de-4matic-full-amg-pack\/#primaryimage\"},\"thumbnailUrl\":\"https:\/\/onlineautos.es\/wp-content\/uploads\/2026\/01\/MercedesGLE350de-scaled.jpg\",\"datePublished\":\"2026-01-21T10:59:24+00:00\",\"breadcrumb\":{\"@id\":\"https:\/\/onlineautos.es\/producto\/2023-mercedes-benz-gle-gle-350-de-4matic-full-amg-pack\/#breadcrumb\"},\"inLanguage\":\"en-GB\",\"potentialAction\":[{\"@type\":\"ReadAction\",\"target\":[\"https:\/\/onlineautos.es\/producto\/2023-mercedes-benz-gle-gle-350-de-4matic-full-amg-pack\/\"]}]},{\"@type\":\"ImageObject\",\"inLanguage\":\"en-GB\",\"@id\":\"https:\/\/onlineautos.es\/producto\/2023-mercedes-benz-gle-gle-350-de-4matic-full-amg-pack\/#primaryimage\",\"url\":\"https:\/\/onlineautos.es\/wp-content\/uploads\/2026\/01\/MercedesGLE350de-scaled.jpg\",\"contentUrl\":\"https:\/\/onlineautos.es\/wp-content\/uploads\/2026\/01\/MercedesGLE350de-scaled.jpg\",\"width\":1707,\"height\":2560},{\"@type\":\"BreadcrumbList\",\"@id\":\"https:\/\/onlineautos.es\/producto\/2023-mercedes-benz-gle-gle-350-de-4matic-full-amg-pack\/#breadcrumb\",\"itemListElement\":[{\"@type\":\"ListItem\",\"position\":1,\"name\":\"Portada\",\"item\":\"https:\/\/onlineautos.es\/\"},{\"@type\":\"ListItem\",\"position\":2,\"name\":\"Productos\",\"item\":\"https:\/\/onlineautos.es\/tienda\/\"},{\"@type\":\"ListItem\",\"position\":3,\"name\":\"2023 MERCEDES-BENZ GLE GLE 350 de 4MATIC FULL AMG PACK\"}]},{\"@type\":\"WebSite\",\"@id\":\"https:\/\/onlineautos.es\/#website\",\"url\":\"https:\/\/onlineautos.es\/\",\"name\":\"Online Autos\",\"description\":\"No vendemos veh\u00edculos usado, vendemos veh\u00edculos con experiencia.\",\"publisher\":{\"@id\":\"https:\/\/onlineautos.es\/#organization\"},\"potentialAction\":[{\"@type\":\"SearchAction\",\"target\":{\"@type\":\"EntryPoint\",\"urlTemplate\":\"https:\/\/onlineautos.es\/?s={search_term_string}\"},\"query-input\":{\"@type\":\"PropertyValueSpecification\",\"valueRequired\":true,\"valueName\":\"search_term_string\"}}],\"inLanguage\":\"en-GB\"},{\"@type\":\"Organization\",\"@id\":\"https:\/\/onlineautos.es\/#organization\",\"name\":\"Online Autos\",\"url\":\"https:\/\/onlineautos.es\/\",\"logo\":{\"@type\":\"ImageObject\",\"inLanguage\":\"en-GB\",\"@id\":\"https:\/\/onlineautos.es\/#\/schema\/logo\/image\/\",\"url\":\"\",\"contentUrl\":\"\",\"caption\":\"Online Autos\"},\"image\":{\"@id\":\"https:\/\/onlineautos.es\/#\/schema\/logo\/image\/\"}}]}<\/script>\n<!-- \/ Yoast SEO plugin. -->","yoast_head_json":{"title":"2023 MERCEDES-BENZ GLE GLE 350 4MATIC FULL AMG PACK - Online Autos","robots":{"index":"index","follow":"follow","max-snippet":"max-snippet:-1","max-image-preview":"max-image-preview:large","max-video-preview":"max-video-preview:-1"},"canonical":"https:\/\/onlineautos.es\/en\/product\/2023-mercedes-benz-gle-gle-350-de-4matic-full-amg-pack\/","og_locale":"en_GB","og_type":"article","og_title":"2023 MERCEDES-BENZ GLE GLE 350 de 4MATIC FULL AMG PACK - Online Autos","og_description":"MERCEDES-BENZ GLE GLE 350 de 4MATIC FULL AMG PACK  -Veh\u00edculo en fant\u00e1sticas condiciones -Te buscamos la mejor financiaci\u00f3n del mercado. -Todos los mantenimientos al d\u00eda y antes de entregar realizamos un mantenimiento extra en casa oficial para entreg\u00e1rtelo en las mejores condiciones. Te lo mereces! -Aceptamos cualquier prueba mec\u00e1nica, peritaje o need car help etc. -Te ayudamos con la financiaci\u00f3n en caso de necesitarla.*Precio de financiaci\u00f3n sujeto a condiciones, solicita informaci\u00f3n en caso de estar interesado*  Estudiamos la posibilidad de recoger su veh\u00edculo como parte de pago.  Bienvenido a Online Autos! Trabajamos un concepto de venta diferente. Donde nuestra selecci\u00f3n se convierte en tu experiencia.  Este Mercedes-Benz GLE 350 de 4MATIC H\u00edbrido Enchufable destaca por combinar la versatilidad de un SUV premium con la eficiencia de la tecnolog\u00eda h\u00edbrida enchufable. Con sus 320 CV de potencia combinada y 700 Nm de par m\u00e1ximo, este veh\u00edculo ofrece un rendimiento excepcional manteniendo un consumo mixto de solo 1,1 l\/100km.  La autonom\u00eda el\u00e9ctrica de 96 km permite realizar desplazamientos diarios sin utilizar el motor de combusti\u00f3n, mientras que su etiqueta CERO garantiza acceso sin restricciones a zonas de bajas emisiones en cualquier ciudad. El sistema de carga r\u00e1pida permite recuperar del 10% al 80% de bater\u00eda en menos de 20 minutos mediante carga r\u00e1pida.  El equipamiento interior incluye asientos delanteros el\u00e9ctricos con funci\u00f3n de memoria y calefacci\u00f3n, navegador con pantalla de 12,3 pulgadas, y sistema de sonido premium. La configuraci\u00f3n AMG Line aporta un toque deportivo tanto al exterior como al interior, complementado con el techo panor\u00e1mico que incrementa la sensaci\u00f3n de amplitud.  Este GLE destaca por su tracci\u00f3n integral permanente y suspensi\u00f3n AIRMATIC, ofreciendo comodidad y seguridad en cualquier tipo de terreno. Su maletero de 490 litros (ampliable a 1.915) lo convierte en una opci\u00f3n pr\u00e1ctica para cualquier necesidad.","og_url":"https:\/\/onlineautos.es\/en\/product\/2023-mercedes-benz-gle-gle-350-de-4matic-full-amg-pack\/","og_site_name":"Online Autos","og_image":[{"width":1707,"height":2560,"url":"https:\/\/onlineautos.es\/wp-content\/uploads\/2026\/01\/MercedesGLE350de-scaled.jpg","type":"image\/jpeg"}],"twitter_card":"summary_large_image","twitter_misc":{"Estimated reading time":"1 minute"},"schema":{"@context":"https:\/\/schema.org","@graph":[{"@type":"WebPage","@id":"https:\/\/onlineautos.es\/producto\/2023-mercedes-benz-gle-gle-350-de-4matic-full-amg-pack\/","url":"https:\/\/onlineautos.es\/producto\/2023-mercedes-benz-gle-gle-350-de-4matic-full-amg-pack\/","name":"2023 MERCEDES-BENZ GLE GLE 350 4MATIC FULL AMG PACK - Online Autos","isPartOf":{"@id":"https:\/\/onlineautos.es\/#website"},"primaryImageOfPage":{"@id":"https:\/\/onlineautos.es\/producto\/2023-mercedes-benz-gle-gle-350-de-4matic-full-amg-pack\/#primaryimage"},"image":{"@id":"https:\/\/onlineautos.es\/producto\/2023-mercedes-benz-gle-gle-350-de-4matic-full-amg-pack\/#primaryimage"},"thumbnailUrl":"https:\/\/onlineautos.es\/wp-content\/uploads\/2026\/01\/MercedesGLE350de-scaled.jpg","datePublished":"2026-01-21T10:59:24+00:00","breadcrumb":{"@id":"https:\/\/onlineautos.es\/producto\/2023-mercedes-benz-gle-gle-350-de-4matic-full-amg-pack\/#breadcrumb"},"inLanguage":"en-GB","potentialAction":[{"@type":"ReadAction","target":["https:\/\/onlineautos.es\/producto\/2023-mercedes-benz-gle-gle-350-de-4matic-full-amg-pack\/"]}]},{"@type":"ImageObject","inLanguage":"en-GB","@id":"https:\/\/onlineautos.es\/producto\/2023-mercedes-benz-gle-gle-350-de-4matic-full-amg-pack\/#primaryimage","url":"https:\/\/onlineautos.es\/wp-content\/uploads\/2026\/01\/MercedesGLE350de-scaled.jpg","contentUrl":"https:\/\/onlineautos.es\/wp-content\/uploads\/2026\/01\/MercedesGLE350de-scaled.jpg","width":1707,"height":2560},{"@type":"BreadcrumbList","@id":"https:\/\/onlineautos.es\/producto\/2023-mercedes-benz-gle-gle-350-de-4matic-full-amg-pack\/#breadcrumb","itemListElement":[{"@type":"ListItem","position":1,"name":"Portada","item":"https:\/\/onlineautos.es\/"},{"@type":"ListItem","position":2,"name":"Productos","item":"https:\/\/onlineautos.es\/tienda\/"},{"@type":"ListItem","position":3,"name":"2023 MERCEDES-BENZ GLE GLE 350 de 4MATIC FULL AMG PACK"}]},{"@type":"WebSite","@id":"https:\/\/onlineautos.es\/#website","url":"https:\/\/onlineautos.es\/","name":"Online Cars","description":"We do not sell used vehicles, we sell experienced vehicles.","publisher":{"@id":"https:\/\/onlineautos.es\/#organization"},"potentialAction":[{"@type":"SearchAction","target":{"@type":"EntryPoint","urlTemplate":"https:\/\/onlineautos.es\/?s={search_term_string}"},"query-input":{"@type":"PropertyValueSpecification","valueRequired":true,"valueName":"search_term_string"}}],"inLanguage":"en-GB"},{"@type":"Organization","@id":"https:\/\/onlineautos.es\/#organization","name":"Online Cars","url":"https:\/\/onlineautos.es\/","logo":{"@type":"ImageObject","inLanguage":"en-GB","@id":"https:\/\/onlineautos.es\/#\/schema\/logo\/image\/","url":"","contentUrl":"","caption":"Online Autos"},"image":{"@id":"https:\/\/onlineautos.es\/#\/schema\/logo\/image\/"}}]}},"_links":{"self":[{"href":"https:\/\/onlineautos.es\/en\/wp-json\/wp\/v2\/product\/4503","targetHints":{"allow":["GET"]}}],"collection":[{"href":"https:\/\/onlineautos.es\/en\/wp-json\/wp\/v2\/product"}],"about":[{"href":"https:\/\/onlineautos.es\/en\/wp-json\/wp\/v2\/types\/product"}],"wp:featuredmedia":[{"embeddable":true,"href":"https:\/\/onlineautos.es\/en\/wp-json\/wp\/v2\/media\/4303"}],"wp:attachment":[{"href":"https:\/\/onlineautos.es\/en\/wp-json\/wp\/v2\/media?parent=4503"}],"wp:term":[{"taxonomy":"product_brand","embeddable":true,"href":"https:\/\/onlineautos.es\/en\/wp-json\/wp\/v2\/product_brand?post=4503"},{"taxonomy":"product_cat","embeddable":true,"href":"https:\/\/onlineautos.es\/en\/wp-json\/wp\/v2\/product_cat?post=4503"},{"taxonomy":"product_tag","embeddable":true,"href":"https:\/\/onlineautos.es\/en\/wp-json\/wp\/v2\/product_tag?post=4503"}],"curies":[{"name":"wp","href":"https:\/\/api.w.org\/{rel}","templated":true}]}}