{"id":4500,"date":"2026-01-21T11:53:38","date_gmt":"2026-01-21T10:53:38","guid":{"rendered":"https:\/\/onlineautos.es\/?post_type=product&#038;p=4500"},"modified":"2026-03-02T12:11:28","modified_gmt":"2026-03-02T11:11:28","slug":"2019-porsche-macan-s","status":"publish","type":"product","link":"https:\/\/onlineautos.es\/en\/product\/2019-porsche-macan-s\/","title":{"rendered":"(SOLD) 2019 PORSCHE Macan S"},"content":{"rendered":"<p><strong>2019 PORSCHE Macan S<\/strong><\/p>\n<p><span class=\"datosFull\"><strong>Year - 2019<\/strong><\/span><i class=\"fas fa-gas-pump\"><\/i><\/p>\n<p><strong>AUTOMATIC<\/strong><\/p>\n<p><strong>GASOLINE<\/strong><\/p>\n<p><strong>KM: 89.953<\/strong><\/p>\n<p><span class=\"datosFull\"><strong>Owners:1<\/strong><\/span><i class=\"fas fa-car-side\"><\/i><\/p>\n<p><strong><span class=\"datosFull\">Body: SUV<\/span><i class=\"fas fa-cogs\"><\/i><\/strong><\/p>\n<p><strong><span class=\"datosFull\">Power: 354hp\u00a0<\/span><i class=\"fas fa-users\"><\/i><\/strong><\/p>\n<p><strong><span class=\"datosFull\">Seats:5<\/span><\/strong><\/p>","protected":false},"excerpt":{"rendered":"<p>2019 PORSCHE Macan Macan S<\/p>\n<p>-Vehicle in fantastic condition<br \/>\n-We find you the best financing on the market.<br \/>\n-All maintenance is up to date and before delivery we carry out an extra maintenance at an official service centre to deliver it to you in the best conditions. You deserve it!<br \/>\n-We accept any mechanical test, expertise or need car help etc.<br \/>\n-We help you with financing if needed *Price of financing subject to conditions, ask for information if you are interested*.<br \/>\nWe study the possibility of collecting your vehicle as part payment.<\/p>\n<p>Welcome to Online Autos!<br \/>\nWe work with a different sales concept. Where our selection becomes your experience.<br \/>\n-Darkened rear glazing with thermal and acoustic insulation glazing<br \/>\n-Roof rails with slats<br \/>\nSport exhaust tailpipes with 4-pipe design, black<br \/>\n-Sideblade side aerodynamic element black<br \/>\nElectrically folding exterior rear-view mirror<br \/>\n-Rear hatch with automatic opening and closing system<br \/>\n-High gloss black ceiling spoiler<br \/>\n-Electric lifts<br \/>\n-Electric front and rear power lifts<br \/>\nRain-sensing windscreen wipers<\/p>\n<p>Front comfort seats with 14-way adjustment and memory package<br \/>\n-Natural leather interior fittings<br \/>\n-Heated seats, front and rear<br \/>\n-Heated steering wheel (leather) with multiple functions<br \/>\n-Split backrest<br \/>\nSteering wheel (sport\/leather, 3-spoke) with multi-function and paddles<br \/>\n-Universal audio interface<br \/>\n-Safety and comfort<br \/>\nAnti-Theft Alert System with interior scanning<br \/>\n-Auxiliary heating<br \/>\n-Comfort access (keyless entry (keyless opening of doors)<br \/>\n-Cruise control with distance control<br \/>\n-Driver assistance system: lane assistant<br \/>\n-Driver assistance system: parking assistance with reversing camera<br \/>\n-Driver assistance system: speed limit indicator<br \/>\n-Front camera<br \/>\n-Driver assistance system: High beam assistant<br \/>\n-Porsche Dynamic Light System plus (PDLS+)<br \/>\n3-zone automatic climate control<br \/>\n-Automatic brake differential (ABD)<br \/>\nAutomatic main-beam headlights<br \/>\n-Isofix anchorages for child seat in the rear seat<br \/>\n-Porsche Stability Management (PSM)<br \/>\n-Porsche Traction Management (PTM)<\/p>\n<p>-Black LED main beam, incl. Porsche Dynamic Light Plus System (PDLS+)<br \/>\n-LED daytime running lights<br \/>\n-LED tail lights<\/p>\n<p>Type of traction: all-wheel drive<\/p>\n<p>-Electronic pneumatic suspension<br \/>\n-Power Steering Plus (vehicle speed sensitive)<br \/>\n-Porsche Active Suspension Management (PASM)<\/p>\n<p>-Light-&amp;-Comfort package<br \/>\n-Burmester High-End Surround Sound System<br \/>\n-Smartphone tray<br \/>\n-veh. No model designation<br \/>\n-Black window mouldings (high gloss)<br \/>\n3rd brake light<\/p>\n<p>-Brake callipers painted titanium grey<br \/>\n-Comfort head restraints<br \/>\n-Driver Assistance System: Multi Collision Brake (Multi Collision Brake)<br \/>\n-Loading edge protector (aluminium)<\/p>\n<p>-LED flashing lights<\/p>","protected":false},"featured_media":4250,"template":"","meta":{"site-sidebar-layout":"default","site-content-layout":"","ast-site-content-layout":"default","site-content-style":"default","site-sidebar-style":"default","ast-global-header-display":"","ast-banner-title-visibility":"","ast-main-header-display":"","ast-hfb-above-header-display":"","ast-hfb-below-header-display":"","ast-hfb-mobile-header-display":"","site-post-title":"","ast-breadcrumbs-content":"","ast-featured-img":"","footer-sml-layout":"","theme-transparent-header-meta":"default","adv-header-id-meta":"","stick-header-meta":"","header-above-stick-meta":"","header-main-stick-meta":"","header-below-stick-meta":"","astra-migrate-meta-layouts":"set","ast-page-background-enabled":"default","ast-page-background-meta":{"desktop":{"background-color":"var(--ast-global-color-4)","background-image":"","background-repeat":"repeat","background-position":"center center","background-size":"auto","background-attachment":"scroll","background-type":"","background-media":"","overlay-type":"","overlay-color":"","overlay-opacity":"","overlay-gradient":""},"tablet":{"background-color":"","background-image":"","background-repeat":"repeat","background-position":"center center","background-size":"auto","background-attachment":"scroll","background-type":"","background-media":"","overlay-type":"","overlay-color":"","overlay-opacity":"","overlay-gradient":""},"mobile":{"background-color":"","background-image":"","background-repeat":"repeat","background-position":"center center","background-size":"auto","background-attachment":"scroll","background-type":"","background-media":"","overlay-type":"","overlay-color":"","overlay-opacity":"","overlay-gradient":""}},"ast-content-background-meta":{"desktop":{"background-color":"var(--ast-global-color-5)","background-image":"","background-repeat":"repeat","background-position":"center center","background-size":"auto","background-attachment":"scroll","background-type":"","background-media":"","overlay-type":"","overlay-color":"","overlay-opacity":"","overlay-gradient":""},"tablet":{"background-color":"var(--ast-global-color-5)","background-image":"","background-repeat":"repeat","background-position":"center center","background-size":"auto","background-attachment":"scroll","background-type":"","background-media":"","overlay-type":"","overlay-color":"","overlay-opacity":"","overlay-gradient":""},"mobile":{"background-color":"var(--ast-global-color-5)","background-image":"","background-repeat":"repeat","background-position":"center center","background-size":"auto","background-attachment":"scroll","background-type":"","background-media":"","overlay-type":"","overlay-color":"","overlay-opacity":"","overlay-gradient":""}}},"product_brand":[],"product_cat":[26],"product_tag":[],"class_list":{"0":"post-4500","1":"product","2":"type-product","3":"status-publish","4":"has-post-thumbnail","6":"product_cat-online-autos","7":"desktop-align-left","8":"tablet-align-left","9":"mobile-align-left","11":"first","12":"instock","13":"shipping-taxable","14":"purchasable","15":"product-type-simple"},"yoast_head":"<!-- This site is optimized with the Yoast SEO plugin v26.8 - https:\/\/yoast.com\/product\/yoast-seo-wordpress\/ -->\n<title>(VENDIDO) 2019 PORSCHE Macan S - Online Autos<\/title>\n<meta name=\"robots\" content=\"index, follow, max-snippet:-1, max-image-preview:large, max-video-preview:-1\" \/>\n<link rel=\"canonical\" href=\"https:\/\/onlineautos.es\/en\/product\/2019-porsche-macan-s\/\" \/>\n<meta property=\"og:locale\" content=\"en_GB\" \/>\n<meta property=\"og:type\" content=\"article\" \/>\n<meta property=\"og:title\" content=\"(VENDIDO) 2019 PORSCHE Macan S - Online Autos\" \/>\n<meta property=\"og:description\" content=\"2019 PORSCHE Macan Macan S  -Veh\u00edculo en fant\u00e1sticas condiciones -Te buscamos la mejor financiaci\u00f3n del mercado. -Todos los mantenimientos al d\u00eda y antes de entregar realizamos un mantenimiento extra en casa oficial para entreg\u00e1rtelo en las mejores condiciones. Te lo mereces! -Aceptamos cualquier prueba mec\u00e1nica, peritaje o need car help etc. -Te ayudamos con la financiaci\u00f3n en caso de necesitarla.*Precio de financiaci\u00f3n sujeto a condiciones, solicita informaci\u00f3n en caso de estar interesado* Estudiamos la posibilidad de recoger su veh\u00edculo como parte de pago.  Bienvenido a Online Autos! Trabajamos un concepto de venta diferente. Donde nuestra selecci\u00f3n se convierte en tu experiencia. -Acristalamiento trasero oscurecido con acristalamiento t\u00e9rmico y aislamiento ac\u00fastico -Barras de techo con listones -Tubos de escape deportivos con dise\u00f1o de 4 tubos, negros -Elemento aerodin\u00e1mico lateral Sideblade negro -Retrovisor exterior plegable el\u00e9ctricamente -Port\u00f3n trasero con sistema de apertura y cierre autom\u00e1tico -Spoiler de techo negro de alto brillo -Elevadores el\u00e9ctricos -Elevadores el\u00e9ctricos delanteros y traseros -Limpiaparabrisas con sensor de lluvia  -Asientos confort delanteros con ajuste de 14 posiciones y paquete de memoria -Equipamiento interior en cuero natural -Asientos calefactables delanteros y traseros -Volante calefactable (cuero) con funci\u00f3n m\u00faltiple -Respaldo trasero dividido -Volante (deportivo\/cuero, 3 radios) con funci\u00f3n m\u00faltiple y levas -Interfaz de audio universal -Seguridad y confort -Sistema de alerta antirrobo con escaneo interior -Calefacci\u00f3n auxiliar -Acceso confort (apertura de puertas sin llave) -Control de crucero con control de distancia -Sistema de asistencia al conductor: asistente de carril -Sistema de asistencia al conductor: asistente de aparcamiento con c\u00e1mara de marcha atr\u00e1s -Sistema de asistencia al conductor: indicador de l\u00edmite de velocidad -C\u00e1mara frontal -Sistema de asistencia al conductor: asistente de luces de carretera -Sistema Porsche Dynamic Light plus (PDLS+) -Climatizador autom\u00e1tico de 3 zonas -Diferencial de frenos autom\u00e1tico (ABD) -Encendido autom\u00e1tico de luces de carretera -Anclajes Isofix para silla infantil en el asiento trasero -Gesti\u00f3n de estabilidad de Porsche (PSM) -Gesti\u00f3n de tracci\u00f3n de Porsche (PTM)  -Luz principal LED negra, incluye sistema Porsche Dynamic Light Plus (PDLS+) -Luces diurnas LED -Faros traseros LED  -Tipo de tracci\u00f3n: tracci\u00f3n total  -Suspensi\u00f3n neum\u00e1tica electr\u00f3nica -Direcci\u00f3n asistida Plus (sensible a la velocidad del veh\u00edculo) -Gesti\u00f3n de suspensi\u00f3n activa Porsche (PASM)  -Paquete Light-&amp;-Comfort -Sistema de sonido Burmester High-End Surround -Bandeja para smartphone -veh. Sin designaci\u00f3n de modelo -Molduras de ventanilla negras (de alto brillo) 3.\u00aa luz de freno  -Pinzas de freno pintadas en gris titanio -Reposacabezas confort -Sistema de asistencia al conductor: Freno multicolisi\u00f3n (Multi Collision Brake) -Protector del borde de carga (aluminio)  -Luces intermitentes LED\" \/>\n<meta property=\"og:url\" content=\"https:\/\/onlineautos.es\/en\/product\/2019-porsche-macan-s\/\" \/>\n<meta property=\"og:site_name\" content=\"Online Autos\" \/>\n<meta property=\"article:modified_time\" content=\"2026-03-02T11:11:28+00:00\" \/>\n<meta property=\"og:image\" content=\"https:\/\/onlineautos.es\/wp-content\/uploads\/2026\/01\/ONline-autos-2_23-scaled.jpg\" \/>\n\t<meta property=\"og:image:width\" content=\"1707\" \/>\n\t<meta property=\"og:image:height\" content=\"2560\" \/>\n\t<meta property=\"og:image:type\" content=\"image\/jpeg\" \/>\n<meta name=\"twitter:card\" content=\"summary_large_image\" \/>\n<meta name=\"twitter:label1\" content=\"Estimated reading time\" \/>\n\t<meta name=\"twitter:data1\" content=\"1 minute\" \/>\n<script type=\"application\/ld+json\" class=\"yoast-schema-graph\">{\"@context\":\"https:\/\/schema.org\",\"@graph\":[{\"@type\":\"WebPage\",\"@id\":\"https:\/\/onlineautos.es\/producto\/2019-porsche-macan-s\/\",\"url\":\"https:\/\/onlineautos.es\/producto\/2019-porsche-macan-s\/\",\"name\":\"(VENDIDO) 2019 PORSCHE Macan S - Online Autos\",\"isPartOf\":{\"@id\":\"https:\/\/onlineautos.es\/#website\"},\"primaryImageOfPage\":{\"@id\":\"https:\/\/onlineautos.es\/producto\/2019-porsche-macan-s\/#primaryimage\"},\"image\":{\"@id\":\"https:\/\/onlineautos.es\/producto\/2019-porsche-macan-s\/#primaryimage\"},\"thumbnailUrl\":\"https:\/\/onlineautos.es\/wp-content\/uploads\/2026\/01\/ONline-autos-2_23-scaled.jpg\",\"datePublished\":\"2026-01-21T10:53:38+00:00\",\"dateModified\":\"2026-03-02T11:11:28+00:00\",\"breadcrumb\":{\"@id\":\"https:\/\/onlineautos.es\/producto\/2019-porsche-macan-s\/#breadcrumb\"},\"inLanguage\":\"en-GB\",\"potentialAction\":[{\"@type\":\"ReadAction\",\"target\":[\"https:\/\/onlineautos.es\/producto\/2019-porsche-macan-s\/\"]}]},{\"@type\":\"ImageObject\",\"inLanguage\":\"en-GB\",\"@id\":\"https:\/\/onlineautos.es\/producto\/2019-porsche-macan-s\/#primaryimage\",\"url\":\"https:\/\/onlineautos.es\/wp-content\/uploads\/2026\/01\/ONline-autos-2_23-scaled.jpg\",\"contentUrl\":\"https:\/\/onlineautos.es\/wp-content\/uploads\/2026\/01\/ONline-autos-2_23-scaled.jpg\",\"width\":1707,\"height\":2560},{\"@type\":\"BreadcrumbList\",\"@id\":\"https:\/\/onlineautos.es\/producto\/2019-porsche-macan-s\/#breadcrumb\",\"itemListElement\":[{\"@type\":\"ListItem\",\"position\":1,\"name\":\"Portada\",\"item\":\"https:\/\/onlineautos.es\/\"},{\"@type\":\"ListItem\",\"position\":2,\"name\":\"Productos\",\"item\":\"https:\/\/onlineautos.es\/tienda\/\"},{\"@type\":\"ListItem\",\"position\":3,\"name\":\"(VENDIDO) 2019 PORSCHE Macan S\"}]},{\"@type\":\"WebSite\",\"@id\":\"https:\/\/onlineautos.es\/#website\",\"url\":\"https:\/\/onlineautos.es\/\",\"name\":\"Online Autos\",\"description\":\"No vendemos veh\u00edculos usado, vendemos veh\u00edculos con experiencia.\",\"publisher\":{\"@id\":\"https:\/\/onlineautos.es\/#organization\"},\"potentialAction\":[{\"@type\":\"SearchAction\",\"target\":{\"@type\":\"EntryPoint\",\"urlTemplate\":\"https:\/\/onlineautos.es\/?s={search_term_string}\"},\"query-input\":{\"@type\":\"PropertyValueSpecification\",\"valueRequired\":true,\"valueName\":\"search_term_string\"}}],\"inLanguage\":\"en-GB\"},{\"@type\":\"Organization\",\"@id\":\"https:\/\/onlineautos.es\/#organization\",\"name\":\"Online Autos\",\"url\":\"https:\/\/onlineautos.es\/\",\"logo\":{\"@type\":\"ImageObject\",\"inLanguage\":\"en-GB\",\"@id\":\"https:\/\/onlineautos.es\/#\/schema\/logo\/image\/\",\"url\":\"\",\"contentUrl\":\"\",\"caption\":\"Online Autos\"},\"image\":{\"@id\":\"https:\/\/onlineautos.es\/#\/schema\/logo\/image\/\"}}]}<\/script>\n<!-- \/ Yoast SEO plugin. -->","yoast_head_json":{"title":"(SOLD) 2019 PORSCHE Macan S - Online Autos","robots":{"index":"index","follow":"follow","max-snippet":"max-snippet:-1","max-image-preview":"max-image-preview:large","max-video-preview":"max-video-preview:-1"},"canonical":"https:\/\/onlineautos.es\/en\/product\/2019-porsche-macan-s\/","og_locale":"en_GB","og_type":"article","og_title":"(VENDIDO) 2019 PORSCHE Macan S - Online Autos","og_description":"2019 PORSCHE Macan Macan S  -Veh\u00edculo en fant\u00e1sticas condiciones -Te buscamos la mejor financiaci\u00f3n del mercado. -Todos los mantenimientos al d\u00eda y antes de entregar realizamos un mantenimiento extra en casa oficial para entreg\u00e1rtelo en las mejores condiciones. Te lo mereces! -Aceptamos cualquier prueba mec\u00e1nica, peritaje o need car help etc. -Te ayudamos con la financiaci\u00f3n en caso de necesitarla.*Precio de financiaci\u00f3n sujeto a condiciones, solicita informaci\u00f3n en caso de estar interesado* Estudiamos la posibilidad de recoger su veh\u00edculo como parte de pago.  Bienvenido a Online Autos! Trabajamos un concepto de venta diferente. Donde nuestra selecci\u00f3n se convierte en tu experiencia. -Acristalamiento trasero oscurecido con acristalamiento t\u00e9rmico y aislamiento ac\u00fastico -Barras de techo con listones -Tubos de escape deportivos con dise\u00f1o de 4 tubos, negros -Elemento aerodin\u00e1mico lateral Sideblade negro -Retrovisor exterior plegable el\u00e9ctricamente -Port\u00f3n trasero con sistema de apertura y cierre autom\u00e1tico -Spoiler de techo negro de alto brillo -Elevadores el\u00e9ctricos -Elevadores el\u00e9ctricos delanteros y traseros -Limpiaparabrisas con sensor de lluvia  -Asientos confort delanteros con ajuste de 14 posiciones y paquete de memoria -Equipamiento interior en cuero natural -Asientos calefactables delanteros y traseros -Volante calefactable (cuero) con funci\u00f3n m\u00faltiple -Respaldo trasero dividido -Volante (deportivo\/cuero, 3 radios) con funci\u00f3n m\u00faltiple y levas -Interfaz de audio universal -Seguridad y confort -Sistema de alerta antirrobo con escaneo interior -Calefacci\u00f3n auxiliar -Acceso confort (apertura de puertas sin llave) -Control de crucero con control de distancia -Sistema de asistencia al conductor: asistente de carril -Sistema de asistencia al conductor: asistente de aparcamiento con c\u00e1mara de marcha atr\u00e1s -Sistema de asistencia al conductor: indicador de l\u00edmite de velocidad -C\u00e1mara frontal -Sistema de asistencia al conductor: asistente de luces de carretera -Sistema Porsche Dynamic Light plus (PDLS+) -Climatizador autom\u00e1tico de 3 zonas -Diferencial de frenos autom\u00e1tico (ABD) -Encendido autom\u00e1tico de luces de carretera -Anclajes Isofix para silla infantil en el asiento trasero -Gesti\u00f3n de estabilidad de Porsche (PSM) -Gesti\u00f3n de tracci\u00f3n de Porsche (PTM)  -Luz principal LED negra, incluye sistema Porsche Dynamic Light Plus (PDLS+) -Luces diurnas LED -Faros traseros LED  -Tipo de tracci\u00f3n: tracci\u00f3n total  -Suspensi\u00f3n neum\u00e1tica electr\u00f3nica -Direcci\u00f3n asistida Plus (sensible a la velocidad del veh\u00edculo) -Gesti\u00f3n de suspensi\u00f3n activa Porsche (PASM)  -Paquete Light-&amp;-Comfort -Sistema de sonido Burmester High-End Surround -Bandeja para smartphone -veh. Sin designaci\u00f3n de modelo -Molduras de ventanilla negras (de alto brillo) 3.\u00aa luz de freno  -Pinzas de freno pintadas en gris titanio -Reposacabezas confort -Sistema de asistencia al conductor: Freno multicolisi\u00f3n (Multi Collision Brake) -Protector del borde de carga (aluminio)  -Luces intermitentes LED","og_url":"https:\/\/onlineautos.es\/en\/product\/2019-porsche-macan-s\/","og_site_name":"Online Autos","article_modified_time":"2026-03-02T11:11:28+00:00","og_image":[{"width":1707,"height":2560,"url":"https:\/\/onlineautos.es\/wp-content\/uploads\/2026\/01\/ONline-autos-2_23-scaled.jpg","type":"image\/jpeg"}],"twitter_card":"summary_large_image","twitter_misc":{"Estimated reading time":"1 minute"},"schema":{"@context":"https:\/\/schema.org","@graph":[{"@type":"WebPage","@id":"https:\/\/onlineautos.es\/producto\/2019-porsche-macan-s\/","url":"https:\/\/onlineautos.es\/producto\/2019-porsche-macan-s\/","name":"(SOLD) 2019 PORSCHE Macan S - Online Autos","isPartOf":{"@id":"https:\/\/onlineautos.es\/#website"},"primaryImageOfPage":{"@id":"https:\/\/onlineautos.es\/producto\/2019-porsche-macan-s\/#primaryimage"},"image":{"@id":"https:\/\/onlineautos.es\/producto\/2019-porsche-macan-s\/#primaryimage"},"thumbnailUrl":"https:\/\/onlineautos.es\/wp-content\/uploads\/2026\/01\/ONline-autos-2_23-scaled.jpg","datePublished":"2026-01-21T10:53:38+00:00","dateModified":"2026-03-02T11:11:28+00:00","breadcrumb":{"@id":"https:\/\/onlineautos.es\/producto\/2019-porsche-macan-s\/#breadcrumb"},"inLanguage":"en-GB","potentialAction":[{"@type":"ReadAction","target":["https:\/\/onlineautos.es\/producto\/2019-porsche-macan-s\/"]}]},{"@type":"ImageObject","inLanguage":"en-GB","@id":"https:\/\/onlineautos.es\/producto\/2019-porsche-macan-s\/#primaryimage","url":"https:\/\/onlineautos.es\/wp-content\/uploads\/2026\/01\/ONline-autos-2_23-scaled.jpg","contentUrl":"https:\/\/onlineautos.es\/wp-content\/uploads\/2026\/01\/ONline-autos-2_23-scaled.jpg","width":1707,"height":2560},{"@type":"BreadcrumbList","@id":"https:\/\/onlineautos.es\/producto\/2019-porsche-macan-s\/#breadcrumb","itemListElement":[{"@type":"ListItem","position":1,"name":"Portada","item":"https:\/\/onlineautos.es\/"},{"@type":"ListItem","position":2,"name":"Productos","item":"https:\/\/onlineautos.es\/tienda\/"},{"@type":"ListItem","position":3,"name":"(VENDIDO) 2019 PORSCHE Macan S"}]},{"@type":"WebSite","@id":"https:\/\/onlineautos.es\/#website","url":"https:\/\/onlineautos.es\/","name":"Online Cars","description":"We do not sell used vehicles, we sell experienced vehicles.","publisher":{"@id":"https:\/\/onlineautos.es\/#organization"},"potentialAction":[{"@type":"SearchAction","target":{"@type":"EntryPoint","urlTemplate":"https:\/\/onlineautos.es\/?s={search_term_string}"},"query-input":{"@type":"PropertyValueSpecification","valueRequired":true,"valueName":"search_term_string"}}],"inLanguage":"en-GB"},{"@type":"Organization","@id":"https:\/\/onlineautos.es\/#organization","name":"Online Cars","url":"https:\/\/onlineautos.es\/","logo":{"@type":"ImageObject","inLanguage":"en-GB","@id":"https:\/\/onlineautos.es\/#\/schema\/logo\/image\/","url":"","contentUrl":"","caption":"Online Autos"},"image":{"@id":"https:\/\/onlineautos.es\/#\/schema\/logo\/image\/"}}]}},"_links":{"self":[{"href":"https:\/\/onlineautos.es\/en\/wp-json\/wp\/v2\/product\/4500","targetHints":{"allow":["GET"]}}],"collection":[{"href":"https:\/\/onlineautos.es\/en\/wp-json\/wp\/v2\/product"}],"about":[{"href":"https:\/\/onlineautos.es\/en\/wp-json\/wp\/v2\/types\/product"}],"wp:featuredmedia":[{"embeddable":true,"href":"https:\/\/onlineautos.es\/en\/wp-json\/wp\/v2\/media\/4250"}],"wp:attachment":[{"href":"https:\/\/onlineautos.es\/en\/wp-json\/wp\/v2\/media?parent=4500"}],"wp:term":[{"taxonomy":"product_brand","embeddable":true,"href":"https:\/\/onlineautos.es\/en\/wp-json\/wp\/v2\/product_brand?post=4500"},{"taxonomy":"product_cat","embeddable":true,"href":"https:\/\/onlineautos.es\/en\/wp-json\/wp\/v2\/product_cat?post=4500"},{"taxonomy":"product_tag","embeddable":true,"href":"https:\/\/onlineautos.es\/en\/wp-json\/wp\/v2\/product_tag?post=4500"}],"curies":[{"name":"wp","href":"https:\/\/api.w.org\/{rel}","templated":true}]}}