{"id":4494,"date":"2026-01-21T11:47:23","date_gmt":"2026-01-21T10:47:23","guid":{"rendered":"https:\/\/onlineautos.es\/?post_type=product&#038;p=4494"},"modified":"2026-01-21T11:47:23","modified_gmt":"2026-01-21T10:47:23","slug":"2019-volvo-xc60-2-0-b4-d-awd-rdesign-auto","status":"publish","type":"product","link":"https:\/\/onlineautos.es\/en\/product\/2019-volvo-xc60-2-0-b4-d-awd-rdesign-auto\/","title":{"rendered":"2019 VOLVO XC60 2.0 B4 D AWD RDesign Auto"},"content":{"rendered":"<p><strong>2019 VOLVO XC60 2.0 B4 D AWD RDesign Auto<\/strong><\/p>\n<p><span class=\"datosFull\"><strong>Year - 2019<\/strong><\/span><i class=\"fas fa-gas-pump\"><\/i><\/p>\n<p><strong>AUTOMATIC<\/strong><\/p>\n<p><strong>DIESEL\u00a0<\/strong><\/p>\n<p><strong>KM: 78,800<\/strong><\/p>\n<p><span class=\"datosFull\"><strong>Owners:1<\/strong><\/span><i class=\"fas fa-car-side\"><\/i><\/p>\n<p><strong><span class=\"datosFull\">Body: SUV<\/span><i class=\"fas fa-cogs\"><\/i><\/strong><\/p>\n<p><strong><span class=\"datosFull\">Power: 197hp\u00a0<\/span><i class=\"fas fa-users\"><\/i><\/strong><\/p>\n<p><strong><span class=\"datosFull\">Seats:5<\/span><\/strong><\/p>","protected":false},"excerpt":{"rendered":"<p><strong>VOLVO XC60 2.0 B4 D AWD RDesign Auto<\/strong><\/p>\n<p>-Vehicle in fantastic condition<br \/>\n-We find you the best financing on the market.<br \/>\n-All maintenance is up to date and before delivery we carry out an extra maintenance at an official service centre to deliver it to you in the best conditions. You deserve it!<br \/>\n-We accept any mechanical test, expertise or need car help etc.<br \/>\n-We help you with financing if needed *Price of financing subject to conditions, ask for information if you are interested*.<\/p>\n<p>We study the possibility of collecting your vehicle as part payment.<\/p>\n<p>Welcome to Online Autos!<br \/>\nWe work with a different sales concept. Where our selection becomes your experience.<\/p>\n<p>&nbsp;<\/p>\n<p>&nbsp;<\/p>\n<p>&nbsp;<\/p>\n<p>This Volvo XC60 R-Design combines premium SUV character with a sporty approach that is reflected in every detail. Powered by a 197 hp B4 D diesel engine with mild hybrid technology, this vehicle offers efficient driving without compromising on performance, thanks to its permanent all-wheel drive and eight-speed automatic transmission with the option of manual mode.<\/p>\n<p>The interior features sport seats with partial leather upholstery, offering a perfect balance between comfort and lateral support. The 9-inch touchscreen with integrated navigation and the ten-speaker sound system ensure a complete multimedia experience.<\/p>\n<p>Highlights include a panoramic sunroof, Harman\/Kardon sound system and 360\u00b0 parking cameras, which complement the standard rear sensors. Its C environmental label allows access to most urban areas regulated by traffic restrictions.<\/p>\n<p>This vehicle is particularly suitable for those looking for versatility, technology and dynamic handling on any surface.<\/p>","protected":false},"featured_media":4369,"template":"","meta":{"site-sidebar-layout":"default","site-content-layout":"","ast-site-content-layout":"default","site-content-style":"default","site-sidebar-style":"default","ast-global-header-display":"","ast-banner-title-visibility":"","ast-main-header-display":"","ast-hfb-above-header-display":"","ast-hfb-below-header-display":"","ast-hfb-mobile-header-display":"","site-post-title":"","ast-breadcrumbs-content":"","ast-featured-img":"","footer-sml-layout":"","theme-transparent-header-meta":"default","adv-header-id-meta":"","stick-header-meta":"","header-above-stick-meta":"","header-main-stick-meta":"","header-below-stick-meta":"","astra-migrate-meta-layouts":"set","ast-page-background-enabled":"default","ast-page-background-meta":{"desktop":{"background-color":"var(--ast-global-color-4)","background-image":"","background-repeat":"repeat","background-position":"center center","background-size":"auto","background-attachment":"scroll","background-type":"","background-media":"","overlay-type":"","overlay-color":"","overlay-opacity":"","overlay-gradient":""},"tablet":{"background-color":"","background-image":"","background-repeat":"repeat","background-position":"center center","background-size":"auto","background-attachment":"scroll","background-type":"","background-media":"","overlay-type":"","overlay-color":"","overlay-opacity":"","overlay-gradient":""},"mobile":{"background-color":"","background-image":"","background-repeat":"repeat","background-position":"center center","background-size":"auto","background-attachment":"scroll","background-type":"","background-media":"","overlay-type":"","overlay-color":"","overlay-opacity":"","overlay-gradient":""}},"ast-content-background-meta":{"desktop":{"background-color":"var(--ast-global-color-5)","background-image":"","background-repeat":"repeat","background-position":"center center","background-size":"auto","background-attachment":"scroll","background-type":"","background-media":"","overlay-type":"","overlay-color":"","overlay-opacity":"","overlay-gradient":""},"tablet":{"background-color":"var(--ast-global-color-5)","background-image":"","background-repeat":"repeat","background-position":"center center","background-size":"auto","background-attachment":"scroll","background-type":"","background-media":"","overlay-type":"","overlay-color":"","overlay-opacity":"","overlay-gradient":""},"mobile":{"background-color":"var(--ast-global-color-5)","background-image":"","background-repeat":"repeat","background-position":"center center","background-size":"auto","background-attachment":"scroll","background-type":"","background-media":"","overlay-type":"","overlay-color":"","overlay-opacity":"","overlay-gradient":""}}},"product_brand":[],"product_cat":[26],"product_tag":[],"class_list":{"0":"post-4494","1":"product","2":"type-product","3":"status-publish","4":"has-post-thumbnail","6":"product_cat-online-autos","7":"desktop-align-left","8":"tablet-align-left","9":"mobile-align-left","11":"first","12":"instock","13":"shipping-taxable","14":"purchasable","15":"product-type-simple"},"yoast_head":"<!-- This site is optimized with the Yoast SEO plugin v26.8 - https:\/\/yoast.com\/product\/yoast-seo-wordpress\/ -->\n<title>2019 VOLVO XC60 2.0 B4 D AWD RDesign Auto - Online Autos<\/title>\n<meta name=\"robots\" content=\"index, follow, max-snippet:-1, max-image-preview:large, max-video-preview:-1\" \/>\n<link rel=\"canonical\" href=\"https:\/\/onlineautos.es\/en\/product\/2019-volvo-xc60-2-0-b4-d-awd-rdesign-auto\/\" \/>\n<meta property=\"og:locale\" content=\"en_GB\" \/>\n<meta property=\"og:type\" content=\"article\" \/>\n<meta property=\"og:title\" content=\"2019 VOLVO XC60 2.0 B4 D AWD RDesign Auto - Online Autos\" \/>\n<meta property=\"og:description\" content=\"VOLVO XC60 2.0 B4 D AWD RDesign Auto  -Veh\u00edculo en fant\u00e1sticas condiciones -Te buscamos la mejor financiaci\u00f3n del mercado. -Todos los mantenimientos al d\u00eda y antes de entregar realizamos un mantenimiento extra en casa oficial para entreg\u00e1rtelo en las mejores condiciones. Te lo mereces! -Aceptamos cualquier prueba mec\u00e1nica, peritaje o need car help etc. -Te ayudamos con la financiaci\u00f3n en caso de necesitarla.*Precio de financiaci\u00f3n sujeto a condiciones, solicita informaci\u00f3n en caso de estar interesado*  Estudiamos la posibilidad de recoger su veh\u00edculo como parte de pago.  Bienvenido a Online Autos! Trabajamos un concepto de venta diferente. Donde nuestra selecci\u00f3n se convierte en tu experiencia.  &nbsp;  &nbsp;  &nbsp;  Este Volvo XC60 R-Design combina el car\u00e1cter SUV premium con un enfoque deportivo que se refleja en cada detalle. Equipado con un motor di\u00e9sel B4 D de 197 CV con tecnolog\u00eda mild hybrid, este veh\u00edculo ofrece una conducci\u00f3n eficiente sin renunciar a prestaciones, gracias a su tracci\u00f3n integral permanente y cambio autom\u00e1tico de ocho velocidades con posibilidad de modo manual.  El interior destaca por sus asientos deportivos con tapicer\u00eda parcial de cuero, ofreciendo un equilibrio perfecto entre confort y sujeci\u00f3n lateral. La pantalla t\u00e1ctil de 9 pulgadas con navegador integrado y el sistema de sonido con diez altavoces garantizan una experiencia multimedia completa.  Entre sus extras m\u00e1s destacables se encuentra el techo solar panor\u00e1mico, el sistema de sonido Harman\/Kardon y las c\u00e1maras de aparcamiento 360\u00b0, que complementan los sensores traseros de serie. Su etiqueta medioambiental C permite el acceso a la mayor\u00eda de zonas urbanas reguladas por restricciones de tr\u00e1fico.  Este veh\u00edculo resulta especialmente adecuado para quienes buscan versatilidad, tecnolog\u00eda y un comportamiento din\u00e1mico en cualquier superficie.\" \/>\n<meta property=\"og:url\" content=\"https:\/\/onlineautos.es\/en\/product\/2019-volvo-xc60-2-0-b4-d-awd-rdesign-auto\/\" \/>\n<meta property=\"og:site_name\" content=\"Online Autos\" \/>\n<meta property=\"og:image\" content=\"https:\/\/onlineautos.es\/wp-content\/uploads\/2026\/01\/VOLVOXC60-NEGRO_14-scaled.jpg\" \/>\n\t<meta property=\"og:image:width\" content=\"1707\" \/>\n\t<meta property=\"og:image:height\" content=\"2560\" \/>\n\t<meta property=\"og:image:type\" content=\"image\/jpeg\" \/>\n<meta name=\"twitter:card\" content=\"summary_large_image\" \/>\n<meta name=\"twitter:label1\" content=\"Estimated reading time\" \/>\n\t<meta name=\"twitter:data1\" content=\"1 minute\" \/>\n<script type=\"application\/ld+json\" class=\"yoast-schema-graph\">{\"@context\":\"https:\/\/schema.org\",\"@graph\":[{\"@type\":\"WebPage\",\"@id\":\"https:\/\/onlineautos.es\/producto\/2019-volvo-xc60-2-0-b4-d-awd-rdesign-auto\/\",\"url\":\"https:\/\/onlineautos.es\/producto\/2019-volvo-xc60-2-0-b4-d-awd-rdesign-auto\/\",\"name\":\"2019 VOLVO XC60 2.0 B4 D AWD RDesign Auto - Online Autos\",\"isPartOf\":{\"@id\":\"https:\/\/onlineautos.es\/#website\"},\"primaryImageOfPage\":{\"@id\":\"https:\/\/onlineautos.es\/producto\/2019-volvo-xc60-2-0-b4-d-awd-rdesign-auto\/#primaryimage\"},\"image\":{\"@id\":\"https:\/\/onlineautos.es\/producto\/2019-volvo-xc60-2-0-b4-d-awd-rdesign-auto\/#primaryimage\"},\"thumbnailUrl\":\"https:\/\/onlineautos.es\/wp-content\/uploads\/2026\/01\/VOLVOXC60-NEGRO_14-scaled.jpg\",\"datePublished\":\"2026-01-21T10:47:23+00:00\",\"breadcrumb\":{\"@id\":\"https:\/\/onlineautos.es\/producto\/2019-volvo-xc60-2-0-b4-d-awd-rdesign-auto\/#breadcrumb\"},\"inLanguage\":\"en-GB\",\"potentialAction\":[{\"@type\":\"ReadAction\",\"target\":[\"https:\/\/onlineautos.es\/producto\/2019-volvo-xc60-2-0-b4-d-awd-rdesign-auto\/\"]}]},{\"@type\":\"ImageObject\",\"inLanguage\":\"en-GB\",\"@id\":\"https:\/\/onlineautos.es\/producto\/2019-volvo-xc60-2-0-b4-d-awd-rdesign-auto\/#primaryimage\",\"url\":\"https:\/\/onlineautos.es\/wp-content\/uploads\/2026\/01\/VOLVOXC60-NEGRO_14-scaled.jpg\",\"contentUrl\":\"https:\/\/onlineautos.es\/wp-content\/uploads\/2026\/01\/VOLVOXC60-NEGRO_14-scaled.jpg\",\"width\":1707,\"height\":2560},{\"@type\":\"BreadcrumbList\",\"@id\":\"https:\/\/onlineautos.es\/producto\/2019-volvo-xc60-2-0-b4-d-awd-rdesign-auto\/#breadcrumb\",\"itemListElement\":[{\"@type\":\"ListItem\",\"position\":1,\"name\":\"Portada\",\"item\":\"https:\/\/onlineautos.es\/\"},{\"@type\":\"ListItem\",\"position\":2,\"name\":\"Productos\",\"item\":\"https:\/\/onlineautos.es\/tienda\/\"},{\"@type\":\"ListItem\",\"position\":3,\"name\":\"2019 VOLVO XC60 2.0 B4 D AWD RDesign Auto\"}]},{\"@type\":\"WebSite\",\"@id\":\"https:\/\/onlineautos.es\/#website\",\"url\":\"https:\/\/onlineautos.es\/\",\"name\":\"Online Autos\",\"description\":\"No vendemos veh\u00edculos usado, vendemos veh\u00edculos con experiencia.\",\"publisher\":{\"@id\":\"https:\/\/onlineautos.es\/#organization\"},\"potentialAction\":[{\"@type\":\"SearchAction\",\"target\":{\"@type\":\"EntryPoint\",\"urlTemplate\":\"https:\/\/onlineautos.es\/?s={search_term_string}\"},\"query-input\":{\"@type\":\"PropertyValueSpecification\",\"valueRequired\":true,\"valueName\":\"search_term_string\"}}],\"inLanguage\":\"en-GB\"},{\"@type\":\"Organization\",\"@id\":\"https:\/\/onlineautos.es\/#organization\",\"name\":\"Online Autos\",\"url\":\"https:\/\/onlineautos.es\/\",\"logo\":{\"@type\":\"ImageObject\",\"inLanguage\":\"en-GB\",\"@id\":\"https:\/\/onlineautos.es\/#\/schema\/logo\/image\/\",\"url\":\"\",\"contentUrl\":\"\",\"caption\":\"Online Autos\"},\"image\":{\"@id\":\"https:\/\/onlineautos.es\/#\/schema\/logo\/image\/\"}}]}<\/script>\n<!-- \/ Yoast SEO plugin. -->","yoast_head_json":{"title":"2019 VOLVO XC60 2.0 B4 D AWD RDesign Auto - Online Autos","robots":{"index":"index","follow":"follow","max-snippet":"max-snippet:-1","max-image-preview":"max-image-preview:large","max-video-preview":"max-video-preview:-1"},"canonical":"https:\/\/onlineautos.es\/en\/product\/2019-volvo-xc60-2-0-b4-d-awd-rdesign-auto\/","og_locale":"en_GB","og_type":"article","og_title":"2019 VOLVO XC60 2.0 B4 D AWD RDesign Auto - Online Autos","og_description":"VOLVO XC60 2.0 B4 D AWD RDesign Auto  -Veh\u00edculo en fant\u00e1sticas condiciones -Te buscamos la mejor financiaci\u00f3n del mercado. -Todos los mantenimientos al d\u00eda y antes de entregar realizamos un mantenimiento extra en casa oficial para entreg\u00e1rtelo en las mejores condiciones. Te lo mereces! -Aceptamos cualquier prueba mec\u00e1nica, peritaje o need car help etc. -Te ayudamos con la financiaci\u00f3n en caso de necesitarla.*Precio de financiaci\u00f3n sujeto a condiciones, solicita informaci\u00f3n en caso de estar interesado*  Estudiamos la posibilidad de recoger su veh\u00edculo como parte de pago.  Bienvenido a Online Autos! Trabajamos un concepto de venta diferente. Donde nuestra selecci\u00f3n se convierte en tu experiencia.  &nbsp;  &nbsp;  &nbsp;  Este Volvo XC60 R-Design combina el car\u00e1cter SUV premium con un enfoque deportivo que se refleja en cada detalle. Equipado con un motor di\u00e9sel B4 D de 197 CV con tecnolog\u00eda mild hybrid, este veh\u00edculo ofrece una conducci\u00f3n eficiente sin renunciar a prestaciones, gracias a su tracci\u00f3n integral permanente y cambio autom\u00e1tico de ocho velocidades con posibilidad de modo manual.  El interior destaca por sus asientos deportivos con tapicer\u00eda parcial de cuero, ofreciendo un equilibrio perfecto entre confort y sujeci\u00f3n lateral. La pantalla t\u00e1ctil de 9 pulgadas con navegador integrado y el sistema de sonido con diez altavoces garantizan una experiencia multimedia completa.  Entre sus extras m\u00e1s destacables se encuentra el techo solar panor\u00e1mico, el sistema de sonido Harman\/Kardon y las c\u00e1maras de aparcamiento 360\u00b0, que complementan los sensores traseros de serie. Su etiqueta medioambiental C permite el acceso a la mayor\u00eda de zonas urbanas reguladas por restricciones de tr\u00e1fico.  Este veh\u00edculo resulta especialmente adecuado para quienes buscan versatilidad, tecnolog\u00eda y un comportamiento din\u00e1mico en cualquier superficie.","og_url":"https:\/\/onlineautos.es\/en\/product\/2019-volvo-xc60-2-0-b4-d-awd-rdesign-auto\/","og_site_name":"Online Autos","og_image":[{"width":1707,"height":2560,"url":"https:\/\/onlineautos.es\/wp-content\/uploads\/2026\/01\/VOLVOXC60-NEGRO_14-scaled.jpg","type":"image\/jpeg"}],"twitter_card":"summary_large_image","twitter_misc":{"Estimated reading time":"1 minute"},"schema":{"@context":"https:\/\/schema.org","@graph":[{"@type":"WebPage","@id":"https:\/\/onlineautos.es\/producto\/2019-volvo-xc60-2-0-b4-d-awd-rdesign-auto\/","url":"https:\/\/onlineautos.es\/producto\/2019-volvo-xc60-2-0-b4-d-awd-rdesign-auto\/","name":"2019 VOLVO XC60 2.0 B4 D AWD RDesign Auto - Online Autos","isPartOf":{"@id":"https:\/\/onlineautos.es\/#website"},"primaryImageOfPage":{"@id":"https:\/\/onlineautos.es\/producto\/2019-volvo-xc60-2-0-b4-d-awd-rdesign-auto\/#primaryimage"},"image":{"@id":"https:\/\/onlineautos.es\/producto\/2019-volvo-xc60-2-0-b4-d-awd-rdesign-auto\/#primaryimage"},"thumbnailUrl":"https:\/\/onlineautos.es\/wp-content\/uploads\/2026\/01\/VOLVOXC60-NEGRO_14-scaled.jpg","datePublished":"2026-01-21T10:47:23+00:00","breadcrumb":{"@id":"https:\/\/onlineautos.es\/producto\/2019-volvo-xc60-2-0-b4-d-awd-rdesign-auto\/#breadcrumb"},"inLanguage":"en-GB","potentialAction":[{"@type":"ReadAction","target":["https:\/\/onlineautos.es\/producto\/2019-volvo-xc60-2-0-b4-d-awd-rdesign-auto\/"]}]},{"@type":"ImageObject","inLanguage":"en-GB","@id":"https:\/\/onlineautos.es\/producto\/2019-volvo-xc60-2-0-b4-d-awd-rdesign-auto\/#primaryimage","url":"https:\/\/onlineautos.es\/wp-content\/uploads\/2026\/01\/VOLVOXC60-NEGRO_14-scaled.jpg","contentUrl":"https:\/\/onlineautos.es\/wp-content\/uploads\/2026\/01\/VOLVOXC60-NEGRO_14-scaled.jpg","width":1707,"height":2560},{"@type":"BreadcrumbList","@id":"https:\/\/onlineautos.es\/producto\/2019-volvo-xc60-2-0-b4-d-awd-rdesign-auto\/#breadcrumb","itemListElement":[{"@type":"ListItem","position":1,"name":"Portada","item":"https:\/\/onlineautos.es\/"},{"@type":"ListItem","position":2,"name":"Productos","item":"https:\/\/onlineautos.es\/tienda\/"},{"@type":"ListItem","position":3,"name":"2019 VOLVO XC60 2.0 B4 D AWD RDesign Auto"}]},{"@type":"WebSite","@id":"https:\/\/onlineautos.es\/#website","url":"https:\/\/onlineautos.es\/","name":"Online Cars","description":"We do not sell used vehicles, we sell experienced vehicles.","publisher":{"@id":"https:\/\/onlineautos.es\/#organization"},"potentialAction":[{"@type":"SearchAction","target":{"@type":"EntryPoint","urlTemplate":"https:\/\/onlineautos.es\/?s={search_term_string}"},"query-input":{"@type":"PropertyValueSpecification","valueRequired":true,"valueName":"search_term_string"}}],"inLanguage":"en-GB"},{"@type":"Organization","@id":"https:\/\/onlineautos.es\/#organization","name":"Online Cars","url":"https:\/\/onlineautos.es\/","logo":{"@type":"ImageObject","inLanguage":"en-GB","@id":"https:\/\/onlineautos.es\/#\/schema\/logo\/image\/","url":"","contentUrl":"","caption":"Online Autos"},"image":{"@id":"https:\/\/onlineautos.es\/#\/schema\/logo\/image\/"}}]}},"_links":{"self":[{"href":"https:\/\/onlineautos.es\/en\/wp-json\/wp\/v2\/product\/4494","targetHints":{"allow":["GET"]}}],"collection":[{"href":"https:\/\/onlineautos.es\/en\/wp-json\/wp\/v2\/product"}],"about":[{"href":"https:\/\/onlineautos.es\/en\/wp-json\/wp\/v2\/types\/product"}],"wp:featuredmedia":[{"embeddable":true,"href":"https:\/\/onlineautos.es\/en\/wp-json\/wp\/v2\/media\/4369"}],"wp:attachment":[{"href":"https:\/\/onlineautos.es\/en\/wp-json\/wp\/v2\/media?parent=4494"}],"wp:term":[{"taxonomy":"product_brand","embeddable":true,"href":"https:\/\/onlineautos.es\/en\/wp-json\/wp\/v2\/product_brand?post=4494"},{"taxonomy":"product_cat","embeddable":true,"href":"https:\/\/onlineautos.es\/en\/wp-json\/wp\/v2\/product_cat?post=4494"},{"taxonomy":"product_tag","embeddable":true,"href":"https:\/\/onlineautos.es\/en\/wp-json\/wp\/v2\/product_tag?post=4494"}],"curies":[{"name":"wp","href":"https:\/\/api.w.org\/{rel}","templated":true}]}}