{"id":4492,"date":"2026-01-21T11:41:41","date_gmt":"2026-01-21T10:41:41","guid":{"rendered":"https:\/\/onlineautos.es\/?post_type=product&#038;p=4492"},"modified":"2026-01-21T11:47:43","modified_gmt":"2026-01-21T10:47:43","slug":"2019-volvo-xc60-2-0-d4-awd-inscription-auto","status":"publish","type":"product","link":"https:\/\/onlineautos.es\/en\/product\/2019-volvo-xc60-2-0-d4-awd-inscription-auto\/","title":{"rendered":"2019 VOLVO XC60 2.0 D4 AWD Inscription Auto"},"content":{"rendered":"<p><strong>2019 VOLVO XC60 2.0 D4 AWD Inscription Auto<\/strong><\/p>\n<p><span class=\"datosFull\"><strong>Year - 2019<\/strong><\/span><i class=\"fas fa-gas-pump\"><\/i><\/p>\n<p><strong>AUTOMATIC<\/strong><\/p>\n<p><strong>DIESEL\u00a0<\/strong><\/p>\n<p><strong>KM: 78,800<\/strong><\/p>\n<p><span class=\"datosFull\"><strong>Owners:1<\/strong><\/span><i class=\"fas fa-car-side\"><\/i><\/p>\n<p><strong><span class=\"datosFull\">Body: SUV<\/span><i class=\"fas fa-cogs\"><\/i><\/strong><\/p>\n<p><strong><span class=\"datosFull\">Power: 190hp\u00a0<\/span><i class=\"fas fa-users\"><\/i><\/strong><\/p>\n<p><strong><span class=\"datosFull\">Seats:5<\/span><\/strong><\/p>","protected":false},"excerpt":{"rendered":"<p><strong>VOLVO XC60 2.0 D4 AWD Inscription Auto<\/strong><\/p>\n<p>-Vehicle in fantastic condition<br \/>\n-We find you the best financing on the market.<br \/>\n-All maintenance is up to date and before delivery we carry out an extra maintenance at an official service centre to deliver it to you in the best conditions. You deserve it!<br \/>\n-We accept any mechanical test, expertise or need car help etc.<br \/>\n-We help you with financing if needed *Price of financing subject to conditions, ask for information if you are interested*.<\/p>\n<p>We study the possibility of collecting your vehicle as part payment.<\/p>\n<p>Welcome to Online Autos!<br \/>\nWe work with a different sales concept. Where our selection becomes your experience.<\/p>\n<p>This Volvo XC60 D4 AWD Inscription combines elegance and practicality with permanent all-wheel drive, ideal for those seeking safety on any terrain. The 190 hp diesel engine offers a balance of power and efficiency, with a combined fuel consumption of 5.6 l\/100km.<\/p>\n<p>The Inscription trim brings a higher level of refinement with electric seats with driver's memory and a comprehensive multimedia system with navigation and 9\u2033 touchscreen. Four-C air suspension significantly improves ride comfort, adapting to different conditions.<\/p>\n<p>This vehicle features advanced safety equipment and is C-rated, allowing access to low-emission zones in most cities. The Harman\/Kardon sound system enhances the on-board experience, while the parking camera makes manoeuvring in tight spaces easier.<\/p>","protected":false},"featured_media":4398,"template":"","meta":{"site-sidebar-layout":"default","site-content-layout":"","ast-site-content-layout":"default","site-content-style":"default","site-sidebar-style":"default","ast-global-header-display":"","ast-banner-title-visibility":"","ast-main-header-display":"","ast-hfb-above-header-display":"","ast-hfb-below-header-display":"","ast-hfb-mobile-header-display":"","site-post-title":"","ast-breadcrumbs-content":"","ast-featured-img":"","footer-sml-layout":"","theme-transparent-header-meta":"default","adv-header-id-meta":"","stick-header-meta":"","header-above-stick-meta":"","header-main-stick-meta":"","header-below-stick-meta":"","astra-migrate-meta-layouts":"set","ast-page-background-enabled":"default","ast-page-background-meta":{"desktop":{"background-color":"var(--ast-global-color-4)","background-image":"","background-repeat":"repeat","background-position":"center center","background-size":"auto","background-attachment":"scroll","background-type":"","background-media":"","overlay-type":"","overlay-color":"","overlay-opacity":"","overlay-gradient":""},"tablet":{"background-color":"","background-image":"","background-repeat":"repeat","background-position":"center center","background-size":"auto","background-attachment":"scroll","background-type":"","background-media":"","overlay-type":"","overlay-color":"","overlay-opacity":"","overlay-gradient":""},"mobile":{"background-color":"","background-image":"","background-repeat":"repeat","background-position":"center center","background-size":"auto","background-attachment":"scroll","background-type":"","background-media":"","overlay-type":"","overlay-color":"","overlay-opacity":"","overlay-gradient":""}},"ast-content-background-meta":{"desktop":{"background-color":"var(--ast-global-color-5)","background-image":"","background-repeat":"repeat","background-position":"center center","background-size":"auto","background-attachment":"scroll","background-type":"","background-media":"","overlay-type":"","overlay-color":"","overlay-opacity":"","overlay-gradient":""},"tablet":{"background-color":"var(--ast-global-color-5)","background-image":"","background-repeat":"repeat","background-position":"center center","background-size":"auto","background-attachment":"scroll","background-type":"","background-media":"","overlay-type":"","overlay-color":"","overlay-opacity":"","overlay-gradient":""},"mobile":{"background-color":"var(--ast-global-color-5)","background-image":"","background-repeat":"repeat","background-position":"center center","background-size":"auto","background-attachment":"scroll","background-type":"","background-media":"","overlay-type":"","overlay-color":"","overlay-opacity":"","overlay-gradient":""}}},"product_brand":[],"product_cat":[26],"product_tag":[],"class_list":{"0":"post-4492","1":"product","2":"type-product","3":"status-publish","4":"has-post-thumbnail","6":"product_cat-online-autos","7":"desktop-align-left","8":"tablet-align-left","9":"mobile-align-left","11":"first","12":"instock","13":"shipping-taxable","14":"purchasable","15":"product-type-simple"},"yoast_head":"<!-- This site is optimized with the Yoast SEO plugin v26.8 - https:\/\/yoast.com\/product\/yoast-seo-wordpress\/ -->\n<title>2019 VOLVO XC60 2.0 D4 AWD Inscription Auto - Online Autos<\/title>\n<meta name=\"robots\" content=\"index, follow, max-snippet:-1, max-image-preview:large, max-video-preview:-1\" \/>\n<link rel=\"canonical\" href=\"https:\/\/onlineautos.es\/en\/product\/2019-volvo-xc60-2-0-d4-awd-inscription-auto\/\" \/>\n<meta property=\"og:locale\" content=\"en_GB\" \/>\n<meta property=\"og:type\" content=\"article\" \/>\n<meta property=\"og:title\" content=\"2019 VOLVO XC60 2.0 D4 AWD Inscription Auto - Online Autos\" \/>\n<meta property=\"og:description\" content=\"VOLVO XC60 2.0 D4 AWD Inscription Auto  -Veh\u00edculo en fant\u00e1sticas condiciones -Te buscamos la mejor financiaci\u00f3n del mercado. -Todos los mantenimientos al d\u00eda y antes de entregar realizamos un mantenimiento extra en casa oficial para entreg\u00e1rtelo en las mejores condiciones. Te lo mereces! -Aceptamos cualquier prueba mec\u00e1nica, peritaje o need car help etc. -Te ayudamos con la financiaci\u00f3n en caso de necesitarla.*Precio de financiaci\u00f3n sujeto a condiciones, solicita informaci\u00f3n en caso de estar interesado*  Estudiamos la posibilidad de recoger su veh\u00edculo como parte de pago.  Bienvenido a Online Autos! Trabajamos un concepto de venta diferente. Donde nuestra selecci\u00f3n se convierte en tu experiencia.  Este Volvo XC60 D4 AWD Inscription combina elegancia y funcionalidad con su tracci\u00f3n integral permanente, ideal para quienes buscan seguridad en cualquier terreno. La motorizaci\u00f3n di\u00e9sel de 190 CV ofrece un equilibrio entre potencia y eficiencia, con un consumo mixto de 5,6 l\/100km.  El acabado Inscription aporta un nivel superior de refinamiento con asientos el\u00e9ctricos con memoria para el conductor y un completo sistema multimedia con navegador y pantalla t\u00e1ctil de 9&quot;. La suspensi\u00f3n neum\u00e1tica Four-C mejora notablemente el confort de marcha, adapt\u00e1ndose a diferentes condiciones.  Este veh\u00edculo destaca por su equipamiento de seguridad avanzado y cuenta con etiqueta medioambiental C, permitiendo el acceso a zonas de bajas emisiones en la mayor\u00eda de ciudades. El sistema de sonido Harman\/Kardon elevan la experiencia a bordo, mientras que la c\u00e1mara de aparcamiento facilita las maniobras en espacios reducidos.\" \/>\n<meta property=\"og:url\" content=\"https:\/\/onlineautos.es\/en\/product\/2019-volvo-xc60-2-0-d4-awd-inscription-auto\/\" \/>\n<meta property=\"og:site_name\" content=\"Online Autos\" \/>\n<meta property=\"article:modified_time\" content=\"2026-01-21T10:47:43+00:00\" \/>\n<meta property=\"og:image\" content=\"https:\/\/onlineautos.es\/wp-content\/uploads\/2026\/01\/VOLVO-XC60-azul_21-scaled.jpg\" \/>\n\t<meta property=\"og:image:width\" content=\"1707\" \/>\n\t<meta property=\"og:image:height\" content=\"2560\" \/>\n\t<meta property=\"og:image:type\" content=\"image\/jpeg\" \/>\n<meta name=\"twitter:card\" content=\"summary_large_image\" \/>\n<meta name=\"twitter:label1\" content=\"Estimated reading time\" \/>\n\t<meta name=\"twitter:data1\" content=\"1 minute\" \/>\n<script type=\"application\/ld+json\" class=\"yoast-schema-graph\">{\"@context\":\"https:\/\/schema.org\",\"@graph\":[{\"@type\":\"WebPage\",\"@id\":\"https:\/\/onlineautos.es\/producto\/2019-volvo-xc60-2-0-d4-awd-inscription-auto\/\",\"url\":\"https:\/\/onlineautos.es\/producto\/2019-volvo-xc60-2-0-d4-awd-inscription-auto\/\",\"name\":\"2019 VOLVO XC60 2.0 D4 AWD Inscription Auto - Online Autos\",\"isPartOf\":{\"@id\":\"https:\/\/onlineautos.es\/#website\"},\"primaryImageOfPage\":{\"@id\":\"https:\/\/onlineautos.es\/producto\/2019-volvo-xc60-2-0-d4-awd-inscription-auto\/#primaryimage\"},\"image\":{\"@id\":\"https:\/\/onlineautos.es\/producto\/2019-volvo-xc60-2-0-d4-awd-inscription-auto\/#primaryimage\"},\"thumbnailUrl\":\"https:\/\/onlineautos.es\/wp-content\/uploads\/2026\/01\/VOLVO-XC60-azul_21-scaled.jpg\",\"datePublished\":\"2026-01-21T10:41:41+00:00\",\"dateModified\":\"2026-01-21T10:47:43+00:00\",\"breadcrumb\":{\"@id\":\"https:\/\/onlineautos.es\/producto\/2019-volvo-xc60-2-0-d4-awd-inscription-auto\/#breadcrumb\"},\"inLanguage\":\"en-GB\",\"potentialAction\":[{\"@type\":\"ReadAction\",\"target\":[\"https:\/\/onlineautos.es\/producto\/2019-volvo-xc60-2-0-d4-awd-inscription-auto\/\"]}]},{\"@type\":\"ImageObject\",\"inLanguage\":\"en-GB\",\"@id\":\"https:\/\/onlineautos.es\/producto\/2019-volvo-xc60-2-0-d4-awd-inscription-auto\/#primaryimage\",\"url\":\"https:\/\/onlineautos.es\/wp-content\/uploads\/2026\/01\/VOLVO-XC60-azul_21-scaled.jpg\",\"contentUrl\":\"https:\/\/onlineautos.es\/wp-content\/uploads\/2026\/01\/VOLVO-XC60-azul_21-scaled.jpg\",\"width\":1707,\"height\":2560},{\"@type\":\"BreadcrumbList\",\"@id\":\"https:\/\/onlineautos.es\/producto\/2019-volvo-xc60-2-0-d4-awd-inscription-auto\/#breadcrumb\",\"itemListElement\":[{\"@type\":\"ListItem\",\"position\":1,\"name\":\"Portada\",\"item\":\"https:\/\/onlineautos.es\/\"},{\"@type\":\"ListItem\",\"position\":2,\"name\":\"Productos\",\"item\":\"https:\/\/onlineautos.es\/tienda\/\"},{\"@type\":\"ListItem\",\"position\":3,\"name\":\"2019 VOLVO XC60 2.0 D4 AWD Inscription Auto\"}]},{\"@type\":\"WebSite\",\"@id\":\"https:\/\/onlineautos.es\/#website\",\"url\":\"https:\/\/onlineautos.es\/\",\"name\":\"Online Autos\",\"description\":\"No vendemos veh\u00edculos usado, vendemos veh\u00edculos con experiencia.\",\"publisher\":{\"@id\":\"https:\/\/onlineautos.es\/#organization\"},\"potentialAction\":[{\"@type\":\"SearchAction\",\"target\":{\"@type\":\"EntryPoint\",\"urlTemplate\":\"https:\/\/onlineautos.es\/?s={search_term_string}\"},\"query-input\":{\"@type\":\"PropertyValueSpecification\",\"valueRequired\":true,\"valueName\":\"search_term_string\"}}],\"inLanguage\":\"en-GB\"},{\"@type\":\"Organization\",\"@id\":\"https:\/\/onlineautos.es\/#organization\",\"name\":\"Online Autos\",\"url\":\"https:\/\/onlineautos.es\/\",\"logo\":{\"@type\":\"ImageObject\",\"inLanguage\":\"en-GB\",\"@id\":\"https:\/\/onlineautos.es\/#\/schema\/logo\/image\/\",\"url\":\"\",\"contentUrl\":\"\",\"caption\":\"Online Autos\"},\"image\":{\"@id\":\"https:\/\/onlineautos.es\/#\/schema\/logo\/image\/\"}}]}<\/script>\n<!-- \/ Yoast SEO plugin. -->","yoast_head_json":{"title":"2019 VOLVO XC60 2.0 D4 AWD Inscription Auto - Online Autos","robots":{"index":"index","follow":"follow","max-snippet":"max-snippet:-1","max-image-preview":"max-image-preview:large","max-video-preview":"max-video-preview:-1"},"canonical":"https:\/\/onlineautos.es\/en\/product\/2019-volvo-xc60-2-0-d4-awd-inscription-auto\/","og_locale":"en_GB","og_type":"article","og_title":"2019 VOLVO XC60 2.0 D4 AWD Inscription Auto - Online Autos","og_description":"VOLVO XC60 2.0 D4 AWD Inscription Auto  -Veh\u00edculo en fant\u00e1sticas condiciones -Te buscamos la mejor financiaci\u00f3n del mercado. -Todos los mantenimientos al d\u00eda y antes de entregar realizamos un mantenimiento extra en casa oficial para entreg\u00e1rtelo en las mejores condiciones. Te lo mereces! -Aceptamos cualquier prueba mec\u00e1nica, peritaje o need car help etc. -Te ayudamos con la financiaci\u00f3n en caso de necesitarla.*Precio de financiaci\u00f3n sujeto a condiciones, solicita informaci\u00f3n en caso de estar interesado*  Estudiamos la posibilidad de recoger su veh\u00edculo como parte de pago.  Bienvenido a Online Autos! Trabajamos un concepto de venta diferente. Donde nuestra selecci\u00f3n se convierte en tu experiencia.  Este Volvo XC60 D4 AWD Inscription combina elegancia y funcionalidad con su tracci\u00f3n integral permanente, ideal para quienes buscan seguridad en cualquier terreno. La motorizaci\u00f3n di\u00e9sel de 190 CV ofrece un equilibrio entre potencia y eficiencia, con un consumo mixto de 5,6 l\/100km.  El acabado Inscription aporta un nivel superior de refinamiento con asientos el\u00e9ctricos con memoria para el conductor y un completo sistema multimedia con navegador y pantalla t\u00e1ctil de 9\". La suspensi\u00f3n neum\u00e1tica Four-C mejora notablemente el confort de marcha, adapt\u00e1ndose a diferentes condiciones.  Este veh\u00edculo destaca por su equipamiento de seguridad avanzado y cuenta con etiqueta medioambiental C, permitiendo el acceso a zonas de bajas emisiones en la mayor\u00eda de ciudades. El sistema de sonido Harman\/Kardon elevan la experiencia a bordo, mientras que la c\u00e1mara de aparcamiento facilita las maniobras en espacios reducidos.","og_url":"https:\/\/onlineautos.es\/en\/product\/2019-volvo-xc60-2-0-d4-awd-inscription-auto\/","og_site_name":"Online Autos","article_modified_time":"2026-01-21T10:47:43+00:00","og_image":[{"width":1707,"height":2560,"url":"https:\/\/onlineautos.es\/wp-content\/uploads\/2026\/01\/VOLVO-XC60-azul_21-scaled.jpg","type":"image\/jpeg"}],"twitter_card":"summary_large_image","twitter_misc":{"Estimated reading time":"1 minute"},"schema":{"@context":"https:\/\/schema.org","@graph":[{"@type":"WebPage","@id":"https:\/\/onlineautos.es\/producto\/2019-volvo-xc60-2-0-d4-awd-inscription-auto\/","url":"https:\/\/onlineautos.es\/producto\/2019-volvo-xc60-2-0-d4-awd-inscription-auto\/","name":"2019 VOLVO XC60 2.0 D4 AWD Inscription Auto - Online Autos","isPartOf":{"@id":"https:\/\/onlineautos.es\/#website"},"primaryImageOfPage":{"@id":"https:\/\/onlineautos.es\/producto\/2019-volvo-xc60-2-0-d4-awd-inscription-auto\/#primaryimage"},"image":{"@id":"https:\/\/onlineautos.es\/producto\/2019-volvo-xc60-2-0-d4-awd-inscription-auto\/#primaryimage"},"thumbnailUrl":"https:\/\/onlineautos.es\/wp-content\/uploads\/2026\/01\/VOLVO-XC60-azul_21-scaled.jpg","datePublished":"2026-01-21T10:41:41+00:00","dateModified":"2026-01-21T10:47:43+00:00","breadcrumb":{"@id":"https:\/\/onlineautos.es\/producto\/2019-volvo-xc60-2-0-d4-awd-inscription-auto\/#breadcrumb"},"inLanguage":"en-GB","potentialAction":[{"@type":"ReadAction","target":["https:\/\/onlineautos.es\/producto\/2019-volvo-xc60-2-0-d4-awd-inscription-auto\/"]}]},{"@type":"ImageObject","inLanguage":"en-GB","@id":"https:\/\/onlineautos.es\/producto\/2019-volvo-xc60-2-0-d4-awd-inscription-auto\/#primaryimage","url":"https:\/\/onlineautos.es\/wp-content\/uploads\/2026\/01\/VOLVO-XC60-azul_21-scaled.jpg","contentUrl":"https:\/\/onlineautos.es\/wp-content\/uploads\/2026\/01\/VOLVO-XC60-azul_21-scaled.jpg","width":1707,"height":2560},{"@type":"BreadcrumbList","@id":"https:\/\/onlineautos.es\/producto\/2019-volvo-xc60-2-0-d4-awd-inscription-auto\/#breadcrumb","itemListElement":[{"@type":"ListItem","position":1,"name":"Portada","item":"https:\/\/onlineautos.es\/"},{"@type":"ListItem","position":2,"name":"Productos","item":"https:\/\/onlineautos.es\/tienda\/"},{"@type":"ListItem","position":3,"name":"2019 VOLVO XC60 2.0 D4 AWD Inscription Auto"}]},{"@type":"WebSite","@id":"https:\/\/onlineautos.es\/#website","url":"https:\/\/onlineautos.es\/","name":"Online Cars","description":"We do not sell used vehicles, we sell experienced vehicles.","publisher":{"@id":"https:\/\/onlineautos.es\/#organization"},"potentialAction":[{"@type":"SearchAction","target":{"@type":"EntryPoint","urlTemplate":"https:\/\/onlineautos.es\/?s={search_term_string}"},"query-input":{"@type":"PropertyValueSpecification","valueRequired":true,"valueName":"search_term_string"}}],"inLanguage":"en-GB"},{"@type":"Organization","@id":"https:\/\/onlineautos.es\/#organization","name":"Online Cars","url":"https:\/\/onlineautos.es\/","logo":{"@type":"ImageObject","inLanguage":"en-GB","@id":"https:\/\/onlineautos.es\/#\/schema\/logo\/image\/","url":"","contentUrl":"","caption":"Online Autos"},"image":{"@id":"https:\/\/onlineautos.es\/#\/schema\/logo\/image\/"}}]}},"_links":{"self":[{"href":"https:\/\/onlineautos.es\/en\/wp-json\/wp\/v2\/product\/4492","targetHints":{"allow":["GET"]}}],"collection":[{"href":"https:\/\/onlineautos.es\/en\/wp-json\/wp\/v2\/product"}],"about":[{"href":"https:\/\/onlineautos.es\/en\/wp-json\/wp\/v2\/types\/product"}],"wp:featuredmedia":[{"embeddable":true,"href":"https:\/\/onlineautos.es\/en\/wp-json\/wp\/v2\/media\/4398"}],"wp:attachment":[{"href":"https:\/\/onlineautos.es\/en\/wp-json\/wp\/v2\/media?parent=4492"}],"wp:term":[{"taxonomy":"product_brand","embeddable":true,"href":"https:\/\/onlineautos.es\/en\/wp-json\/wp\/v2\/product_brand?post=4492"},{"taxonomy":"product_cat","embeddable":true,"href":"https:\/\/onlineautos.es\/en\/wp-json\/wp\/v2\/product_cat?post=4492"},{"taxonomy":"product_tag","embeddable":true,"href":"https:\/\/onlineautos.es\/en\/wp-json\/wp\/v2\/product_tag?post=4492"}],"curies":[{"name":"wp","href":"https:\/\/api.w.org\/{rel}","templated":true}]}}