{"id":4482,"date":"2026-01-21T11:19:20","date_gmt":"2026-01-21T10:19:20","guid":{"rendered":"https:\/\/onlineautos.es\/?post_type=product&#038;p=4482"},"modified":"2026-01-21T11:19:48","modified_gmt":"2026-01-21T10:19:48","slug":"volvo-xc40-2-0-d3-inscription-auto","status":"publish","type":"product","link":"https:\/\/onlineautos.es\/en\/product\/volvo-xc40-2-0-d3-inscription-auto\/","title":{"rendered":"2021 VOLVO XC40 2.0 D3 Inscription Auto"},"content":{"rendered":"<h5 class=\"mt-CardAd-infoHeaderTitle\" data-testid=\"card-ad-title\">VOLVO XC40 2.0 D3 Inscription Auto<\/h5>\n<p><span class=\"datosFull\"><strong>Year - 2021<\/strong><\/span><i class=\"fas fa-gas-pump\"><\/i><\/p>\n<p><strong>AUTOMATIC<\/strong><\/p>\n<p><strong>DIESEL<\/strong><\/p>\n<p><strong>KM:67000<\/strong><\/p>\n<p><span class=\"datosFull\"><strong>Owners:1<\/strong><\/span><i class=\"fas fa-car-side\"><\/i><\/p>\n<p><strong><span class=\"datosFull\">Body: SUV<\/span><i class=\"fas fa-cogs\"><\/i><\/strong><\/p>\n<p><strong><span class=\"datosFull\">Power: 150 hp\u00a0<\/span><i class=\"fas fa-users\"><\/i><\/strong><\/p>\n<p><strong><span class=\"datosFull\">Seats:5<\/span><\/strong><\/p>","protected":false},"excerpt":{"rendered":"<p>VOLVO XC40 2.0 D3 Inscription Auto<\/p>\n<p>-Vehicle in fantastic condition<br \/>\n-We find you the best financing on the market.<br \/>\n-All maintenance is up to date and before delivery we carry out an extra maintenance at an official service centre to deliver it to you in the best conditions. You deserve it!<br \/>\n-We accept any mechanical test, expertise or need car help etc.<br \/>\n-We help you with financing if needed *Price of financing subject to conditions, ask for information if you are interested*.<\/p>\n<p>We study the possibility of collecting your vehicle as part payment.<\/p>\n<p>Welcome to Online Autos!<br \/>\nWe work with a different sales concept. Where our selection becomes your experience.<\/p>\n<p>&nbsp;<\/p>\n<p>This Volvo XC40 D3 Inscription automatic features a refined Inscription trim that elevates the driving experience with premium appointments. Powered by an efficient 150 PS diesel engine, this SUV combines dynamic performance with fuel economy, ideal for those seeking versatility without compromising on comfort.<\/p>\n<p>Interior roominess is one of its strong points, with electrically adjustable front seats and a luggage compartment that can be extended to 1,308 litres. This XC40 features advanced technology such as a navigation system with 9\u2033 screen, cruise control and parking sensors.<\/p>\n<p>Optional equipment includes distinctive features such as a panoramic sunroof, Harman Kardon audio system and the safety-enhancing Intellisafe Pro Pack. C-rated, it allows access to most regulated urban areas, combining urban functionality with longer-distance capabilities.<\/p>","protected":false},"featured_media":4206,"template":"","meta":{"site-sidebar-layout":"default","site-content-layout":"","ast-site-content-layout":"default","site-content-style":"default","site-sidebar-style":"default","ast-global-header-display":"","ast-banner-title-visibility":"","ast-main-header-display":"","ast-hfb-above-header-display":"","ast-hfb-below-header-display":"","ast-hfb-mobile-header-display":"","site-post-title":"","ast-breadcrumbs-content":"","ast-featured-img":"","footer-sml-layout":"","theme-transparent-header-meta":"default","adv-header-id-meta":"","stick-header-meta":"","header-above-stick-meta":"","header-main-stick-meta":"","header-below-stick-meta":"","astra-migrate-meta-layouts":"set","ast-page-background-enabled":"default","ast-page-background-meta":{"desktop":{"background-color":"var(--ast-global-color-4)","background-image":"","background-repeat":"repeat","background-position":"center center","background-size":"auto","background-attachment":"scroll","background-type":"","background-media":"","overlay-type":"","overlay-color":"","overlay-opacity":"","overlay-gradient":""},"tablet":{"background-color":"","background-image":"","background-repeat":"repeat","background-position":"center center","background-size":"auto","background-attachment":"scroll","background-type":"","background-media":"","overlay-type":"","overlay-color":"","overlay-opacity":"","overlay-gradient":""},"mobile":{"background-color":"","background-image":"","background-repeat":"repeat","background-position":"center center","background-size":"auto","background-attachment":"scroll","background-type":"","background-media":"","overlay-type":"","overlay-color":"","overlay-opacity":"","overlay-gradient":""}},"ast-content-background-meta":{"desktop":{"background-color":"var(--ast-global-color-5)","background-image":"","background-repeat":"repeat","background-position":"center center","background-size":"auto","background-attachment":"scroll","background-type":"","background-media":"","overlay-type":"","overlay-color":"","overlay-opacity":"","overlay-gradient":""},"tablet":{"background-color":"var(--ast-global-color-5)","background-image":"","background-repeat":"repeat","background-position":"center center","background-size":"auto","background-attachment":"scroll","background-type":"","background-media":"","overlay-type":"","overlay-color":"","overlay-opacity":"","overlay-gradient":""},"mobile":{"background-color":"var(--ast-global-color-5)","background-image":"","background-repeat":"repeat","background-position":"center center","background-size":"auto","background-attachment":"scroll","background-type":"","background-media":"","overlay-type":"","overlay-color":"","overlay-opacity":"","overlay-gradient":""}}},"product_brand":[],"product_cat":[26],"product_tag":[],"class_list":{"0":"post-4482","1":"product","2":"type-product","3":"status-publish","4":"has-post-thumbnail","6":"product_cat-online-autos","7":"desktop-align-left","8":"tablet-align-left","9":"mobile-align-left","11":"first","12":"instock","13":"shipping-taxable","14":"purchasable","15":"product-type-simple"},"yoast_head":"<!-- This site is optimized with the Yoast SEO plugin v26.8 - https:\/\/yoast.com\/product\/yoast-seo-wordpress\/ -->\n<title>2021 VOLVO XC40 2.0 D3 Inscription Auto - Online Autos<\/title>\n<meta name=\"robots\" content=\"index, follow, max-snippet:-1, max-image-preview:large, max-video-preview:-1\" \/>\n<link rel=\"canonical\" href=\"https:\/\/onlineautos.es\/en\/product\/volvo-xc40-2-0-d3-inscription-auto\/\" \/>\n<meta property=\"og:locale\" content=\"en_GB\" \/>\n<meta property=\"og:type\" content=\"article\" \/>\n<meta property=\"og:title\" content=\"2021 VOLVO XC40 2.0 D3 Inscription Auto - Online Autos\" \/>\n<meta property=\"og:description\" content=\"VOLVO XC40 2.0 D3 Inscription Auto  -Veh\u00edculo en fant\u00e1sticas condiciones -Te buscamos la mejor financiaci\u00f3n del mercado. -Todos los mantenimientos al d\u00eda y antes de entregar realizamos un mantenimiento extra en casa oficial para entreg\u00e1rtelo en las mejores condiciones. Te lo mereces! -Aceptamos cualquier prueba mec\u00e1nica, peritaje o need car help etc. -Te ayudamos con la financiaci\u00f3n en caso de necesitarla.*Precio de financiaci\u00f3n sujeto a condiciones, solicita informaci\u00f3n en caso de estar interesado*  Estudiamos la posibilidad de recoger su veh\u00edculo como parte de pago.  Bienvenido a Online Autos! Trabajamos un concepto de venta diferente. Donde nuestra selecci\u00f3n se convierte en tu experiencia.  &nbsp;  Este Volvo XC40 D3 Inscription autom\u00e1tico destaca por su refinado acabado Inscription, que eleva la experiencia de conducci\u00f3n con detalles premium. Equipado con un eficiente motor di\u00e9sel de 150 CV, este SUV combina prestaciones din\u00e1micas con un consumo contenido, ideal para quienes buscan versatilidad sin renunciar al confort.  La habitabilidad interior es uno de sus puntos fuertes, con asientos delanteros de regulaci\u00f3n el\u00e9ctrica y un maletero ampliable hasta 1.308 litros. Este XC40 incorpora tecnolog\u00eda avanzada como el sistema de navegaci\u00f3n con pantalla de 9&quot;, control de crucero y sensores de aparcamiento.  El equipamiento opcional incluye elementos distintivos como el techo solar panor\u00e1mico, sistema de audio Harman Kardon y el Pack Intellisafe Pro que refuerza la seguridad. Con etiqueta C, permite acceder a la mayor\u00eda de zonas urbanas reguladas, combinando funcionalidad urbana con capacidades para trayectos m\u00e1s largos.\" \/>\n<meta property=\"og:url\" content=\"https:\/\/onlineautos.es\/en\/product\/volvo-xc40-2-0-d3-inscription-auto\/\" \/>\n<meta property=\"og:site_name\" content=\"Online Autos\" \/>\n<meta property=\"article:modified_time\" content=\"2026-01-21T10:19:48+00:00\" \/>\n<meta property=\"og:image\" content=\"https:\/\/onlineautos.es\/wp-content\/uploads\/2026\/01\/VOLVOXC40_12-scaled.jpg\" \/>\n\t<meta property=\"og:image:width\" content=\"1707\" \/>\n\t<meta property=\"og:image:height\" content=\"2560\" \/>\n\t<meta property=\"og:image:type\" content=\"image\/jpeg\" \/>\n<meta name=\"twitter:card\" content=\"summary_large_image\" \/>\n<meta name=\"twitter:label1\" content=\"Estimated reading time\" \/>\n\t<meta name=\"twitter:data1\" content=\"1 minute\" \/>\n<script type=\"application\/ld+json\" class=\"yoast-schema-graph\">{\"@context\":\"https:\/\/schema.org\",\"@graph\":[{\"@type\":\"WebPage\",\"@id\":\"https:\/\/onlineautos.es\/producto\/volvo-xc40-2-0-d3-inscription-auto\/\",\"url\":\"https:\/\/onlineautos.es\/producto\/volvo-xc40-2-0-d3-inscription-auto\/\",\"name\":\"2021 VOLVO XC40 2.0 D3 Inscription Auto - Online Autos\",\"isPartOf\":{\"@id\":\"https:\/\/onlineautos.es\/#website\"},\"primaryImageOfPage\":{\"@id\":\"https:\/\/onlineautos.es\/producto\/volvo-xc40-2-0-d3-inscription-auto\/#primaryimage\"},\"image\":{\"@id\":\"https:\/\/onlineautos.es\/producto\/volvo-xc40-2-0-d3-inscription-auto\/#primaryimage\"},\"thumbnailUrl\":\"https:\/\/onlineautos.es\/wp-content\/uploads\/2026\/01\/VOLVOXC40_12-scaled.jpg\",\"datePublished\":\"2026-01-21T10:19:20+00:00\",\"dateModified\":\"2026-01-21T10:19:48+00:00\",\"breadcrumb\":{\"@id\":\"https:\/\/onlineautos.es\/producto\/volvo-xc40-2-0-d3-inscription-auto\/#breadcrumb\"},\"inLanguage\":\"en-GB\",\"potentialAction\":[{\"@type\":\"ReadAction\",\"target\":[\"https:\/\/onlineautos.es\/producto\/volvo-xc40-2-0-d3-inscription-auto\/\"]}]},{\"@type\":\"ImageObject\",\"inLanguage\":\"en-GB\",\"@id\":\"https:\/\/onlineautos.es\/producto\/volvo-xc40-2-0-d3-inscription-auto\/#primaryimage\",\"url\":\"https:\/\/onlineautos.es\/wp-content\/uploads\/2026\/01\/VOLVOXC40_12-scaled.jpg\",\"contentUrl\":\"https:\/\/onlineautos.es\/wp-content\/uploads\/2026\/01\/VOLVOXC40_12-scaled.jpg\",\"width\":1707,\"height\":2560},{\"@type\":\"BreadcrumbList\",\"@id\":\"https:\/\/onlineautos.es\/producto\/volvo-xc40-2-0-d3-inscription-auto\/#breadcrumb\",\"itemListElement\":[{\"@type\":\"ListItem\",\"position\":1,\"name\":\"Portada\",\"item\":\"https:\/\/onlineautos.es\/\"},{\"@type\":\"ListItem\",\"position\":2,\"name\":\"Productos\",\"item\":\"https:\/\/onlineautos.es\/tienda\/\"},{\"@type\":\"ListItem\",\"position\":3,\"name\":\"2021 VOLVO XC40 2.0 D3 Inscription Auto\"}]},{\"@type\":\"WebSite\",\"@id\":\"https:\/\/onlineautos.es\/#website\",\"url\":\"https:\/\/onlineautos.es\/\",\"name\":\"Online Autos\",\"description\":\"No vendemos veh\u00edculos usado, vendemos veh\u00edculos con experiencia.\",\"publisher\":{\"@id\":\"https:\/\/onlineautos.es\/#organization\"},\"potentialAction\":[{\"@type\":\"SearchAction\",\"target\":{\"@type\":\"EntryPoint\",\"urlTemplate\":\"https:\/\/onlineautos.es\/?s={search_term_string}\"},\"query-input\":{\"@type\":\"PropertyValueSpecification\",\"valueRequired\":true,\"valueName\":\"search_term_string\"}}],\"inLanguage\":\"en-GB\"},{\"@type\":\"Organization\",\"@id\":\"https:\/\/onlineautos.es\/#organization\",\"name\":\"Online Autos\",\"url\":\"https:\/\/onlineautos.es\/\",\"logo\":{\"@type\":\"ImageObject\",\"inLanguage\":\"en-GB\",\"@id\":\"https:\/\/onlineautos.es\/#\/schema\/logo\/image\/\",\"url\":\"\",\"contentUrl\":\"\",\"caption\":\"Online Autos\"},\"image\":{\"@id\":\"https:\/\/onlineautos.es\/#\/schema\/logo\/image\/\"}}]}<\/script>\n<!-- \/ Yoast SEO plugin. -->","yoast_head_json":{"title":"2021 VOLVO XC40 2.0 D3 Inscription Auto - Online Autos","robots":{"index":"index","follow":"follow","max-snippet":"max-snippet:-1","max-image-preview":"max-image-preview:large","max-video-preview":"max-video-preview:-1"},"canonical":"https:\/\/onlineautos.es\/en\/product\/volvo-xc40-2-0-d3-inscription-auto\/","og_locale":"en_GB","og_type":"article","og_title":"2021 VOLVO XC40 2.0 D3 Inscription Auto - Online Autos","og_description":"VOLVO XC40 2.0 D3 Inscription Auto  -Veh\u00edculo en fant\u00e1sticas condiciones -Te buscamos la mejor financiaci\u00f3n del mercado. -Todos los mantenimientos al d\u00eda y antes de entregar realizamos un mantenimiento extra en casa oficial para entreg\u00e1rtelo en las mejores condiciones. Te lo mereces! -Aceptamos cualquier prueba mec\u00e1nica, peritaje o need car help etc. -Te ayudamos con la financiaci\u00f3n en caso de necesitarla.*Precio de financiaci\u00f3n sujeto a condiciones, solicita informaci\u00f3n en caso de estar interesado*  Estudiamos la posibilidad de recoger su veh\u00edculo como parte de pago.  Bienvenido a Online Autos! Trabajamos un concepto de venta diferente. Donde nuestra selecci\u00f3n se convierte en tu experiencia.  &nbsp;  Este Volvo XC40 D3 Inscription autom\u00e1tico destaca por su refinado acabado Inscription, que eleva la experiencia de conducci\u00f3n con detalles premium. Equipado con un eficiente motor di\u00e9sel de 150 CV, este SUV combina prestaciones din\u00e1micas con un consumo contenido, ideal para quienes buscan versatilidad sin renunciar al confort.  La habitabilidad interior es uno de sus puntos fuertes, con asientos delanteros de regulaci\u00f3n el\u00e9ctrica y un maletero ampliable hasta 1.308 litros. Este XC40 incorpora tecnolog\u00eda avanzada como el sistema de navegaci\u00f3n con pantalla de 9\", control de crucero y sensores de aparcamiento.  El equipamiento opcional incluye elementos distintivos como el techo solar panor\u00e1mico, sistema de audio Harman Kardon y el Pack Intellisafe Pro que refuerza la seguridad. Con etiqueta C, permite acceder a la mayor\u00eda de zonas urbanas reguladas, combinando funcionalidad urbana con capacidades para trayectos m\u00e1s largos.","og_url":"https:\/\/onlineautos.es\/en\/product\/volvo-xc40-2-0-d3-inscription-auto\/","og_site_name":"Online Autos","article_modified_time":"2026-01-21T10:19:48+00:00","og_image":[{"width":1707,"height":2560,"url":"https:\/\/onlineautos.es\/wp-content\/uploads\/2026\/01\/VOLVOXC40_12-scaled.jpg","type":"image\/jpeg"}],"twitter_card":"summary_large_image","twitter_misc":{"Estimated reading time":"1 minute"},"schema":{"@context":"https:\/\/schema.org","@graph":[{"@type":"WebPage","@id":"https:\/\/onlineautos.es\/producto\/volvo-xc40-2-0-d3-inscription-auto\/","url":"https:\/\/onlineautos.es\/producto\/volvo-xc40-2-0-d3-inscription-auto\/","name":"2021 VOLVO XC40 2.0 D3 Inscription Auto - Online Autos","isPartOf":{"@id":"https:\/\/onlineautos.es\/#website"},"primaryImageOfPage":{"@id":"https:\/\/onlineautos.es\/producto\/volvo-xc40-2-0-d3-inscription-auto\/#primaryimage"},"image":{"@id":"https:\/\/onlineautos.es\/producto\/volvo-xc40-2-0-d3-inscription-auto\/#primaryimage"},"thumbnailUrl":"https:\/\/onlineautos.es\/wp-content\/uploads\/2026\/01\/VOLVOXC40_12-scaled.jpg","datePublished":"2026-01-21T10:19:20+00:00","dateModified":"2026-01-21T10:19:48+00:00","breadcrumb":{"@id":"https:\/\/onlineautos.es\/producto\/volvo-xc40-2-0-d3-inscription-auto\/#breadcrumb"},"inLanguage":"en-GB","potentialAction":[{"@type":"ReadAction","target":["https:\/\/onlineautos.es\/producto\/volvo-xc40-2-0-d3-inscription-auto\/"]}]},{"@type":"ImageObject","inLanguage":"en-GB","@id":"https:\/\/onlineautos.es\/producto\/volvo-xc40-2-0-d3-inscription-auto\/#primaryimage","url":"https:\/\/onlineautos.es\/wp-content\/uploads\/2026\/01\/VOLVOXC40_12-scaled.jpg","contentUrl":"https:\/\/onlineautos.es\/wp-content\/uploads\/2026\/01\/VOLVOXC40_12-scaled.jpg","width":1707,"height":2560},{"@type":"BreadcrumbList","@id":"https:\/\/onlineautos.es\/producto\/volvo-xc40-2-0-d3-inscription-auto\/#breadcrumb","itemListElement":[{"@type":"ListItem","position":1,"name":"Portada","item":"https:\/\/onlineautos.es\/"},{"@type":"ListItem","position":2,"name":"Productos","item":"https:\/\/onlineautos.es\/tienda\/"},{"@type":"ListItem","position":3,"name":"2021 VOLVO XC40 2.0 D3 Inscription Auto"}]},{"@type":"WebSite","@id":"https:\/\/onlineautos.es\/#website","url":"https:\/\/onlineautos.es\/","name":"Online Cars","description":"We do not sell used vehicles, we sell experienced vehicles.","publisher":{"@id":"https:\/\/onlineautos.es\/#organization"},"potentialAction":[{"@type":"SearchAction","target":{"@type":"EntryPoint","urlTemplate":"https:\/\/onlineautos.es\/?s={search_term_string}"},"query-input":{"@type":"PropertyValueSpecification","valueRequired":true,"valueName":"search_term_string"}}],"inLanguage":"en-GB"},{"@type":"Organization","@id":"https:\/\/onlineautos.es\/#organization","name":"Online Cars","url":"https:\/\/onlineautos.es\/","logo":{"@type":"ImageObject","inLanguage":"en-GB","@id":"https:\/\/onlineautos.es\/#\/schema\/logo\/image\/","url":"","contentUrl":"","caption":"Online Autos"},"image":{"@id":"https:\/\/onlineautos.es\/#\/schema\/logo\/image\/"}}]}},"_links":{"self":[{"href":"https:\/\/onlineautos.es\/en\/wp-json\/wp\/v2\/product\/4482","targetHints":{"allow":["GET"]}}],"collection":[{"href":"https:\/\/onlineautos.es\/en\/wp-json\/wp\/v2\/product"}],"about":[{"href":"https:\/\/onlineautos.es\/en\/wp-json\/wp\/v2\/types\/product"}],"wp:featuredmedia":[{"embeddable":true,"href":"https:\/\/onlineautos.es\/en\/wp-json\/wp\/v2\/media\/4206"}],"wp:attachment":[{"href":"https:\/\/onlineautos.es\/en\/wp-json\/wp\/v2\/media?parent=4482"}],"wp:term":[{"taxonomy":"product_brand","embeddable":true,"href":"https:\/\/onlineautos.es\/en\/wp-json\/wp\/v2\/product_brand?post=4482"},{"taxonomy":"product_cat","embeddable":true,"href":"https:\/\/onlineautos.es\/en\/wp-json\/wp\/v2\/product_cat?post=4482"},{"taxonomy":"product_tag","embeddable":true,"href":"https:\/\/onlineautos.es\/en\/wp-json\/wp\/v2\/product_tag?post=4482"}],"curies":[{"name":"wp","href":"https:\/\/api.w.org\/{rel}","templated":true}]}}