{"id":4480,"date":"2026-01-21T11:13:16","date_gmt":"2026-01-21T10:13:16","guid":{"rendered":"https:\/\/onlineautos.es\/?post_type=product&#038;p=4480"},"modified":"2026-01-21T11:13:16","modified_gmt":"2026-01-21T10:13:16","slug":"2010-porsche-panamera-4-8-4s","status":"publish","type":"product","link":"https:\/\/onlineautos.es\/en\/product\/2010-porsche-panamera-4-8-4s\/","title":{"rendered":"2010 PORSCHE PANAMERA 4.8 4S\u00a0"},"content":{"rendered":"<p><b>2010 PORSCHE PANAMERA 4.8 4S\u00a0<\/b><\/p>\n<p><span class=\"datosFull\"><strong>Year - 2010<\/strong><\/span><i class=\"fas fa-gas-pump\"><\/i><\/p>\n<p><strong>AUTOMATIC<\/strong><\/p>\n<p><strong>GASOLINE<\/strong><\/p>\n<p><strong>KM: 89168<\/strong><\/p>\n<p><span class=\"datosFull\"><strong>Owners:2<\/strong><\/span><i class=\"fas fa-car-side\"><\/i><\/p>\n<p><strong><span class=\"datosFull\">Body: BERLINA<\/span><i class=\"fas fa-cogs\"><\/i><\/strong><\/p>\n<p><strong><span class=\"datosFull\">Power: 400hp<\/span><i class=\"fas fa-users\"><\/i><\/strong><\/p>\n<p><strong><span class=\"datosFull\">Seats:4<\/span><\/strong><\/p>","protected":false},"excerpt":{"rendered":"<p>PORSCHE Panamera 4.8 4S<\/p>\n<p>-Actual and verified mileage.<br \/>\n-All maintenance is up to date and before delivery we carry out an extra maintenance at an official service centre to deliver it to you in the best conditions. You deserve it!<br \/>\n-We accept any mechanical test, expertise or need car help etc.<br \/>\nWe study the possibility of collecting your vehicle as part payment.<\/p>\n<p>Welcome to Online Autos!<br \/>\nWe work with a different sales concept. Where our selection becomes your experience.<\/p>\n<p>&nbsp;<\/p>\n<p>This Porsche Panamera 4S stands out for its combination of sportiness and premium comfort. With its powerful 400 hp 4.8-litre V8 engine, this high-performance saloon accelerates from 0 to 100 km\/h in just 5 seconds and has a top speed of 282 km\/h, while maintaining exceptional handling thanks to its permanent all-wheel drive.<\/p>\n<p>The interior reflects the brand's signature luxury, with leather seats, dual zone climate control and a comprehensive multimedia system. Features include bi-xenon headlights with adaptive lighting, rain-sensing windscreen wipers, cruise control and rear parking sensors.<\/p>\n<p>This Panamera features numerous extras, including ventilated front seats, a heated multifunction steering wheel and a BOSE sound system, which significantly raise its level of exclusivity. Its C environmental label allows access to most regulated urban areas, combining sporty performance with the versatility of a luxury saloon for everyday use.<\/p>\n<p>&nbsp;<\/p>","protected":false},"featured_media":4474,"template":"","meta":{"site-sidebar-layout":"default","site-content-layout":"","ast-site-content-layout":"default","site-content-style":"default","site-sidebar-style":"default","ast-global-header-display":"","ast-banner-title-visibility":"","ast-main-header-display":"","ast-hfb-above-header-display":"","ast-hfb-below-header-display":"","ast-hfb-mobile-header-display":"","site-post-title":"","ast-breadcrumbs-content":"","ast-featured-img":"","footer-sml-layout":"","theme-transparent-header-meta":"default","adv-header-id-meta":"","stick-header-meta":"","header-above-stick-meta":"","header-main-stick-meta":"","header-below-stick-meta":"","astra-migrate-meta-layouts":"set","ast-page-background-enabled":"default","ast-page-background-meta":{"desktop":{"background-color":"var(--ast-global-color-4)","background-image":"","background-repeat":"repeat","background-position":"center center","background-size":"auto","background-attachment":"scroll","background-type":"","background-media":"","overlay-type":"","overlay-color":"","overlay-opacity":"","overlay-gradient":""},"tablet":{"background-color":"","background-image":"","background-repeat":"repeat","background-position":"center center","background-size":"auto","background-attachment":"scroll","background-type":"","background-media":"","overlay-type":"","overlay-color":"","overlay-opacity":"","overlay-gradient":""},"mobile":{"background-color":"","background-image":"","background-repeat":"repeat","background-position":"center center","background-size":"auto","background-attachment":"scroll","background-type":"","background-media":"","overlay-type":"","overlay-color":"","overlay-opacity":"","overlay-gradient":""}},"ast-content-background-meta":{"desktop":{"background-color":"var(--ast-global-color-5)","background-image":"","background-repeat":"repeat","background-position":"center center","background-size":"auto","background-attachment":"scroll","background-type":"","background-media":"","overlay-type":"","overlay-color":"","overlay-opacity":"","overlay-gradient":""},"tablet":{"background-color":"var(--ast-global-color-5)","background-image":"","background-repeat":"repeat","background-position":"center center","background-size":"auto","background-attachment":"scroll","background-type":"","background-media":"","overlay-type":"","overlay-color":"","overlay-opacity":"","overlay-gradient":""},"mobile":{"background-color":"var(--ast-global-color-5)","background-image":"","background-repeat":"repeat","background-position":"center center","background-size":"auto","background-attachment":"scroll","background-type":"","background-media":"","overlay-type":"","overlay-color":"","overlay-opacity":"","overlay-gradient":""}}},"product_brand":[],"product_cat":[26],"product_tag":[],"class_list":{"0":"post-4480","1":"product","2":"type-product","3":"status-publish","4":"has-post-thumbnail","6":"product_cat-online-autos","7":"desktop-align-left","8":"tablet-align-left","9":"mobile-align-left","11":"first","12":"instock","13":"shipping-taxable","14":"purchasable","15":"product-type-simple"},"yoast_head":"<!-- This site is optimized with the Yoast SEO plugin v26.8 - https:\/\/yoast.com\/product\/yoast-seo-wordpress\/ -->\n<title>2010 PORSCHE PANAMERA \u00a04.8 4S\u00a0 - Online Autos<\/title>\n<meta name=\"robots\" content=\"index, follow, max-snippet:-1, max-image-preview:large, max-video-preview:-1\" \/>\n<link rel=\"canonical\" href=\"https:\/\/onlineautos.es\/en\/product\/2010-porsche-panamera-4-8-4s\/\" \/>\n<meta property=\"og:locale\" content=\"en_GB\" \/>\n<meta property=\"og:type\" content=\"article\" \/>\n<meta property=\"og:title\" content=\"2010 PORSCHE PANAMERA \u00a04.8 4S\u00a0 - Online Autos\" \/>\n<meta property=\"og:description\" content=\"PORSCHE Panamera 4.8 4S  -Kilometraje real y verificado. -Todos los mantenimientos al d\u00eda y antes de entregar realizamos un mantenimiento extra en casa oficial para entreg\u00e1rtelo en las mejores condiciones. Te lo mereces! -Aceptamos cualquier prueba mec\u00e1nica, peritaje o need car help etc. Estudiamos la posibilidad de recoger su veh\u00edculo como parte de pago.  Bienvenido a Online Autos! Trabajamos un concepto de venta diferente. Donde nuestra selecci\u00f3n se convierte en tu experiencia.  &nbsp;  Este Porsche Panamera 4S destaca por su combinaci\u00f3n de deportividad y confort premium. Con su potente motor V8 de 4.8 litros y 400 CV, este berlina de altas prestaciones ofrece una aceleraci\u00f3n de 0 a 100 km\/h en solo 5 segundos y una velocidad m\u00e1xima de 282 km\/h, manteniendo un comportamiento excepcional gracias a su tracci\u00f3n integral permanente.  El interior refleja el lujo caracter\u00edstico de la marca, con asientos de cuero, climatizador bizona y un completo sistema multimedia. Entre sus equipamientos destacan los faros bi-xen\u00f3n con sistema de luz adaptativa, limpiaparabrisas con sensor de lluvia, control de crucero y sensores de aparcamiento traseros.  Este Panamera cuenta con numerosos extras, incluyendo asientos delanteros ventilados, volante multifunci\u00f3n calefactable y sistema de sonido BOSE, que elevan significativamente su nivel de exclusividad. Su etiqueta medioambiental C permite el acceso a la mayor\u00eda de zonas urbanas reguladas, combinando prestaciones deportivas con la versatilidad de una berlina de lujo para uso diario.  &nbsp;\" \/>\n<meta property=\"og:url\" content=\"https:\/\/onlineautos.es\/en\/product\/2010-porsche-panamera-4-8-4s\/\" \/>\n<meta property=\"og:site_name\" content=\"Online Autos\" \/>\n<meta property=\"og:image\" content=\"https:\/\/onlineautos.es\/wp-content\/uploads\/2026\/01\/PANAMERA-Primera-generacion-scaled.jpg\" \/>\n\t<meta property=\"og:image:width\" content=\"1707\" \/>\n\t<meta property=\"og:image:height\" content=\"2560\" \/>\n\t<meta property=\"og:image:type\" content=\"image\/jpeg\" \/>\n<meta name=\"twitter:card\" content=\"summary_large_image\" \/>\n<meta name=\"twitter:label1\" content=\"Estimated reading time\" \/>\n\t<meta name=\"twitter:data1\" content=\"1 minute\" \/>\n<script type=\"application\/ld+json\" class=\"yoast-schema-graph\">{\"@context\":\"https:\/\/schema.org\",\"@graph\":[{\"@type\":\"WebPage\",\"@id\":\"https:\/\/onlineautos.es\/producto\/2010-porsche-panamera-4-8-4s\/\",\"url\":\"https:\/\/onlineautos.es\/producto\/2010-porsche-panamera-4-8-4s\/\",\"name\":\"2010 PORSCHE PANAMERA \u00a04.8 4S\u00a0 - Online Autos\",\"isPartOf\":{\"@id\":\"https:\/\/onlineautos.es\/#website\"},\"primaryImageOfPage\":{\"@id\":\"https:\/\/onlineautos.es\/producto\/2010-porsche-panamera-4-8-4s\/#primaryimage\"},\"image\":{\"@id\":\"https:\/\/onlineautos.es\/producto\/2010-porsche-panamera-4-8-4s\/#primaryimage\"},\"thumbnailUrl\":\"https:\/\/onlineautos.es\/wp-content\/uploads\/2026\/01\/PANAMERA-Primera-generacion-scaled.jpg\",\"datePublished\":\"2026-01-21T10:13:16+00:00\",\"breadcrumb\":{\"@id\":\"https:\/\/onlineautos.es\/producto\/2010-porsche-panamera-4-8-4s\/#breadcrumb\"},\"inLanguage\":\"en-GB\",\"potentialAction\":[{\"@type\":\"ReadAction\",\"target\":[\"https:\/\/onlineautos.es\/producto\/2010-porsche-panamera-4-8-4s\/\"]}]},{\"@type\":\"ImageObject\",\"inLanguage\":\"en-GB\",\"@id\":\"https:\/\/onlineautos.es\/producto\/2010-porsche-panamera-4-8-4s\/#primaryimage\",\"url\":\"https:\/\/onlineautos.es\/wp-content\/uploads\/2026\/01\/PANAMERA-Primera-generacion-scaled.jpg\",\"contentUrl\":\"https:\/\/onlineautos.es\/wp-content\/uploads\/2026\/01\/PANAMERA-Primera-generacion-scaled.jpg\",\"width\":1707,\"height\":2560},{\"@type\":\"BreadcrumbList\",\"@id\":\"https:\/\/onlineautos.es\/producto\/2010-porsche-panamera-4-8-4s\/#breadcrumb\",\"itemListElement\":[{\"@type\":\"ListItem\",\"position\":1,\"name\":\"Portada\",\"item\":\"https:\/\/onlineautos.es\/\"},{\"@type\":\"ListItem\",\"position\":2,\"name\":\"Productos\",\"item\":\"https:\/\/onlineautos.es\/tienda\/\"},{\"@type\":\"ListItem\",\"position\":3,\"name\":\"2010 PORSCHE PANAMERA \u00a04.8 4S\u00a0\"}]},{\"@type\":\"WebSite\",\"@id\":\"https:\/\/onlineautos.es\/#website\",\"url\":\"https:\/\/onlineautos.es\/\",\"name\":\"Online Autos\",\"description\":\"No vendemos veh\u00edculos usado, vendemos veh\u00edculos con experiencia.\",\"publisher\":{\"@id\":\"https:\/\/onlineautos.es\/#organization\"},\"potentialAction\":[{\"@type\":\"SearchAction\",\"target\":{\"@type\":\"EntryPoint\",\"urlTemplate\":\"https:\/\/onlineautos.es\/?s={search_term_string}\"},\"query-input\":{\"@type\":\"PropertyValueSpecification\",\"valueRequired\":true,\"valueName\":\"search_term_string\"}}],\"inLanguage\":\"en-GB\"},{\"@type\":\"Organization\",\"@id\":\"https:\/\/onlineautos.es\/#organization\",\"name\":\"Online Autos\",\"url\":\"https:\/\/onlineautos.es\/\",\"logo\":{\"@type\":\"ImageObject\",\"inLanguage\":\"en-GB\",\"@id\":\"https:\/\/onlineautos.es\/#\/schema\/logo\/image\/\",\"url\":\"\",\"contentUrl\":\"\",\"caption\":\"Online Autos\"},\"image\":{\"@id\":\"https:\/\/onlineautos.es\/#\/schema\/logo\/image\/\"}}]}<\/script>\n<!-- \/ Yoast SEO plugin. -->","yoast_head_json":{"title":"2010 PORSCHE PANAMERA 4.8 4S - Online Autos","robots":{"index":"index","follow":"follow","max-snippet":"max-snippet:-1","max-image-preview":"max-image-preview:large","max-video-preview":"max-video-preview:-1"},"canonical":"https:\/\/onlineautos.es\/en\/product\/2010-porsche-panamera-4-8-4s\/","og_locale":"en_GB","og_type":"article","og_title":"2010 PORSCHE PANAMERA \u00a04.8 4S\u00a0 - Online Autos","og_description":"PORSCHE Panamera 4.8 4S  -Kilometraje real y verificado. -Todos los mantenimientos al d\u00eda y antes de entregar realizamos un mantenimiento extra en casa oficial para entreg\u00e1rtelo en las mejores condiciones. Te lo mereces! -Aceptamos cualquier prueba mec\u00e1nica, peritaje o need car help etc. Estudiamos la posibilidad de recoger su veh\u00edculo como parte de pago.  Bienvenido a Online Autos! Trabajamos un concepto de venta diferente. Donde nuestra selecci\u00f3n se convierte en tu experiencia.  &nbsp;  Este Porsche Panamera 4S destaca por su combinaci\u00f3n de deportividad y confort premium. Con su potente motor V8 de 4.8 litros y 400 CV, este berlina de altas prestaciones ofrece una aceleraci\u00f3n de 0 a 100 km\/h en solo 5 segundos y una velocidad m\u00e1xima de 282 km\/h, manteniendo un comportamiento excepcional gracias a su tracci\u00f3n integral permanente.  El interior refleja el lujo caracter\u00edstico de la marca, con asientos de cuero, climatizador bizona y un completo sistema multimedia. Entre sus equipamientos destacan los faros bi-xen\u00f3n con sistema de luz adaptativa, limpiaparabrisas con sensor de lluvia, control de crucero y sensores de aparcamiento traseros.  Este Panamera cuenta con numerosos extras, incluyendo asientos delanteros ventilados, volante multifunci\u00f3n calefactable y sistema de sonido BOSE, que elevan significativamente su nivel de exclusividad. Su etiqueta medioambiental C permite el acceso a la mayor\u00eda de zonas urbanas reguladas, combinando prestaciones deportivas con la versatilidad de una berlina de lujo para uso diario.  &nbsp;","og_url":"https:\/\/onlineautos.es\/en\/product\/2010-porsche-panamera-4-8-4s\/","og_site_name":"Online Autos","og_image":[{"width":1707,"height":2560,"url":"https:\/\/onlineautos.es\/wp-content\/uploads\/2026\/01\/PANAMERA-Primera-generacion-scaled.jpg","type":"image\/jpeg"}],"twitter_card":"summary_large_image","twitter_misc":{"Estimated reading time":"1 minute"},"schema":{"@context":"https:\/\/schema.org","@graph":[{"@type":"WebPage","@id":"https:\/\/onlineautos.es\/producto\/2010-porsche-panamera-4-8-4s\/","url":"https:\/\/onlineautos.es\/producto\/2010-porsche-panamera-4-8-4s\/","name":"2010 PORSCHE PANAMERA 4.8 4S - Online Autos","isPartOf":{"@id":"https:\/\/onlineautos.es\/#website"},"primaryImageOfPage":{"@id":"https:\/\/onlineautos.es\/producto\/2010-porsche-panamera-4-8-4s\/#primaryimage"},"image":{"@id":"https:\/\/onlineautos.es\/producto\/2010-porsche-panamera-4-8-4s\/#primaryimage"},"thumbnailUrl":"https:\/\/onlineautos.es\/wp-content\/uploads\/2026\/01\/PANAMERA-Primera-generacion-scaled.jpg","datePublished":"2026-01-21T10:13:16+00:00","breadcrumb":{"@id":"https:\/\/onlineautos.es\/producto\/2010-porsche-panamera-4-8-4s\/#breadcrumb"},"inLanguage":"en-GB","potentialAction":[{"@type":"ReadAction","target":["https:\/\/onlineautos.es\/producto\/2010-porsche-panamera-4-8-4s\/"]}]},{"@type":"ImageObject","inLanguage":"en-GB","@id":"https:\/\/onlineautos.es\/producto\/2010-porsche-panamera-4-8-4s\/#primaryimage","url":"https:\/\/onlineautos.es\/wp-content\/uploads\/2026\/01\/PANAMERA-Primera-generacion-scaled.jpg","contentUrl":"https:\/\/onlineautos.es\/wp-content\/uploads\/2026\/01\/PANAMERA-Primera-generacion-scaled.jpg","width":1707,"height":2560},{"@type":"BreadcrumbList","@id":"https:\/\/onlineautos.es\/producto\/2010-porsche-panamera-4-8-4s\/#breadcrumb","itemListElement":[{"@type":"ListItem","position":1,"name":"Portada","item":"https:\/\/onlineautos.es\/"},{"@type":"ListItem","position":2,"name":"Productos","item":"https:\/\/onlineautos.es\/tienda\/"},{"@type":"ListItem","position":3,"name":"2010 PORSCHE PANAMERA \u00a04.8 4S\u00a0"}]},{"@type":"WebSite","@id":"https:\/\/onlineautos.es\/#website","url":"https:\/\/onlineautos.es\/","name":"Online Cars","description":"We do not sell used vehicles, we sell experienced vehicles.","publisher":{"@id":"https:\/\/onlineautos.es\/#organization"},"potentialAction":[{"@type":"SearchAction","target":{"@type":"EntryPoint","urlTemplate":"https:\/\/onlineautos.es\/?s={search_term_string}"},"query-input":{"@type":"PropertyValueSpecification","valueRequired":true,"valueName":"search_term_string"}}],"inLanguage":"en-GB"},{"@type":"Organization","@id":"https:\/\/onlineautos.es\/#organization","name":"Online Cars","url":"https:\/\/onlineautos.es\/","logo":{"@type":"ImageObject","inLanguage":"en-GB","@id":"https:\/\/onlineautos.es\/#\/schema\/logo\/image\/","url":"","contentUrl":"","caption":"Online Autos"},"image":{"@id":"https:\/\/onlineautos.es\/#\/schema\/logo\/image\/"}}]}},"_links":{"self":[{"href":"https:\/\/onlineautos.es\/en\/wp-json\/wp\/v2\/product\/4480","targetHints":{"allow":["GET"]}}],"collection":[{"href":"https:\/\/onlineautos.es\/en\/wp-json\/wp\/v2\/product"}],"about":[{"href":"https:\/\/onlineautos.es\/en\/wp-json\/wp\/v2\/types\/product"}],"wp:featuredmedia":[{"embeddable":true,"href":"https:\/\/onlineautos.es\/en\/wp-json\/wp\/v2\/media\/4474"}],"wp:attachment":[{"href":"https:\/\/onlineautos.es\/en\/wp-json\/wp\/v2\/media?parent=4480"}],"wp:term":[{"taxonomy":"product_brand","embeddable":true,"href":"https:\/\/onlineautos.es\/en\/wp-json\/wp\/v2\/product_brand?post=4480"},{"taxonomy":"product_cat","embeddable":true,"href":"https:\/\/onlineautos.es\/en\/wp-json\/wp\/v2\/product_cat?post=4480"},{"taxonomy":"product_tag","embeddable":true,"href":"https:\/\/onlineautos.es\/en\/wp-json\/wp\/v2\/product_tag?post=4480"}],"curies":[{"name":"wp","href":"https:\/\/api.w.org\/{rel}","templated":true}]}}