{"id":4186,"date":"2025-10-30T16:55:46","date_gmt":"2025-10-30T15:55:46","guid":{"rendered":"https:\/\/onlineautos.es\/?post_type=product&#038;p=4186"},"modified":"2026-01-08T10:38:47","modified_gmt":"2026-01-08T09:38:47","slug":"2019-bentley-continental-gt-gt-w12-coupe","status":"publish","type":"product","link":"https:\/\/onlineautos.es\/en\/product\/2019-bentley-continental-gt-gt-w12-coupe\/","title":{"rendered":"(SOLD)2019 BENTLEY Continental GT GT W12 Coupe"},"content":{"rendered":"<p><strong>2019 BENTLEY Continental GT GT W12 Coupe<\/strong><\/p>\n<p><span class=\"datosFull\"><strong>Year - 2019<\/strong><\/span><i class=\"fas fa-gas-pump\"><\/i><\/p>\n<p><strong>AUTOMATIC<\/strong><\/p>\n<p><strong>GASOLINE<\/strong><\/p>\n<p><strong>KM: 72.185<\/strong><\/p>\n<p><span class=\"datosFull\"><strong>Owners:2<\/strong><\/span><i class=\"fas fa-car-side\"><\/i><\/p>\n<p><strong><span class=\"datosFull\">Body: COUPE<\/span><i class=\"fas fa-cogs\"><\/i><\/strong><\/p>\n<p><strong><span class=\"datosFull\">Power: 635 hp<\/span><i class=\"fas fa-users\"><\/i><\/strong><\/p>\n<p><strong><span class=\"datosFull\">Seats:4<\/span><\/strong><\/p>","protected":false},"excerpt":{"rendered":"<p><strong>BENTLEY Continental GT GT W12 Coupe<\/strong><\/p>\n<p>-CENTENARY\u00ab SPECIAL EDITION\u00bb<br \/>\n-NATIONAL\u00ab REVISIONS TO THE DAY IN OFFICIAL DEALERSHIP, IS DELIVERED WITH ONE YEAR WARRANTY BENTLEY!<br \/>\n-Vehicle in fantastic condition with official BENTLEY warranty.<br \/>\n-All maintenance is up to date and before delivery we carry out an extra maintenance at an official service centre to deliver it to you in the best conditions. You deserve it!<br \/>\n-We accept any mechanical test, expertise or need car help etc.<br \/>\n-We help you with financing if needed *Price of financing subject to conditions, ask for information if you are interested*.<\/p>\n<p>We study the possibility of collecting your vehicle as part payment as long as it is in perfect condition.<\/p>\n<p>Welcome to Online Autos!<br \/>\nWe work with a different sales concept. Where our selection becomes your experience.-Vehicle in fantastic condition with official Audi warranty until 2027.<br \/>\n-All maintenance is up to date and before delivery we carry out an extra maintenance at an official service centre to deliver it to you in the best conditions. You deserve it!<br \/>\n-We accept any mechanical test, expertise or need car help etc.<br \/>\n-We help you with financing if needed *Price of financing subject to conditions, ask for information if you are interested*.<\/p>\n<p>We study the possibility of collecting your vehicle as part payment as long as it is in perfect condition.<\/p>\n<p>Welcome to Online Autos!<br \/>\nWe work with a different sales concept. Where our selection becomes your experience.<\/p>\n<p>&nbsp;<\/p>\n<p>CENTENARY\u00ab SPECIAL EDITION\u00bb<\/p>\n<p>AND A VERY EXCLUSIVE CONFIGURATION THAT COMBINES THE PAINT<br \/>\nEXTREME SILVER\u00ab EXTERIOR WITH \u00bbPORTLAND \/ CRICKET BALL\u00ab TWO-TONE LEATHER INTERIOR, SPECTACULAR !!! !!!<br \/>\n* 22\u2033 GLOSS BLACK RIMS<br \/>\n* BLACK PACK EXTERIOR<br \/>\n* EXTREME SILVER\u00ab PAINT\u00bb<br \/>\n* MULLINER PACKAGE<br \/>\n* TOURING SPECIFIACTION<br \/>\n* FRONT SEAT COMFORT SPECIFICATION<br \/>\n* CENTENARY SPECIFICATION<br \/>\n* CONTRAST STITCHING<br \/>\n* BANG &amp; OLUFSEN SOUND<br \/>\n* HEAD UP DISPLAY<br \/>\n* HEATED SEATS AND<br \/>\nVENTILATED<br \/>\n* INTERIOR WOOD MOULDINGS<br \/>\n* TWO-TONE HEATED STEERING WHEEL<br \/>\n* BLACK EXTERIOR MOULDINGS<br \/>\nSHINE<br \/>\n* BRAKE CALIPERS IN RED<br \/>\n* NIGHT VISION<br \/>\n* COMFORT ACCESS<br \/>\n* HEATED WINDSCREEN<br \/>\n* PARKTRONIC WITH CAMERA<br \/>\n* ADAPTIVE CRUISE CONTROL<br \/>\n* LED HEADLIGHTS<br \/>\n* APPLE CARPLAY<\/p>","protected":false},"featured_media":4163,"template":"","meta":{"site-sidebar-layout":"default","site-content-layout":"","ast-site-content-layout":"default","site-content-style":"default","site-sidebar-style":"default","ast-global-header-display":"","ast-banner-title-visibility":"","ast-main-header-display":"","ast-hfb-above-header-display":"","ast-hfb-below-header-display":"","ast-hfb-mobile-header-display":"","site-post-title":"","ast-breadcrumbs-content":"","ast-featured-img":"","footer-sml-layout":"","theme-transparent-header-meta":"default","adv-header-id-meta":"","stick-header-meta":"","header-above-stick-meta":"","header-main-stick-meta":"","header-below-stick-meta":"","astra-migrate-meta-layouts":"set","ast-page-background-enabled":"default","ast-page-background-meta":{"desktop":{"background-color":"var(--ast-global-color-4)","background-image":"","background-repeat":"repeat","background-position":"center center","background-size":"auto","background-attachment":"scroll","background-type":"","background-media":"","overlay-type":"","overlay-color":"","overlay-opacity":"","overlay-gradient":""},"tablet":{"background-color":"","background-image":"","background-repeat":"repeat","background-position":"center center","background-size":"auto","background-attachment":"scroll","background-type":"","background-media":"","overlay-type":"","overlay-color":"","overlay-opacity":"","overlay-gradient":""},"mobile":{"background-color":"","background-image":"","background-repeat":"repeat","background-position":"center center","background-size":"auto","background-attachment":"scroll","background-type":"","background-media":"","overlay-type":"","overlay-color":"","overlay-opacity":"","overlay-gradient":""}},"ast-content-background-meta":{"desktop":{"background-color":"var(--ast-global-color-5)","background-image":"","background-repeat":"repeat","background-position":"center center","background-size":"auto","background-attachment":"scroll","background-type":"","background-media":"","overlay-type":"","overlay-color":"","overlay-opacity":"","overlay-gradient":""},"tablet":{"background-color":"var(--ast-global-color-5)","background-image":"","background-repeat":"repeat","background-position":"center center","background-size":"auto","background-attachment":"scroll","background-type":"","background-media":"","overlay-type":"","overlay-color":"","overlay-opacity":"","overlay-gradient":""},"mobile":{"background-color":"var(--ast-global-color-5)","background-image":"","background-repeat":"repeat","background-position":"center center","background-size":"auto","background-attachment":"scroll","background-type":"","background-media":"","overlay-type":"","overlay-color":"","overlay-opacity":"","overlay-gradient":""}}},"product_brand":[],"product_cat":[26],"product_tag":[],"class_list":{"0":"post-4186","1":"product","2":"type-product","3":"status-publish","4":"has-post-thumbnail","6":"product_cat-online-autos","7":"desktop-align-left","8":"tablet-align-left","9":"mobile-align-left","11":"first","12":"instock","13":"shipping-taxable","14":"purchasable","15":"product-type-simple"},"yoast_head":"<!-- This site is optimized with the Yoast SEO plugin v26.8 - https:\/\/yoast.com\/product\/yoast-seo-wordpress\/ -->\n<title>(VENDIDO)2019 BENTLEY Continental GT GT W12 Coupe - Online Autos<\/title>\n<meta name=\"robots\" content=\"index, follow, max-snippet:-1, max-image-preview:large, max-video-preview:-1\" \/>\n<link rel=\"canonical\" href=\"https:\/\/onlineautos.es\/en\/product\/2019-bentley-continental-gt-gt-w12-coupe\/\" \/>\n<meta property=\"og:locale\" content=\"en_GB\" \/>\n<meta property=\"og:type\" content=\"article\" \/>\n<meta property=\"og:title\" content=\"(VENDIDO)2019 BENTLEY Continental GT GT W12 Coupe - Online Autos\" \/>\n<meta property=\"og:description\" content=\"BENTLEY Continental GT GT W12 Coupe  -EDICION ESPECIAL &quot;CENTENARY&quot; -&quot;NACIONAL&quot; REVISIONES AL DIA EN CONCESIONARIO OFICIAL, SE ENTREGA CON UN A\u00d1O DE GARANTIA BENTLEY !! -Veh\u00edculo en fant\u00e1sticas condiciones con garant\u00eda oficial BENTLEY -Todos los mantenimientos al d\u00eda y antes de entregar realizamos un mantenimiento extra en casa oficial para entreg\u00e1rtelo en las mejores condiciones. Te lo mereces! -Aceptamos cualquier prueba mec\u00e1nica, peritaje o need car help etc. -Te ayudamos con la financiaci\u00f3n en caso de necesitarla.*Precio de financiaci\u00f3n sujeto a condiciones, solicita informaci\u00f3n en caso de estar interesado*  Estudiamos la posibilidad de recoger su veh\u00edculo como parte de pago siempre y cuando este en perfectas condiciones.  Bienvenido a Online Autos! Trabajamos un concepto de venta diferente. Donde nuestra selecci\u00f3n se convierte en tu experiencia.-Veh\u00edculo en fant\u00e1sticas condiciones con garant\u00eda oficial Audi hasta 2027 -Todos los mantenimientos al d\u00eda y antes de entregar realizamos un mantenimiento extra en casa oficial para entreg\u00e1rtelo en las mejores condiciones. Te lo mereces! -Aceptamos cualquier prueba mec\u00e1nica, peritaje o need car help etc. -Te ayudamos con la financiaci\u00f3n en caso de necesitarla.*Precio de financiaci\u00f3n sujeto a condiciones, solicita informaci\u00f3n en caso de estar interesado*  Estudiamos la posibilidad de recoger su veh\u00edculo como parte de pago siempre y cuando este en perfectas condiciones.  Bienvenido a Online Autos! Trabajamos un concepto de venta diferente. Donde nuestra selecci\u00f3n se convierte en tu experiencia.  &nbsp;  EDICION ESPECIAL &quot;CENTENARY&quot;  ADEMAS DE UNA CONFIGURACION MUY EXCLUSIVA QUE COMBINA LA PINTURA EXTERIOR &quot;EXTREME SILVER&quot; CON EL INTERIOR EN CUERO BITONO &quot;PORTLAND \/ CRICKET BALL&quot;, ESPECTACULAR !!! * LLANTAS 22&quot; NEGRO BRILLO * BLACK PACK EXTERIOR * PINTURA &quot;EXTREME SILVER&quot; * PAQUETE MULLINER * TOURING SPECIFIACTION * FRONT SEAT COMFORT SPECIFICATION * CENTENARY SPECIFICATION * COSTURAS EN COLOR DE CONTRASTE * SONIDO BANG &amp; OLUFSEN * HEAD UP DISPLAY * ASIENTOS CALEFACTABLES Y VENTILADOS * MOLDURAS INTERIORES EN MADERA * VOLANTE BITONO CALEFACTABLE * MOLDURAS EXTERIORES EN NEGRO BRILLO * PINZAS DE FRENO EN ROJO * VISION NOCTURNA * ACCESO CONFORT * PARABRISAS CALEFACTABLE * PARKTRONIC CON CAMARA * CONTROL DE VELOCIDAD ADAPTATIVO * FAROS LED * APPLE CARPLAY\" \/>\n<meta property=\"og:url\" content=\"https:\/\/onlineautos.es\/en\/product\/2019-bentley-continental-gt-gt-w12-coupe\/\" \/>\n<meta property=\"og:site_name\" content=\"Online Autos\" \/>\n<meta property=\"article:modified_time\" content=\"2026-01-08T09:38:47+00:00\" \/>\n<meta property=\"og:image\" content=\"https:\/\/onlineautos.es\/wp-content\/uploads\/2025\/10\/IMG_5044.jpeg\" \/>\n\t<meta property=\"og:image:width\" content=\"1290\" \/>\n\t<meta property=\"og:image:height\" content=\"1892\" \/>\n\t<meta property=\"og:image:type\" content=\"image\/jpeg\" \/>\n<meta name=\"twitter:card\" content=\"summary_large_image\" \/>\n<meta name=\"twitter:label1\" content=\"Estimated reading time\" \/>\n\t<meta name=\"twitter:data1\" content=\"1 minute\" \/>\n<script type=\"application\/ld+json\" class=\"yoast-schema-graph\">{\"@context\":\"https:\/\/schema.org\",\"@graph\":[{\"@type\":\"WebPage\",\"@id\":\"https:\/\/onlineautos.es\/producto\/2019-bentley-continental-gt-gt-w12-coupe\/\",\"url\":\"https:\/\/onlineautos.es\/producto\/2019-bentley-continental-gt-gt-w12-coupe\/\",\"name\":\"(VENDIDO)2019 BENTLEY Continental GT GT W12 Coupe - Online Autos\",\"isPartOf\":{\"@id\":\"https:\/\/onlineautos.es\/#website\"},\"primaryImageOfPage\":{\"@id\":\"https:\/\/onlineautos.es\/producto\/2019-bentley-continental-gt-gt-w12-coupe\/#primaryimage\"},\"image\":{\"@id\":\"https:\/\/onlineautos.es\/producto\/2019-bentley-continental-gt-gt-w12-coupe\/#primaryimage\"},\"thumbnailUrl\":\"https:\/\/onlineautos.es\/wp-content\/uploads\/2025\/10\/IMG_5044.jpeg\",\"datePublished\":\"2025-10-30T15:55:46+00:00\",\"dateModified\":\"2026-01-08T09:38:47+00:00\",\"breadcrumb\":{\"@id\":\"https:\/\/onlineautos.es\/producto\/2019-bentley-continental-gt-gt-w12-coupe\/#breadcrumb\"},\"inLanguage\":\"en-GB\",\"potentialAction\":[{\"@type\":\"ReadAction\",\"target\":[\"https:\/\/onlineautos.es\/producto\/2019-bentley-continental-gt-gt-w12-coupe\/\"]}]},{\"@type\":\"ImageObject\",\"inLanguage\":\"en-GB\",\"@id\":\"https:\/\/onlineautos.es\/producto\/2019-bentley-continental-gt-gt-w12-coupe\/#primaryimage\",\"url\":\"https:\/\/onlineautos.es\/wp-content\/uploads\/2025\/10\/IMG_5044.jpeg\",\"contentUrl\":\"https:\/\/onlineautos.es\/wp-content\/uploads\/2025\/10\/IMG_5044.jpeg\",\"width\":1290,\"height\":1892,\"caption\":\"Screenshot\"},{\"@type\":\"BreadcrumbList\",\"@id\":\"https:\/\/onlineautos.es\/producto\/2019-bentley-continental-gt-gt-w12-coupe\/#breadcrumb\",\"itemListElement\":[{\"@type\":\"ListItem\",\"position\":1,\"name\":\"Portada\",\"item\":\"https:\/\/onlineautos.es\/\"},{\"@type\":\"ListItem\",\"position\":2,\"name\":\"Productos\",\"item\":\"https:\/\/onlineautos.es\/tienda\/\"},{\"@type\":\"ListItem\",\"position\":3,\"name\":\"(VENDIDO)2019 BENTLEY Continental GT GT W12 Coupe\"}]},{\"@type\":\"WebSite\",\"@id\":\"https:\/\/onlineautos.es\/#website\",\"url\":\"https:\/\/onlineautos.es\/\",\"name\":\"Online Autos\",\"description\":\"No vendemos veh\u00edculos usado, vendemos veh\u00edculos con experiencia.\",\"publisher\":{\"@id\":\"https:\/\/onlineautos.es\/#organization\"},\"potentialAction\":[{\"@type\":\"SearchAction\",\"target\":{\"@type\":\"EntryPoint\",\"urlTemplate\":\"https:\/\/onlineautos.es\/?s={search_term_string}\"},\"query-input\":{\"@type\":\"PropertyValueSpecification\",\"valueRequired\":true,\"valueName\":\"search_term_string\"}}],\"inLanguage\":\"en-GB\"},{\"@type\":\"Organization\",\"@id\":\"https:\/\/onlineautos.es\/#organization\",\"name\":\"Online Autos\",\"url\":\"https:\/\/onlineautos.es\/\",\"logo\":{\"@type\":\"ImageObject\",\"inLanguage\":\"en-GB\",\"@id\":\"https:\/\/onlineautos.es\/#\/schema\/logo\/image\/\",\"url\":\"\",\"contentUrl\":\"\",\"caption\":\"Online Autos\"},\"image\":{\"@id\":\"https:\/\/onlineautos.es\/#\/schema\/logo\/image\/\"}}]}<\/script>\n<!-- \/ Yoast SEO plugin. -->","yoast_head_json":{"title":"(SOLD)2019 BENTLEY Continental GT GT W12 Coupe - Online Autos","robots":{"index":"index","follow":"follow","max-snippet":"max-snippet:-1","max-image-preview":"max-image-preview:large","max-video-preview":"max-video-preview:-1"},"canonical":"https:\/\/onlineautos.es\/en\/product\/2019-bentley-continental-gt-gt-w12-coupe\/","og_locale":"en_GB","og_type":"article","og_title":"(VENDIDO)2019 BENTLEY Continental GT GT W12 Coupe - Online Autos","og_description":"BENTLEY Continental GT GT W12 Coupe  -EDICION ESPECIAL \"CENTENARY\" -\"NACIONAL\" REVISIONES AL DIA EN CONCESIONARIO OFICIAL, SE ENTREGA CON UN A\u00d1O DE GARANTIA BENTLEY !! -Veh\u00edculo en fant\u00e1sticas condiciones con garant\u00eda oficial BENTLEY -Todos los mantenimientos al d\u00eda y antes de entregar realizamos un mantenimiento extra en casa oficial para entreg\u00e1rtelo en las mejores condiciones. Te lo mereces! -Aceptamos cualquier prueba mec\u00e1nica, peritaje o need car help etc. -Te ayudamos con la financiaci\u00f3n en caso de necesitarla.*Precio de financiaci\u00f3n sujeto a condiciones, solicita informaci\u00f3n en caso de estar interesado*  Estudiamos la posibilidad de recoger su veh\u00edculo como parte de pago siempre y cuando este en perfectas condiciones.  Bienvenido a Online Autos! Trabajamos un concepto de venta diferente. Donde nuestra selecci\u00f3n se convierte en tu experiencia.-Veh\u00edculo en fant\u00e1sticas condiciones con garant\u00eda oficial Audi hasta 2027 -Todos los mantenimientos al d\u00eda y antes de entregar realizamos un mantenimiento extra en casa oficial para entreg\u00e1rtelo en las mejores condiciones. Te lo mereces! -Aceptamos cualquier prueba mec\u00e1nica, peritaje o need car help etc. -Te ayudamos con la financiaci\u00f3n en caso de necesitarla.*Precio de financiaci\u00f3n sujeto a condiciones, solicita informaci\u00f3n en caso de estar interesado*  Estudiamos la posibilidad de recoger su veh\u00edculo como parte de pago siempre y cuando este en perfectas condiciones.  Bienvenido a Online Autos! Trabajamos un concepto de venta diferente. Donde nuestra selecci\u00f3n se convierte en tu experiencia.  &nbsp;  EDICION ESPECIAL \"CENTENARY\"  ADEMAS DE UNA CONFIGURACION MUY EXCLUSIVA QUE COMBINA LA PINTURA EXTERIOR \"EXTREME SILVER\" CON EL INTERIOR EN CUERO BITONO \"PORTLAND \/ CRICKET BALL\", ESPECTACULAR !!! * LLANTAS 22\" NEGRO BRILLO * BLACK PACK EXTERIOR * PINTURA \"EXTREME SILVER\" * PAQUETE MULLINER * TOURING SPECIFIACTION * FRONT SEAT COMFORT SPECIFICATION * CENTENARY SPECIFICATION * COSTURAS EN COLOR DE CONTRASTE * SONIDO BANG &amp; OLUFSEN * HEAD UP DISPLAY * ASIENTOS CALEFACTABLES Y VENTILADOS * MOLDURAS INTERIORES EN MADERA * VOLANTE BITONO CALEFACTABLE * MOLDURAS EXTERIORES EN NEGRO BRILLO * PINZAS DE FRENO EN ROJO * VISION NOCTURNA * ACCESO CONFORT * PARABRISAS CALEFACTABLE * PARKTRONIC CON CAMARA * CONTROL DE VELOCIDAD ADAPTATIVO * FAROS LED * APPLE CARPLAY","og_url":"https:\/\/onlineautos.es\/en\/product\/2019-bentley-continental-gt-gt-w12-coupe\/","og_site_name":"Online Autos","article_modified_time":"2026-01-08T09:38:47+00:00","og_image":[{"width":1290,"height":1892,"url":"https:\/\/onlineautos.es\/wp-content\/uploads\/2025\/10\/IMG_5044.jpeg","type":"image\/jpeg"}],"twitter_card":"summary_large_image","twitter_misc":{"Estimated reading time":"1 minute"},"schema":{"@context":"https:\/\/schema.org","@graph":[{"@type":"WebPage","@id":"https:\/\/onlineautos.es\/producto\/2019-bentley-continental-gt-gt-w12-coupe\/","url":"https:\/\/onlineautos.es\/producto\/2019-bentley-continental-gt-gt-w12-coupe\/","name":"(SOLD)2019 BENTLEY Continental GT GT W12 Coupe - Online Autos","isPartOf":{"@id":"https:\/\/onlineautos.es\/#website"},"primaryImageOfPage":{"@id":"https:\/\/onlineautos.es\/producto\/2019-bentley-continental-gt-gt-w12-coupe\/#primaryimage"},"image":{"@id":"https:\/\/onlineautos.es\/producto\/2019-bentley-continental-gt-gt-w12-coupe\/#primaryimage"},"thumbnailUrl":"https:\/\/onlineautos.es\/wp-content\/uploads\/2025\/10\/IMG_5044.jpeg","datePublished":"2025-10-30T15:55:46+00:00","dateModified":"2026-01-08T09:38:47+00:00","breadcrumb":{"@id":"https:\/\/onlineautos.es\/producto\/2019-bentley-continental-gt-gt-w12-coupe\/#breadcrumb"},"inLanguage":"en-GB","potentialAction":[{"@type":"ReadAction","target":["https:\/\/onlineautos.es\/producto\/2019-bentley-continental-gt-gt-w12-coupe\/"]}]},{"@type":"ImageObject","inLanguage":"en-GB","@id":"https:\/\/onlineautos.es\/producto\/2019-bentley-continental-gt-gt-w12-coupe\/#primaryimage","url":"https:\/\/onlineautos.es\/wp-content\/uploads\/2025\/10\/IMG_5044.jpeg","contentUrl":"https:\/\/onlineautos.es\/wp-content\/uploads\/2025\/10\/IMG_5044.jpeg","width":1290,"height":1892,"caption":"Screenshot"},{"@type":"BreadcrumbList","@id":"https:\/\/onlineautos.es\/producto\/2019-bentley-continental-gt-gt-w12-coupe\/#breadcrumb","itemListElement":[{"@type":"ListItem","position":1,"name":"Portada","item":"https:\/\/onlineautos.es\/"},{"@type":"ListItem","position":2,"name":"Productos","item":"https:\/\/onlineautos.es\/tienda\/"},{"@type":"ListItem","position":3,"name":"(VENDIDO)2019 BENTLEY Continental GT GT W12 Coupe"}]},{"@type":"WebSite","@id":"https:\/\/onlineautos.es\/#website","url":"https:\/\/onlineautos.es\/","name":"Online Cars","description":"We do not sell used vehicles, we sell experienced vehicles.","publisher":{"@id":"https:\/\/onlineautos.es\/#organization"},"potentialAction":[{"@type":"SearchAction","target":{"@type":"EntryPoint","urlTemplate":"https:\/\/onlineautos.es\/?s={search_term_string}"},"query-input":{"@type":"PropertyValueSpecification","valueRequired":true,"valueName":"search_term_string"}}],"inLanguage":"en-GB"},{"@type":"Organization","@id":"https:\/\/onlineautos.es\/#organization","name":"Online Cars","url":"https:\/\/onlineautos.es\/","logo":{"@type":"ImageObject","inLanguage":"en-GB","@id":"https:\/\/onlineautos.es\/#\/schema\/logo\/image\/","url":"","contentUrl":"","caption":"Online Autos"},"image":{"@id":"https:\/\/onlineautos.es\/#\/schema\/logo\/image\/"}}]}},"_links":{"self":[{"href":"https:\/\/onlineautos.es\/en\/wp-json\/wp\/v2\/product\/4186","targetHints":{"allow":["GET"]}}],"collection":[{"href":"https:\/\/onlineautos.es\/en\/wp-json\/wp\/v2\/product"}],"about":[{"href":"https:\/\/onlineautos.es\/en\/wp-json\/wp\/v2\/types\/product"}],"wp:featuredmedia":[{"embeddable":true,"href":"https:\/\/onlineautos.es\/en\/wp-json\/wp\/v2\/media\/4163"}],"wp:attachment":[{"href":"https:\/\/onlineautos.es\/en\/wp-json\/wp\/v2\/media?parent=4186"}],"wp:term":[{"taxonomy":"product_brand","embeddable":true,"href":"https:\/\/onlineautos.es\/en\/wp-json\/wp\/v2\/product_brand?post=4186"},{"taxonomy":"product_cat","embeddable":true,"href":"https:\/\/onlineautos.es\/en\/wp-json\/wp\/v2\/product_cat?post=4186"},{"taxonomy":"product_tag","embeddable":true,"href":"https:\/\/onlineautos.es\/en\/wp-json\/wp\/v2\/product_tag?post=4186"}],"curies":[{"name":"wp","href":"https:\/\/api.w.org\/{rel}","templated":true}]}}