{"id":3488,"date":"2025-05-20T18:11:02","date_gmt":"2025-05-20T16:11:02","guid":{"rendered":"https:\/\/onlineautos.es\/?post_type=product&#038;p=3488"},"modified":"2025-10-30T12:18:34","modified_gmt":"2025-10-30T11:18:34","slug":"2022-bmw-4-series-m4-competition","status":"publish","type":"product","link":"https:\/\/onlineautos.es\/en\/product\/2022-bmw-4-series-m4-competition\/","title":{"rendered":"(SOLD)2022 BMW 4 Series M4 Competition"},"content":{"rendered":"<div class=\"mt-CardAd-infoHeader\">\n<div>\n<h2 class=\"mt-CardAd-infoHeaderTitle\" data-testid=\"card-ad-title\">BMW 4 Series M4 Competition<\/h2>\n<\/div>\n<\/div>\n<p>&nbsp;<\/p>\n<p><span class=\"datosFull\"><strong>Year - 2022<\/strong><\/span><i class=\"fas fa-gas-pump\"><\/i><\/p>\n<p><strong>AUTOMATIC<\/strong><\/p>\n<p><strong>GASOLINE<\/strong><\/p>\n<p><strong>KM: 21400<\/strong><\/p>\n<p><span class=\"datosFull\"><strong>Owners:2<\/strong><\/span><i class=\"fas fa-car-side\"><\/i><\/p>\n<p><strong><span class=\"datosFull\">Bodywork: DEPORTIVO<\/span><i class=\"fas fa-cogs\"><\/i><\/strong><\/p>\n<p><strong><span class=\"datosFull\">Power:CV510<\/span><i class=\"fas fa-users\"><\/i><\/strong><\/p>\n<p><strong><span class=\"datosFull\">Seats:4<\/span><\/strong><\/p>","protected":false},"excerpt":{"rendered":"<p><strong>2022 BMW 4 Series M4 Competition<\/strong><\/p>\n<p>-Vehicle in perfect condition.<br \/>\n-3 years official warranty.<br \/>\n-All the maintenances up to date in official house.<br \/>\n-Certified mileage.<br \/>\n-We accept any mechanical test, expertise or need car help etc.<br \/>\n-We help you with financing in case you need it.<\/p>\n<p>We study the possibility of collecting your vehicle as part payment as long as it is in perfect condition.<\/p>\n<p>Welcome to Online Autos!<br \/>\nWe work with a different sales concept. Where our selection becomes your experience.<\/p>\n<p>Extras to note:<br \/>\nSport seat M<br \/>\nM Carbon exterior package<br \/>\nHigh-gloss Shadow-Line individual option<\/p>\n<p>Sun protection glazing<br \/>\nInterior\/exterior rear-view mirror with automatic tilt<br \/>\nInterior rear-view mirror with automatic tilt<br \/>\nElectric seat adjustment with memory<br \/>\nLumbar support for driver and passenger<br \/>\nStorage compartment package<br \/>\nDriver and passenger seat heating<br \/>\nSafety belts M<br \/>\nTetragon aluminium intermediate finishes<br \/>\nExhaust heating<\/p>\n<p>DAB tuner<br \/>\nHarman\/Kardon Surround Sound System<\/p>\n<p>Legal emergency call<br \/>\nConnected driving services<br \/>\nConnected Professional Package<br \/>\nBMW Live Professional operating area<\/p>\n<p>Parking Control (PDC)<br \/>\nAutomatic climate control<br \/>\nCruise Control with Brake Function<br \/>\nSpeedometer<br \/>\nRoad Light Assistant<br \/>\nActive Guard<br \/>\nPassenger Airbag Deactivation<\/p>\n<p>Extra Package, EU Specific<br \/>\nLockable Wheel Bolt<br \/>\nSport Differential M<br \/>\nTyre Pressure Indicator<br \/>\nTyre Repair Kit<br \/>\nAdaptive M Chassis<\/p>\n<p>Alarm System<br \/>\nAutomatic Trunk Lid Mechanism<br \/>\nComfort Access<br \/>\nSpanish Version<br \/>\nOnboard Literature in Spanish<br \/>\nDummy-SALAPA<br \/>\nOil Change Interval: 24 Months \/ 30.000 Km<br \/>\nRefrigerant R1234yf<br \/>\nAutomatic Blocking during Start-up<br \/>\nActive Pedestrian Protection<\/p>\n<p>Individual Equipment<br \/>\nHigh Shine Shadow Line<br \/>\nRoof covering Anthracite<\/p>\n<p>Other Equipment<br \/>\nM Drive Professional<br \/>\nLight Alloy Wheels BMW 825M JB\/GG<\/p>\n<p>High Quality Bluetooth 5.0 Audio Receiver with AptX HD Support.<\/p>","protected":false},"featured_media":3490,"template":"","meta":{"site-sidebar-layout":"default","site-content-layout":"","ast-site-content-layout":"default","site-content-style":"default","site-sidebar-style":"default","ast-global-header-display":"","ast-banner-title-visibility":"","ast-main-header-display":"","ast-hfb-above-header-display":"","ast-hfb-below-header-display":"","ast-hfb-mobile-header-display":"","site-post-title":"","ast-breadcrumbs-content":"","ast-featured-img":"","footer-sml-layout":"","theme-transparent-header-meta":"default","adv-header-id-meta":"","stick-header-meta":"","header-above-stick-meta":"","header-main-stick-meta":"","header-below-stick-meta":"","astra-migrate-meta-layouts":"set","ast-page-background-enabled":"default","ast-page-background-meta":{"desktop":{"background-color":"var(--ast-global-color-4)","background-image":"","background-repeat":"repeat","background-position":"center center","background-size":"auto","background-attachment":"scroll","background-type":"","background-media":"","overlay-type":"","overlay-color":"","overlay-opacity":"","overlay-gradient":""},"tablet":{"background-color":"","background-image":"","background-repeat":"repeat","background-position":"center center","background-size":"auto","background-attachment":"scroll","background-type":"","background-media":"","overlay-type":"","overlay-color":"","overlay-opacity":"","overlay-gradient":""},"mobile":{"background-color":"","background-image":"","background-repeat":"repeat","background-position":"center center","background-size":"auto","background-attachment":"scroll","background-type":"","background-media":"","overlay-type":"","overlay-color":"","overlay-opacity":"","overlay-gradient":""}},"ast-content-background-meta":{"desktop":{"background-color":"var(--ast-global-color-5)","background-image":"","background-repeat":"repeat","background-position":"center center","background-size":"auto","background-attachment":"scroll","background-type":"","background-media":"","overlay-type":"","overlay-color":"","overlay-opacity":"","overlay-gradient":""},"tablet":{"background-color":"var(--ast-global-color-5)","background-image":"","background-repeat":"repeat","background-position":"center center","background-size":"auto","background-attachment":"scroll","background-type":"","background-media":"","overlay-type":"","overlay-color":"","overlay-opacity":"","overlay-gradient":""},"mobile":{"background-color":"var(--ast-global-color-5)","background-image":"","background-repeat":"repeat","background-position":"center center","background-size":"auto","background-attachment":"scroll","background-type":"","background-media":"","overlay-type":"","overlay-color":"","overlay-opacity":"","overlay-gradient":""}}},"product_brand":[],"product_cat":[26],"product_tag":[],"class_list":{"0":"post-3488","1":"product","2":"type-product","3":"status-publish","4":"has-post-thumbnail","6":"product_cat-online-autos","7":"desktop-align-left","8":"tablet-align-left","9":"mobile-align-left","11":"first","12":"instock","13":"shipping-taxable","14":"purchasable","15":"product-type-simple"},"yoast_head":"<!-- This site is optimized with the Yoast SEO plugin v26.8 - https:\/\/yoast.com\/product\/yoast-seo-wordpress\/ -->\n<title>(VENDIDO)2022 BMW Serie 4 M4 Competition - Online Autos<\/title>\n<meta name=\"robots\" content=\"index, follow, max-snippet:-1, max-image-preview:large, max-video-preview:-1\" \/>\n<link rel=\"canonical\" href=\"https:\/\/onlineautos.es\/en\/product\/2022-bmw-4-series-m4-competition\/\" \/>\n<meta property=\"og:locale\" content=\"en_GB\" \/>\n<meta property=\"og:type\" content=\"article\" \/>\n<meta property=\"og:title\" content=\"(VENDIDO)2022 BMW Serie 4 M4 Competition - Online Autos\" \/>\n<meta property=\"og:description\" content=\"2022 BMW Serie 4 M4 Competition  -Veh\u00edculo en perfectas condiciones. -3 A\u00f1os de garantia oficial. -Todos los mantenimientos al d\u00eda en casa oficial. -Kilometraje certificado. -Aceptamos cualquier prueba mec\u00e1nica, peritaje o need car help etc. -Te ayudamos con la financiaci\u00f3n en caso de necesitarla.  Estudiamos la posibilidad de recoger su veh\u00edculo como parte de pago siempre y cuando este en perfectas condiciones.  Bienvenido a Online Autos! Trabajamos un concepto de venta diferente. Donde nuestra selecci\u00f3n se convierte en tu experiencia.  Extras a destacar: Asiento deportivo M Paquete exterior M Carbono Opci\u00f3n individual Shadow-Line de alto brillo  Cristales de protecci\u00f3n solar Retrovisor interior\/exterior con inclinaci\u00f3n autom\u00e1tica Retrovisor interior con inclinaci\u00f3n autom\u00e1tica Ajuste el\u00e9ctrico de asientos con memoria Soporte lumbar para conductor y pasajero Paquete de compartimentos portaobjetos Calefacci\u00f3n de asientos para conductor y pasajero Cinturones de seguridad M Acabados intermedios en aluminio Tetragon Calefacci\u00f3n de escape  Sintonizador DAB Sistema de sonido envolvente Harman\/Kardon  Llamada de emergencia legal Servicios de conducci\u00f3n conectada Paquete Connected Professional \u00c1rea de operaci\u00f3n BMW Live Professional  Control de Aparcamiento (PDC) Climatizador Autom\u00e1tico Control de Crucero con Funci\u00f3n de Freno Veloc\u00edmetro Asistente de Luces de Carretera Active Guard Desactivaci\u00f3n del Airbag del Pasajero  Paquete Extra, Espec\u00edfico para la UE Perno de Rueda Bloqueable Diferencial Deportivo M Indicador de Presi\u00f3n de Neum\u00e1ticos Kit de Reparaci\u00f3n de Neum\u00e1ticos Chasis M Adaptativo  Sistema de Alarma Mecanismo Autom\u00e1tico de la Tapa del Maletero Acceso Confort Versi\u00f3n en Espa\u00f1ol Literatura de A bordo en Espa\u00f1ol Dummy-SALAPA Intervalo de Cambio de Aceite: 24 Meses \/ 30.000 Km Refrigerante R1234yf Bloqueo Autom\u00e1tico durante Inicio Protecci\u00f3n Activa de Peatones  Equipamiento Individual L\u00ednea de Sombra de Alto Brillo Revestimiento del Techo Antracita  Otros Equipos M Drive Professional Llantas de Aleaci\u00f3n Ligera BMW 825M JB\/GG  Receptor de Audio Bluetooth 5.0 de Alta Calidad con Soporte AptX HD.\" \/>\n<meta property=\"og:url\" content=\"https:\/\/onlineautos.es\/en\/product\/2022-bmw-4-series-m4-competition\/\" \/>\n<meta property=\"og:site_name\" content=\"Online Autos\" \/>\n<meta property=\"article:modified_time\" content=\"2025-10-30T11:18:34+00:00\" \/>\n<meta property=\"og:image\" content=\"https:\/\/onlineautos.es\/wp-content\/uploads\/2025\/05\/ONLINE-AUTOS-BMW-M4_1-scaled.jpg\" \/>\n\t<meta property=\"og:image:width\" content=\"1707\" \/>\n\t<meta property=\"og:image:height\" content=\"2560\" \/>\n\t<meta property=\"og:image:type\" content=\"image\/jpeg\" \/>\n<meta name=\"twitter:card\" content=\"summary_large_image\" \/>\n<meta name=\"twitter:label1\" content=\"Estimated reading time\" \/>\n\t<meta name=\"twitter:data1\" content=\"1 minute\" \/>\n<script type=\"application\/ld+json\" class=\"yoast-schema-graph\">{\"@context\":\"https:\/\/schema.org\",\"@graph\":[{\"@type\":\"WebPage\",\"@id\":\"https:\/\/onlineautos.es\/producto\/2022-bmw-serie-4-m4-competition\/\",\"url\":\"https:\/\/onlineautos.es\/producto\/2022-bmw-serie-4-m4-competition\/\",\"name\":\"(VENDIDO)2022 BMW Serie 4 M4 Competition - Online Autos\",\"isPartOf\":{\"@id\":\"https:\/\/onlineautos.es\/#website\"},\"primaryImageOfPage\":{\"@id\":\"https:\/\/onlineautos.es\/producto\/2022-bmw-serie-4-m4-competition\/#primaryimage\"},\"image\":{\"@id\":\"https:\/\/onlineautos.es\/producto\/2022-bmw-serie-4-m4-competition\/#primaryimage\"},\"thumbnailUrl\":\"https:\/\/onlineautos.es\/wp-content\/uploads\/2025\/05\/ONLINE-AUTOS-BMW-M4_1-scaled.jpg\",\"datePublished\":\"2025-05-20T16:11:02+00:00\",\"dateModified\":\"2025-10-30T11:18:34+00:00\",\"breadcrumb\":{\"@id\":\"https:\/\/onlineautos.es\/producto\/2022-bmw-serie-4-m4-competition\/#breadcrumb\"},\"inLanguage\":\"en-GB\",\"potentialAction\":[{\"@type\":\"ReadAction\",\"target\":[\"https:\/\/onlineautos.es\/producto\/2022-bmw-serie-4-m4-competition\/\"]}]},{\"@type\":\"ImageObject\",\"inLanguage\":\"en-GB\",\"@id\":\"https:\/\/onlineautos.es\/producto\/2022-bmw-serie-4-m4-competition\/#primaryimage\",\"url\":\"https:\/\/onlineautos.es\/wp-content\/uploads\/2025\/05\/ONLINE-AUTOS-BMW-M4_1-scaled.jpg\",\"contentUrl\":\"https:\/\/onlineautos.es\/wp-content\/uploads\/2025\/05\/ONLINE-AUTOS-BMW-M4_1-scaled.jpg\",\"width\":1707,\"height\":2560},{\"@type\":\"BreadcrumbList\",\"@id\":\"https:\/\/onlineautos.es\/producto\/2022-bmw-serie-4-m4-competition\/#breadcrumb\",\"itemListElement\":[{\"@type\":\"ListItem\",\"position\":1,\"name\":\"Portada\",\"item\":\"https:\/\/onlineautos.es\/\"},{\"@type\":\"ListItem\",\"position\":2,\"name\":\"Productos\",\"item\":\"https:\/\/onlineautos.es\/tienda\/\"},{\"@type\":\"ListItem\",\"position\":3,\"name\":\"(VENDIDO)2022 BMW Serie 4 M4 Competition\"}]},{\"@type\":\"WebSite\",\"@id\":\"https:\/\/onlineautos.es\/#website\",\"url\":\"https:\/\/onlineautos.es\/\",\"name\":\"Online Autos\",\"description\":\"No vendemos veh\u00edculos usado, vendemos veh\u00edculos con experiencia.\",\"publisher\":{\"@id\":\"https:\/\/onlineautos.es\/#organization\"},\"potentialAction\":[{\"@type\":\"SearchAction\",\"target\":{\"@type\":\"EntryPoint\",\"urlTemplate\":\"https:\/\/onlineautos.es\/?s={search_term_string}\"},\"query-input\":{\"@type\":\"PropertyValueSpecification\",\"valueRequired\":true,\"valueName\":\"search_term_string\"}}],\"inLanguage\":\"en-GB\"},{\"@type\":\"Organization\",\"@id\":\"https:\/\/onlineautos.es\/#organization\",\"name\":\"Online Autos\",\"url\":\"https:\/\/onlineautos.es\/\",\"logo\":{\"@type\":\"ImageObject\",\"inLanguage\":\"en-GB\",\"@id\":\"https:\/\/onlineautos.es\/#\/schema\/logo\/image\/\",\"url\":\"\",\"contentUrl\":\"\",\"caption\":\"Online Autos\"},\"image\":{\"@id\":\"https:\/\/onlineautos.es\/#\/schema\/logo\/image\/\"}}]}<\/script>\n<!-- \/ Yoast SEO plugin. -->","yoast_head_json":{"title":"(SOLD)2022 BMW 4 Series M4 Competition - Online Autos","robots":{"index":"index","follow":"follow","max-snippet":"max-snippet:-1","max-image-preview":"max-image-preview:large","max-video-preview":"max-video-preview:-1"},"canonical":"https:\/\/onlineautos.es\/en\/product\/2022-bmw-4-series-m4-competition\/","og_locale":"en_GB","og_type":"article","og_title":"(VENDIDO)2022 BMW Serie 4 M4 Competition - Online Autos","og_description":"2022 BMW Serie 4 M4 Competition  -Veh\u00edculo en perfectas condiciones. -3 A\u00f1os de garantia oficial. -Todos los mantenimientos al d\u00eda en casa oficial. -Kilometraje certificado. -Aceptamos cualquier prueba mec\u00e1nica, peritaje o need car help etc. -Te ayudamos con la financiaci\u00f3n en caso de necesitarla.  Estudiamos la posibilidad de recoger su veh\u00edculo como parte de pago siempre y cuando este en perfectas condiciones.  Bienvenido a Online Autos! Trabajamos un concepto de venta diferente. Donde nuestra selecci\u00f3n se convierte en tu experiencia.  Extras a destacar: Asiento deportivo M Paquete exterior M Carbono Opci\u00f3n individual Shadow-Line de alto brillo  Cristales de protecci\u00f3n solar Retrovisor interior\/exterior con inclinaci\u00f3n autom\u00e1tica Retrovisor interior con inclinaci\u00f3n autom\u00e1tica Ajuste el\u00e9ctrico de asientos con memoria Soporte lumbar para conductor y pasajero Paquete de compartimentos portaobjetos Calefacci\u00f3n de asientos para conductor y pasajero Cinturones de seguridad M Acabados intermedios en aluminio Tetragon Calefacci\u00f3n de escape  Sintonizador DAB Sistema de sonido envolvente Harman\/Kardon  Llamada de emergencia legal Servicios de conducci\u00f3n conectada Paquete Connected Professional \u00c1rea de operaci\u00f3n BMW Live Professional  Control de Aparcamiento (PDC) Climatizador Autom\u00e1tico Control de Crucero con Funci\u00f3n de Freno Veloc\u00edmetro Asistente de Luces de Carretera Active Guard Desactivaci\u00f3n del Airbag del Pasajero  Paquete Extra, Espec\u00edfico para la UE Perno de Rueda Bloqueable Diferencial Deportivo M Indicador de Presi\u00f3n de Neum\u00e1ticos Kit de Reparaci\u00f3n de Neum\u00e1ticos Chasis M Adaptativo  Sistema de Alarma Mecanismo Autom\u00e1tico de la Tapa del Maletero Acceso Confort Versi\u00f3n en Espa\u00f1ol Literatura de A bordo en Espa\u00f1ol Dummy-SALAPA Intervalo de Cambio de Aceite: 24 Meses \/ 30.000 Km Refrigerante R1234yf Bloqueo Autom\u00e1tico durante Inicio Protecci\u00f3n Activa de Peatones  Equipamiento Individual L\u00ednea de Sombra de Alto Brillo Revestimiento del Techo Antracita  Otros Equipos M Drive Professional Llantas de Aleaci\u00f3n Ligera BMW 825M JB\/GG  Receptor de Audio Bluetooth 5.0 de Alta Calidad con Soporte AptX HD.","og_url":"https:\/\/onlineautos.es\/en\/product\/2022-bmw-4-series-m4-competition\/","og_site_name":"Online Autos","article_modified_time":"2025-10-30T11:18:34+00:00","og_image":[{"width":1707,"height":2560,"url":"https:\/\/onlineautos.es\/wp-content\/uploads\/2025\/05\/ONLINE-AUTOS-BMW-M4_1-scaled.jpg","type":"image\/jpeg"}],"twitter_card":"summary_large_image","twitter_misc":{"Estimated reading time":"1 minute"},"schema":{"@context":"https:\/\/schema.org","@graph":[{"@type":"WebPage","@id":"https:\/\/onlineautos.es\/producto\/2022-bmw-serie-4-m4-competition\/","url":"https:\/\/onlineautos.es\/producto\/2022-bmw-serie-4-m4-competition\/","name":"(SOLD)2022 BMW 4 Series M4 Competition - Online Autos","isPartOf":{"@id":"https:\/\/onlineautos.es\/#website"},"primaryImageOfPage":{"@id":"https:\/\/onlineautos.es\/producto\/2022-bmw-serie-4-m4-competition\/#primaryimage"},"image":{"@id":"https:\/\/onlineautos.es\/producto\/2022-bmw-serie-4-m4-competition\/#primaryimage"},"thumbnailUrl":"https:\/\/onlineautos.es\/wp-content\/uploads\/2025\/05\/ONLINE-AUTOS-BMW-M4_1-scaled.jpg","datePublished":"2025-05-20T16:11:02+00:00","dateModified":"2025-10-30T11:18:34+00:00","breadcrumb":{"@id":"https:\/\/onlineautos.es\/producto\/2022-bmw-serie-4-m4-competition\/#breadcrumb"},"inLanguage":"en-GB","potentialAction":[{"@type":"ReadAction","target":["https:\/\/onlineautos.es\/producto\/2022-bmw-serie-4-m4-competition\/"]}]},{"@type":"ImageObject","inLanguage":"en-GB","@id":"https:\/\/onlineautos.es\/producto\/2022-bmw-serie-4-m4-competition\/#primaryimage","url":"https:\/\/onlineautos.es\/wp-content\/uploads\/2025\/05\/ONLINE-AUTOS-BMW-M4_1-scaled.jpg","contentUrl":"https:\/\/onlineautos.es\/wp-content\/uploads\/2025\/05\/ONLINE-AUTOS-BMW-M4_1-scaled.jpg","width":1707,"height":2560},{"@type":"BreadcrumbList","@id":"https:\/\/onlineautos.es\/producto\/2022-bmw-serie-4-m4-competition\/#breadcrumb","itemListElement":[{"@type":"ListItem","position":1,"name":"Portada","item":"https:\/\/onlineautos.es\/"},{"@type":"ListItem","position":2,"name":"Productos","item":"https:\/\/onlineautos.es\/tienda\/"},{"@type":"ListItem","position":3,"name":"(VENDIDO)2022 BMW Serie 4 M4 Competition"}]},{"@type":"WebSite","@id":"https:\/\/onlineautos.es\/#website","url":"https:\/\/onlineautos.es\/","name":"Online Cars","description":"We do not sell used vehicles, we sell experienced vehicles.","publisher":{"@id":"https:\/\/onlineautos.es\/#organization"},"potentialAction":[{"@type":"SearchAction","target":{"@type":"EntryPoint","urlTemplate":"https:\/\/onlineautos.es\/?s={search_term_string}"},"query-input":{"@type":"PropertyValueSpecification","valueRequired":true,"valueName":"search_term_string"}}],"inLanguage":"en-GB"},{"@type":"Organization","@id":"https:\/\/onlineautos.es\/#organization","name":"Online Cars","url":"https:\/\/onlineautos.es\/","logo":{"@type":"ImageObject","inLanguage":"en-GB","@id":"https:\/\/onlineautos.es\/#\/schema\/logo\/image\/","url":"","contentUrl":"","caption":"Online Autos"},"image":{"@id":"https:\/\/onlineautos.es\/#\/schema\/logo\/image\/"}}]}},"_links":{"self":[{"href":"https:\/\/onlineautos.es\/en\/wp-json\/wp\/v2\/product\/3488","targetHints":{"allow":["GET"]}}],"collection":[{"href":"https:\/\/onlineautos.es\/en\/wp-json\/wp\/v2\/product"}],"about":[{"href":"https:\/\/onlineautos.es\/en\/wp-json\/wp\/v2\/types\/product"}],"wp:featuredmedia":[{"embeddable":true,"href":"https:\/\/onlineautos.es\/en\/wp-json\/wp\/v2\/media\/3490"}],"wp:attachment":[{"href":"https:\/\/onlineautos.es\/en\/wp-json\/wp\/v2\/media?parent=3488"}],"wp:term":[{"taxonomy":"product_brand","embeddable":true,"href":"https:\/\/onlineautos.es\/en\/wp-json\/wp\/v2\/product_brand?post=3488"},{"taxonomy":"product_cat","embeddable":true,"href":"https:\/\/onlineautos.es\/en\/wp-json\/wp\/v2\/product_cat?post=3488"},{"taxonomy":"product_tag","embeddable":true,"href":"https:\/\/onlineautos.es\/en\/wp-json\/wp\/v2\/product_tag?post=3488"}],"curies":[{"name":"wp","href":"https:\/\/api.w.org\/{rel}","templated":true}]}}