{"id":3456,"date":"2025-04-29T12:21:24","date_gmt":"2025-04-29T10:21:24","guid":{"rendered":"https:\/\/onlineautos.es\/?post_type=product&#038;p=3456"},"modified":"2025-06-14T12:08:20","modified_gmt":"2025-06-14T10:08:20","slug":"2021-porsche-911-gt3","status":"publish","type":"product","link":"https:\/\/onlineautos.es\/en\/product\/2021-porsche-911-gt3\/","title":{"rendered":"2021 PORSCHE 911 GT3"},"content":{"rendered":"<h2><strong>PORSCHE 911 GT3<\/strong><\/h2>\n<p>&nbsp;<\/p>\n<p><span class=\"datosFull\"><strong>Year - 2021<\/strong><\/span><i class=\"fas fa-gas-pump\"><\/i><\/p>\n<p><strong>AUTOMATIC<\/strong><\/p>\n<p><strong>GASOLINE<\/strong><\/p>\n<p><strong>KM: 23.253<\/strong><\/p>\n<p><span class=\"datosFull\"><strong>Owners:2<\/strong><\/span><i class=\"fas fa-car-side\"><\/i><\/p>\n<p><strong><span class=\"datosFull\">Bodywork: DEPORTIVO<\/span><i class=\"fas fa-cogs\"><\/i><\/strong><\/p>\n<p><strong><span class=\"datosFull\">Power:CV510<\/span><i class=\"fas fa-users\"><\/i><\/strong><\/p>\n<p><strong><span class=\"datosFull\">Seats:2<\/span><\/strong><\/p>","protected":false},"excerpt":{"rendered":"<p><strong>2021 PORSCHE 911 GT3<\/strong><\/p>\n<p>-VAT deductible<br \/>\n-All maintenance at the official service centre.<br \/>\n-Official and extendable warranty.<br \/>\n-Ask us for all the information or videos you need without obligation. We know this vehicle very well!<br \/>\n- Vehicle available in stock for immediate delivery.<\/p>\n<p><strong>Extras to note;<\/strong><\/p>\n<p>Interior;<br \/>\nCarbon<br \/>\nCarbon interior package (high gloss)<\/p>\n<p>Audio and communication;<br \/>\nBOSE\u00ae Surround Sound System<br \/>\nPorsche Vehicle Tracking System Plus (PVTS Plus)<\/p>\n<p>Lights and vision;<br \/>\nTinted LED main headlights with matrix beam and Porsche Dynamic<br \/>\nLight System Plus (PDLS Plus)<br \/>\nExclusive Design rear lights<br \/>\nAnti-glare rear-view mirrors (interior and exterior) with rain sensor<br \/>\nPrivacy Glass<\/p>\n<p>Assistance and comfort systems;<br \/>\nRear parking assistance system (ParkAssist) with Rear View Camera<\/p>\n<p>Wheels;<br \/>\nRims painted in Neodyme colour (satin)<br \/>\nTyre repair kit<\/p>\n<p>Interior;<br \/>\nAmbient lighting package<br \/>\nIntegral Wraparound Seats (Bucket)<br \/>\n6-point safety belt for passenger's seat<br \/>\nRace-Tex interior<br \/>\nCentral glove compartment cover in Race-Tex with \"Porsche\" logo<br \/>\nInterior Carbon<br \/>\nCarbon interior package (high gloss)<\/p>\n<p>Audio and communication;<br \/>\nBOSE\u00ae Surround Sound System<br \/>\nPorsche Vehicle Tracking System Plus (PVTS Plus)<\/p>\n<p>Packages;<br \/>\nClub Sport package with an additional approved fire extinguisher (contains 1 kg of extinguishing agent)<\/p>\n<p>Exterior;<br \/>\nLightweight Carbon Roof<br \/>\nExterior rear-view mirrors painted in exterior colour<br \/>\nLED courtesy lights with \"PORSCHE\" lettering<br \/>\nMotorsport sticker set in gold colour<br \/>\nLogo on the side of the model in gold<\/p>\n<p>Engine, transmission and chassis;<br \/>\nSport Chrono Package incl. Lap Trigger preparation<br \/>\n90 litre fuel tank<br \/>\nBrake callipers in black (high gloss)<br \/>\nFront axle lift system.<\/p>\n<p>We study the possibility of collecting your vehicle as part payment as long as it is in perfect condition.<\/p>\n<p><strong>Welcome to Online Autos!<\/strong><\/p>\n<p>We work with a different sales concept. Where our selection becomes your experience.<\/p>\n<p>We are ready to serve you in our shop in Alicante!<\/p>","protected":false},"featured_media":3685,"template":"","meta":{"site-sidebar-layout":"default","site-content-layout":"","ast-site-content-layout":"default","site-content-style":"default","site-sidebar-style":"default","ast-global-header-display":"","ast-banner-title-visibility":"","ast-main-header-display":"","ast-hfb-above-header-display":"","ast-hfb-below-header-display":"","ast-hfb-mobile-header-display":"","site-post-title":"","ast-breadcrumbs-content":"","ast-featured-img":"","footer-sml-layout":"","theme-transparent-header-meta":"default","adv-header-id-meta":"","stick-header-meta":"","header-above-stick-meta":"","header-main-stick-meta":"","header-below-stick-meta":"","astra-migrate-meta-layouts":"set","ast-page-background-enabled":"default","ast-page-background-meta":{"desktop":{"background-color":"var(--ast-global-color-4)","background-image":"","background-repeat":"repeat","background-position":"center center","background-size":"auto","background-attachment":"scroll","background-type":"","background-media":"","overlay-type":"","overlay-color":"","overlay-opacity":"","overlay-gradient":""},"tablet":{"background-color":"","background-image":"","background-repeat":"repeat","background-position":"center center","background-size":"auto","background-attachment":"scroll","background-type":"","background-media":"","overlay-type":"","overlay-color":"","overlay-opacity":"","overlay-gradient":""},"mobile":{"background-color":"","background-image":"","background-repeat":"repeat","background-position":"center center","background-size":"auto","background-attachment":"scroll","background-type":"","background-media":"","overlay-type":"","overlay-color":"","overlay-opacity":"","overlay-gradient":""}},"ast-content-background-meta":{"desktop":{"background-color":"var(--ast-global-color-5)","background-image":"","background-repeat":"repeat","background-position":"center center","background-size":"auto","background-attachment":"scroll","background-type":"","background-media":"","overlay-type":"","overlay-color":"","overlay-opacity":"","overlay-gradient":""},"tablet":{"background-color":"var(--ast-global-color-5)","background-image":"","background-repeat":"repeat","background-position":"center center","background-size":"auto","background-attachment":"scroll","background-type":"","background-media":"","overlay-type":"","overlay-color":"","overlay-opacity":"","overlay-gradient":""},"mobile":{"background-color":"var(--ast-global-color-5)","background-image":"","background-repeat":"repeat","background-position":"center center","background-size":"auto","background-attachment":"scroll","background-type":"","background-media":"","overlay-type":"","overlay-color":"","overlay-opacity":"","overlay-gradient":""}}},"product_brand":[],"product_cat":[26],"product_tag":[],"class_list":{"0":"post-3456","1":"product","2":"type-product","3":"status-publish","4":"has-post-thumbnail","6":"product_cat-online-autos","7":"desktop-align-left","8":"tablet-align-left","9":"mobile-align-left","11":"first","12":"instock","13":"sale","14":"shipping-taxable","15":"purchasable","16":"product-type-simple"},"yoast_head":"<!-- This site is optimized with the Yoast SEO plugin v26.8 - https:\/\/yoast.com\/product\/yoast-seo-wordpress\/ -->\n<title>2021 PORSCHE 911 GT3 - Online Autos<\/title>\n<meta name=\"robots\" content=\"index, follow, max-snippet:-1, max-image-preview:large, max-video-preview:-1\" \/>\n<link rel=\"canonical\" href=\"https:\/\/onlineautos.es\/en\/product\/2021-porsche-911-gt3\/\" \/>\n<meta property=\"og:locale\" content=\"en_GB\" \/>\n<meta property=\"og:type\" content=\"article\" \/>\n<meta property=\"og:title\" content=\"2021 PORSCHE 911 GT3 - Online Autos\" \/>\n<meta property=\"og:description\" content=\"2021 PORSCHE 911 GT3  -IVA deducible -Todos los mantenimientos en casa oficial. -Garant\u00eda oficial y ampliable. -P\u00eddenos toda la informaci\u00f3n o videos que necesites sin compromiso. Conocemos muy bien este veh\u00edculo! - Veh\u00edculo disponible en nuestro stock para entrega inmediata.  Extras a destacar;  Interior; Carbono Paquete interior de Carbono (alto brillo)  Audio y comunicaci\u00f3n; Sistema de sonido BOSE\u00ae Surround Sound System Porsche Vehicle Tracking System Plus (PVTS Plus)  Luces y visi\u00f3n; Faros principales LED tintados con matrix beam y Porsche Dynamic Light System Plus (PDLS Plus) Luces traseras Exclusive Design Espejos retrovisores antideslumbrantes (interiores y exteriores) con sensor de lluvia Privacy Glass  Sistemas de asistencia y confort; Sistema de ayuda aparcamiento (ParkAssist) trasero con C\u00e1mara de marcha atras  Ruedas; Llantas pintadas en color Neodyme (satinado) Juego de reparaci\u00f3n de neum\u00e1ticos  Interior; Paquete de iluminaci\u00f3n ambiente Asientos envolventes Integrales (Bucket) Cintur\u00f3n de seguridad de 6 puntos para el asiento del pasajero Interior Race-Tex Tapa de la guantera central en Race-Tex con logotipo &quot;Porsche&quot; Interior Carbono Paquete interior de Carbono (alto brillo)  Audio y comunicaci\u00f3n; Sistema de sonido BOSE\u00ae Surround Sound System Porsche Vehicle Tracking System Plus (PVTS Plus)  Paquetes; Paquete Club Sport con un extintor homologado adicional (contiene 1 kg de agente extintor)  Exterior; Techo ligero de Carbono Espejos retrovisores exteriores pintados en color exterior Luces de cortes\u00eda LED con anagrama &quot;PORSCHE&quot; Juego de adhesivos Motorsport en color Oro Logotipo lateral del modelo en color Oro  Motor, transmisi\u00f3n y chasis; Paquete Sport Chrono Incluy. preparaci\u00f3n para Lap Trigger Dep\u00f3sito de Combustible de 90 litros Pinzas de freno en color Negro (alto brillo) Sistema de elevaci\u00f3n del eje delantero.  Estudiamos la posibilidad de recoger su veh\u00edculo como parte de pago siempre y cuando este en perfectas condiciones.  Bienvenido a Online Autos!  Trabajamos un concepto de venta diferente. Donde nuestra selecci\u00f3n se convierte en tu experiencia.  Estamos listos para atenderte en nuestra tienda de Alicante!\" \/>\n<meta property=\"og:url\" content=\"https:\/\/onlineautos.es\/en\/product\/2021-porsche-911-gt3\/\" \/>\n<meta property=\"og:site_name\" content=\"Online Autos\" \/>\n<meta property=\"article:modified_time\" content=\"2025-06-14T10:08:20+00:00\" \/>\n<meta property=\"og:image\" content=\"https:\/\/onlineautos.es\/wp-content\/uploads\/2025\/04\/ONLINE-AUTOS-GT3_9-scaled.jpg\" \/>\n\t<meta property=\"og:image:width\" content=\"1707\" \/>\n\t<meta property=\"og:image:height\" content=\"2560\" \/>\n\t<meta property=\"og:image:type\" content=\"image\/jpeg\" \/>\n<meta name=\"twitter:card\" content=\"summary_large_image\" \/>\n<meta name=\"twitter:label1\" content=\"Estimated reading time\" \/>\n\t<meta name=\"twitter:data1\" content=\"1 minute\" \/>\n<script type=\"application\/ld+json\" class=\"yoast-schema-graph\">{\"@context\":\"https:\/\/schema.org\",\"@graph\":[{\"@type\":\"WebPage\",\"@id\":\"https:\/\/onlineautos.es\/producto\/2021-porsche-911-gt3\/\",\"url\":\"https:\/\/onlineautos.es\/producto\/2021-porsche-911-gt3\/\",\"name\":\"2021 PORSCHE 911 GT3 - Online Autos\",\"isPartOf\":{\"@id\":\"https:\/\/onlineautos.es\/#website\"},\"primaryImageOfPage\":{\"@id\":\"https:\/\/onlineautos.es\/producto\/2021-porsche-911-gt3\/#primaryimage\"},\"image\":{\"@id\":\"https:\/\/onlineautos.es\/producto\/2021-porsche-911-gt3\/#primaryimage\"},\"thumbnailUrl\":\"https:\/\/onlineautos.es\/wp-content\/uploads\/2025\/04\/ONLINE-AUTOS-GT3_9-scaled.jpg\",\"datePublished\":\"2025-04-29T10:21:24+00:00\",\"dateModified\":\"2025-06-14T10:08:20+00:00\",\"breadcrumb\":{\"@id\":\"https:\/\/onlineautos.es\/producto\/2021-porsche-911-gt3\/#breadcrumb\"},\"inLanguage\":\"en-GB\",\"potentialAction\":[{\"@type\":\"ReadAction\",\"target\":[\"https:\/\/onlineautos.es\/producto\/2021-porsche-911-gt3\/\"]}]},{\"@type\":\"ImageObject\",\"inLanguage\":\"en-GB\",\"@id\":\"https:\/\/onlineautos.es\/producto\/2021-porsche-911-gt3\/#primaryimage\",\"url\":\"https:\/\/onlineautos.es\/wp-content\/uploads\/2025\/04\/ONLINE-AUTOS-GT3_9-scaled.jpg\",\"contentUrl\":\"https:\/\/onlineautos.es\/wp-content\/uploads\/2025\/04\/ONLINE-AUTOS-GT3_9-scaled.jpg\",\"width\":1707,\"height\":2560},{\"@type\":\"BreadcrumbList\",\"@id\":\"https:\/\/onlineautos.es\/producto\/2021-porsche-911-gt3\/#breadcrumb\",\"itemListElement\":[{\"@type\":\"ListItem\",\"position\":1,\"name\":\"Portada\",\"item\":\"https:\/\/onlineautos.es\/\"},{\"@type\":\"ListItem\",\"position\":2,\"name\":\"Productos\",\"item\":\"https:\/\/onlineautos.es\/tienda\/\"},{\"@type\":\"ListItem\",\"position\":3,\"name\":\"2021 PORSCHE 911 GT3\"}]},{\"@type\":\"WebSite\",\"@id\":\"https:\/\/onlineautos.es\/#website\",\"url\":\"https:\/\/onlineautos.es\/\",\"name\":\"Online Autos\",\"description\":\"No vendemos veh\u00edculos usado, vendemos veh\u00edculos con experiencia.\",\"publisher\":{\"@id\":\"https:\/\/onlineautos.es\/#organization\"},\"potentialAction\":[{\"@type\":\"SearchAction\",\"target\":{\"@type\":\"EntryPoint\",\"urlTemplate\":\"https:\/\/onlineautos.es\/?s={search_term_string}\"},\"query-input\":{\"@type\":\"PropertyValueSpecification\",\"valueRequired\":true,\"valueName\":\"search_term_string\"}}],\"inLanguage\":\"en-GB\"},{\"@type\":\"Organization\",\"@id\":\"https:\/\/onlineautos.es\/#organization\",\"name\":\"Online Autos\",\"url\":\"https:\/\/onlineautos.es\/\",\"logo\":{\"@type\":\"ImageObject\",\"inLanguage\":\"en-GB\",\"@id\":\"https:\/\/onlineautos.es\/#\/schema\/logo\/image\/\",\"url\":\"\",\"contentUrl\":\"\",\"caption\":\"Online Autos\"},\"image\":{\"@id\":\"https:\/\/onlineautos.es\/#\/schema\/logo\/image\/\"}}]}<\/script>\n<!-- \/ Yoast SEO plugin. -->","yoast_head_json":{"title":"2021 PORSCHE 911 GT3 - Online Cars","robots":{"index":"index","follow":"follow","max-snippet":"max-snippet:-1","max-image-preview":"max-image-preview:large","max-video-preview":"max-video-preview:-1"},"canonical":"https:\/\/onlineautos.es\/en\/product\/2021-porsche-911-gt3\/","og_locale":"en_GB","og_type":"article","og_title":"2021 PORSCHE 911 GT3 - Online Autos","og_description":"2021 PORSCHE 911 GT3  -IVA deducible -Todos los mantenimientos en casa oficial. -Garant\u00eda oficial y ampliable. -P\u00eddenos toda la informaci\u00f3n o videos que necesites sin compromiso. Conocemos muy bien este veh\u00edculo! - Veh\u00edculo disponible en nuestro stock para entrega inmediata.  Extras a destacar;  Interior; Carbono Paquete interior de Carbono (alto brillo)  Audio y comunicaci\u00f3n; Sistema de sonido BOSE\u00ae Surround Sound System Porsche Vehicle Tracking System Plus (PVTS Plus)  Luces y visi\u00f3n; Faros principales LED tintados con matrix beam y Porsche Dynamic Light System Plus (PDLS Plus) Luces traseras Exclusive Design Espejos retrovisores antideslumbrantes (interiores y exteriores) con sensor de lluvia Privacy Glass  Sistemas de asistencia y confort; Sistema de ayuda aparcamiento (ParkAssist) trasero con C\u00e1mara de marcha atras  Ruedas; Llantas pintadas en color Neodyme (satinado) Juego de reparaci\u00f3n de neum\u00e1ticos  Interior; Paquete de iluminaci\u00f3n ambiente Asientos envolventes Integrales (Bucket) Cintur\u00f3n de seguridad de 6 puntos para el asiento del pasajero Interior Race-Tex Tapa de la guantera central en Race-Tex con logotipo \"Porsche\" Interior Carbono Paquete interior de Carbono (alto brillo)  Audio y comunicaci\u00f3n; Sistema de sonido BOSE\u00ae Surround Sound System Porsche Vehicle Tracking System Plus (PVTS Plus)  Paquetes; Paquete Club Sport con un extintor homologado adicional (contiene 1 kg de agente extintor)  Exterior; Techo ligero de Carbono Espejos retrovisores exteriores pintados en color exterior Luces de cortes\u00eda LED con anagrama \"PORSCHE\" Juego de adhesivos Motorsport en color Oro Logotipo lateral del modelo en color Oro  Motor, transmisi\u00f3n y chasis; Paquete Sport Chrono Incluy. preparaci\u00f3n para Lap Trigger Dep\u00f3sito de Combustible de 90 litros Pinzas de freno en color Negro (alto brillo) Sistema de elevaci\u00f3n del eje delantero.  Estudiamos la posibilidad de recoger su veh\u00edculo como parte de pago siempre y cuando este en perfectas condiciones.  Bienvenido a Online Autos!  Trabajamos un concepto de venta diferente. Donde nuestra selecci\u00f3n se convierte en tu experiencia.  Estamos listos para atenderte en nuestra tienda de Alicante!","og_url":"https:\/\/onlineautos.es\/en\/product\/2021-porsche-911-gt3\/","og_site_name":"Online Autos","article_modified_time":"2025-06-14T10:08:20+00:00","og_image":[{"width":1707,"height":2560,"url":"https:\/\/onlineautos.es\/wp-content\/uploads\/2025\/04\/ONLINE-AUTOS-GT3_9-scaled.jpg","type":"image\/jpeg"}],"twitter_card":"summary_large_image","twitter_misc":{"Estimated reading time":"1 minute"},"schema":{"@context":"https:\/\/schema.org","@graph":[{"@type":"WebPage","@id":"https:\/\/onlineautos.es\/producto\/2021-porsche-911-gt3\/","url":"https:\/\/onlineautos.es\/producto\/2021-porsche-911-gt3\/","name":"2021 PORSCHE 911 GT3 - Online Cars","isPartOf":{"@id":"https:\/\/onlineautos.es\/#website"},"primaryImageOfPage":{"@id":"https:\/\/onlineautos.es\/producto\/2021-porsche-911-gt3\/#primaryimage"},"image":{"@id":"https:\/\/onlineautos.es\/producto\/2021-porsche-911-gt3\/#primaryimage"},"thumbnailUrl":"https:\/\/onlineautos.es\/wp-content\/uploads\/2025\/04\/ONLINE-AUTOS-GT3_9-scaled.jpg","datePublished":"2025-04-29T10:21:24+00:00","dateModified":"2025-06-14T10:08:20+00:00","breadcrumb":{"@id":"https:\/\/onlineautos.es\/producto\/2021-porsche-911-gt3\/#breadcrumb"},"inLanguage":"en-GB","potentialAction":[{"@type":"ReadAction","target":["https:\/\/onlineautos.es\/producto\/2021-porsche-911-gt3\/"]}]},{"@type":"ImageObject","inLanguage":"en-GB","@id":"https:\/\/onlineautos.es\/producto\/2021-porsche-911-gt3\/#primaryimage","url":"https:\/\/onlineautos.es\/wp-content\/uploads\/2025\/04\/ONLINE-AUTOS-GT3_9-scaled.jpg","contentUrl":"https:\/\/onlineautos.es\/wp-content\/uploads\/2025\/04\/ONLINE-AUTOS-GT3_9-scaled.jpg","width":1707,"height":2560},{"@type":"BreadcrumbList","@id":"https:\/\/onlineautos.es\/producto\/2021-porsche-911-gt3\/#breadcrumb","itemListElement":[{"@type":"ListItem","position":1,"name":"Portada","item":"https:\/\/onlineautos.es\/"},{"@type":"ListItem","position":2,"name":"Productos","item":"https:\/\/onlineautos.es\/tienda\/"},{"@type":"ListItem","position":3,"name":"2021 PORSCHE 911 GT3"}]},{"@type":"WebSite","@id":"https:\/\/onlineautos.es\/#website","url":"https:\/\/onlineautos.es\/","name":"Online Cars","description":"We do not sell used vehicles, we sell experienced vehicles.","publisher":{"@id":"https:\/\/onlineautos.es\/#organization"},"potentialAction":[{"@type":"SearchAction","target":{"@type":"EntryPoint","urlTemplate":"https:\/\/onlineautos.es\/?s={search_term_string}"},"query-input":{"@type":"PropertyValueSpecification","valueRequired":true,"valueName":"search_term_string"}}],"inLanguage":"en-GB"},{"@type":"Organization","@id":"https:\/\/onlineautos.es\/#organization","name":"Online Cars","url":"https:\/\/onlineautos.es\/","logo":{"@type":"ImageObject","inLanguage":"en-GB","@id":"https:\/\/onlineautos.es\/#\/schema\/logo\/image\/","url":"","contentUrl":"","caption":"Online Autos"},"image":{"@id":"https:\/\/onlineautos.es\/#\/schema\/logo\/image\/"}}]}},"_links":{"self":[{"href":"https:\/\/onlineautos.es\/en\/wp-json\/wp\/v2\/product\/3456","targetHints":{"allow":["GET"]}}],"collection":[{"href":"https:\/\/onlineautos.es\/en\/wp-json\/wp\/v2\/product"}],"about":[{"href":"https:\/\/onlineautos.es\/en\/wp-json\/wp\/v2\/types\/product"}],"wp:featuredmedia":[{"embeddable":true,"href":"https:\/\/onlineautos.es\/en\/wp-json\/wp\/v2\/media\/3685"}],"wp:attachment":[{"href":"https:\/\/onlineautos.es\/en\/wp-json\/wp\/v2\/media?parent=3456"}],"wp:term":[{"taxonomy":"product_brand","embeddable":true,"href":"https:\/\/onlineautos.es\/en\/wp-json\/wp\/v2\/product_brand?post=3456"},{"taxonomy":"product_cat","embeddable":true,"href":"https:\/\/onlineautos.es\/en\/wp-json\/wp\/v2\/product_cat?post=3456"},{"taxonomy":"product_tag","embeddable":true,"href":"https:\/\/onlineautos.es\/en\/wp-json\/wp\/v2\/product_tag?post=3456"}],"curies":[{"name":"wp","href":"https:\/\/api.w.org\/{rel}","templated":true}]}}