{"id":3442,"date":"2025-04-29T11:41:02","date_gmt":"2025-04-29T09:41:02","guid":{"rendered":"https:\/\/onlineautos.es\/?post_type=product&#038;p=3442"},"modified":"2026-01-22T12:14:17","modified_gmt":"2026-01-22T11:14:17","slug":"2023-volkswagen-tiguan-rline-1-4-tsi-ehybrid-180kw-245hp-dsg","status":"publish","type":"product","link":"https:\/\/onlineautos.es\/en\/product\/2023-volkswagen-tiguan-rline-1-4-tsi-ehybrid-180kw-245hp-dsg\/","title":{"rendered":"2023 VOLKSWAGEN Tiguan RLine 1.4 TSI eHybrid 180kW 245hp DSG"},"content":{"rendered":"<h2><strong>VOLKSWAGEN Tiguan RLine 1.4 TSI eHybrid 180kW 245HP DSG<\/strong><\/h2>\n<p>&nbsp;<\/p>\n<p><span class=\"datosFull\"><strong>Year - 2023<\/strong><\/span><i class=\"fas fa-gas-pump\"><\/i><\/p>\n<p><strong>AUTOMATIC<\/strong><\/p>\n<p><strong>HYBRID\/GASOLINE<\/strong><\/p>\n<p><strong>KM: 29864<\/strong><\/p>\n<p><span class=\"datosFull\"><strong>Owners:1<\/strong><\/span><i class=\"fas fa-car-side\"><\/i><\/p>\n<p><strong><span class=\"datosFull\">Body: SUV<\/span><i class=\"fas fa-cogs\"><\/i><\/strong><\/p>\n<p><strong><span class=\"datosFull\">Power:hp 245<\/span><i class=\"fas fa-users\"><\/i><\/strong><\/p>\n<p><strong><span class=\"datosFull\">Seats:5<\/span><\/strong><\/p>","protected":false},"excerpt":{"rendered":"<p><strong>VOLKSWAGEN Tiguan RLine 1.4 TSI eHybrid 180kW 245HP DSG<\/strong><\/p>\n<p>-Vehicle in new condition.<br \/>\n-VAT deductible<br \/>\n-All maintenance is up to date and before delivery we carry out an extra maintenance at an official service centre to deliver it to you in the best conditions. You deserve it!<br \/>\n-We accept any mechanical test, expertise or need car help etc.<br \/>\n-We help you with financing in case you need it.<\/p>\n<p>We study the possibility of collecting your vehicle as part payment as long as it is in perfect condition.<\/p>\n<p><strong>Welcome to Online Autos!<\/strong><br \/>\nWe work with a different sales concept. Where our selection becomes your experience.<\/p>","protected":false},"featured_media":3573,"template":"","meta":{"site-sidebar-layout":"default","site-content-layout":"","ast-site-content-layout":"default","site-content-style":"default","site-sidebar-style":"default","ast-global-header-display":"","ast-banner-title-visibility":"","ast-main-header-display":"","ast-hfb-above-header-display":"","ast-hfb-below-header-display":"","ast-hfb-mobile-header-display":"","site-post-title":"","ast-breadcrumbs-content":"","ast-featured-img":"","footer-sml-layout":"","theme-transparent-header-meta":"default","adv-header-id-meta":"","stick-header-meta":"","header-above-stick-meta":"","header-main-stick-meta":"","header-below-stick-meta":"","astra-migrate-meta-layouts":"set","ast-page-background-enabled":"default","ast-page-background-meta":{"desktop":{"background-color":"var(--ast-global-color-4)","background-image":"","background-repeat":"repeat","background-position":"center center","background-size":"auto","background-attachment":"scroll","background-type":"","background-media":"","overlay-type":"","overlay-color":"","overlay-opacity":"","overlay-gradient":""},"tablet":{"background-color":"","background-image":"","background-repeat":"repeat","background-position":"center center","background-size":"auto","background-attachment":"scroll","background-type":"","background-media":"","overlay-type":"","overlay-color":"","overlay-opacity":"","overlay-gradient":""},"mobile":{"background-color":"","background-image":"","background-repeat":"repeat","background-position":"center center","background-size":"auto","background-attachment":"scroll","background-type":"","background-media":"","overlay-type":"","overlay-color":"","overlay-opacity":"","overlay-gradient":""}},"ast-content-background-meta":{"desktop":{"background-color":"var(--ast-global-color-5)","background-image":"","background-repeat":"repeat","background-position":"center center","background-size":"auto","background-attachment":"scroll","background-type":"","background-media":"","overlay-type":"","overlay-color":"","overlay-opacity":"","overlay-gradient":""},"tablet":{"background-color":"var(--ast-global-color-5)","background-image":"","background-repeat":"repeat","background-position":"center center","background-size":"auto","background-attachment":"scroll","background-type":"","background-media":"","overlay-type":"","overlay-color":"","overlay-opacity":"","overlay-gradient":""},"mobile":{"background-color":"var(--ast-global-color-5)","background-image":"","background-repeat":"repeat","background-position":"center center","background-size":"auto","background-attachment":"scroll","background-type":"","background-media":"","overlay-type":"","overlay-color":"","overlay-opacity":"","overlay-gradient":""}}},"product_brand":[],"product_cat":[26],"product_tag":[],"class_list":{"0":"post-3442","1":"product","2":"type-product","3":"status-publish","4":"has-post-thumbnail","6":"product_cat-online-autos","7":"desktop-align-left","8":"tablet-align-left","9":"mobile-align-left","11":"first","12":"instock","13":"shipping-taxable","14":"purchasable","15":"product-type-simple"},"yoast_head":"<!-- This site is optimized with the Yoast SEO plugin v26.8 - https:\/\/yoast.com\/product\/yoast-seo-wordpress\/ -->\n<title>2023 VOLKSWAGEN Tiguan RLine 1.4 TSI eHybrid 180kW 245CV DSG - Online Autos<\/title>\n<meta name=\"robots\" content=\"index, follow, max-snippet:-1, max-image-preview:large, max-video-preview:-1\" \/>\n<link rel=\"canonical\" href=\"https:\/\/onlineautos.es\/en\/product\/2023-volkswagen-tiguan-rline-1-4-tsi-ehybrid-180kw-245hp-dsg\/\" \/>\n<meta property=\"og:locale\" content=\"en_GB\" \/>\n<meta property=\"og:type\" content=\"article\" \/>\n<meta property=\"og:title\" content=\"2023 VOLKSWAGEN Tiguan RLine 1.4 TSI eHybrid 180kW 245CV DSG - Online Autos\" \/>\n<meta property=\"og:description\" content=\"VOLKSWAGEN Tiguan RLine 1.4 TSI eHybrid 180kW 245CV DSG  -Veh\u00edculo en condiciones de nuevo. -IVA deducible -Todos los mantenimientos al d\u00eda y antes de entregar realizamos un mantenimiento extra en casa oficial para entreg\u00e1rtelo en las mejores condiciones. Te lo mereces! -Aceptamos cualquier prueba mec\u00e1nica, peritaje o need car help etc. -Te ayudamos con la financiaci\u00f3n en caso de necesitarla.  Estudiamos la posibilidad de recoger su veh\u00edculo como parte de pago siempre y cuando este en perfectas condiciones.  Bienvenido a Online Autos! Trabajamos un concepto de venta diferente. Donde nuestra selecci\u00f3n se convierte en tu experiencia.\" \/>\n<meta property=\"og:url\" content=\"https:\/\/onlineautos.es\/en\/product\/2023-volkswagen-tiguan-rline-1-4-tsi-ehybrid-180kw-245hp-dsg\/\" \/>\n<meta property=\"og:site_name\" content=\"Online Autos\" \/>\n<meta property=\"article:modified_time\" content=\"2026-01-22T11:14:17+00:00\" \/>\n<meta property=\"og:image\" content=\"https:\/\/onlineautos.es\/wp-content\/uploads\/2025\/04\/TIGUAN-_23-683x1024.png\" \/>\n\t<meta property=\"og:image:width\" content=\"683\" \/>\n\t<meta property=\"og:image:height\" content=\"1024\" \/>\n\t<meta property=\"og:image:type\" content=\"image\/png\" \/>\n<meta name=\"twitter:card\" content=\"summary_large_image\" \/>\n<meta name=\"twitter:label1\" content=\"Estimated reading time\" \/>\n\t<meta name=\"twitter:data1\" content=\"1 minute\" \/>\n<script type=\"application\/ld+json\" class=\"yoast-schema-graph\">{\"@context\":\"https:\/\/schema.org\",\"@graph\":[{\"@type\":\"WebPage\",\"@id\":\"https:\/\/onlineautos.es\/producto\/2023-volkswagen-tiguan-rline-1-4-tsi-ehybrid-180kw-245cv-dsg\/\",\"url\":\"https:\/\/onlineautos.es\/producto\/2023-volkswagen-tiguan-rline-1-4-tsi-ehybrid-180kw-245cv-dsg\/\",\"name\":\"2023 VOLKSWAGEN Tiguan RLine 1.4 TSI eHybrid 180kW 245CV DSG - Online Autos\",\"isPartOf\":{\"@id\":\"https:\/\/onlineautos.es\/#website\"},\"primaryImageOfPage\":{\"@id\":\"https:\/\/onlineautos.es\/producto\/2023-volkswagen-tiguan-rline-1-4-tsi-ehybrid-180kw-245cv-dsg\/#primaryimage\"},\"image\":{\"@id\":\"https:\/\/onlineautos.es\/producto\/2023-volkswagen-tiguan-rline-1-4-tsi-ehybrid-180kw-245cv-dsg\/#primaryimage\"},\"thumbnailUrl\":\"https:\/\/onlineautos.es\/wp-content\/uploads\/2025\/04\/TIGUAN-_23.png\",\"datePublished\":\"2025-04-29T09:41:02+00:00\",\"dateModified\":\"2026-01-22T11:14:17+00:00\",\"breadcrumb\":{\"@id\":\"https:\/\/onlineautos.es\/producto\/2023-volkswagen-tiguan-rline-1-4-tsi-ehybrid-180kw-245cv-dsg\/#breadcrumb\"},\"inLanguage\":\"en-GB\",\"potentialAction\":[{\"@type\":\"ReadAction\",\"target\":[\"https:\/\/onlineautos.es\/producto\/2023-volkswagen-tiguan-rline-1-4-tsi-ehybrid-180kw-245cv-dsg\/\"]}]},{\"@type\":\"ImageObject\",\"inLanguage\":\"en-GB\",\"@id\":\"https:\/\/onlineautos.es\/producto\/2023-volkswagen-tiguan-rline-1-4-tsi-ehybrid-180kw-245cv-dsg\/#primaryimage\",\"url\":\"https:\/\/onlineautos.es\/wp-content\/uploads\/2025\/04\/TIGUAN-_23.png\",\"contentUrl\":\"https:\/\/onlineautos.es\/wp-content\/uploads\/2025\/04\/TIGUAN-_23.png\",\"width\":3648,\"height\":5472},{\"@type\":\"BreadcrumbList\",\"@id\":\"https:\/\/onlineautos.es\/producto\/2023-volkswagen-tiguan-rline-1-4-tsi-ehybrid-180kw-245cv-dsg\/#breadcrumb\",\"itemListElement\":[{\"@type\":\"ListItem\",\"position\":1,\"name\":\"Portada\",\"item\":\"https:\/\/onlineautos.es\/\"},{\"@type\":\"ListItem\",\"position\":2,\"name\":\"Productos\",\"item\":\"https:\/\/onlineautos.es\/tienda\/\"},{\"@type\":\"ListItem\",\"position\":3,\"name\":\"2023 VOLKSWAGEN Tiguan RLine 1.4 TSI eHybrid 180kW 245CV DSG\"}]},{\"@type\":\"WebSite\",\"@id\":\"https:\/\/onlineautos.es\/#website\",\"url\":\"https:\/\/onlineautos.es\/\",\"name\":\"Online Autos\",\"description\":\"No vendemos veh\u00edculos usado, vendemos veh\u00edculos con experiencia.\",\"publisher\":{\"@id\":\"https:\/\/onlineautos.es\/#organization\"},\"potentialAction\":[{\"@type\":\"SearchAction\",\"target\":{\"@type\":\"EntryPoint\",\"urlTemplate\":\"https:\/\/onlineautos.es\/?s={search_term_string}\"},\"query-input\":{\"@type\":\"PropertyValueSpecification\",\"valueRequired\":true,\"valueName\":\"search_term_string\"}}],\"inLanguage\":\"en-GB\"},{\"@type\":\"Organization\",\"@id\":\"https:\/\/onlineautos.es\/#organization\",\"name\":\"Online Autos\",\"url\":\"https:\/\/onlineautos.es\/\",\"logo\":{\"@type\":\"ImageObject\",\"inLanguage\":\"en-GB\",\"@id\":\"https:\/\/onlineautos.es\/#\/schema\/logo\/image\/\",\"url\":\"\",\"contentUrl\":\"\",\"caption\":\"Online Autos\"},\"image\":{\"@id\":\"https:\/\/onlineautos.es\/#\/schema\/logo\/image\/\"}}]}<\/script>\n<!-- \/ Yoast SEO plugin. -->","yoast_head_json":{"title":"2023 VOLKSWAGEN Tiguan RLine 1.4 TSI eHybrid 180kW 245HP DSG - Online Autos","robots":{"index":"index","follow":"follow","max-snippet":"max-snippet:-1","max-image-preview":"max-image-preview:large","max-video-preview":"max-video-preview:-1"},"canonical":"https:\/\/onlineautos.es\/en\/product\/2023-volkswagen-tiguan-rline-1-4-tsi-ehybrid-180kw-245hp-dsg\/","og_locale":"en_GB","og_type":"article","og_title":"2023 VOLKSWAGEN Tiguan RLine 1.4 TSI eHybrid 180kW 245CV DSG - Online Autos","og_description":"VOLKSWAGEN Tiguan RLine 1.4 TSI eHybrid 180kW 245CV DSG  -Veh\u00edculo en condiciones de nuevo. -IVA deducible -Todos los mantenimientos al d\u00eda y antes de entregar realizamos un mantenimiento extra en casa oficial para entreg\u00e1rtelo en las mejores condiciones. Te lo mereces! -Aceptamos cualquier prueba mec\u00e1nica, peritaje o need car help etc. -Te ayudamos con la financiaci\u00f3n en caso de necesitarla.  Estudiamos la posibilidad de recoger su veh\u00edculo como parte de pago siempre y cuando este en perfectas condiciones.  Bienvenido a Online Autos! Trabajamos un concepto de venta diferente. Donde nuestra selecci\u00f3n se convierte en tu experiencia.","og_url":"https:\/\/onlineautos.es\/en\/product\/2023-volkswagen-tiguan-rline-1-4-tsi-ehybrid-180kw-245hp-dsg\/","og_site_name":"Online Autos","article_modified_time":"2026-01-22T11:14:17+00:00","og_image":[{"width":683,"height":1024,"url":"https:\/\/onlineautos.es\/wp-content\/uploads\/2025\/04\/TIGUAN-_23-683x1024.png","type":"image\/png"}],"twitter_card":"summary_large_image","twitter_misc":{"Estimated reading time":"1 minute"},"schema":{"@context":"https:\/\/schema.org","@graph":[{"@type":"WebPage","@id":"https:\/\/onlineautos.es\/producto\/2023-volkswagen-tiguan-rline-1-4-tsi-ehybrid-180kw-245cv-dsg\/","url":"https:\/\/onlineautos.es\/producto\/2023-volkswagen-tiguan-rline-1-4-tsi-ehybrid-180kw-245cv-dsg\/","name":"2023 VOLKSWAGEN Tiguan RLine 1.4 TSI eHybrid 180kW 245HP DSG - Online Autos","isPartOf":{"@id":"https:\/\/onlineautos.es\/#website"},"primaryImageOfPage":{"@id":"https:\/\/onlineautos.es\/producto\/2023-volkswagen-tiguan-rline-1-4-tsi-ehybrid-180kw-245cv-dsg\/#primaryimage"},"image":{"@id":"https:\/\/onlineautos.es\/producto\/2023-volkswagen-tiguan-rline-1-4-tsi-ehybrid-180kw-245cv-dsg\/#primaryimage"},"thumbnailUrl":"https:\/\/onlineautos.es\/wp-content\/uploads\/2025\/04\/TIGUAN-_23.png","datePublished":"2025-04-29T09:41:02+00:00","dateModified":"2026-01-22T11:14:17+00:00","breadcrumb":{"@id":"https:\/\/onlineautos.es\/producto\/2023-volkswagen-tiguan-rline-1-4-tsi-ehybrid-180kw-245cv-dsg\/#breadcrumb"},"inLanguage":"en-GB","potentialAction":[{"@type":"ReadAction","target":["https:\/\/onlineautos.es\/producto\/2023-volkswagen-tiguan-rline-1-4-tsi-ehybrid-180kw-245cv-dsg\/"]}]},{"@type":"ImageObject","inLanguage":"en-GB","@id":"https:\/\/onlineautos.es\/producto\/2023-volkswagen-tiguan-rline-1-4-tsi-ehybrid-180kw-245cv-dsg\/#primaryimage","url":"https:\/\/onlineautos.es\/wp-content\/uploads\/2025\/04\/TIGUAN-_23.png","contentUrl":"https:\/\/onlineautos.es\/wp-content\/uploads\/2025\/04\/TIGUAN-_23.png","width":3648,"height":5472},{"@type":"BreadcrumbList","@id":"https:\/\/onlineautos.es\/producto\/2023-volkswagen-tiguan-rline-1-4-tsi-ehybrid-180kw-245cv-dsg\/#breadcrumb","itemListElement":[{"@type":"ListItem","position":1,"name":"Portada","item":"https:\/\/onlineautos.es\/"},{"@type":"ListItem","position":2,"name":"Productos","item":"https:\/\/onlineautos.es\/tienda\/"},{"@type":"ListItem","position":3,"name":"2023 VOLKSWAGEN Tiguan RLine 1.4 TSI eHybrid 180kW 245CV DSG"}]},{"@type":"WebSite","@id":"https:\/\/onlineautos.es\/#website","url":"https:\/\/onlineautos.es\/","name":"Online Cars","description":"We do not sell used vehicles, we sell experienced vehicles.","publisher":{"@id":"https:\/\/onlineautos.es\/#organization"},"potentialAction":[{"@type":"SearchAction","target":{"@type":"EntryPoint","urlTemplate":"https:\/\/onlineautos.es\/?s={search_term_string}"},"query-input":{"@type":"PropertyValueSpecification","valueRequired":true,"valueName":"search_term_string"}}],"inLanguage":"en-GB"},{"@type":"Organization","@id":"https:\/\/onlineautos.es\/#organization","name":"Online Cars","url":"https:\/\/onlineautos.es\/","logo":{"@type":"ImageObject","inLanguage":"en-GB","@id":"https:\/\/onlineautos.es\/#\/schema\/logo\/image\/","url":"","contentUrl":"","caption":"Online Autos"},"image":{"@id":"https:\/\/onlineautos.es\/#\/schema\/logo\/image\/"}}]}},"_links":{"self":[{"href":"https:\/\/onlineautos.es\/en\/wp-json\/wp\/v2\/product\/3442","targetHints":{"allow":["GET"]}}],"collection":[{"href":"https:\/\/onlineautos.es\/en\/wp-json\/wp\/v2\/product"}],"about":[{"href":"https:\/\/onlineautos.es\/en\/wp-json\/wp\/v2\/types\/product"}],"wp:featuredmedia":[{"embeddable":true,"href":"https:\/\/onlineautos.es\/en\/wp-json\/wp\/v2\/media\/3573"}],"wp:attachment":[{"href":"https:\/\/onlineautos.es\/en\/wp-json\/wp\/v2\/media?parent=3442"}],"wp:term":[{"taxonomy":"product_brand","embeddable":true,"href":"https:\/\/onlineautos.es\/en\/wp-json\/wp\/v2\/product_brand?post=3442"},{"taxonomy":"product_cat","embeddable":true,"href":"https:\/\/onlineautos.es\/en\/wp-json\/wp\/v2\/product_cat?post=3442"},{"taxonomy":"product_tag","embeddable":true,"href":"https:\/\/onlineautos.es\/en\/wp-json\/wp\/v2\/product_tag?post=3442"}],"curies":[{"name":"wp","href":"https:\/\/api.w.org\/{rel}","templated":true}]}}