{"id":3415,"date":"2025-04-29T10:15:26","date_gmt":"2025-04-29T08:15:26","guid":{"rendered":"https:\/\/onlineautos.es\/?post_type=product&#038;p=3415"},"modified":"2026-01-22T12:11:00","modified_gmt":"2026-01-22T11:11:00","slug":"2021-audi-q5-s-line-50-tfsi-e-quattroultra","status":"publish","type":"product","link":"https:\/\/onlineautos.es\/en\/product\/2021-audi-q5-s-line-50-tfsi-e-quattroultra\/","title":{"rendered":"2021 AUDI Q5 S Line 50 TFSI e quattroultra"},"content":{"rendered":"<h1 class=\"mt-TitleBasic-title mt-TitleBasic-title--s mt-TitleBasic-title--black\">AUDI Q5 S Line 50 TFSI e quattroultra<\/h1>\n<p>&nbsp;<\/p>\n<p><span class=\"datosFull\"><strong>Year - 2021<\/strong><\/span><i class=\"fas fa-gas-pump\"><\/i><\/p>\n<p><strong>AUTOMATIC<\/strong><\/p>\n<p><strong>HIBRIDO<\/strong><\/p>\n<p><strong>KM: 79.978<\/strong><\/p>\n<p><span class=\"datosFull\"><strong>Owners:1<\/strong><\/span><i class=\"fas fa-car-side\"><\/i><\/p>\n<p><strong><span class=\"datosFull\">Body: SUV<\/span><i class=\"fas fa-cogs\"><\/i><\/strong><\/p>\n<p><strong><span class=\"datosFull\">Power:hp 299<\/span><i class=\"fas fa-users\"><\/i><\/strong><\/p>\n<p><strong><span class=\"datosFull\">Seats:5<\/span><\/strong><\/p>","protected":false},"excerpt":{"rendered":"<p><strong>AUDI Q5 S Line 50 TFSI e<\/strong><\/p>\n<p>-Vehicle in fantastic condition.<br \/>\n-VAT deductible<br \/>\n-All maintenance is up to date and before delivery we carry out an extra maintenance at an official service centre to deliver it to you in the best conditions. You deserve it!<br \/>\n-We accept any mechanical test, expertise or need car help etc.<br \/>\n-We help you with financing in case you need it.<\/p>\n<p>We study the possibility of collecting your vehicle as part payment as long as it is in perfect condition.<\/p>\n<p><strong>Welcome to Online Autos!<\/strong><br \/>\nWe work with a different sales concept. Where our selection becomes your experience.<\/p>","protected":false},"featured_media":4024,"template":"","meta":{"site-sidebar-layout":"default","site-content-layout":"","ast-site-content-layout":"default","site-content-style":"default","site-sidebar-style":"default","ast-global-header-display":"","ast-banner-title-visibility":"","ast-main-header-display":"","ast-hfb-above-header-display":"","ast-hfb-below-header-display":"","ast-hfb-mobile-header-display":"","site-post-title":"","ast-breadcrumbs-content":"","ast-featured-img":"","footer-sml-layout":"","theme-transparent-header-meta":"default","adv-header-id-meta":"","stick-header-meta":"","header-above-stick-meta":"","header-main-stick-meta":"","header-below-stick-meta":"","astra-migrate-meta-layouts":"set","ast-page-background-enabled":"default","ast-page-background-meta":{"desktop":{"background-color":"var(--ast-global-color-4)","background-image":"","background-repeat":"repeat","background-position":"center center","background-size":"auto","background-attachment":"scroll","background-type":"","background-media":"","overlay-type":"","overlay-color":"","overlay-opacity":"","overlay-gradient":""},"tablet":{"background-color":"","background-image":"","background-repeat":"repeat","background-position":"center center","background-size":"auto","background-attachment":"scroll","background-type":"","background-media":"","overlay-type":"","overlay-color":"","overlay-opacity":"","overlay-gradient":""},"mobile":{"background-color":"","background-image":"","background-repeat":"repeat","background-position":"center center","background-size":"auto","background-attachment":"scroll","background-type":"","background-media":"","overlay-type":"","overlay-color":"","overlay-opacity":"","overlay-gradient":""}},"ast-content-background-meta":{"desktop":{"background-color":"var(--ast-global-color-5)","background-image":"","background-repeat":"repeat","background-position":"center center","background-size":"auto","background-attachment":"scroll","background-type":"","background-media":"","overlay-type":"","overlay-color":"","overlay-opacity":"","overlay-gradient":""},"tablet":{"background-color":"var(--ast-global-color-5)","background-image":"","background-repeat":"repeat","background-position":"center center","background-size":"auto","background-attachment":"scroll","background-type":"","background-media":"","overlay-type":"","overlay-color":"","overlay-opacity":"","overlay-gradient":""},"mobile":{"background-color":"var(--ast-global-color-5)","background-image":"","background-repeat":"repeat","background-position":"center center","background-size":"auto","background-attachment":"scroll","background-type":"","background-media":"","overlay-type":"","overlay-color":"","overlay-opacity":"","overlay-gradient":""}}},"product_brand":[],"product_cat":[26],"product_tag":[],"class_list":{"0":"post-3415","1":"product","2":"type-product","3":"status-publish","4":"has-post-thumbnail","6":"product_cat-online-autos","7":"desktop-align-left","8":"tablet-align-left","9":"mobile-align-left","11":"first","12":"instock","13":"shipping-taxable","14":"purchasable","15":"product-type-simple"},"yoast_head":"<!-- This site is optimized with the Yoast SEO plugin v26.8 - https:\/\/yoast.com\/product\/yoast-seo-wordpress\/ -->\n<title>2021 AUDI Q5 S Line 50 TFSI e quattroultra - Online Autos<\/title>\n<meta name=\"robots\" content=\"index, follow, max-snippet:-1, max-image-preview:large, max-video-preview:-1\" \/>\n<link rel=\"canonical\" href=\"https:\/\/onlineautos.es\/en\/product\/2021-audi-q5-s-line-50-tfsi-e-quattroultra\/\" \/>\n<meta property=\"og:locale\" content=\"en_GB\" \/>\n<meta property=\"og:type\" content=\"article\" \/>\n<meta property=\"og:title\" content=\"2021 AUDI Q5 S Line 50 TFSI e quattroultra - Online Autos\" \/>\n<meta property=\"og:description\" content=\"AUDI Q5 S Line 50 TFSI e  -Veh\u00edculo en fant\u00e1sticas condiciones. -IVA deducible -Todos los mantenimientos al d\u00eda y antes de entregar realizamos un mantenimiento extra en casa oficial para entreg\u00e1rtelo en las mejores condiciones. Te lo mereces! -Aceptamos cualquier prueba mec\u00e1nica, peritaje o need car help etc. -Te ayudamos con la financiaci\u00f3n en caso de necesitarla.  Estudiamos la posibilidad de recoger su veh\u00edculo como parte de pago siempre y cuando este en perfectas condiciones.  Bienvenido a Online Autos! Trabajamos un concepto de venta diferente. Donde nuestra selecci\u00f3n se convierte en tu experiencia.\" \/>\n<meta property=\"og:url\" content=\"https:\/\/onlineautos.es\/en\/product\/2021-audi-q5-s-line-50-tfsi-e-quattroultra\/\" \/>\n<meta property=\"og:site_name\" content=\"Online Autos\" \/>\n<meta property=\"article:modified_time\" content=\"2026-01-22T11:11:00+00:00\" \/>\n<meta property=\"og:image\" content=\"https:\/\/onlineautos.es\/wp-content\/uploads\/2025\/04\/IMG_2930.jpeg\" \/>\n\t<meta property=\"og:image:width\" content=\"1290\" \/>\n\t<meta property=\"og:image:height\" content=\"1515\" \/>\n\t<meta property=\"og:image:type\" content=\"image\/jpeg\" \/>\n<meta name=\"twitter:card\" content=\"summary_large_image\" \/>\n<meta name=\"twitter:label1\" content=\"Estimated reading time\" \/>\n\t<meta name=\"twitter:data1\" content=\"1 minute\" \/>\n<script type=\"application\/ld+json\" class=\"yoast-schema-graph\">{\"@context\":\"https:\/\/schema.org\",\"@graph\":[{\"@type\":\"WebPage\",\"@id\":\"https:\/\/onlineautos.es\/producto\/2021-audi-q5-s-line-50-tfsi-e-quattroultra\/\",\"url\":\"https:\/\/onlineautos.es\/producto\/2021-audi-q5-s-line-50-tfsi-e-quattroultra\/\",\"name\":\"2021 AUDI Q5 S Line 50 TFSI e quattroultra - Online Autos\",\"isPartOf\":{\"@id\":\"https:\/\/onlineautos.es\/#website\"},\"primaryImageOfPage\":{\"@id\":\"https:\/\/onlineautos.es\/producto\/2021-audi-q5-s-line-50-tfsi-e-quattroultra\/#primaryimage\"},\"image\":{\"@id\":\"https:\/\/onlineautos.es\/producto\/2021-audi-q5-s-line-50-tfsi-e-quattroultra\/#primaryimage\"},\"thumbnailUrl\":\"https:\/\/onlineautos.es\/wp-content\/uploads\/2025\/04\/IMG_2930.jpeg\",\"datePublished\":\"2025-04-29T08:15:26+00:00\",\"dateModified\":\"2026-01-22T11:11:00+00:00\",\"breadcrumb\":{\"@id\":\"https:\/\/onlineautos.es\/producto\/2021-audi-q5-s-line-50-tfsi-e-quattroultra\/#breadcrumb\"},\"inLanguage\":\"en-GB\",\"potentialAction\":[{\"@type\":\"ReadAction\",\"target\":[\"https:\/\/onlineautos.es\/producto\/2021-audi-q5-s-line-50-tfsi-e-quattroultra\/\"]}]},{\"@type\":\"ImageObject\",\"inLanguage\":\"en-GB\",\"@id\":\"https:\/\/onlineautos.es\/producto\/2021-audi-q5-s-line-50-tfsi-e-quattroultra\/#primaryimage\",\"url\":\"https:\/\/onlineautos.es\/wp-content\/uploads\/2025\/04\/IMG_2930.jpeg\",\"contentUrl\":\"https:\/\/onlineautos.es\/wp-content\/uploads\/2025\/04\/IMG_2930.jpeg\",\"width\":1290,\"height\":1515,\"caption\":\"Screenshot\"},{\"@type\":\"BreadcrumbList\",\"@id\":\"https:\/\/onlineautos.es\/producto\/2021-audi-q5-s-line-50-tfsi-e-quattroultra\/#breadcrumb\",\"itemListElement\":[{\"@type\":\"ListItem\",\"position\":1,\"name\":\"Portada\",\"item\":\"https:\/\/onlineautos.es\/\"},{\"@type\":\"ListItem\",\"position\":2,\"name\":\"Productos\",\"item\":\"https:\/\/onlineautos.es\/tienda\/\"},{\"@type\":\"ListItem\",\"position\":3,\"name\":\"2021 AUDI Q5 S Line 50 TFSI e quattroultra\"}]},{\"@type\":\"WebSite\",\"@id\":\"https:\/\/onlineautos.es\/#website\",\"url\":\"https:\/\/onlineautos.es\/\",\"name\":\"Online Autos\",\"description\":\"No vendemos veh\u00edculos usado, vendemos veh\u00edculos con experiencia.\",\"publisher\":{\"@id\":\"https:\/\/onlineautos.es\/#organization\"},\"potentialAction\":[{\"@type\":\"SearchAction\",\"target\":{\"@type\":\"EntryPoint\",\"urlTemplate\":\"https:\/\/onlineautos.es\/?s={search_term_string}\"},\"query-input\":{\"@type\":\"PropertyValueSpecification\",\"valueRequired\":true,\"valueName\":\"search_term_string\"}}],\"inLanguage\":\"en-GB\"},{\"@type\":\"Organization\",\"@id\":\"https:\/\/onlineautos.es\/#organization\",\"name\":\"Online Autos\",\"url\":\"https:\/\/onlineautos.es\/\",\"logo\":{\"@type\":\"ImageObject\",\"inLanguage\":\"en-GB\",\"@id\":\"https:\/\/onlineautos.es\/#\/schema\/logo\/image\/\",\"url\":\"\",\"contentUrl\":\"\",\"caption\":\"Online Autos\"},\"image\":{\"@id\":\"https:\/\/onlineautos.es\/#\/schema\/logo\/image\/\"}}]}<\/script>\n<!-- \/ Yoast SEO plugin. -->","yoast_head_json":{"title":"2021 AUDI Q5 S Line 50 TFSI and quattroultra - Online Autos","robots":{"index":"index","follow":"follow","max-snippet":"max-snippet:-1","max-image-preview":"max-image-preview:large","max-video-preview":"max-video-preview:-1"},"canonical":"https:\/\/onlineautos.es\/en\/product\/2021-audi-q5-s-line-50-tfsi-e-quattroultra\/","og_locale":"en_GB","og_type":"article","og_title":"2021 AUDI Q5 S Line 50 TFSI e quattroultra - Online Autos","og_description":"AUDI Q5 S Line 50 TFSI e  -Veh\u00edculo en fant\u00e1sticas condiciones. -IVA deducible -Todos los mantenimientos al d\u00eda y antes de entregar realizamos un mantenimiento extra en casa oficial para entreg\u00e1rtelo en las mejores condiciones. Te lo mereces! -Aceptamos cualquier prueba mec\u00e1nica, peritaje o need car help etc. -Te ayudamos con la financiaci\u00f3n en caso de necesitarla.  Estudiamos la posibilidad de recoger su veh\u00edculo como parte de pago siempre y cuando este en perfectas condiciones.  Bienvenido a Online Autos! Trabajamos un concepto de venta diferente. Donde nuestra selecci\u00f3n se convierte en tu experiencia.","og_url":"https:\/\/onlineautos.es\/en\/product\/2021-audi-q5-s-line-50-tfsi-e-quattroultra\/","og_site_name":"Online Autos","article_modified_time":"2026-01-22T11:11:00+00:00","og_image":[{"width":1290,"height":1515,"url":"https:\/\/onlineautos.es\/wp-content\/uploads\/2025\/04\/IMG_2930.jpeg","type":"image\/jpeg"}],"twitter_card":"summary_large_image","twitter_misc":{"Estimated reading time":"1 minute"},"schema":{"@context":"https:\/\/schema.org","@graph":[{"@type":"WebPage","@id":"https:\/\/onlineautos.es\/producto\/2021-audi-q5-s-line-50-tfsi-e-quattroultra\/","url":"https:\/\/onlineautos.es\/producto\/2021-audi-q5-s-line-50-tfsi-e-quattroultra\/","name":"2021 AUDI Q5 S Line 50 TFSI and quattroultra - Online Autos","isPartOf":{"@id":"https:\/\/onlineautos.es\/#website"},"primaryImageOfPage":{"@id":"https:\/\/onlineautos.es\/producto\/2021-audi-q5-s-line-50-tfsi-e-quattroultra\/#primaryimage"},"image":{"@id":"https:\/\/onlineautos.es\/producto\/2021-audi-q5-s-line-50-tfsi-e-quattroultra\/#primaryimage"},"thumbnailUrl":"https:\/\/onlineautos.es\/wp-content\/uploads\/2025\/04\/IMG_2930.jpeg","datePublished":"2025-04-29T08:15:26+00:00","dateModified":"2026-01-22T11:11:00+00:00","breadcrumb":{"@id":"https:\/\/onlineautos.es\/producto\/2021-audi-q5-s-line-50-tfsi-e-quattroultra\/#breadcrumb"},"inLanguage":"en-GB","potentialAction":[{"@type":"ReadAction","target":["https:\/\/onlineautos.es\/producto\/2021-audi-q5-s-line-50-tfsi-e-quattroultra\/"]}]},{"@type":"ImageObject","inLanguage":"en-GB","@id":"https:\/\/onlineautos.es\/producto\/2021-audi-q5-s-line-50-tfsi-e-quattroultra\/#primaryimage","url":"https:\/\/onlineautos.es\/wp-content\/uploads\/2025\/04\/IMG_2930.jpeg","contentUrl":"https:\/\/onlineautos.es\/wp-content\/uploads\/2025\/04\/IMG_2930.jpeg","width":1290,"height":1515,"caption":"Screenshot"},{"@type":"BreadcrumbList","@id":"https:\/\/onlineautos.es\/producto\/2021-audi-q5-s-line-50-tfsi-e-quattroultra\/#breadcrumb","itemListElement":[{"@type":"ListItem","position":1,"name":"Portada","item":"https:\/\/onlineautos.es\/"},{"@type":"ListItem","position":2,"name":"Productos","item":"https:\/\/onlineautos.es\/tienda\/"},{"@type":"ListItem","position":3,"name":"2021 AUDI Q5 S Line 50 TFSI e quattroultra"}]},{"@type":"WebSite","@id":"https:\/\/onlineautos.es\/#website","url":"https:\/\/onlineautos.es\/","name":"Online Cars","description":"We do not sell used vehicles, we sell experienced vehicles.","publisher":{"@id":"https:\/\/onlineautos.es\/#organization"},"potentialAction":[{"@type":"SearchAction","target":{"@type":"EntryPoint","urlTemplate":"https:\/\/onlineautos.es\/?s={search_term_string}"},"query-input":{"@type":"PropertyValueSpecification","valueRequired":true,"valueName":"search_term_string"}}],"inLanguage":"en-GB"},{"@type":"Organization","@id":"https:\/\/onlineautos.es\/#organization","name":"Online Cars","url":"https:\/\/onlineautos.es\/","logo":{"@type":"ImageObject","inLanguage":"en-GB","@id":"https:\/\/onlineautos.es\/#\/schema\/logo\/image\/","url":"","contentUrl":"","caption":"Online Autos"},"image":{"@id":"https:\/\/onlineautos.es\/#\/schema\/logo\/image\/"}}]}},"_links":{"self":[{"href":"https:\/\/onlineautos.es\/en\/wp-json\/wp\/v2\/product\/3415","targetHints":{"allow":["GET"]}}],"collection":[{"href":"https:\/\/onlineautos.es\/en\/wp-json\/wp\/v2\/product"}],"about":[{"href":"https:\/\/onlineautos.es\/en\/wp-json\/wp\/v2\/types\/product"}],"wp:featuredmedia":[{"embeddable":true,"href":"https:\/\/onlineautos.es\/en\/wp-json\/wp\/v2\/media\/4024"}],"wp:attachment":[{"href":"https:\/\/onlineautos.es\/en\/wp-json\/wp\/v2\/media?parent=3415"}],"wp:term":[{"taxonomy":"product_brand","embeddable":true,"href":"https:\/\/onlineautos.es\/en\/wp-json\/wp\/v2\/product_brand?post=3415"},{"taxonomy":"product_cat","embeddable":true,"href":"https:\/\/onlineautos.es\/en\/wp-json\/wp\/v2\/product_cat?post=3415"},{"taxonomy":"product_tag","embeddable":true,"href":"https:\/\/onlineautos.es\/en\/wp-json\/wp\/v2\/product_tag?post=3415"}],"curies":[{"name":"wp","href":"https:\/\/api.w.org\/{rel}","templated":true}]}}