{"id":366,"date":"2024-04-03T15:08:20","date_gmt":"2024-04-03T13:08:20","guid":{"rendered":"https:\/\/onlineautos.es\/?page_id=366"},"modified":"2025-05-09T11:09:40","modified_gmt":"2025-05-09T09:09:40","slug":"sell-your-car","status":"publish","type":"page","link":"https:\/\/onlineautos.es\/en\/sell-your-car\/","title":{"rendered":"SELL YOUR CAR"},"content":{"rendered":"<div data-elementor-type=\"wp-page\" data-elementor-id=\"366\" class=\"elementor elementor-366\" data-elementor-post-type=\"page\">\n\t\t\t\t<div class=\"elementor-element elementor-element-0cecaf9 e-con-full e-flex e-con e-parent\" data-id=\"0cecaf9\" data-element_type=\"container\" data-e-type=\"container\" data-settings=\"{&quot;background_background&quot;:&quot;classic&quot;}\">\n\t\t<div class=\"elementor-element elementor-element-60841e7 e-flex e-con-boxed e-con e-child\" data-id=\"60841e7\" data-element_type=\"container\" data-e-type=\"container\">\n\t\t\t\t\t<div class=\"e-con-inner\">\n\t\t\t\t<div class=\"elementor-element elementor-element-8e7feaa elementor-widget elementor-widget-heading\" data-id=\"8e7feaa\" data-element_type=\"widget\" data-e-type=\"widget\" data-widget_type=\"heading.default\">\n\t\t\t\t<div class=\"elementor-widget-container\">\n\t\t\t\t\t<h1 class=\"elementor-heading-title elementor-size-default\">Selling your car<\/h1>\t\t\t\t<\/div>\n\t\t\t\t<\/div>\n\t\t\t\t<div class=\"elementor-element elementor-element-b3cd086 elementor-widget elementor-widget-heading\" data-id=\"b3cd086\" data-element_type=\"widget\" data-e-type=\"widget\" data-widget_type=\"heading.default\">\n\t\t\t\t<div class=\"elementor-widget-container\">\n\t\t\t\t\t<h2 class=\"elementor-heading-title elementor-size-default\">We help you sell your vehicle<\/h2>\t\t\t\t<\/div>\n\t\t\t\t<\/div>\n\t\t\t\t<div class=\"elementor-element elementor-element-9716fb0 elementor-widget__width-initial elementor-widget elementor-widget-text-editor\" data-id=\"9716fb0\" data-element_type=\"widget\" data-e-type=\"widget\" data-widget_type=\"text-editor.default\">\n\t\t\t\t<div class=\"elementor-widget-container\">\n\t\t\t\t\t\t\t\t\t<p>If you are interested in\u00a0<strong>sell<\/strong>\u00a0a second-hand car, we can help you get the most performance. In Online Car we have the tools and contacts needed for the process is fast and tailored to your needs.<\/p>\t\t\t\t\t\t\t\t<\/div>\n\t\t\t\t<\/div>\n\t\t\t\t\t<\/div>\n\t\t\t\t<\/div>\n\t\t\t\t<\/div>\n\t\t<div class=\"elementor-element elementor-element-4be95f6 e-con-full e-flex e-con e-parent\" data-id=\"4be95f6\" data-element_type=\"container\" data-e-type=\"container\">\n\t\t<div class=\"elementor-element elementor-element-6dd9b3b e-con-full e-flex e-con e-child\" data-id=\"6dd9b3b\" data-element_type=\"container\" data-e-type=\"container\">\n\t\t\t\t<div class=\"elementor-element elementor-element-cfae948 elementor-widget-tablet__width-inherit elementor-widget elementor-widget-image\" data-id=\"cfae948\" data-element_type=\"widget\" data-e-type=\"widget\" data-widget_type=\"image.default\">\n\t\t\t\t<div class=\"elementor-widget-container\">\n\t\t\t\t\t\t\t\t\t\t\t\t\t\t\t<img fetchpriority=\"high\" decoding=\"async\" width=\"1536\" height=\"1025\" src=\"https:\/\/onlineautos.es\/wp-content\/uploads\/2025\/04\/OnlineAutos-049-2-1536x1025.jpg\" class=\"attachment-1536x1536 size-1536x1536 wp-image-2849\" alt=\"\" srcset=\"https:\/\/onlineautos.es\/wp-content\/uploads\/2025\/04\/OnlineAutos-049-2-1536x1025.jpg 1536w, https:\/\/onlineautos.es\/wp-content\/uploads\/2025\/04\/OnlineAutos-049-2-300x200.jpg 300w, https:\/\/onlineautos.es\/wp-content\/uploads\/2025\/04\/OnlineAutos-049-2-1024x683.jpg 1024w, https:\/\/onlineautos.es\/wp-content\/uploads\/2025\/04\/OnlineAutos-049-2-768x512.jpg 768w, https:\/\/onlineautos.es\/wp-content\/uploads\/2025\/04\/OnlineAutos-049-2-18x12.jpg 18w, https:\/\/onlineautos.es\/wp-content\/uploads\/2025\/04\/OnlineAutos-049-2-600x400.jpg 600w, https:\/\/onlineautos.es\/wp-content\/uploads\/2025\/04\/OnlineAutos-049-2.jpg 1920w\" sizes=\"(max-width: 1536px) 100vw, 1536px\" \/>\t\t\t\t\t\t\t\t\t\t\t\t\t\t\t<\/div>\n\t\t\t\t<\/div>\n\t\t\t\t<\/div>\n\t\t<div class=\"elementor-element elementor-element-2bdcfce e-con-full e-flex e-con e-child\" data-id=\"2bdcfce\" data-element_type=\"container\" data-e-type=\"container\" data-settings=\"{&quot;background_background&quot;:&quot;classic&quot;}\">\n\t\t\t\t<div class=\"elementor-element elementor-element-f470a12 elementor-widget__width-initial elementor-widget-tablet__width-inherit elementor-widget elementor-widget-heading\" data-id=\"f470a12\" data-element_type=\"widget\" data-e-type=\"widget\" data-widget_type=\"heading.default\">\n\t\t\t\t<div class=\"elementor-widget-container\">\n\t\t\t\t\t<h2 class=\"elementor-heading-title elementor-size-default\">Appraise your car for FREE<\/h2>\t\t\t\t<\/div>\n\t\t\t\t<\/div>\n\t\t\t\t<div class=\"elementor-element elementor-element-704d93d elementor-widget__width-initial elementor-widget-tablet__width-inherit elementor-widget elementor-widget-text-editor\" data-id=\"704d93d\" data-element_type=\"widget\" data-e-type=\"widget\" data-widget_type=\"text-editor.default\">\n\t\t\t\t<div class=\"elementor-widget-container\">\n\t\t\t\t\t\t\t\t\t<p>We help you to discover the value of your car free of charge. The process is online, simple, and without any commitment.<\/p>\t\t\t\t\t\t\t\t<\/div>\n\t\t\t\t<\/div>\n\t\t\t\t<\/div>\n\t\t\t\t<\/div>\n\t\t<div class=\"elementor-element elementor-element-a7815f2 e-con-full e-flex e-con e-parent\" data-id=\"a7815f2\" data-element_type=\"container\" data-e-type=\"container\">\n\t\t<div class=\"elementor-element elementor-element-06116b6 e-con-full e-flex e-con e-child\" data-id=\"06116b6\" data-element_type=\"container\" data-e-type=\"container\">\n\t\t\t\t<div class=\"elementor-element elementor-element-5fa877f elementor-widget-tablet__width-inherit elementor-widget-mobile__width-inherit elementor-widget elementor-widget-image\" data-id=\"5fa877f\" data-element_type=\"widget\" data-e-type=\"widget\" data-widget_type=\"image.default\">\n\t\t\t\t<div class=\"elementor-widget-container\">\n\t\t\t\t\t\t\t\t\t\t\t\t\t\t\t<img decoding=\"async\" width=\"1536\" height=\"1025\" src=\"https:\/\/onlineautos.es\/wp-content\/uploads\/2025\/04\/OnlineAutos-048-2-1536x1025.jpg\" class=\"attachment-1536x1536 size-1536x1536 wp-image-2851\" alt=\"\" srcset=\"https:\/\/onlineautos.es\/wp-content\/uploads\/2025\/04\/OnlineAutos-048-2-1536x1025.jpg 1536w, https:\/\/onlineautos.es\/wp-content\/uploads\/2025\/04\/OnlineAutos-048-2-300x200.jpg 300w, https:\/\/onlineautos.es\/wp-content\/uploads\/2025\/04\/OnlineAutos-048-2-1024x683.jpg 1024w, https:\/\/onlineautos.es\/wp-content\/uploads\/2025\/04\/OnlineAutos-048-2-768x512.jpg 768w, https:\/\/onlineautos.es\/wp-content\/uploads\/2025\/04\/OnlineAutos-048-2-18x12.jpg 18w, https:\/\/onlineautos.es\/wp-content\/uploads\/2025\/04\/OnlineAutos-048-2-600x400.jpg 600w, https:\/\/onlineautos.es\/wp-content\/uploads\/2025\/04\/OnlineAutos-048-2.jpg 1920w\" sizes=\"(max-width: 1536px) 100vw, 1536px\" \/>\t\t\t\t\t\t\t\t\t\t\t\t\t\t\t<\/div>\n\t\t\t\t<\/div>\n\t\t\t\t<\/div>\n\t\t<div class=\"elementor-element elementor-element-3c07acc e-con-full e-flex e-con e-child\" data-id=\"3c07acc\" data-element_type=\"container\" data-e-type=\"container\" data-settings=\"{&quot;background_background&quot;:&quot;classic&quot;}\">\n\t\t\t\t<div class=\"elementor-element elementor-element-d4f2ab6 elementor-widget__width-initial elementor-widget-tablet__width-inherit elementor-widget elementor-widget-heading\" data-id=\"d4f2ab6\" data-element_type=\"widget\" data-e-type=\"widget\" data-widget_type=\"heading.default\">\n\t\t\t\t<div class=\"elementor-widget-container\">\n\t\t\t\t\t<h2 class=\"elementor-heading-title elementor-size-default\">We analyze your situation<\/h2>\t\t\t\t<\/div>\n\t\t\t\t<\/div>\n\t\t\t\t<div class=\"elementor-element elementor-element-6a28010 elementor-widget__width-initial elementor-widget-tablet__width-inherit elementor-widget elementor-widget-text-editor\" data-id=\"6a28010\" data-element_type=\"widget\" data-e-type=\"widget\" data-widget_type=\"text-editor.default\">\n\t\t\t\t<div class=\"elementor-widget-container\">\n\t\t\t\t\t\t\t\t\t<p>Once you send us the form with the data of your vehicle, and we know the value of your car, we will analyze your situation and the different scenarios for you to get the most performance.<\/p>\t\t\t\t\t\t\t\t<\/div>\n\t\t\t\t<\/div>\n\t\t\t\t<\/div>\n\t\t\t\t<\/div>\n\t\t<div class=\"elementor-element elementor-element-02f9bec e-con-full e-flex e-con e-parent\" data-id=\"02f9bec\" data-element_type=\"container\" data-e-type=\"container\">\n\t\t<div class=\"elementor-element elementor-element-2b66812 e-con-full e-flex e-con e-child\" data-id=\"2b66812\" data-element_type=\"container\" data-e-type=\"container\">\n\t\t\t\t<div class=\"elementor-element elementor-element-3ff9382 elementor-widget-mobile__width-inherit elementor-widget elementor-widget-image\" data-id=\"3ff9382\" data-element_type=\"widget\" data-e-type=\"widget\" data-widget_type=\"image.default\">\n\t\t\t\t<div class=\"elementor-widget-container\">\n\t\t\t\t\t\t\t\t\t\t\t\t\t\t\t<img decoding=\"async\" width=\"1536\" height=\"1025\" src=\"https:\/\/onlineautos.es\/wp-content\/uploads\/2025\/04\/OnlineAutos-025-2-1536x1025.jpg\" class=\"attachment-1536x1536 size-1536x1536 wp-image-2848\" alt=\"\" srcset=\"https:\/\/onlineautos.es\/wp-content\/uploads\/2025\/04\/OnlineAutos-025-2-1536x1025.jpg 1536w, https:\/\/onlineautos.es\/wp-content\/uploads\/2025\/04\/OnlineAutos-025-2-300x200.jpg 300w, https:\/\/onlineautos.es\/wp-content\/uploads\/2025\/04\/OnlineAutos-025-2-1024x683.jpg 1024w, https:\/\/onlineautos.es\/wp-content\/uploads\/2025\/04\/OnlineAutos-025-2-768x512.jpg 768w, https:\/\/onlineautos.es\/wp-content\/uploads\/2025\/04\/OnlineAutos-025-2-18x12.jpg 18w, https:\/\/onlineautos.es\/wp-content\/uploads\/2025\/04\/OnlineAutos-025-2-600x400.jpg 600w, https:\/\/onlineautos.es\/wp-content\/uploads\/2025\/04\/OnlineAutos-025-2.jpg 1920w\" sizes=\"(max-width: 1536px) 100vw, 1536px\" \/>\t\t\t\t\t\t\t\t\t\t\t\t\t\t\t<\/div>\n\t\t\t\t<\/div>\n\t\t\t\t<\/div>\n\t\t<div class=\"elementor-element elementor-element-ec8d03f e-con-full e-flex e-con e-child\" data-id=\"ec8d03f\" data-element_type=\"container\" data-e-type=\"container\" data-settings=\"{&quot;background_background&quot;:&quot;classic&quot;}\">\n\t\t\t\t<div class=\"elementor-element elementor-element-a6b9c6e elementor-widget__width-initial elementor-widget-tablet__width-inherit elementor-widget elementor-widget-heading\" data-id=\"a6b9c6e\" data-element_type=\"widget\" data-e-type=\"widget\" data-widget_type=\"heading.default\">\n\t\t\t\t<div class=\"elementor-widget-container\">\n\t\t\t\t\t<h2 class=\"elementor-heading-title elementor-size-default\">We help you sell<\/h2>\t\t\t\t<\/div>\n\t\t\t\t<\/div>\n\t\t\t\t<div class=\"elementor-element elementor-element-381136e elementor-widget__width-initial elementor-widget-tablet__width-inherit elementor-widget elementor-widget-text-editor\" data-id=\"381136e\" data-element_type=\"widget\" data-e-type=\"widget\" data-widget_type=\"text-editor.default\">\n\t\t\t\t<div class=\"elementor-widget-container\">\n\t\t\t\t\t\t\t\t\t<p>We will offer you our premium package for sale options where we will explain our recommendations to sell with the best conditions.<\/p>\t\t\t\t\t\t\t\t<\/div>\n\t\t\t\t<\/div>\n\t\t\t\t<\/div>\n\t\t\t\t<\/div>\n\t\t<div class=\"elementor-element elementor-element-454ef42 e-flex e-con-boxed e-con e-parent\" data-id=\"454ef42\" data-element_type=\"container\" data-e-type=\"container\" data-settings=\"{&quot;background_background&quot;:&quot;classic&quot;}\">\n\t\t\t\t\t<div class=\"e-con-inner\">\n\t\t<div class=\"elementor-element elementor-element-5fc443e e-con-full e-flex e-con e-child\" data-id=\"5fc443e\" data-element_type=\"container\" data-e-type=\"container\">\n\t\t\t\t<div class=\"elementor-element elementor-element-7616122 elementor-widget elementor-widget-heading\" data-id=\"7616122\" data-element_type=\"widget\" data-e-type=\"widget\" data-widget_type=\"heading.default\">\n\t\t\t\t<div class=\"elementor-widget-container\">\n\t\t\t\t\t<h2 class=\"elementor-heading-title elementor-size-default\">At online autos we are here to help you<\/h2>\t\t\t\t<\/div>\n\t\t\t\t<\/div>\n\t\t\t\t<div class=\"elementor-element elementor-element-2b8c043 elementor-widget elementor-widget-text-editor\" data-id=\"2b8c043\" data-element_type=\"widget\" data-e-type=\"widget\" data-widget_type=\"text-editor.default\">\n\t\t\t\t<div class=\"elementor-widget-container\">\n\t\t\t\t\t\t\t\t\tPlease contact us through this form or directly contact one of our advisors and we will make an appraisal of your vehicle without any compromise.<br \/>\n<strong>We are convinced that our way of working you will love.<\/strong>\t\t\t\t\t\t\t\t<\/div>\n\t\t\t\t<\/div>\n\t\t\t\t<\/div>\n\t\t<div class=\"elementor-element elementor-element-3b231bc e-con-full e-flex e-con e-child\" data-id=\"3b231bc\" data-element_type=\"container\" data-e-type=\"container\">\n\t\t\t\t<div class=\"elementor-element elementor-element-ef50b5f elementor-align-center elementor-mobile-align-center elementor-widget elementor-widget-button\" data-id=\"ef50b5f\" data-element_type=\"widget\" data-e-type=\"widget\" data-widget_type=\"button.default\">\n\t\t\t\t<div class=\"elementor-widget-container\">\n\t\t\t\t\t\t\t\t\t<div class=\"elementor-button-wrapper\">\n\t\t\t\t\t<a class=\"elementor-button elementor-button-link elementor-size-sm\" href=\"#elementor-action%3Aaction%3Dpopup%3Aopen%26settings%3DeyJpZCI6IjM0NzUiLCJ0b2dnbGUiOmZhbHNlfQ%3D%3D\">\n\t\t\t\t\t\t<span class=\"elementor-button-content-wrapper\">\n\t\t\t\t\t\t\t\t\t<span class=\"elementor-button-text\">Contact<\/span>\n\t\t\t\t\t<\/span>\n\t\t\t\t\t<\/a>\n\t\t\t\t<\/div>\n\t\t\t\t\t\t\t\t<\/div>\n\t\t\t\t<\/div>\n\t\t\t\t<\/div>\n\t\t\t\t\t<\/div>\n\t\t\t\t<\/div>\n\t\t\t\t<\/div>","protected":false},"excerpt":{"rendered":"<p>Vender tu coche Te ayudamos a vender tu veh\u00edculo Si est\u00e1s interesado en\u00a0vender\u00a0un coche de segunda mano podemos ayudarte a [&hellip;]<\/p>\n","protected":false},"author":1,"featured_media":0,"parent":0,"menu_order":0,"comment_status":"closed","ping_status":"closed","template":"","meta":{"site-sidebar-layout":"no-sidebar","site-content-layout":"","ast-site-content-layout":"full-width-container","site-content-style":"default","site-sidebar-style":"default","ast-global-header-display":"","ast-banner-title-visibility":"","ast-main-header-display":"","ast-hfb-above-header-display":"","ast-hfb-below-header-display":"","ast-hfb-mobile-header-display":"","site-post-title":"disabled","ast-breadcrumbs-content":"","ast-featured-img":"disabled","footer-sml-layout":"","theme-transparent-header-meta":"","adv-header-id-meta":"","stick-header-meta":"","header-above-stick-meta":"","header-main-stick-meta":"","header-below-stick-meta":"","astra-migrate-meta-layouts":"default","ast-page-background-enabled":"default","ast-page-background-meta":{"desktop":{"background-color":"var(--ast-global-color-4)","background-image":"","background-repeat":"repeat","background-position":"center center","background-size":"auto","background-attachment":"scroll","background-type":"","background-media":"","overlay-type":"","overlay-color":"","overlay-opacity":"","overlay-gradient":""},"tablet":{"background-color":"","background-image":"","background-repeat":"repeat","background-position":"center center","background-size":"auto","background-attachment":"scroll","background-type":"","background-media":"","overlay-type":"","overlay-color":"","overlay-opacity":"","overlay-gradient":""},"mobile":{"background-color":"","background-image":"","background-repeat":"repeat","background-position":"center center","background-size":"auto","background-attachment":"scroll","background-type":"","background-media":"","overlay-type":"","overlay-color":"","overlay-opacity":"","overlay-gradient":""}},"ast-content-background-meta":{"desktop":{"background-color":"var(--ast-global-color-5)","background-image":"","background-repeat":"repeat","background-position":"center center","background-size":"auto","background-attachment":"scroll","background-type":"","background-media":"","overlay-type":"","overlay-color":"","overlay-opacity":"","overlay-gradient":""},"tablet":{"background-color":"var(--ast-global-color-5)","background-image":"","background-repeat":"repeat","background-position":"center center","background-size":"auto","background-attachment":"scroll","background-type":"","background-media":"","overlay-type":"","overlay-color":"","overlay-opacity":"","overlay-gradient":""},"mobile":{"background-color":"var(--ast-global-color-5)","background-image":"","background-repeat":"repeat","background-position":"center center","background-size":"auto","background-attachment":"scroll","background-type":"","background-media":"","overlay-type":"","overlay-color":"","overlay-opacity":"","overlay-gradient":""}},"footnotes":""},"class_list":["post-366","page","type-page","status-publish","hentry"],"yoast_head":"<!-- This site is optimized with the Yoast SEO plugin v26.8 - https:\/\/yoast.com\/product\/yoast-seo-wordpress\/ -->\n<title>Vende tu Coche F\u00e1cil y R\u00e1pido - Online Autos<\/title>\n<meta name=\"description\" content=\"Vende tu coche con Online Autos de manera r\u00e1pida y segura. Tasaci\u00f3n justa y asesoramiento profesional en toda Espa\u00f1a.\" \/>\n<meta name=\"robots\" content=\"index, follow, max-snippet:-1, max-image-preview:large, max-video-preview:-1\" \/>\n<link rel=\"canonical\" href=\"https:\/\/onlineautos.es\/en\/sell-your-car\/\" \/>\n<meta property=\"og:locale\" content=\"en_GB\" \/>\n<meta property=\"og:type\" content=\"article\" \/>\n<meta property=\"og:title\" content=\"Vende tu Coche F\u00e1cil y R\u00e1pido - Online Autos\" \/>\n<meta property=\"og:description\" content=\"Vende tu coche con Online Autos de manera r\u00e1pida y segura. Tasaci\u00f3n justa y asesoramiento profesional en toda Espa\u00f1a.\" \/>\n<meta property=\"og:url\" content=\"https:\/\/onlineautos.es\/en\/sell-your-car\/\" \/>\n<meta property=\"og:site_name\" content=\"Online Autos\" \/>\n<meta property=\"article:modified_time\" content=\"2025-05-09T09:09:40+00:00\" \/>\n<meta property=\"og:image\" content=\"https:\/\/onlineautos.es\/wp-content\/uploads\/2025\/04\/OnlineAutos-049-2.jpg\" \/>\n\t<meta property=\"og:image:width\" content=\"1920\" \/>\n\t<meta property=\"og:image:height\" content=\"1281\" \/>\n\t<meta property=\"og:image:type\" content=\"image\/jpeg\" \/>\n<meta name=\"twitter:card\" content=\"summary_large_image\" \/>\n<meta name=\"twitter:label1\" content=\"Estimated reading time\" \/>\n\t<meta name=\"twitter:data1\" content=\"2 minutes\" \/>\n<script type=\"application\/ld+json\" class=\"yoast-schema-graph\">{\"@context\":\"https:\/\/schema.org\",\"@graph\":[{\"@type\":\"WebPage\",\"@id\":\"https:\/\/onlineautos.es\/vende-tu-coche\/\",\"url\":\"https:\/\/onlineautos.es\/vende-tu-coche\/\",\"name\":\"Vende tu Coche F\u00e1cil y R\u00e1pido - Online Autos\",\"isPartOf\":{\"@id\":\"https:\/\/onlineautos.es\/#website\"},\"primaryImageOfPage\":{\"@id\":\"https:\/\/onlineautos.es\/vende-tu-coche\/#primaryimage\"},\"image\":{\"@id\":\"https:\/\/onlineautos.es\/vende-tu-coche\/#primaryimage\"},\"thumbnailUrl\":\"https:\/\/onlineautos.es\/wp-content\/uploads\/2025\/04\/OnlineAutos-049-2-1536x1025.jpg\",\"datePublished\":\"2024-04-03T13:08:20+00:00\",\"dateModified\":\"2025-05-09T09:09:40+00:00\",\"description\":\"Vende tu coche con Online Autos de manera r\u00e1pida y segura. Tasaci\u00f3n justa y asesoramiento profesional en toda Espa\u00f1a.\",\"breadcrumb\":{\"@id\":\"https:\/\/onlineautos.es\/vende-tu-coche\/#breadcrumb\"},\"inLanguage\":\"en-GB\",\"potentialAction\":[{\"@type\":\"ReadAction\",\"target\":[\"https:\/\/onlineautos.es\/vende-tu-coche\/\"]}]},{\"@type\":\"ImageObject\",\"inLanguage\":\"en-GB\",\"@id\":\"https:\/\/onlineautos.es\/vende-tu-coche\/#primaryimage\",\"url\":\"https:\/\/onlineautos.es\/wp-content\/uploads\/2025\/04\/OnlineAutos-049-2-1536x1025.jpg\",\"contentUrl\":\"https:\/\/onlineautos.es\/wp-content\/uploads\/2025\/04\/OnlineAutos-049-2-1536x1025.jpg\"},{\"@type\":\"BreadcrumbList\",\"@id\":\"https:\/\/onlineautos.es\/vende-tu-coche\/#breadcrumb\",\"itemListElement\":[{\"@type\":\"ListItem\",\"position\":1,\"name\":\"Portada\",\"item\":\"https:\/\/onlineautos.es\/\"},{\"@type\":\"ListItem\",\"position\":2,\"name\":\"VENDE TU COCHE\"}]},{\"@type\":\"WebSite\",\"@id\":\"https:\/\/onlineautos.es\/#website\",\"url\":\"https:\/\/onlineautos.es\/\",\"name\":\"Online Autos\",\"description\":\"No vendemos veh\u00edculos usado, vendemos veh\u00edculos con experiencia.\",\"publisher\":{\"@id\":\"https:\/\/onlineautos.es\/#organization\"},\"potentialAction\":[{\"@type\":\"SearchAction\",\"target\":{\"@type\":\"EntryPoint\",\"urlTemplate\":\"https:\/\/onlineautos.es\/?s={search_term_string}\"},\"query-input\":{\"@type\":\"PropertyValueSpecification\",\"valueRequired\":true,\"valueName\":\"search_term_string\"}}],\"inLanguage\":\"en-GB\"},{\"@type\":\"Organization\",\"@id\":\"https:\/\/onlineautos.es\/#organization\",\"name\":\"Online Autos\",\"url\":\"https:\/\/onlineautos.es\/\",\"logo\":{\"@type\":\"ImageObject\",\"inLanguage\":\"en-GB\",\"@id\":\"https:\/\/onlineautos.es\/#\/schema\/logo\/image\/\",\"url\":\"\",\"contentUrl\":\"\",\"caption\":\"Online Autos\"},\"image\":{\"@id\":\"https:\/\/onlineautos.es\/#\/schema\/logo\/image\/\"}}]}<\/script>\n<!-- \/ Yoast SEO plugin. -->","yoast_head_json":{"title":"Sell Your Car Fast and Easy - Online Autos","description":"Sell your car with Online Autos quickly and securely. Fair valuation and professional advice throughout Spain.","robots":{"index":"index","follow":"follow","max-snippet":"max-snippet:-1","max-image-preview":"max-image-preview:large","max-video-preview":"max-video-preview:-1"},"canonical":"https:\/\/onlineautos.es\/en\/sell-your-car\/","og_locale":"en_GB","og_type":"article","og_title":"Vende tu Coche F\u00e1cil y R\u00e1pido - Online Autos","og_description":"Vende tu coche con Online Autos de manera r\u00e1pida y segura. Tasaci\u00f3n justa y asesoramiento profesional en toda Espa\u00f1a.","og_url":"https:\/\/onlineautos.es\/en\/sell-your-car\/","og_site_name":"Online Autos","article_modified_time":"2025-05-09T09:09:40+00:00","og_image":[{"width":1920,"height":1281,"url":"https:\/\/onlineautos.es\/wp-content\/uploads\/2025\/04\/OnlineAutos-049-2.jpg","type":"image\/jpeg"}],"twitter_card":"summary_large_image","twitter_misc":{"Estimated reading time":"2 minutes"},"schema":{"@context":"https:\/\/schema.org","@graph":[{"@type":"WebPage","@id":"https:\/\/onlineautos.es\/vende-tu-coche\/","url":"https:\/\/onlineautos.es\/vende-tu-coche\/","name":"Sell Your Car Fast and Easy - Online Autos","isPartOf":{"@id":"https:\/\/onlineautos.es\/#website"},"primaryImageOfPage":{"@id":"https:\/\/onlineautos.es\/vende-tu-coche\/#primaryimage"},"image":{"@id":"https:\/\/onlineautos.es\/vende-tu-coche\/#primaryimage"},"thumbnailUrl":"https:\/\/onlineautos.es\/wp-content\/uploads\/2025\/04\/OnlineAutos-049-2-1536x1025.jpg","datePublished":"2024-04-03T13:08:20+00:00","dateModified":"2025-05-09T09:09:40+00:00","description":"Sell your car with Online Autos quickly and securely. Fair valuation and professional advice throughout Spain.","breadcrumb":{"@id":"https:\/\/onlineautos.es\/vende-tu-coche\/#breadcrumb"},"inLanguage":"en-GB","potentialAction":[{"@type":"ReadAction","target":["https:\/\/onlineautos.es\/vende-tu-coche\/"]}]},{"@type":"ImageObject","inLanguage":"en-GB","@id":"https:\/\/onlineautos.es\/vende-tu-coche\/#primaryimage","url":"https:\/\/onlineautos.es\/wp-content\/uploads\/2025\/04\/OnlineAutos-049-2-1536x1025.jpg","contentUrl":"https:\/\/onlineautos.es\/wp-content\/uploads\/2025\/04\/OnlineAutos-049-2-1536x1025.jpg"},{"@type":"BreadcrumbList","@id":"https:\/\/onlineautos.es\/vende-tu-coche\/#breadcrumb","itemListElement":[{"@type":"ListItem","position":1,"name":"Portada","item":"https:\/\/onlineautos.es\/"},{"@type":"ListItem","position":2,"name":"VENDE TU COCHE"}]},{"@type":"WebSite","@id":"https:\/\/onlineautos.es\/#website","url":"https:\/\/onlineautos.es\/","name":"Online Cars","description":"We do not sell used vehicles, we sell experienced vehicles.","publisher":{"@id":"https:\/\/onlineautos.es\/#organization"},"potentialAction":[{"@type":"SearchAction","target":{"@type":"EntryPoint","urlTemplate":"https:\/\/onlineautos.es\/?s={search_term_string}"},"query-input":{"@type":"PropertyValueSpecification","valueRequired":true,"valueName":"search_term_string"}}],"inLanguage":"en-GB"},{"@type":"Organization","@id":"https:\/\/onlineautos.es\/#organization","name":"Online Cars","url":"https:\/\/onlineautos.es\/","logo":{"@type":"ImageObject","inLanguage":"en-GB","@id":"https:\/\/onlineautos.es\/#\/schema\/logo\/image\/","url":"","contentUrl":"","caption":"Online Autos"},"image":{"@id":"https:\/\/onlineautos.es\/#\/schema\/logo\/image\/"}}]}},"_links":{"self":[{"href":"https:\/\/onlineautos.es\/en\/wp-json\/wp\/v2\/pages\/366","targetHints":{"allow":["GET"]}}],"collection":[{"href":"https:\/\/onlineautos.es\/en\/wp-json\/wp\/v2\/pages"}],"about":[{"href":"https:\/\/onlineautos.es\/en\/wp-json\/wp\/v2\/types\/page"}],"author":[{"embeddable":true,"href":"https:\/\/onlineautos.es\/en\/wp-json\/wp\/v2\/users\/1"}],"replies":[{"embeddable":true,"href":"https:\/\/onlineautos.es\/en\/wp-json\/wp\/v2\/comments?post=366"}],"version-history":[{"count":250,"href":"https:\/\/onlineautos.es\/en\/wp-json\/wp\/v2\/pages\/366\/revisions"}],"predecessor-version":[{"id":3485,"href":"https:\/\/onlineautos.es\/en\/wp-json\/wp\/v2\/pages\/366\/revisions\/3485"}],"wp:attachment":[{"href":"https:\/\/onlineautos.es\/en\/wp-json\/wp\/v2\/media?parent=366"}],"curies":[{"name":"wp","href":"https:\/\/api.w.org\/{rel}","templated":true}]}}