{"id":281,"date":"2024-04-03T13:08:36","date_gmt":"2024-04-03T11:08:36","guid":{"rendered":"https:\/\/onlineautos.es\/?page_id=281"},"modified":"2025-05-09T11:08:02","modified_gmt":"2025-05-09T09:08:02","slug":"rate","status":"publish","type":"page","link":"https:\/\/onlineautos.es\/en\/rate\/","title":{"rendered":"APPRAISAL FREE"},"content":{"rendered":"<div data-elementor-type=\"wp-page\" data-elementor-id=\"281\" class=\"elementor elementor-281\" data-elementor-post-type=\"page\">\n\t\t\t\t<div class=\"elementor-element elementor-element-0cecaf9 e-con-full e-flex e-con e-parent\" data-id=\"0cecaf9\" data-element_type=\"container\" data-e-type=\"container\" data-settings=\"{&quot;background_background&quot;:&quot;classic&quot;}\">\n\t\t<div class=\"elementor-element elementor-element-60841e7 e-flex e-con-boxed e-con e-child\" data-id=\"60841e7\" data-element_type=\"container\" data-e-type=\"container\">\n\t\t\t\t\t<div class=\"e-con-inner\">\n\t\t\t\t<div class=\"elementor-element elementor-element-8e7feaa elementor-widget elementor-widget-heading\" data-id=\"8e7feaa\" data-element_type=\"widget\" data-e-type=\"widget\" data-widget_type=\"heading.default\">\n\t\t\t\t<div class=\"elementor-widget-container\">\n\t\t\t\t\t<h2 class=\"elementor-heading-title elementor-size-default\">Appraisal Free<\/h2>\t\t\t\t<\/div>\n\t\t\t\t<\/div>\n\t\t\t\t<div class=\"elementor-element elementor-element-ca2e07d elementor-widget__width-initial elementor-widget elementor-widget-text-editor\" data-id=\"ca2e07d\" data-element_type=\"widget\" data-e-type=\"widget\" data-widget_type=\"text-editor.default\">\n\t\t\t\t<div class=\"elementor-widget-container\">\n\t\t\t\t\t\t\t\t\tIf you are interested in <b>sell<\/b> a vehicle we can help you get the most out of your car. In Online Car we have the tools necessary for the process is fast and tailored to your needs.\t\t\t\t\t\t\t\t<\/div>\n\t\t\t\t<\/div>\n\t\t\t\t\t<\/div>\n\t\t\t\t<\/div>\n\t\t\t\t<\/div>\n\t\t<div class=\"elementor-element elementor-element-9d51bb9 e-con-full e-flex e-con e-parent\" data-id=\"9d51bb9\" data-element_type=\"container\" data-e-type=\"container\">\n\t\t<div class=\"elementor-element elementor-element-2496242 e-con-full e-flex e-con e-child\" data-id=\"2496242\" data-element_type=\"container\" data-e-type=\"container\">\n\t\t\t\t<div class=\"elementor-element elementor-element-bb7bfae elementor-widget-mobile__width-inherit elementor-widget elementor-widget-image\" data-id=\"bb7bfae\" data-element_type=\"widget\" data-e-type=\"widget\" data-widget_type=\"image.default\">\n\t\t\t\t<div class=\"elementor-widget-container\">\n\t\t\t\t\t\t\t\t\t\t\t\t\t\t\t<img fetchpriority=\"high\" decoding=\"async\" width=\"1536\" height=\"1025\" src=\"https:\/\/onlineautos.es\/wp-content\/uploads\/2025\/04\/OnlineAutos-077-2-1536x1025.jpg\" class=\"attachment-1536x1536 size-1536x1536 wp-image-2684\" alt=\"\" srcset=\"https:\/\/onlineautos.es\/wp-content\/uploads\/2025\/04\/OnlineAutos-077-2-1536x1025.jpg 1536w, https:\/\/onlineautos.es\/wp-content\/uploads\/2025\/04\/OnlineAutos-077-2-300x200.jpg 300w, https:\/\/onlineautos.es\/wp-content\/uploads\/2025\/04\/OnlineAutos-077-2-1024x683.jpg 1024w, https:\/\/onlineautos.es\/wp-content\/uploads\/2025\/04\/OnlineAutos-077-2-768x512.jpg 768w, https:\/\/onlineautos.es\/wp-content\/uploads\/2025\/04\/OnlineAutos-077-2-18x12.jpg 18w, https:\/\/onlineautos.es\/wp-content\/uploads\/2025\/04\/OnlineAutos-077-2-600x400.jpg 600w, https:\/\/onlineautos.es\/wp-content\/uploads\/2025\/04\/OnlineAutos-077-2.jpg 1920w\" sizes=\"(max-width: 1536px) 100vw, 1536px\" \/>\t\t\t\t\t\t\t\t\t\t\t\t\t\t\t<\/div>\n\t\t\t\t<\/div>\n\t\t\t\t<\/div>\n\t\t<div class=\"elementor-element elementor-element-5332779 e-con-full e-flex e-con e-child\" data-id=\"5332779\" data-element_type=\"container\" data-e-type=\"container\" data-settings=\"{&quot;background_background&quot;:&quot;classic&quot;}\">\n\t\t\t\t<div class=\"elementor-element elementor-element-b31f36b elementor-widget__width-initial elementor-widget-tablet__width-inherit elementor-widget elementor-widget-heading\" data-id=\"b31f36b\" data-element_type=\"widget\" data-e-type=\"widget\" data-widget_type=\"heading.default\">\n\t\t\t\t<div class=\"elementor-widget-container\">\n\t\t\t\t\t<h2 class=\"elementor-heading-title elementor-size-default\">Appraise your vehicle and we analyze your situation<\/h2>\t\t\t\t<\/div>\n\t\t\t\t<\/div>\n\t\t\t\t<div class=\"elementor-element elementor-element-14477be elementor-widget__width-initial elementor-widget-tablet__width-inherit elementor-widget elementor-widget-text-editor\" data-id=\"14477be\" data-element_type=\"widget\" data-e-type=\"widget\" data-widget_type=\"text-editor.default\">\n\t\t\t\t<div class=\"elementor-widget-container\">\n\t\t\t\t\t\t\t\t\t<p>If you want to know the value of your car in the market we help you free of charge through our online form.<\/p>\t\t\t\t\t\t\t\t<\/div>\n\t\t\t\t<\/div>\n\t\t\t\t<\/div>\n\t\t\t\t<\/div>\n\t\t<div class=\"elementor-element elementor-element-5943f2e e-con-full e-flex e-con e-parent\" data-id=\"5943f2e\" data-element_type=\"container\" data-e-type=\"container\">\n\t\t<div class=\"elementor-element elementor-element-31a49c5 e-con-full e-flex e-con e-child\" data-id=\"31a49c5\" data-element_type=\"container\" data-e-type=\"container\">\n\t\t\t\t<div class=\"elementor-element elementor-element-cc5f834 elementor-widget-tablet__width-inherit elementor-widget-mobile__width-inherit elementor-widget elementor-widget-image\" data-id=\"cc5f834\" data-element_type=\"widget\" data-e-type=\"widget\" data-widget_type=\"image.default\">\n\t\t\t\t<div class=\"elementor-widget-container\">\n\t\t\t\t\t\t\t\t\t\t\t\t\t\t\t<img decoding=\"async\" width=\"1536\" height=\"1025\" src=\"https:\/\/onlineautos.es\/wp-content\/uploads\/2025\/04\/OnlineAutos-078-2-1536x1025.jpg\" class=\"attachment-1536x1536 size-1536x1536 wp-image-2708\" alt=\"\" srcset=\"https:\/\/onlineautos.es\/wp-content\/uploads\/2025\/04\/OnlineAutos-078-2-1536x1025.jpg 1536w, https:\/\/onlineautos.es\/wp-content\/uploads\/2025\/04\/OnlineAutos-078-2-300x200.jpg 300w, https:\/\/onlineautos.es\/wp-content\/uploads\/2025\/04\/OnlineAutos-078-2-1024x683.jpg 1024w, https:\/\/onlineautos.es\/wp-content\/uploads\/2025\/04\/OnlineAutos-078-2-768x512.jpg 768w, https:\/\/onlineautos.es\/wp-content\/uploads\/2025\/04\/OnlineAutos-078-2-18x12.jpg 18w, https:\/\/onlineautos.es\/wp-content\/uploads\/2025\/04\/OnlineAutos-078-2-600x400.jpg 600w, https:\/\/onlineautos.es\/wp-content\/uploads\/2025\/04\/OnlineAutos-078-2.jpg 1920w\" sizes=\"(max-width: 1536px) 100vw, 1536px\" \/>\t\t\t\t\t\t\t\t\t\t\t\t\t\t\t<\/div>\n\t\t\t\t<\/div>\n\t\t\t\t<\/div>\n\t\t<div class=\"elementor-element elementor-element-6f2ce72 e-con-full e-flex e-con e-child\" data-id=\"6f2ce72\" data-element_type=\"container\" data-e-type=\"container\" data-settings=\"{&quot;background_background&quot;:&quot;classic&quot;}\">\n\t\t\t\t<div class=\"elementor-element elementor-element-5b0c05f elementor-widget__width-initial elementor-widget-tablet__width-inherit elementor-widget elementor-widget-heading\" data-id=\"5b0c05f\" data-element_type=\"widget\" data-e-type=\"widget\" data-widget_type=\"heading.default\">\n\t\t\t\t<div class=\"elementor-widget-container\">\n\t\t\t\t\t<h2 class=\"elementor-heading-title elementor-size-default\">We help you to sell your car<\/h2>\t\t\t\t<\/div>\n\t\t\t\t<\/div>\n\t\t\t\t<div class=\"elementor-element elementor-element-1dbc3a5 elementor-widget__width-initial elementor-widget-tablet__width-inherit elementor-widget elementor-widget-text-editor\" data-id=\"1dbc3a5\" data-element_type=\"widget\" data-e-type=\"widget\" data-widget_type=\"text-editor.default\">\n\t\t\t\t<div class=\"elementor-widget-container\">\n\t\t\t\t\t\t\t\t\t<p>Once we know the value of your vehicle will provide you with a package of options of the sale, the list with our recommendations and if you want, we will help you to sell your car.<\/p>\t\t\t\t\t\t\t\t<\/div>\n\t\t\t\t<\/div>\n\t\t\t\t<\/div>\n\t\t\t\t<\/div>\n\t\t<div class=\"elementor-element elementor-element-ea13c0b e-con-full e-flex e-con e-parent\" data-id=\"ea13c0b\" data-element_type=\"container\" data-e-type=\"container\">\n\t\t<div class=\"elementor-element elementor-element-3aff072 e-con-full e-flex e-con e-child\" data-id=\"3aff072\" data-element_type=\"container\" data-e-type=\"container\">\n\t\t\t\t<div class=\"elementor-element elementor-element-49ae793 elementor-widget-mobile__width-inherit elementor-widget elementor-widget-image\" data-id=\"49ae793\" data-element_type=\"widget\" data-e-type=\"widget\" data-widget_type=\"image.default\">\n\t\t\t\t<div class=\"elementor-widget-container\">\n\t\t\t\t\t\t\t\t\t\t\t\t\t\t\t<img decoding=\"async\" width=\"1536\" height=\"1025\" src=\"https:\/\/onlineautos.es\/wp-content\/uploads\/2025\/04\/OnlineAutos-084-2-1536x1025.jpg\" class=\"attachment-1536x1536 size-1536x1536 wp-image-2683\" alt=\"\" srcset=\"https:\/\/onlineautos.es\/wp-content\/uploads\/2025\/04\/OnlineAutos-084-2-1536x1025.jpg 1536w, https:\/\/onlineautos.es\/wp-content\/uploads\/2025\/04\/OnlineAutos-084-2-300x200.jpg 300w, https:\/\/onlineautos.es\/wp-content\/uploads\/2025\/04\/OnlineAutos-084-2-1024x683.jpg 1024w, https:\/\/onlineautos.es\/wp-content\/uploads\/2025\/04\/OnlineAutos-084-2-768x512.jpg 768w, https:\/\/onlineautos.es\/wp-content\/uploads\/2025\/04\/OnlineAutos-084-2-18x12.jpg 18w, https:\/\/onlineautos.es\/wp-content\/uploads\/2025\/04\/OnlineAutos-084-2-600x400.jpg 600w, https:\/\/onlineautos.es\/wp-content\/uploads\/2025\/04\/OnlineAutos-084-2.jpg 1920w\" sizes=\"(max-width: 1536px) 100vw, 1536px\" \/>\t\t\t\t\t\t\t\t\t\t\t\t\t\t\t<\/div>\n\t\t\t\t<\/div>\n\t\t\t\t<\/div>\n\t\t<div class=\"elementor-element elementor-element-de55b75 e-con-full e-flex e-con e-child\" data-id=\"de55b75\" data-element_type=\"container\" data-e-type=\"container\" data-settings=\"{&quot;background_background&quot;:&quot;classic&quot;}\">\n\t\t\t\t<div class=\"elementor-element elementor-element-7951fdd elementor-widget__width-initial elementor-widget-tablet__width-inherit elementor-widget elementor-widget-heading\" data-id=\"7951fdd\" data-element_type=\"widget\" data-e-type=\"widget\" data-widget_type=\"heading.default\">\n\t\t\t\t<div class=\"elementor-widget-container\">\n\t\t\t\t\t<h2 class=\"elementor-heading-title elementor-size-default\">We take care of everything<\/h2>\t\t\t\t<\/div>\n\t\t\t\t<\/div>\n\t\t\t\t<div class=\"elementor-element elementor-element-d44628e elementor-widget__width-initial elementor-widget-tablet__width-inherit elementor-widget elementor-widget-text-editor\" data-id=\"d44628e\" data-element_type=\"widget\" data-e-type=\"widget\" data-widget_type=\"text-editor.default\">\n\t\t\t\t<div class=\"elementor-widget-container\">\n\t\t\t\t\t\t\t\t\t<p>If you do not want to waste time managing the paperwork of a sale we will take care of everything. Leave it in our hands and\u00a0<strong>enjoy your free time as you deserve.<\/strong><\/p>\t\t\t\t\t\t\t\t<\/div>\n\t\t\t\t<\/div>\n\t\t\t\t<div class=\"elementor-element elementor-element-80e3ae5 elementor-align-left elementor-mobile-align-center elementor-widget elementor-widget-button\" data-id=\"80e3ae5\" data-element_type=\"widget\" data-e-type=\"widget\" data-widget_type=\"button.default\">\n\t\t\t\t<div class=\"elementor-widget-container\">\n\t\t\t\t\t\t\t\t\t<div class=\"elementor-button-wrapper\">\n\t\t\t\t\t<a class=\"elementor-button elementor-button-link elementor-size-sm\" href=\"#elementor-action%3Aaction%3Dpopup%3Aopen%26settings%3DeyJpZCI6IjM0NzUiLCJ0b2dnbGUiOmZhbHNlfQ%3D%3D\">\n\t\t\t\t\t\t<span class=\"elementor-button-content-wrapper\">\n\t\t\t\t\t\t\t\t\t<span class=\"elementor-button-text\">Contact<\/span>\n\t\t\t\t\t<\/span>\n\t\t\t\t\t<\/a>\n\t\t\t\t<\/div>\n\t\t\t\t\t\t\t\t<\/div>\n\t\t\t\t<\/div>\n\t\t\t\t<\/div>\n\t\t\t\t<\/div>\n\t\t\t\t<\/div>","protected":false},"excerpt":{"rendered":"<p>Tasaci\u00f3n Gratuita Si est\u00e1s interesado en vender un veh\u00edculo podemos ayudarte a sacar el mayor rendimiento a tu coche. En [&hellip;]<\/p>\n","protected":false},"author":1,"featured_media":0,"parent":0,"menu_order":0,"comment_status":"closed","ping_status":"closed","template":"","meta":{"site-sidebar-layout":"no-sidebar","site-content-layout":"","ast-site-content-layout":"full-width-container","site-content-style":"default","site-sidebar-style":"default","ast-global-header-display":"","ast-banner-title-visibility":"","ast-main-header-display":"","ast-hfb-above-header-display":"","ast-hfb-below-header-display":"","ast-hfb-mobile-header-display":"","site-post-title":"disabled","ast-breadcrumbs-content":"","ast-featured-img":"disabled","footer-sml-layout":"","theme-transparent-header-meta":"","adv-header-id-meta":"","stick-header-meta":"","header-above-stick-meta":"","header-main-stick-meta":"","header-below-stick-meta":"","astra-migrate-meta-layouts":"default","ast-page-background-enabled":"default","ast-page-background-meta":{"desktop":{"background-color":"var(--ast-global-color-4)","background-image":"","background-repeat":"repeat","background-position":"center center","background-size":"auto","background-attachment":"scroll","background-type":"","background-media":"","overlay-type":"","overlay-color":"","overlay-opacity":"","overlay-gradient":""},"tablet":{"background-color":"","background-image":"","background-repeat":"repeat","background-position":"center center","background-size":"auto","background-attachment":"scroll","background-type":"","background-media":"","overlay-type":"","overlay-color":"","overlay-opacity":"","overlay-gradient":""},"mobile":{"background-color":"","background-image":"","background-repeat":"repeat","background-position":"center center","background-size":"auto","background-attachment":"scroll","background-type":"","background-media":"","overlay-type":"","overlay-color":"","overlay-opacity":"","overlay-gradient":""}},"ast-content-background-meta":{"desktop":{"background-color":"var(--ast-global-color-5)","background-image":"","background-repeat":"repeat","background-position":"center center","background-size":"auto","background-attachment":"scroll","background-type":"","background-media":"","overlay-type":"","overlay-color":"","overlay-opacity":"","overlay-gradient":""},"tablet":{"background-color":"var(--ast-global-color-5)","background-image":"","background-repeat":"repeat","background-position":"center center","background-size":"auto","background-attachment":"scroll","background-type":"","background-media":"","overlay-type":"","overlay-color":"","overlay-opacity":"","overlay-gradient":""},"mobile":{"background-color":"var(--ast-global-color-5)","background-image":"","background-repeat":"repeat","background-position":"center center","background-size":"auto","background-attachment":"scroll","background-type":"","background-media":"","overlay-type":"","overlay-color":"","overlay-opacity":"","overlay-gradient":""}},"footnotes":""},"class_list":["post-281","page","type-page","status-publish","hentry"],"yoast_head":"<!-- This site is optimized with the Yoast SEO plugin v26.8 - https:\/\/yoast.com\/product\/yoast-seo-wordpress\/ -->\n<title>Tasaci\u00f3n de Coches Online Gratis y R\u00e1pida - Online Autos<\/title>\n<meta name=\"description\" content=\"Conoce el valor real de tu coche en minutos con nuestro servicio de tasaci\u00f3n online. Gratis y sin compromiso.\" \/>\n<meta name=\"robots\" content=\"index, follow, max-snippet:-1, max-image-preview:large, max-video-preview:-1\" \/>\n<link rel=\"canonical\" href=\"https:\/\/onlineautos.es\/en\/rate\/\" \/>\n<meta property=\"og:locale\" content=\"en_GB\" \/>\n<meta property=\"og:type\" content=\"article\" \/>\n<meta property=\"og:title\" content=\"Tasaci\u00f3n de Coches Online Gratis y R\u00e1pida - Online Autos\" \/>\n<meta property=\"og:description\" content=\"Conoce el valor real de tu coche en minutos con nuestro servicio de tasaci\u00f3n online. Gratis y sin compromiso.\" \/>\n<meta property=\"og:url\" content=\"https:\/\/onlineautos.es\/en\/rate\/\" \/>\n<meta property=\"og:site_name\" content=\"Online Autos\" \/>\n<meta property=\"article:modified_time\" content=\"2025-05-09T09:08:02+00:00\" \/>\n<meta property=\"og:image\" content=\"https:\/\/onlineautos.es\/wp-content\/uploads\/2025\/04\/OnlineAutos-077-2.jpg\" \/>\n\t<meta property=\"og:image:width\" content=\"1920\" \/>\n\t<meta property=\"og:image:height\" content=\"1281\" \/>\n\t<meta property=\"og:image:type\" content=\"image\/jpeg\" \/>\n<meta name=\"twitter:card\" content=\"summary_large_image\" \/>\n<meta name=\"twitter:label1\" content=\"Estimated reading time\" \/>\n\t<meta name=\"twitter:data1\" content=\"2 minutes\" \/>\n<script type=\"application\/ld+json\" class=\"yoast-schema-graph\">{\"@context\":\"https:\/\/schema.org\",\"@graph\":[{\"@type\":\"WebPage\",\"@id\":\"https:\/\/onlineautos.es\/tasacion\/\",\"url\":\"https:\/\/onlineautos.es\/tasacion\/\",\"name\":\"Tasaci\u00f3n de Coches Online Gratis y R\u00e1pida - Online Autos\",\"isPartOf\":{\"@id\":\"https:\/\/onlineautos.es\/#website\"},\"primaryImageOfPage\":{\"@id\":\"https:\/\/onlineautos.es\/tasacion\/#primaryimage\"},\"image\":{\"@id\":\"https:\/\/onlineautos.es\/tasacion\/#primaryimage\"},\"thumbnailUrl\":\"https:\/\/onlineautos.es\/wp-content\/uploads\/2025\/04\/OnlineAutos-077-2-1536x1025.jpg\",\"datePublished\":\"2024-04-03T11:08:36+00:00\",\"dateModified\":\"2025-05-09T09:08:02+00:00\",\"description\":\"Conoce el valor real de tu coche en minutos con nuestro servicio de tasaci\u00f3n online. Gratis y sin compromiso.\",\"breadcrumb\":{\"@id\":\"https:\/\/onlineautos.es\/tasacion\/#breadcrumb\"},\"inLanguage\":\"en-GB\",\"potentialAction\":[{\"@type\":\"ReadAction\",\"target\":[\"https:\/\/onlineautos.es\/tasacion\/\"]}]},{\"@type\":\"ImageObject\",\"inLanguage\":\"en-GB\",\"@id\":\"https:\/\/onlineautos.es\/tasacion\/#primaryimage\",\"url\":\"https:\/\/onlineautos.es\/wp-content\/uploads\/2025\/04\/OnlineAutos-077-2-1536x1025.jpg\",\"contentUrl\":\"https:\/\/onlineautos.es\/wp-content\/uploads\/2025\/04\/OnlineAutos-077-2-1536x1025.jpg\"},{\"@type\":\"BreadcrumbList\",\"@id\":\"https:\/\/onlineautos.es\/tasacion\/#breadcrumb\",\"itemListElement\":[{\"@type\":\"ListItem\",\"position\":1,\"name\":\"Portada\",\"item\":\"https:\/\/onlineautos.es\/\"},{\"@type\":\"ListItem\",\"position\":2,\"name\":\"TASACI\u00d3N GRATUITA\"}]},{\"@type\":\"WebSite\",\"@id\":\"https:\/\/onlineautos.es\/#website\",\"url\":\"https:\/\/onlineautos.es\/\",\"name\":\"Online Autos\",\"description\":\"No vendemos veh\u00edculos usado, vendemos veh\u00edculos con experiencia.\",\"publisher\":{\"@id\":\"https:\/\/onlineautos.es\/#organization\"},\"potentialAction\":[{\"@type\":\"SearchAction\",\"target\":{\"@type\":\"EntryPoint\",\"urlTemplate\":\"https:\/\/onlineautos.es\/?s={search_term_string}\"},\"query-input\":{\"@type\":\"PropertyValueSpecification\",\"valueRequired\":true,\"valueName\":\"search_term_string\"}}],\"inLanguage\":\"en-GB\"},{\"@type\":\"Organization\",\"@id\":\"https:\/\/onlineautos.es\/#organization\",\"name\":\"Online Autos\",\"url\":\"https:\/\/onlineautos.es\/\",\"logo\":{\"@type\":\"ImageObject\",\"inLanguage\":\"en-GB\",\"@id\":\"https:\/\/onlineautos.es\/#\/schema\/logo\/image\/\",\"url\":\"\",\"contentUrl\":\"\",\"caption\":\"Online Autos\"},\"image\":{\"@id\":\"https:\/\/onlineautos.es\/#\/schema\/logo\/image\/\"}}]}<\/script>\n<!-- \/ Yoast SEO plugin. -->","yoast_head_json":{"title":"Free and Fast Online Car Valuation - Online Autos","description":"Find out the real value of your car in minutes with our online valuation service. Free and without obligation.","robots":{"index":"index","follow":"follow","max-snippet":"max-snippet:-1","max-image-preview":"max-image-preview:large","max-video-preview":"max-video-preview:-1"},"canonical":"https:\/\/onlineautos.es\/en\/rate\/","og_locale":"en_GB","og_type":"article","og_title":"Tasaci\u00f3n de Coches Online Gratis y R\u00e1pida - Online Autos","og_description":"Conoce el valor real de tu coche en minutos con nuestro servicio de tasaci\u00f3n online. Gratis y sin compromiso.","og_url":"https:\/\/onlineautos.es\/en\/rate\/","og_site_name":"Online Autos","article_modified_time":"2025-05-09T09:08:02+00:00","og_image":[{"width":1920,"height":1281,"url":"https:\/\/onlineautos.es\/wp-content\/uploads\/2025\/04\/OnlineAutos-077-2.jpg","type":"image\/jpeg"}],"twitter_card":"summary_large_image","twitter_misc":{"Estimated reading time":"2 minutes"},"schema":{"@context":"https:\/\/schema.org","@graph":[{"@type":"WebPage","@id":"https:\/\/onlineautos.es\/tasacion\/","url":"https:\/\/onlineautos.es\/tasacion\/","name":"Free and Fast Online Car Valuation - Online Autos","isPartOf":{"@id":"https:\/\/onlineautos.es\/#website"},"primaryImageOfPage":{"@id":"https:\/\/onlineautos.es\/tasacion\/#primaryimage"},"image":{"@id":"https:\/\/onlineautos.es\/tasacion\/#primaryimage"},"thumbnailUrl":"https:\/\/onlineautos.es\/wp-content\/uploads\/2025\/04\/OnlineAutos-077-2-1536x1025.jpg","datePublished":"2024-04-03T11:08:36+00:00","dateModified":"2025-05-09T09:08:02+00:00","description":"Find out the real value of your car in minutes with our online valuation service. Free and without obligation.","breadcrumb":{"@id":"https:\/\/onlineautos.es\/tasacion\/#breadcrumb"},"inLanguage":"en-GB","potentialAction":[{"@type":"ReadAction","target":["https:\/\/onlineautos.es\/tasacion\/"]}]},{"@type":"ImageObject","inLanguage":"en-GB","@id":"https:\/\/onlineautos.es\/tasacion\/#primaryimage","url":"https:\/\/onlineautos.es\/wp-content\/uploads\/2025\/04\/OnlineAutos-077-2-1536x1025.jpg","contentUrl":"https:\/\/onlineautos.es\/wp-content\/uploads\/2025\/04\/OnlineAutos-077-2-1536x1025.jpg"},{"@type":"BreadcrumbList","@id":"https:\/\/onlineautos.es\/tasacion\/#breadcrumb","itemListElement":[{"@type":"ListItem","position":1,"name":"Portada","item":"https:\/\/onlineautos.es\/"},{"@type":"ListItem","position":2,"name":"TASACI\u00d3N GRATUITA"}]},{"@type":"WebSite","@id":"https:\/\/onlineautos.es\/#website","url":"https:\/\/onlineautos.es\/","name":"Online Cars","description":"We do not sell used vehicles, we sell experienced vehicles.","publisher":{"@id":"https:\/\/onlineautos.es\/#organization"},"potentialAction":[{"@type":"SearchAction","target":{"@type":"EntryPoint","urlTemplate":"https:\/\/onlineautos.es\/?s={search_term_string}"},"query-input":{"@type":"PropertyValueSpecification","valueRequired":true,"valueName":"search_term_string"}}],"inLanguage":"en-GB"},{"@type":"Organization","@id":"https:\/\/onlineautos.es\/#organization","name":"Online Cars","url":"https:\/\/onlineautos.es\/","logo":{"@type":"ImageObject","inLanguage":"en-GB","@id":"https:\/\/onlineautos.es\/#\/schema\/logo\/image\/","url":"","contentUrl":"","caption":"Online Autos"},"image":{"@id":"https:\/\/onlineautos.es\/#\/schema\/logo\/image\/"}}]}},"_links":{"self":[{"href":"https:\/\/onlineautos.es\/en\/wp-json\/wp\/v2\/pages\/281","targetHints":{"allow":["GET"]}}],"collection":[{"href":"https:\/\/onlineautos.es\/en\/wp-json\/wp\/v2\/pages"}],"about":[{"href":"https:\/\/onlineautos.es\/en\/wp-json\/wp\/v2\/types\/page"}],"author":[{"embeddable":true,"href":"https:\/\/onlineautos.es\/en\/wp-json\/wp\/v2\/users\/1"}],"replies":[{"embeddable":true,"href":"https:\/\/onlineautos.es\/en\/wp-json\/wp\/v2\/comments?post=281"}],"version-history":[{"count":145,"href":"https:\/\/onlineautos.es\/en\/wp-json\/wp\/v2\/pages\/281\/revisions"}],"predecessor-version":[{"id":3482,"href":"https:\/\/onlineautos.es\/en\/wp-json\/wp\/v2\/pages\/281\/revisions\/3482"}],"wp:attachment":[{"href":"https:\/\/onlineautos.es\/en\/wp-json\/wp\/v2\/media?parent=281"}],"curies":[{"name":"wp","href":"https:\/\/api.w.org\/{rel}","templated":true}]}}